{"id":8210,"date":"2019-03-27T08:59:35","date_gmt":"2019-03-27T07:59:35","guid":{"rendered":"https:\/\/agora.xtec.cat\/mobilsedu\/?page_id=8210"},"modified":"2019-06-05T10:54:22","modified_gmt":"2019-06-05T08:54:22","slug":"compromisos-dels-centres-educatius","status":"publish","type":"page","link":"https:\/\/agora.xtec.cat\/mobilsedu\/pla-mobils-edu\/programa\/compromisos-dels-centres-educatius\/","title":{"rendered":"Compromisos dels centres educatius"},"content":{"rendered":"<p>La participaci\u00f3 del centre en el Programa m\u00f2bils.edu implica l&#8217;acceptaci\u00f3 dels compromisos seg\u00fcents:<\/p>\n<ol>\n<li>Implementaci\u00f3 del projecte vinculat al programa d&#8217;innovaci\u00f3 pedag\u00f2gica m\u00f2bils.edu en el centre<\/li>\n<li>Designaci\u00f3 d&#8217;un grup impulsor del projecte. El grup impulsor, s&#8217;ha de designar tenint present la previsi\u00f3 de continu\u00eftat al llarg del projecte<\/li>\n<li>Implicaci\u00f3 de l&#8217;equip docent en el programa m\u00f2bils.edu al llarg de tot el projecte i en la seva continu\u00eftat i incorporaci\u00f3 en el projecte de centre<\/li>\n<li>Participaci\u00f3 en les activitats formatives del programa m\u00f2bils.edu adre\u00e7ades al professorat, a l&#8217;alumnat i a les fam\u00edlies, si escau<\/li>\n<li>Implicaci\u00f3 en les activitats de la xarxa de centres creada pel programa m\u00f2bils.edu<\/li>\n<li>Realitzaci\u00f3 d&#8217;una avaluaci\u00f3 anual del proc\u00e9s d&#8217;implementaci\u00f3<\/li>\n<li>Extensi\u00f3 progressiva, a partir del 3r curs, de les actuacions previstes en el projecte al conjunt del centre, amb les adaptacions pertinents<\/li>\n<li>Elaboraci\u00f3 d&#8217;una mem\u00f2ria de seguiment i avaluaci\u00f3 en finalitzar el projecte<\/li>\n<li>Incorporaci\u00f3 de les innovacions generades per la participaci\u00f3 en el programa m\u00f2bils.edu en el centre i en els seus documents de refer\u00e8ncia<\/li>\n<li>Col\u00b7laboraci\u00f3 en la transfer\u00e8ncia de la innovaci\u00f3 a d&#8217;altres centres i contextos o al conjunt del sistema, si escau<\/li>\n<\/ol>\n","protected":false},"excerpt":{"rendered":"<p>La participaci\u00f3 del centre en el Programa m\u00f2bils.edu implica l&#8217;acceptaci\u00f3 dels compromisos seg\u00fcents:<\/p>\n<ol>\n<li>Implementaci\u00f3 del projecte vinculat al programa d&#8217;innovaci\u00f3 pedag\u00f2gica m\u00f2bils.edu en el centre<\/li>\n<li>Designaci\u00f3 d&#8217;un grup impulsor del projecte. El grup impulsor, s&#8217;ha de designar tenint present la previsi\u00f3 de continu\u00eftat al llarg del projecte<\/li>\n<li>Implicaci\u00f3&hellip;  <a href=\"https:\/\/agora.xtec.cat\/mobilsedu\/pla-mobils-edu\/programa\/compromisos-dels-centres-educatius\/\" title=\"Read Compromisos dels centres educatius\">Llegeix m\u00e9s\u00bb<\/a><br \/>\n","protected":false},"author":2,"featured_media":0,"parent":8305,"menu_order":30,"comment_status":"closed","ping_status":"closed","template":"page-templates\/side-menu.php","meta":{"_bbp_topic_count":0,"_bbp_reply_count":0,"_bbp_total_topic_count":0,"_bbp_total_reply_count":0,"_bbp_voice_count":0,"_bbp_anonymous_reply_count":0,"_bbp_topic_count_hidden":0,"_bbp_reply_count_hidden":0,"_bbp_forum_subforum_count":0,"footnotes":""},"class_list":["post-8210","page","type-page","status-publish","hentry"],"post_mailing_queue_ids":[],"_links":{"self":[{"href":"https:\/\/agora.xtec.cat\/mobilsedu\/wp-json\/wp\/v2\/pages\/8210","targetHints":{"allow":["GET"]}}],"collection":[{"href":"https:\/\/agora.xtec.cat\/mobilsedu\/wp-json\/wp\/v2\/pages"}],"about":[{"href":"https:\/\/agora.xtec.cat\/mobilsedu\/wp-json\/wp\/v2\/types\/page"}],"author":[{"embeddable":true,"href":"https:\/\/agora.xtec.cat\/mobilsedu\/wp-json\/wp\/v2\/users\/2"}],"replies":[{"embeddable":true,"href":"https:\/\/agora.xtec.cat\/mobilsedu\/wp-json\/wp\/v2\/comments?post=8210"}],"version-history":[{"count":3,"href":"https:\/\/agora.xtec.cat\/mobilsedu\/wp-json\/wp\/v2\/pages\/8210\/revisions"}],"predecessor-version":[{"id":8320,"href":"https:\/\/agora.xtec.cat\/mobilsedu\/wp-json\/wp\/v2\/pages\/8210\/revisions\/8320"}],"up":[{"embeddable":true,"href":"https:\/\/agora.xtec.cat\/mobilsedu\/wp-json\/wp\/v2\/pages\/8305"}],"wp:attachment":[{"href":"https:\/\/agora.xtec.cat\/mobilsedu\/wp-json\/wp\/v2\/media?parent=8210"}],"curies":[{"name":"wp","href":"https:\/\/api.w.org\/{rel}","templated":true}]}}