{"id":8208,"date":"2019-03-27T08:59:13","date_gmt":"2019-03-27T07:59:13","guid":{"rendered":"https:\/\/agora.xtec.cat\/mobilsedu\/?page_id=8208"},"modified":"2019-06-05T11:05:12","modified_gmt":"2019-06-05T09:05:12","slug":"destinataris-i-durada","status":"publish","type":"page","link":"https:\/\/agora.xtec.cat\/mobilsedu\/pla-mobils-edu\/programa\/destinataris-i-durada\/","title":{"rendered":"Destinataris i durada"},"content":{"rendered":"<p><strong>Destinataris<\/strong><\/p>\n<p>Els centres educatius que imparteixen ensenyaments d&#8217;educaci\u00f3 infantil, prim\u00e0ria i secund\u00e0ria obligat\u00f2ria del Servei d&#8217;Educaci\u00f3 de Catalunya.<\/p>\n<p>El programa s&#8217;orienta en les primeres dues fases als cursos seg\u00fcents, en funci\u00f3 de la tipologia i de l&#8217;etapa educativa:<\/p>\n<ul>\n<li>Centres de prim\u00e0ria: 5\u00e8 i 6\u00e8<\/li>\n<li>Centres que imparteixen les etapes de prim\u00e0ria i secund\u00e0ria: 6\u00e8 de prim\u00e0ria i 1r d&#8217;educaci\u00f3 secund\u00e0ria obligat\u00f2ria<\/li>\n<li>Centres de secund\u00e0ria: 1r i 2n d&#8217;educaci\u00f3 secund\u00e0ria obligat\u00f2ria<\/li>\n<\/ul>\n<p><strong>Durada<\/strong><\/p>\n<p>Els projectes dels centres participants en el Programa m\u00f2bils.edu tindran una durada de tres cursos i inclouran les fases de:<\/p>\n<ol>\n<li>Disseny (1r curs): diagnosi i elaboraci\u00f3 del projecte<\/li>\n<li>Implementaci\u00f3 (2n curs): compliment de la planificaci\u00f3, seguiment i avaluaci\u00f3 de les actuacions<\/li>\n<li>Finalitzaci\u00f3 del projecte (3r curs): avaluaci\u00f3 final i transfer\u00e8ncia<\/li>\n<\/ol>\n","protected":false},"excerpt":{"rendered":"<p>Destinataris<br \/>\nEls centres educatius que imparteixen ensenyaments d&#8217;educaci\u00f3 infantil, prim\u00e0ria i secund\u00e0ria obligat\u00f2ria del Servei d&#8217;Educaci\u00f3 de Catalunya.<br \/>\nEl programa s&#8217;orienta en les primeres dues fases als cursos seg\u00fcents, en funci\u00f3 de la tipologia i de l&#8217;etapa educativa:<\/p>\n<ul>\n<li>Centres de prim\u00e0ria: 5\u00e8 i 6\u00e8<\/li>\n<li>Centres que imparteixen les etapes&hellip;  <a href=\"https:\/\/agora.xtec.cat\/mobilsedu\/pla-mobils-edu\/programa\/destinataris-i-durada\/\" title=\"Read Destinataris i durada\">Llegeix m\u00e9s\u00bb<\/a><br \/>\n","protected":false},"author":2,"featured_media":0,"parent":8305,"menu_order":10,"comment_status":"closed","ping_status":"closed","template":"page-templates\/side-menu.php","meta":{"_bbp_topic_count":0,"_bbp_reply_count":0,"_bbp_total_topic_count":0,"_bbp_total_reply_count":0,"_bbp_voice_count":0,"_bbp_anonymous_reply_count":0,"_bbp_topic_count_hidden":0,"_bbp_reply_count_hidden":0,"_bbp_forum_subforum_count":0,"footnotes":""},"class_list":["post-8208","page","type-page","status-publish","hentry"],"post_mailing_queue_ids":[],"_links":{"self":[{"href":"https:\/\/agora.xtec.cat\/mobilsedu\/wp-json\/wp\/v2\/pages\/8208","targetHints":{"allow":["GET"]}}],"collection":[{"href":"https:\/\/agora.xtec.cat\/mobilsedu\/wp-json\/wp\/v2\/pages"}],"about":[{"href":"https:\/\/agora.xtec.cat\/mobilsedu\/wp-json\/wp\/v2\/types\/page"}],"author":[{"embeddable":true,"href":"https:\/\/agora.xtec.cat\/mobilsedu\/wp-json\/wp\/v2\/users\/2"}],"replies":[{"embeddable":true,"href":"https:\/\/agora.xtec.cat\/mobilsedu\/wp-json\/wp\/v2\/comments?post=8208"}],"version-history":[{"count":3,"href":"https:\/\/agora.xtec.cat\/mobilsedu\/wp-json\/wp\/v2\/pages\/8208\/revisions"}],"predecessor-version":[{"id":8329,"href":"https:\/\/agora.xtec.cat\/mobilsedu\/wp-json\/wp\/v2\/pages\/8208\/revisions\/8329"}],"up":[{"embeddable":true,"href":"https:\/\/agora.xtec.cat\/mobilsedu\/wp-json\/wp\/v2\/pages\/8305"}],"wp:attachment":[{"href":"https:\/\/agora.xtec.cat\/mobilsedu\/wp-json\/wp\/v2\/media?parent=8208"}],"curies":[{"name":"wp","href":"https:\/\/api.w.org\/{rel}","templated":true}]}}