{"id":8206,"date":"2019-03-27T08:58:45","date_gmt":"2019-03-27T07:58:45","guid":{"rendered":"https:\/\/agora.xtec.cat\/mobilsedu\/?page_id=8206"},"modified":"2019-06-05T10:49:22","modified_gmt":"2019-06-05T08:49:22","slug":"actuacions-i-recursos","status":"publish","type":"page","link":"https:\/\/agora.xtec.cat\/mobilsedu\/pla-mobils-edu\/programa\/actuacions-i-recursos\/","title":{"rendered":"Actuacions i recursos"},"content":{"rendered":"<p>L&#8217;\u00f2rgan impulsor ofereix el suport necessari a tots els centres seleccionats amb les actuacions i recursos seg\u00fcents:<\/p>\n<ol>\n<li>Suport i assessorament de l&#8217;\u00f2rgan impulsor en el desenvolupament del projecte de centre<\/li>\n<li>Documentaci\u00f3 necess\u00e0ria per al desenvolupament del projecte de centre<\/li>\n<li>Formaci\u00f3 espec\u00edfica pr\u00f2pia del programa<\/li>\n<li>Organitzaci\u00f3 de xarxes de centres participants al programa<\/li>\n<li>Suport i col\u00b7laboraci\u00f3, si escau, d&#8217;agents relacionats amb la finalitat del programa<\/li>\n<li>Col\u00b7laboraci\u00f3 amb entitats de recerca i d&#8217;innovaci\u00f3 en l&#8217;\u00e0mbit del programa<\/li>\n<li>Mecanismes de difusi\u00f3 de les experi\u00e8ncies innovadores i pr\u00e0ctiques educatives de refer\u00e8ncia avaluades i consolidades<\/li>\n<li>Mecanismes de seguiment dels projectes de centre<\/li>\n<li>Altres recursos concrets que s&#8217;especifiquin en el programa<\/li>\n<\/ol>\n","protected":false},"excerpt":{"rendered":"<p>L&#8217;\u00f2rgan impulsor ofereix el suport necessari a tots els centres seleccionats amb les actuacions i recursos seg\u00fcents:<\/p>\n<ol>\n<li>Suport i assessorament de l&#8217;\u00f2rgan impulsor en el desenvolupament del projecte de centre<\/li>\n<li>Documentaci\u00f3 necess\u00e0ria per al desenvolupament del projecte de centre<\/li>\n<li>Formaci\u00f3 espec\u00edfica pr\u00f2pia del programa<\/li>\n<li>Organitzaci\u00f3 de xarxes de centres&hellip;  <a href=\"https:\/\/agora.xtec.cat\/mobilsedu\/pla-mobils-edu\/programa\/actuacions-i-recursos\/\" title=\"Read Actuacions i recursos\">Llegeix m\u00e9s\u00bb<\/a><br \/>\n","protected":false},"author":2,"featured_media":0,"parent":8305,"menu_order":20,"comment_status":"closed","ping_status":"closed","template":"page-templates\/side-menu.php","meta":{"_bbp_topic_count":0,"_bbp_reply_count":0,"_bbp_total_topic_count":0,"_bbp_total_reply_count":0,"_bbp_voice_count":0,"_bbp_anonymous_reply_count":0,"_bbp_topic_count_hidden":0,"_bbp_reply_count_hidden":0,"_bbp_forum_subforum_count":0,"footnotes":""},"class_list":["post-8206","page","type-page","status-publish","hentry"],"post_mailing_queue_ids":[],"_links":{"self":[{"href":"https:\/\/agora.xtec.cat\/mobilsedu\/wp-json\/wp\/v2\/pages\/8206","targetHints":{"allow":["GET"]}}],"collection":[{"href":"https:\/\/agora.xtec.cat\/mobilsedu\/wp-json\/wp\/v2\/pages"}],"about":[{"href":"https:\/\/agora.xtec.cat\/mobilsedu\/wp-json\/wp\/v2\/types\/page"}],"author":[{"embeddable":true,"href":"https:\/\/agora.xtec.cat\/mobilsedu\/wp-json\/wp\/v2\/users\/2"}],"replies":[{"embeddable":true,"href":"https:\/\/agora.xtec.cat\/mobilsedu\/wp-json\/wp\/v2\/comments?post=8206"}],"version-history":[{"count":3,"href":"https:\/\/agora.xtec.cat\/mobilsedu\/wp-json\/wp\/v2\/pages\/8206\/revisions"}],"predecessor-version":[{"id":8318,"href":"https:\/\/agora.xtec.cat\/mobilsedu\/wp-json\/wp\/v2\/pages\/8206\/revisions\/8318"}],"up":[{"embeddable":true,"href":"https:\/\/agora.xtec.cat\/mobilsedu\/wp-json\/wp\/v2\/pages\/8305"}],"wp:attachment":[{"href":"https:\/\/agora.xtec.cat\/mobilsedu\/wp-json\/wp\/v2\/media?parent=8206"}],"curies":[{"name":"wp","href":"https:\/\/api.w.org\/{rel}","templated":true}]}}