{"id":8204,"date":"2019-03-27T08:58:15","date_gmt":"2019-03-27T07:58:15","guid":{"rendered":"https:\/\/agora.xtec.cat\/mobilsedu\/?page_id=8204"},"modified":"2022-01-31T10:36:41","modified_gmt":"2022-01-31T09:36:41","slug":"pla-mobils-edu","status":"publish","type":"page","link":"https:\/\/agora.xtec.cat\/mobilsedu\/pla-mobils-edu\/","title":{"rendered":"Pla m\u00f2bils.edu"},"content":{"rendered":"<p><strong>Descripci\u00f3<\/strong><\/p>\n<p>\u00c9s un pla del Departament d&#8217;Educaci\u00f3 que impulsa l&#8217;\u00fas de dispositius m\u00f2bils (m\u00f2bils i tauletes) com a tecnologies educatives, integrades en les pr\u00e0ctiques d&#8217;aula per adquirir la compet\u00e8ncia digital de l&#8217;alumnat i la millora en la resta de compet\u00e8ncies, liderat per la Direcci\u00f3 General d\u2019Innovaci\u00f3, Digitalitzaci\u00f3 i Recerca Educativa.<\/p>\n<p><strong>Justificaci\u00f3<\/strong><\/p>\n<p>El pla vol aprofundir en la potencialitat de les tecnologies digitals al servei de l&#8217;aprenentatge i, alhora, donar resposta a la preocupaci\u00f3 social creixent al voltant de l&#8217;\u00fas de la tecnologia m\u00f2bil. \u00c9s per aix\u00f2 que el pla far\u00e0 part\u00edcips tamb\u00e9 les fam\u00edlies, els centres, el professorat, l&#8217;alumnat i els agents educatius de l&#8217;entorn.<\/p>\n<p>L&#8217;\u00fas eficient dels dispositius m\u00f2bils en l&#8217;educaci\u00f3 comporta una triple perspectiva: com a objecte d&#8217;aprenentatge, per garantir el domini instrumental dels dispositius m\u00f2bils i l&#8217;adquisici\u00f3 de criteris per fer-ne un \u00fas \u00e8tic, responsable i efica\u00e7; com a recurs per a enriquir els processos d&#8217;ensenyament-aprenentatge, amb materials educatius digitals que contribueixen a millorar la presentaci\u00f3 i l&#8217;adquisici\u00f3 dels continguts curriculars; i, tamb\u00e9, com a context d&#8217;aprenentatge.<\/p>\n<p><strong>Finalitat<\/strong><\/p>\n<p>La finalitat del pla \u00e9s desenvolupar un marc de cobertura d&#8217;educaci\u00f3 digital per generar entorns de treball als centres del Servei d&#8217;Educaci\u00f3 de Catalunya que ofereixin l&#8217;adquisici\u00f3 de la compet\u00e8ncia digital pr\u00f2pia del segle XXI, d&#8217;acord amb les recomanacions de la Uni\u00f3 Europea i de la UNESCO.<\/p>\n<p>L&#8217;actuaci\u00f3 del Departament d&#8217;Educaci\u00f3 pret\u00e9n que els centres utilitzin la tecnologia digital i, especialment, els dispositius m\u00f2bils, com a eina educativa estrat\u00e8gica per al desenvolupament curricular, el treball competencial, l&#8217;educaci\u00f3 inclusiva, l&#8217;acci\u00f3 tutorial i la gesti\u00f3 de la conviv\u00e8ncia i de les relacions humanes per promoure l&#8217;\u00e8xit educatiu.<\/p>\n<p><strong>Objectius<\/strong><\/p>\n<ol>\n<li>Acompanyar els centres i la comunitat educativa en el proc\u00e9s de transformaci\u00f3 educativa<\/li>\n<li>Millorar la compet\u00e8ncia digital dels alumnes afavorint l&#8217;assoliment de les altres compet\u00e8ncies<\/li>\n<li>Posar en valor el paper inclusiu de la tecnologia per assolir l&#8217;\u00e8xit educatiu de tot l&#8217;alumnat<\/li>\n<\/ol>\n<p><a href=\"https:\/\/agora.xtec.cat\/mobilsedu\/wp-content\/uploads\/usu64\/2019\/06\/m\u00f2bils.edu-def.pdf\" target=\"_blank\" rel=\"noopener noreferrer\">Enlla\u00e7 al pla M\u00f2bils.edu<\/a><\/p>\n","protected":false},"excerpt":{"rendered":"<p>Descripci\u00f3<br \/>\n\u00c9s un pla del Departament d&#8217;Educaci\u00f3 que impulsa l&#8217;\u00fas de dispositius m\u00f2bils (m\u00f2bils i tauletes) com a tecnologies educatives, integrades en les pr\u00e0ctiques d&#8217;aula per adquirir la compet\u00e8ncia digital de l&#8217;alumnat i la millora en la resta de compet\u00e8ncies, liderat per la Direcci\u00f3 General d\u2019Innovaci\u00f3,&hellip;  <a href=\"https:\/\/agora.xtec.cat\/mobilsedu\/pla-mobils-edu\/\" title=\"Read Pla m\u00f2bils.edu\">Llegeix m\u00e9s\u00bb<\/a><\/p>\n","protected":false},"author":2,"featured_media":0,"parent":0,"menu_order":0,"comment_status":"closed","ping_status":"closed","template":"page-templates\/side-menu.php","meta":{"_bbp_topic_count":0,"_bbp_reply_count":0,"_bbp_total_topic_count":0,"_bbp_total_reply_count":0,"_bbp_voice_count":0,"_bbp_anonymous_reply_count":0,"_bbp_topic_count_hidden":0,"_bbp_reply_count_hidden":0,"_bbp_forum_subforum_count":0,"footnotes":""},"class_list":["post-8204","page","type-page","status-publish","hentry"],"post_mailing_queue_ids":[],"_links":{"self":[{"href":"https:\/\/agora.xtec.cat\/mobilsedu\/wp-json\/wp\/v2\/pages\/8204","targetHints":{"allow":["GET"]}}],"collection":[{"href":"https:\/\/agora.xtec.cat\/mobilsedu\/wp-json\/wp\/v2\/pages"}],"about":[{"href":"https:\/\/agora.xtec.cat\/mobilsedu\/wp-json\/wp\/v2\/types\/page"}],"author":[{"embeddable":true,"href":"https:\/\/agora.xtec.cat\/mobilsedu\/wp-json\/wp\/v2\/users\/2"}],"replies":[{"embeddable":true,"href":"https:\/\/agora.xtec.cat\/mobilsedu\/wp-json\/wp\/v2\/comments?post=8204"}],"version-history":[{"count":3,"href":"https:\/\/agora.xtec.cat\/mobilsedu\/wp-json\/wp\/v2\/pages\/8204\/revisions"}],"predecessor-version":[{"id":9180,"href":"https:\/\/agora.xtec.cat\/mobilsedu\/wp-json\/wp\/v2\/pages\/8204\/revisions\/9180"}],"wp:attachment":[{"href":"https:\/\/agora.xtec.cat\/mobilsedu\/wp-json\/wp\/v2\/media?parent=8204"}],"curies":[{"name":"wp","href":"https:\/\/api.w.org\/{rel}","templated":true}]}}