{"id":854,"date":"2022-04-29T22:25:58","date_gmt":"2022-04-29T20:25:58","guid":{"rendered":"https:\/\/agora.xtec.cat\/llinfantslaflorida\/?page_id=854"},"modified":"2025-10-22T08:46:41","modified_gmt":"2025-10-22T06:46:41","slug":"baula","status":"publish","type":"page","link":"https:\/\/agora.xtec.cat\/llinfantslaflorida\/lescola-2\/serveis\/baula\/","title":{"rendered":"Baula"},"content":{"rendered":"<p><b>Col\u00b7laboraci\u00f3 amb BAULA<\/b><\/p>\n<p><span style=\"font-weight: 400;\">A la nostra llar col\u00b7laborem amb BAULA \u2013 Centre per al Desenvolupament Infantil i Atenci\u00f3 Preco\u00e7, un recurs especialitzat que dona suport a infants i fam\u00edlies des d\u2019un enfocament integral.<\/span><\/p>\n<p><span style=\"font-weight: 400;\">BAULAcreix treballa de manera coordinada amb els serveis de salut, educaci\u00f3 i serveis socials de L\u2019Hospitalet de Llobregat, amb l\u2019objectiu de detectar i atendre, de manera preco\u00e7, possibles dificultats en el desenvolupament dels infants.<\/span><\/p>\n<p><span style=\"font-weight: 400;\">El centre parteix d\u2019un enfocament bio-psico-social, que t\u00e9 en compte no nom\u00e9s l\u2019aspecte terap\u00e8utic, sin\u00f3 tamb\u00e9 el context familiar i comunitari.<\/span><\/p>\n<p><span style=\"font-weight: 400;\">El seu equip \u00e9s multidisciplinari i est\u00e0 format per professionals especialitzats en el desenvolupament infantil, com ara psic\u00f2legs, psicomotricistes, neuropediatres, logopedes, fisioterapeutes, treballadors i educadors socials. Aquesta varietat d\u2019especialistes permet oferir una atenci\u00f3 global i ajustada a cada situaci\u00f3.<a href=\"https:\/\/agora.xtec.cat\/llinfantslaflorida\/lescola-2\/serveis\/baula\/attachment\/baixa\/\" rel=\"attachment wp-att-1572\"><img loading=\"lazy\" decoding=\"async\" class=\" wp-image-1572 aligncenter\" src=\"https:\/\/agora.xtec.cat\/llinfantslaflorida\/wp-content\/uploads\/usu2269\/2025\/10\/baixa.jpg\" alt=\"\" width=\"262\" height=\"262\" srcset=\"https:\/\/agora.xtec.cat\/llinfantslaflorida\/wp-content\/uploads\/usu2269\/2025\/10\/baixa.jpg 225w, https:\/\/agora.xtec.cat\/llinfantslaflorida\/wp-content\/uploads\/usu2269\/2025\/10\/baixa-150x150.jpg 150w\" sizes=\"auto, (max-width: 262px) 100vw, 262px\" \/><\/a><\/span><\/p>\n<p>&nbsp;<\/p>\n<p>&nbsp;<\/p>\n<p>En aquest enlla\u00e7 podeu accedir al web de <a href=\"https:\/\/baulacreix.cat\/es\/\">BAULA<\/a><\/p>\n","protected":false},"excerpt":{"rendered":"<p>Col\u00b7laboraci\u00f3 amb BAULA A la nostra llar col\u00b7laborem amb BAULA \u2013 Centre per al Desenvolupament Infantil i Atenci\u00f3 Preco\u00e7, un recurs especialitzat que dona suport a infants i fam\u00edlies des d\u2019un enfocament integral. BAULAcreix treballa de manera coordinada amb els serveis de salut, educaci\u00f3 i serveis socials de L\u2019Hospitalet de Llobregat, amb l\u2019objectiu de detectar [&hellip;]<\/p>\n","protected":false},"author":1,"featured_media":0,"parent":66,"menu_order":3,"comment_status":"closed","ping_status":"closed","template":"page-templates\/side-menu.php","meta":{"_bbp_topic_count":0,"_bbp_reply_count":0,"_bbp_total_topic_count":0,"_bbp_total_reply_count":0,"_bbp_voice_count":0,"_bbp_anonymous_reply_count":0,"_bbp_topic_count_hidden":0,"_bbp_reply_count_hidden":0,"_bbp_forum_subforum_count":0,"site-sidebar-layout":"default","site-content-layout":"","ast-site-content-layout":"","site-content-style":"default","site-sidebar-style":"default","ast-global-header-display":"","ast-banner-title-visibility":"","ast-main-header-display":"","ast-hfb-above-header-display":"","ast-hfb-below-header-display":"","ast-hfb-mobile-header-display":"","site-post-title":"","ast-breadcrumbs-content":"","ast-featured-img":"","footer-sml-layout":"","theme-transparent-header-meta":"","adv-header-id-meta":"","stick-header-meta":"","header-above-stick-meta":"","header-main-stick-meta":"","header-below-stick-meta":"","astra-migrate-meta-layouts":"default","ast-page-background-enabled":"default","ast-page-background-meta":{"desktop":{"background-color":"var(--ast-global-color-4)","background-image":"","background-repeat":"repeat","background-position":"center center","background-size":"auto","background-attachment":"scroll","background-type":"","background-media":"","overlay-type":"","overlay-color":"","overlay-opacity":"","overlay-gradient":""},"tablet":{"background-color":"","background-image":"","background-repeat":"repeat","background-position":"center center","background-size":"auto","background-attachment":"scroll","background-type":"","background-media":"","overlay-type":"","overlay-color":"","overlay-opacity":"","overlay-gradient":""},"mobile":{"background-color":"","background-image":"","background-repeat":"repeat","background-position":"center center","background-size":"auto","background-attachment":"scroll","background-type":"","background-media":"","overlay-type":"","overlay-color":"","overlay-opacity":"","overlay-gradient":""}},"ast-content-background-meta":{"desktop":{"background-color":"var(--ast-global-color-5)","background-image":"","background-repeat":"repeat","background-position":"center center","background-size":"auto","background-attachment":"scroll","background-type":"","background-media":"","overlay-type":"","overlay-color":"","overlay-opacity":"","overlay-gradient":""},"tablet":{"background-color":"var(--ast-global-color-5)","background-image":"","background-repeat":"repeat","background-position":"center center","background-size":"auto","background-attachment":"scroll","background-type":"","background-media":"","overlay-type":"","overlay-color":"","overlay-opacity":"","overlay-gradient":""},"mobile":{"background-color":"var(--ast-global-color-5)","background-image":"","background-repeat":"repeat","background-position":"center center","background-size":"auto","background-attachment":"scroll","background-type":"","background-media":"","overlay-type":"","overlay-color":"","overlay-opacity":"","overlay-gradient":""}},"footnotes":""},"class_list":["post-854","page","type-page","status-publish","hentry"],"post_mailing_queue_ids":[],"_links":{"self":[{"href":"https:\/\/agora.xtec.cat\/llinfantslaflorida\/wp-json\/wp\/v2\/pages\/854","targetHints":{"allow":["GET"]}}],"collection":[{"href":"https:\/\/agora.xtec.cat\/llinfantslaflorida\/wp-json\/wp\/v2\/pages"}],"about":[{"href":"https:\/\/agora.xtec.cat\/llinfantslaflorida\/wp-json\/wp\/v2\/types\/page"}],"author":[{"embeddable":true,"href":"https:\/\/agora.xtec.cat\/llinfantslaflorida\/wp-json\/wp\/v2\/users\/1"}],"replies":[{"embeddable":true,"href":"https:\/\/agora.xtec.cat\/llinfantslaflorida\/wp-json\/wp\/v2\/comments?post=854"}],"version-history":[{"count":6,"href":"https:\/\/agora.xtec.cat\/llinfantslaflorida\/wp-json\/wp\/v2\/pages\/854\/revisions"}],"predecessor-version":[{"id":1573,"href":"https:\/\/agora.xtec.cat\/llinfantslaflorida\/wp-json\/wp\/v2\/pages\/854\/revisions\/1573"}],"up":[{"embeddable":true,"href":"https:\/\/agora.xtec.cat\/llinfantslaflorida\/wp-json\/wp\/v2\/pages\/66"}],"wp:attachment":[{"href":"https:\/\/agora.xtec.cat\/llinfantslaflorida\/wp-json\/wp\/v2\/media?parent=854"}],"curies":[{"name":"wp","href":"https:\/\/api.w.org\/{rel}","templated":true}]}}