{"id":740,"date":"2022-04-29T21:16:58","date_gmt":"2022-04-29T19:16:58","guid":{"rendered":"https:\/\/agora.xtec.cat\/llinfantslaflorida\/?page_id=740"},"modified":"2026-03-14T14:05:23","modified_gmt":"2026-03-14T13:05:23","slug":"psicomotricitat","status":"publish","type":"page","link":"https:\/\/agora.xtec.cat\/llinfantslaflorida\/psicomotricitat\/","title":{"rendered":"Psicomotricitat"},"content":{"rendered":"<h4 data-start=\"119\" data-end=\"173\"><span style=\"color: #000000;\">Com treballem la psicomotricitat a la nostra llar<\/span><\/h4>\n<p data-start=\"175\" data-end=\"333\"><span style=\"color: #000000;\">A la nostra llar, la psicomotricitat \u00e9s un espai en qu\u00e8 l\u2019infant es mou, experimenta i es comunica corporalment, descobrint el seu cos i el m\u00f3n que l\u2019envolta.<\/span><\/p>\n<h4 data-start=\"335\" data-end=\"361\"><span style=\"color: #000000;\">Entorn i metodologia<\/span><\/h4>\n<ul data-start=\"362\" data-end=\"718\">\n<li data-start=\"362\" data-end=\"474\">\n<p data-start=\"364\" data-end=\"474\"><span style=\"color: #000000;\">Disposem d\u2019un espai adaptat amb zones i materials que conviden al moviment, al joc lliure i a la descoberta.<\/span><\/p>\n<\/li>\n<li data-start=\"475\" data-end=\"597\">\n<p data-start=\"477\" data-end=\"597\"><span style=\"color: #000000;\">Cada sessi\u00f3 parteix de la seva espontane\u00eftat: joc lliure.<\/span><\/p>\n<\/li>\n<li data-start=\"475\" data-end=\"597\">\n<p data-start=\"477\" data-end=\"597\"><span style=\"color: #000000;\">L\u2019educadora hi \u00e9s present per observar, acollir i fer de suport, per\u00f2 respecta el ritme i la iniciativa de cada infant.<\/span><\/p>\n<\/li>\n<\/ul>\n\r\n\t<div class=\"slideshow_container slideshow_container_style-light\" style=\"height: 500px; \" data-slideshow-id=\"2064\" data-style-name=\"style-light\" data-style-version=\"2.3.1\" >\r\n\r\n\t\t\t\t\t<div class=\"slideshow_loading_icon\"><\/div>\r\n\t\t\r\n\t\t<div class=\"slideshow_content\" style=\"display: none;\">\r\n\r\n\t\t\t<div class=\"slideshow_view\">\r\n\t\t\t\t<div class=\"slideshow_slide slideshow_slide_image\">\r\n\t\t\t\t\t\t\t\t\t\t\t<img src=\"https:\/\/agora.xtec.cat\/llinfantslaflorida\/wp-content\/uploads\/usu2269\/2025\/12\/AINHOA-scaled.jpeg\" alt=\"AINHOA\" width=\"2560\" height=\"1243\" \/>\r\n\t\t\t\t\t\t\t\t\t\t<div class=\"slideshow_description_box slideshow_transparent\">\r\n\t\t\t\t\t\t\t\t\t\t\t\t\t\t\t\t\t<\/div>\r\n\t\t\t\t<\/div>\r\n\r\n\t\t\t\t\t\t<div style=\"clear: both;\"><\/div><\/div><div class=\"slideshow_view\">\r\n\t\t\t\t<div class=\"slideshow_slide slideshow_slide_image\">\r\n\t\t\t\t\t\t\t\t\t\t\t<img src=\"https:\/\/agora.xtec.cat\/llinfantslaflorida\/wp-content\/uploads\/usu2269\/2025\/12\/JHOAN.jpeg\" alt=\"JHOAN\" width=\"2436\" height=\"1397\" \/>\r\n\t\t\t\t\t\t\t\t\t\t<div class=\"slideshow_description_box slideshow_transparent\">\r\n\t\t\t\t\t\t\t\t\t\t\t\t\t\t\t\t\t<\/div>\r\n\t\t\t\t<\/div>\r\n\r\n\t\t\t\t\t\t<div style=\"clear: both;\"><\/div><\/div><div class=\"slideshow_view\">\r\n\t\t\t\t<div class=\"slideshow_slide slideshow_slide_image\">\r\n\t\t\t\t\t\t\t\t\t\t\t<img src=\"https:\/\/agora.xtec.cat\/llinfantslaflorida\/wp-content\/uploads\/usu2269\/2026\/03\/IMG_1517_11zon-scaled.jpg\" alt=\"IMG_1517_11zon\" width=\"2560\" height=\"1920\" \/>\r\n\t\t\t\t\t\t\t\t\t\t<div class=\"slideshow_description_box slideshow_transparent\">\r\n\t\t\t\t\t\t\t\t\t\t\t\t\t\t\t\t\t<\/div>\r\n\t\t\t\t<\/div>\r\n\r\n\t\t\t\t\t\t<div style=\"clear: both;\"><\/div><\/div><div class=\"slideshow_view\">\r\n\t\t\t\t<div class=\"slideshow_slide slideshow_slide_image\">\r\n\t\t\t\t\t\t\t\t\t\t\t<img src=\"https:\/\/agora.xtec.cat\/llinfantslaflorida\/wp-content\/uploads\/usu2269\/2026\/03\/IMG_1512_11zon.jpg\" alt=\"IMG_1512_11zon\" width=\"2126\" height=\"1706\" \/>\r\n\t\t\t\t\t\t\t\t\t\t<div class=\"slideshow_description_box slideshow_transparent\">\r\n\t\t\t\t\t\t\t\t\t\t\t\t\t\t\t\t\t<\/div>\r\n\t\t\t\t<\/div>\r\n\r\n\t\t\t\t\t\t<div style=\"clear: both;\"><\/div><\/div><div class=\"slideshow_view\">\r\n\t\t\t\t<div class=\"slideshow_slide slideshow_slide_image\">\r\n\t\t\t\t\t\t\t\t\t\t\t<img src=\"https:\/\/agora.xtec.cat\/llinfantslaflorida\/wp-content\/uploads\/usu2269\/2026\/03\/IMG_1313_11zon.jpg\" alt=\"IMG_1313_11zon\" width=\"1844\" height=\"1383\" \/>\r\n\t\t\t\t\t\t\t\t\t\t<div class=\"slideshow_description_box slideshow_transparent\">\r\n\t\t\t\t\t\t\t\t\t\t\t\t\t\t\t\t\t<\/div>\r\n\t\t\t\t<\/div>\r\n\r\n\t\t\t\t\t\t<div style=\"clear: both;\"><\/div><\/div><div class=\"slideshow_view\">\r\n\t\t\t\t<div class=\"slideshow_slide slideshow_slide_image\">\r\n\t\t\t\t\t\t\t\t\t\t\t<img src=\"https:\/\/agora.xtec.cat\/llinfantslaflorida\/wp-content\/uploads\/usu2269\/2026\/03\/IMG_1310_11zon.jpg\" alt=\"IMG_1310_11zon\" width=\"2265\" height=\"1336\" \/>\r\n\t\t\t\t\t\t\t\t\t\t<div class=\"slideshow_description_box slideshow_transparent\">\r\n\t\t\t\t\t\t\t\t\t\t\t\t\t\t\t\t\t<\/div>\r\n\t\t\t\t<\/div>\r\n\r\n\t\t\t\t\t\t<div style=\"clear: both;\"><\/div><\/div><div class=\"slideshow_view\">\r\n\t\t\t\t<div class=\"slideshow_slide slideshow_slide_image\">\r\n\t\t\t\t\t\t\t\t\t\t\t<img src=\"https:\/\/agora.xtec.cat\/llinfantslaflorida\/wp-content\/uploads\/usu2269\/2026\/03\/IMG_1309_11zon.jpg\" alt=\"IMG_1309_11zon\" width=\"1523\" height=\"1220\" \/>\r\n\t\t\t\t\t\t\t\t\t\t<div class=\"slideshow_description_box slideshow_transparent\">\r\n\t\t\t\t\t\t\t\t\t\t\t\t\t\t\t\t\t<\/div>\r\n\t\t\t\t<\/div>\r\n\r\n\t\t\t\t\t\t<div style=\"clear: both;\"><\/div><\/div>\r\n\t\t<\/div>\r\n\r\n\t\t<div class=\"slideshow_controlPanel slideshow_transparent\" style=\"display: none;\"><ul><li class=\"slideshow_togglePlay\" data-play-text=\"Visualitza\" data-pause-text=\"Pausa\"><\/li><\/ul><\/div>\r\n\r\n\t\t<div class=\"slideshow_button slideshow_previous slideshow_transparent\" role=\"button\" data-previous-text=\"Anterior\" style=\"display: none;\"><\/div>\r\n\t\t<div class=\"slideshow_button slideshow_next slideshow_transparent\" role=\"button\" data-next-text=\"Seg\u00fcent\" style=\"display: none;\"><\/div>\r\n\r\n\t\t<div class=\"slideshow_pagination\" style=\"display: none;\" data-go-to-text=\"V\u00e9s a la diapositiva\"><div class=\"slideshow_pagination_center\"><\/div><\/div>\r\n\r\n\t\t<!-- WordPress Slideshow Version 2.3.1 -->\r\n\r\n\t\t\t<\/div>\r\n\r\n\n<h4 data-start=\"720\" data-end=\"746\"><span style=\"color: #000000;\">Objectius principals<\/span><\/h4>\n<ul data-start=\"747\" data-end=\"1203\">\n<li data-start=\"747\" data-end=\"865\">\n<p data-start=\"749\" data-end=\"865\"><span style=\"color: #000000;\">Que l\u2019infant <strong data-start=\"762\" data-end=\"811\">conegui i controli progressivament el seu cos<\/strong>, en moviment i en relaci\u00f3 amb l\u2019espai i els altres.<\/span><\/p>\n<\/li>\n<li data-start=\"866\" data-end=\"980\">\n<p data-start=\"868\" data-end=\"980\"><span style=\"color: #000000;\">Fomentar la <strong data-start=\"880\" data-end=\"921\">confian\u00e7a, l\u2019autoestima i l\u2019autonomia<\/strong> mitjan\u00e7ant el gaudi del moviment i l\u2019expressi\u00f3 corporal.<\/span><\/p>\n<\/li>\n<li data-start=\"981\" data-end=\"1095\">\n<p data-start=\"983\" data-end=\"1095\"><span style=\"color: #000000;\">Afavorir la <strong data-start=\"995\" data-end=\"1032\">relaci\u00f3 amb els iguals i l\u2019entorn<\/strong>, a trav\u00e9s del joc, la cooperaci\u00f3 i la construcci\u00f3 simb\u00f2lica.<\/span><\/p>\n<\/li>\n<li data-start=\"1096\" data-end=\"1203\">\n<p data-start=\"1098\" data-end=\"1203\"><span style=\"color: #000000;\">Integrar la psicomotricitat com a part del desenvolupament global \u2014 motriu, emocional, cognitiu i social.<\/span><\/p>\n<\/li>\n<\/ul>\n","protected":false},"excerpt":{"rendered":"<p>Com treballem la psicomotricitat a la nostra llar A la nostra llar, la psicomotricitat \u00e9s un espai en qu\u00e8 l\u2019infant es mou, experimenta i es comunica corporalment, descobrint el seu cos i el m\u00f3n que l\u2019envolta. Entorn i metodologia Disposem d\u2019un espai adaptat amb zones i materials que conviden al moviment, al joc lliure i [&hellip;]<\/p>\n","protected":false},"author":1,"featured_media":0,"parent":0,"menu_order":50,"comment_status":"closed","ping_status":"closed","template":"","meta":{"_bbp_topic_count":0,"_bbp_reply_count":0,"_bbp_total_topic_count":0,"_bbp_total_reply_count":0,"_bbp_voice_count":0,"_bbp_anonymous_reply_count":0,"_bbp_topic_count_hidden":0,"_bbp_reply_count_hidden":0,"_bbp_forum_subforum_count":0,"site-sidebar-layout":"default","site-content-layout":"","ast-site-content-layout":"full-width-container","site-content-style":"boxed","site-sidebar-style":"default","ast-global-header-display":"","ast-banner-title-visibility":"","ast-main-header-display":"","ast-hfb-above-header-display":"","ast-hfb-below-header-display":"","ast-hfb-mobile-header-display":"","site-post-title":"","ast-breadcrumbs-content":"","ast-featured-img":"","footer-sml-layout":"","theme-transparent-header-meta":"default","adv-header-id-meta":"","stick-header-meta":"","header-above-stick-meta":"","header-main-stick-meta":"","header-below-stick-meta":"","astra-migrate-meta-layouts":"set","ast-page-background-enabled":"default","ast-page-background-meta":{"desktop":{"background-color":"var(--ast-global-color-4)","background-image":"","background-repeat":"repeat","background-position":"center center","background-size":"auto","background-attachment":"scroll","background-type":"","background-media":"","overlay-type":"","overlay-color":"","overlay-opacity":"","overlay-gradient":""},"tablet":{"background-color":"","background-image":"","background-repeat":"repeat","background-position":"center center","background-size":"auto","background-attachment":"scroll","background-type":"","background-media":"","overlay-type":"","overlay-color":"","overlay-opacity":"","overlay-gradient":""},"mobile":{"background-color":"","background-image":"","background-repeat":"repeat","background-position":"center center","background-size":"auto","background-attachment":"scroll","background-type":"","background-media":"","overlay-type":"","overlay-color":"","overlay-opacity":"","overlay-gradient":""}},"ast-content-background-meta":{"desktop":{"background-color":"var(--ast-global-color-5)","background-image":"","background-repeat":"repeat","background-position":"center center","background-size":"auto","background-attachment":"scroll","background-type":"","background-media":"","overlay-type":"","overlay-color":"","overlay-opacity":"","overlay-gradient":""},"tablet":{"background-color":"var(--ast-global-color-5)","background-image":"","background-repeat":"repeat","background-position":"center center","background-size":"auto","background-attachment":"scroll","background-type":"","background-media":"","overlay-type":"","overlay-color":"","overlay-opacity":"","overlay-gradient":""},"mobile":{"background-color":"var(--ast-global-color-5)","background-image":"","background-repeat":"repeat","background-position":"center center","background-size":"auto","background-attachment":"scroll","background-type":"","background-media":"","overlay-type":"","overlay-color":"","overlay-opacity":"","overlay-gradient":""}},"footnotes":""},"class_list":["post-740","page","type-page","status-publish","hentry"],"post_mailing_queue_ids":[],"_links":{"self":[{"href":"https:\/\/agora.xtec.cat\/llinfantslaflorida\/wp-json\/wp\/v2\/pages\/740","targetHints":{"allow":["GET"]}}],"collection":[{"href":"https:\/\/agora.xtec.cat\/llinfantslaflorida\/wp-json\/wp\/v2\/pages"}],"about":[{"href":"https:\/\/agora.xtec.cat\/llinfantslaflorida\/wp-json\/wp\/v2\/types\/page"}],"author":[{"embeddable":true,"href":"https:\/\/agora.xtec.cat\/llinfantslaflorida\/wp-json\/wp\/v2\/users\/1"}],"replies":[{"embeddable":true,"href":"https:\/\/agora.xtec.cat\/llinfantslaflorida\/wp-json\/wp\/v2\/comments?post=740"}],"version-history":[{"count":6,"href":"https:\/\/agora.xtec.cat\/llinfantslaflorida\/wp-json\/wp\/v2\/pages\/740\/revisions"}],"predecessor-version":[{"id":2081,"href":"https:\/\/agora.xtec.cat\/llinfantslaflorida\/wp-json\/wp\/v2\/pages\/740\/revisions\/2081"}],"wp:attachment":[{"href":"https:\/\/agora.xtec.cat\/llinfantslaflorida\/wp-json\/wp\/v2\/media?parent=740"}],"curies":[{"name":"wp","href":"https:\/\/api.w.org\/{rel}","templated":true}]}}