{"id":738,"date":"2022-04-29T21:16:41","date_gmt":"2022-04-29T19:16:41","guid":{"rendered":"https:\/\/agora.xtec.cat\/llinfantslaflorida\/?page_id=738"},"modified":"2025-05-13T14:01:16","modified_gmt":"2025-05-13T12:01:16","slug":"relacio-amb-els-altres","status":"publish","type":"page","link":"https:\/\/agora.xtec.cat\/llinfantslaflorida\/lescola-2\/relacio-amb-els-altres\/","title":{"rendered":"Relaci\u00f3 amb els altres"},"content":{"rendered":"<p><a href=\"https:\/\/agora.xtec.cat\/llinfantslaflorida\/lescola-2\/que-fem\/relacio-amb-els-altres\/attachment\/img_3406\/\" rel=\"attachment wp-att-1287\"><img loading=\"lazy\" decoding=\"async\" class=\"wp-image-1287 alignleft\" src=\"https:\/\/agora.xtec.cat\/llinfantslaflorida\/wp-content\/uploads\/usu2269\/2024\/10\/IMG_3406-e1728308776584-1024x649.jpg\" alt=\"\" width=\"616\" height=\"390\" \/><\/a>La descoberta de l\u2019altre i la relaci\u00f3 amb els iguals s\u00f3n una oportunitat necess\u00e0ria per construir-se com a persona.<\/p>\n<p>Les relacions dels infants que es donen a l\u2019escola bressol, configuren l\u2019inici de l\u2019aprenentatge d\u2019habilitats socials per la conviv\u00e8ncia: ajudar, consolar, dialogar, respectar, cooperar, escoltar, emocionar-se\u2026 fent les primeres amistats.<\/p>\n<p>Un bon vincle afectiu de l\u2019infant amb l\u2019adult \u00e9s la base perqu\u00e8 l\u2019infant, des de la seguretat i confian\u00e7a, desenvolupi totes les seves potencialitats, i explori el m\u00f3n que l\u2019envolta.<\/p>\n<p>Des de l\u2019escola, creiem essencial establir un lligam de confian\u00e7a amb les fam\u00edlies, el treball conjunt d\u00f3na coher\u00e8ncia a l\u2019educaci\u00f3 de l\u2019infant.<\/p>\n<p>Quan aconseguim crear un bon clima de relacions, els valors que se\u2019n deriven, afavoreixen l\u2019equilibri personal: benestar, seguretat, autoestima, respecte, autonomia, responsabilitat, sentiment de pertinen\u00e7a, satisfacci\u00f3 d\u2019estimar i de sentir-se estimat &#8230;<\/p>\n<p>&nbsp;<\/p>\n<blockquote>\n<p style=\"text-align: center;\">\u201cQuan els infants s\u00f3n tractats amb amabilitat i respecte aprendran a tractar als altres amb respecte i amabilitat\u201d (A. Brill).<\/p>\n<\/blockquote>\n<p><a href=\"https:\/\/agora.xtec.cat\/llinfantslaflorida\/lescola-2\/que-fem\/habits-autonomia-e-higiene\/attachment\/img_3389-2\/\" rel=\"attachment wp-att-1295\"><img loading=\"lazy\" decoding=\"async\" class=\"wp-image-1295 aligncenter\" src=\"https:\/\/agora.xtec.cat\/llinfantslaflorida\/wp-content\/uploads\/usu2269\/2024\/10\/IMG_3389-1-1024x768.jpg\" alt=\"\" width=\"531\" height=\"398\" \/><\/a><a href=\"https:\/\/agora.xtec.cat\/llinfantslaflorida\/lescola-2\/que-fem\/habits-autonomia-e-higiene\/attachment\/img_3471\/\" rel=\"attachment wp-att-1299\"><img loading=\"lazy\" decoding=\"async\" class=\"wp-image-1299 aligncenter\" src=\"https:\/\/agora.xtec.cat\/llinfantslaflorida\/wp-content\/uploads\/usu2269\/2024\/10\/IMG_3471-1024x768.jpg\" alt=\"\" width=\"532\" height=\"399\" \/><\/a><\/p>\n","protected":false},"excerpt":{"rendered":"<p>La descoberta de l\u2019altre i la relaci\u00f3 amb els iguals s\u00f3n una oportunitat necess\u00e0ria per construir-se com a persona. Les relacions dels infants que es donen a l\u2019escola bressol, configuren l\u2019inici de l\u2019aprenentatge d\u2019habilitats socials per la conviv\u00e8ncia: ajudar, consolar, dialogar, respectar, cooperar, escoltar, emocionar-se\u2026 fent les primeres amistats. Un bon vincle afectiu de l\u2019infant [&hellip;]<\/p>\n","protected":false},"author":1,"featured_media":0,"parent":648,"menu_order":30,"comment_status":"closed","ping_status":"closed","template":"page-templates\/side-menu.php","meta":{"_bbp_topic_count":0,"_bbp_reply_count":0,"_bbp_total_topic_count":0,"_bbp_total_reply_count":0,"_bbp_voice_count":0,"_bbp_anonymous_reply_count":0,"_bbp_topic_count_hidden":0,"_bbp_reply_count_hidden":0,"_bbp_forum_subforum_count":0,"site-sidebar-layout":"default","site-content-layout":"","ast-site-content-layout":"","site-content-style":"default","site-sidebar-style":"default","ast-global-header-display":"","ast-banner-title-visibility":"","ast-main-header-display":"","ast-hfb-above-header-display":"","ast-hfb-below-header-display":"","ast-hfb-mobile-header-display":"","site-post-title":"","ast-breadcrumbs-content":"","ast-featured-img":"","footer-sml-layout":"","theme-transparent-header-meta":"","adv-header-id-meta":"","stick-header-meta":"","header-above-stick-meta":"","header-main-stick-meta":"","header-below-stick-meta":"","astra-migrate-meta-layouts":"default","ast-page-background-enabled":"default","ast-page-background-meta":{"desktop":{"background-color":"var(--ast-global-color-4)","background-image":"","background-repeat":"repeat","background-position":"center center","background-size":"auto","background-attachment":"scroll","background-type":"","background-media":"","overlay-type":"","overlay-color":"","overlay-opacity":"","overlay-gradient":""},"tablet":{"background-color":"","background-image":"","background-repeat":"repeat","background-position":"center center","background-size":"auto","background-attachment":"scroll","background-type":"","background-media":"","overlay-type":"","overlay-color":"","overlay-opacity":"","overlay-gradient":""},"mobile":{"background-color":"","background-image":"","background-repeat":"repeat","background-position":"center center","background-size":"auto","background-attachment":"scroll","background-type":"","background-media":"","overlay-type":"","overlay-color":"","overlay-opacity":"","overlay-gradient":""}},"ast-content-background-meta":{"desktop":{"background-color":"var(--ast-global-color-5)","background-image":"","background-repeat":"repeat","background-position":"center center","background-size":"auto","background-attachment":"scroll","background-type":"","background-media":"","overlay-type":"","overlay-color":"","overlay-opacity":"","overlay-gradient":""},"tablet":{"background-color":"var(--ast-global-color-5)","background-image":"","background-repeat":"repeat","background-position":"center center","background-size":"auto","background-attachment":"scroll","background-type":"","background-media":"","overlay-type":"","overlay-color":"","overlay-opacity":"","overlay-gradient":""},"mobile":{"background-color":"var(--ast-global-color-5)","background-image":"","background-repeat":"repeat","background-position":"center center","background-size":"auto","background-attachment":"scroll","background-type":"","background-media":"","overlay-type":"","overlay-color":"","overlay-opacity":"","overlay-gradient":""}},"footnotes":""},"class_list":["post-738","page","type-page","status-publish","hentry"],"post_mailing_queue_ids":[],"_links":{"self":[{"href":"https:\/\/agora.xtec.cat\/llinfantslaflorida\/wp-json\/wp\/v2\/pages\/738","targetHints":{"allow":["GET"]}}],"collection":[{"href":"https:\/\/agora.xtec.cat\/llinfantslaflorida\/wp-json\/wp\/v2\/pages"}],"about":[{"href":"https:\/\/agora.xtec.cat\/llinfantslaflorida\/wp-json\/wp\/v2\/types\/page"}],"author":[{"embeddable":true,"href":"https:\/\/agora.xtec.cat\/llinfantslaflorida\/wp-json\/wp\/v2\/users\/1"}],"replies":[{"embeddable":true,"href":"https:\/\/agora.xtec.cat\/llinfantslaflorida\/wp-json\/wp\/v2\/comments?post=738"}],"version-history":[{"count":4,"href":"https:\/\/agora.xtec.cat\/llinfantslaflorida\/wp-json\/wp\/v2\/pages\/738\/revisions"}],"predecessor-version":[{"id":1306,"href":"https:\/\/agora.xtec.cat\/llinfantslaflorida\/wp-json\/wp\/v2\/pages\/738\/revisions\/1306"}],"up":[{"embeddable":true,"href":"https:\/\/agora.xtec.cat\/llinfantslaflorida\/wp-json\/wp\/v2\/pages\/648"}],"wp:attachment":[{"href":"https:\/\/agora.xtec.cat\/llinfantslaflorida\/wp-json\/wp\/v2\/media?parent=738"}],"curies":[{"name":"wp","href":"https:\/\/api.w.org\/{rel}","templated":true}]}}