{"id":73,"date":"2014-09-18T14:01:51","date_gmt":"2014-09-18T13:01:51","guid":{"rendered":"http:\/\/agora.xtec.cat\/llinfantslaflorida\/?page_id=73"},"modified":"2025-05-16T08:24:34","modified_gmt":"2025-05-16T06:24:34","slug":"menjador-escolar","status":"publish","type":"page","link":"https:\/\/agora.xtec.cat\/llinfantslaflorida\/lescola-2\/serveis\/menjador-escolar\/","title":{"rendered":"Menjador"},"content":{"rendered":"<p><b style=\"font-family: inherit; font-size: 1em;\">El men\u00fa escolar<\/b><\/p>\n<p><span style=\"font-weight: 400;\">Durant els primers anys de vida, l\u2019alimentaci\u00f3 complement\u00e0ria juga un paper fonamental en el creixement dels infants. Acompanyem aquest proc\u00e9s amb cura i respecte, introduint nous aliments de manera progressiva i coordinada amb les fam\u00edlies, per garantir una transici\u00f3 adequada i segura. <\/span><\/p>\n<p><span style=\"font-weight: 400;\">A\u00a0 continuaci\u00f3, podeu consultar el men\u00fa escolar, organitzat per setmanes.<\/span><\/p>\n<p><a href=\"https:\/\/agora.xtec.cat\/llinfantslaflorida\/lescola-2\/serveis\/menjador-escolar\/attachment\/menu-llar-dinfants-la-florida-4\/\" rel=\"attachment wp-att-1326\"><img loading=\"lazy\" decoding=\"async\" class=\"aligncenter wp-image-1326\" src=\"https:\/\/agora.xtec.cat\/llinfantslaflorida\/wp-content\/uploads\/usu2269\/2025\/04\/MENU-LLAR-DINFANTS-LA-FLORIDA-1024x931.jpg\" alt=\"\" width=\"734\" height=\"668\" srcset=\"https:\/\/agora.xtec.cat\/llinfantslaflorida\/wp-content\/uploads\/usu2269\/2025\/04\/MENU-LLAR-DINFANTS-LA-FLORIDA-1024x931.jpg 1024w, https:\/\/agora.xtec.cat\/llinfantslaflorida\/wp-content\/uploads\/usu2269\/2025\/04\/MENU-LLAR-DINFANTS-LA-FLORIDA-300x273.jpg 300w, https:\/\/agora.xtec.cat\/llinfantslaflorida\/wp-content\/uploads\/usu2269\/2025\/04\/MENU-LLAR-DINFANTS-LA-FLORIDA-768x698.jpg 768w, https:\/\/agora.xtec.cat\/llinfantslaflorida\/wp-content\/uploads\/usu2269\/2025\/04\/MENU-LLAR-DINFANTS-LA-FLORIDA.jpg 1161w\" sizes=\"auto, (max-width: 734px) 100vw, 734px\" \/><\/a><\/p>\n","protected":false},"excerpt":{"rendered":"<p>El men\u00fa escolar Durant els primers anys de vida, l\u2019alimentaci\u00f3 complement\u00e0ria juga un paper fonamental en el creixement dels infants. Acompanyem aquest proc\u00e9s amb cura i respecte, introduint nous aliments de manera progressiva i coordinada amb les fam\u00edlies, per garantir una transici\u00f3 adequada i segura. A\u00a0 continuaci\u00f3, podeu consultar el men\u00fa escolar, organitzat per setmanes.<\/p>\n","protected":false},"author":1,"featured_media":0,"parent":66,"menu_order":0,"comment_status":"closed","ping_status":"closed","template":"page-templates\/side-menu.php","meta":{"_bbp_topic_count":0,"_bbp_reply_count":0,"_bbp_total_topic_count":0,"_bbp_total_reply_count":0,"_bbp_voice_count":0,"_bbp_anonymous_reply_count":0,"_bbp_topic_count_hidden":0,"_bbp_reply_count_hidden":0,"_bbp_forum_subforum_count":0,"site-sidebar-layout":"default","site-content-layout":"","ast-site-content-layout":"","site-content-style":"default","site-sidebar-style":"default","ast-global-header-display":"","ast-banner-title-visibility":"","ast-main-header-display":"","ast-hfb-above-header-display":"","ast-hfb-below-header-display":"","ast-hfb-mobile-header-display":"","site-post-title":"","ast-breadcrumbs-content":"","ast-featured-img":"","footer-sml-layout":"","theme-transparent-header-meta":"","adv-header-id-meta":"","stick-header-meta":"","header-above-stick-meta":"","header-main-stick-meta":"","header-below-stick-meta":"","astra-migrate-meta-layouts":"default","ast-page-background-enabled":"default","ast-page-background-meta":{"desktop":{"background-color":"var(--ast-global-color-4)","background-image":"","background-repeat":"repeat","background-position":"center center","background-size":"auto","background-attachment":"scroll","background-type":"","background-media":"","overlay-type":"","overlay-color":"","overlay-opacity":"","overlay-gradient":""},"tablet":{"background-color":"","background-image":"","background-repeat":"repeat","background-position":"center center","background-size":"auto","background-attachment":"scroll","background-type":"","background-media":"","overlay-type":"","overlay-color":"","overlay-opacity":"","overlay-gradient":""},"mobile":{"background-color":"","background-image":"","background-repeat":"repeat","background-position":"center center","background-size":"auto","background-attachment":"scroll","background-type":"","background-media":"","overlay-type":"","overlay-color":"","overlay-opacity":"","overlay-gradient":""}},"ast-content-background-meta":{"desktop":{"background-color":"var(--ast-global-color-5)","background-image":"","background-repeat":"repeat","background-position":"center center","background-size":"auto","background-attachment":"scroll","background-type":"","background-media":"","overlay-type":"","overlay-color":"","overlay-opacity":"","overlay-gradient":""},"tablet":{"background-color":"var(--ast-global-color-5)","background-image":"","background-repeat":"repeat","background-position":"center center","background-size":"auto","background-attachment":"scroll","background-type":"","background-media":"","overlay-type":"","overlay-color":"","overlay-opacity":"","overlay-gradient":""},"mobile":{"background-color":"var(--ast-global-color-5)","background-image":"","background-repeat":"repeat","background-position":"center center","background-size":"auto","background-attachment":"scroll","background-type":"","background-media":"","overlay-type":"","overlay-color":"","overlay-opacity":"","overlay-gradient":""}},"footnotes":""},"class_list":["post-73","page","type-page","status-publish","hentry"],"post_mailing_queue_ids":[],"_links":{"self":[{"href":"https:\/\/agora.xtec.cat\/llinfantslaflorida\/wp-json\/wp\/v2\/pages\/73","targetHints":{"allow":["GET"]}}],"collection":[{"href":"https:\/\/agora.xtec.cat\/llinfantslaflorida\/wp-json\/wp\/v2\/pages"}],"about":[{"href":"https:\/\/agora.xtec.cat\/llinfantslaflorida\/wp-json\/wp\/v2\/types\/page"}],"author":[{"embeddable":true,"href":"https:\/\/agora.xtec.cat\/llinfantslaflorida\/wp-json\/wp\/v2\/users\/1"}],"replies":[{"embeddable":true,"href":"https:\/\/agora.xtec.cat\/llinfantslaflorida\/wp-json\/wp\/v2\/comments?post=73"}],"version-history":[{"count":6,"href":"https:\/\/agora.xtec.cat\/llinfantslaflorida\/wp-json\/wp\/v2\/pages\/73\/revisions"}],"predecessor-version":[{"id":1406,"href":"https:\/\/agora.xtec.cat\/llinfantslaflorida\/wp-json\/wp\/v2\/pages\/73\/revisions\/1406"}],"up":[{"embeddable":true,"href":"https:\/\/agora.xtec.cat\/llinfantslaflorida\/wp-json\/wp\/v2\/pages\/66"}],"wp:attachment":[{"href":"https:\/\/agora.xtec.cat\/llinfantslaflorida\/wp-json\/wp\/v2\/media?parent=73"}],"curies":[{"name":"wp","href":"https:\/\/api.w.org\/{rel}","templated":true}]}}