{"id":658,"date":"2022-04-29T19:02:03","date_gmt":"2022-04-29T17:02:03","guid":{"rendered":"https:\/\/agora.xtec.cat\/llinfantslaflorida\/?page_id=658"},"modified":"2025-09-04T13:09:09","modified_gmt":"2025-09-04T11:09:09","slug":"secretaria-i-tramits","status":"publish","type":"page","link":"https:\/\/agora.xtec.cat\/llinfantslaflorida\/secretaria-i-tramits\/","title":{"rendered":"Secretaria i Tr\u00e0mits"},"content":{"rendered":"<p>Aquest espai us permet accedir a informaci\u00f3, tr\u00e0mits i documents per a la gesti\u00f3 de l&#8217;estada dels infants a la llar.<\/p>\n<ul>\n<li style=\"font-weight: 400;\" aria-level=\"3\"><a href=\"https:\/\/agora.xtec.cat\/llinfantslaflorida\/secretaria-i-tramits\/quotes\/\"><span style=\"font-weight: 400;\">Quotes<\/span><\/a><\/li>\n<li style=\"font-weight: 400;\" aria-level=\"3\"><span style=\"font-weight: 400;\"><a href=\"https:\/\/agora.xtec.cat\/llinfantslaflorida\/secretaria-i-tramits\/oferta-educativa\/\">Oferta educativa<\/a>\u00a0<\/span><\/li>\n<li style=\"font-weight: 400;\" aria-level=\"3\"><a href=\"https:\/\/agora.xtec.cat\/llinfantslaflorida\/secretaria-i-tramits\/preinscripcio\/\"><span style=\"font-weight: 400;\">Preinscripci\u00f3<\/span><\/a><span style=\"font-weight: 400;\">\u00a0<\/span><\/li>\n<li style=\"font-weight: 400;\" aria-level=\"3\"><a href=\"https:\/\/agora.xtec.cat\/llinfantslaflorida\/secretaria-i-tramits\/matricula\/\"><span style=\"font-weight: 400;\">Matricula<\/span><\/a><\/li>\n<li style=\"font-weight: 400;\" aria-level=\"3\"><span style=\"font-weight: 400;\"><a href=\"https:\/\/agora.xtec.cat\/llinfantslaflorida\/secretaria-i-tramits\/documentacio\/\">Documentaci\u00f3<\/a> (autoritzacions, etc)<\/span><\/li>\n<\/ul>\n","protected":false},"excerpt":{"rendered":"<p>Aquest espai us permet accedir a informaci\u00f3, tr\u00e0mits i documents per a la gesti\u00f3 de l&#8217;estada dels infants a la llar. Quotes Oferta educativa\u00a0 Preinscripci\u00f3\u00a0 Matricula Documentaci\u00f3 (autoritzacions, etc)<\/p>\n","protected":false},"author":1,"featured_media":0,"parent":0,"menu_order":0,"comment_status":"closed","ping_status":"closed","template":"page-templates\/side-menu.php","meta":{"_bbp_topic_count":0,"_bbp_reply_count":0,"_bbp_total_topic_count":0,"_bbp_total_reply_count":0,"_bbp_voice_count":0,"_bbp_anonymous_reply_count":0,"_bbp_topic_count_hidden":0,"_bbp_reply_count_hidden":0,"_bbp_forum_subforum_count":0,"site-sidebar-layout":"default","site-content-layout":"","ast-site-content-layout":"","site-content-style":"default","site-sidebar-style":"default","ast-global-header-display":"","ast-banner-title-visibility":"","ast-main-header-display":"","ast-hfb-above-header-display":"","ast-hfb-below-header-display":"","ast-hfb-mobile-header-display":"","site-post-title":"","ast-breadcrumbs-content":"","ast-featured-img":"","footer-sml-layout":"","theme-transparent-header-meta":"","adv-header-id-meta":"","stick-header-meta":"","header-above-stick-meta":"","header-main-stick-meta":"","header-below-stick-meta":"","astra-migrate-meta-layouts":"default","ast-page-background-enabled":"default","ast-page-background-meta":{"desktop":{"background-color":"var(--ast-global-color-4)","background-image":"","background-repeat":"repeat","background-position":"center center","background-size":"auto","background-attachment":"scroll","background-type":"","background-media":"","overlay-type":"","overlay-color":"","overlay-opacity":"","overlay-gradient":""},"tablet":{"background-color":"","background-image":"","background-repeat":"repeat","background-position":"center center","background-size":"auto","background-attachment":"scroll","background-type":"","background-media":"","overlay-type":"","overlay-color":"","overlay-opacity":"","overlay-gradient":""},"mobile":{"background-color":"","background-image":"","background-repeat":"repeat","background-position":"center center","background-size":"auto","background-attachment":"scroll","background-type":"","background-media":"","overlay-type":"","overlay-color":"","overlay-opacity":"","overlay-gradient":""}},"ast-content-background-meta":{"desktop":{"background-color":"var(--ast-global-color-5)","background-image":"","background-repeat":"repeat","background-position":"center center","background-size":"auto","background-attachment":"scroll","background-type":"","background-media":"","overlay-type":"","overlay-color":"","overlay-opacity":"","overlay-gradient":""},"tablet":{"background-color":"var(--ast-global-color-5)","background-image":"","background-repeat":"repeat","background-position":"center center","background-size":"auto","background-attachment":"scroll","background-type":"","background-media":"","overlay-type":"","overlay-color":"","overlay-opacity":"","overlay-gradient":""},"mobile":{"background-color":"var(--ast-global-color-5)","background-image":"","background-repeat":"repeat","background-position":"center center","background-size":"auto","background-attachment":"scroll","background-type":"","background-media":"","overlay-type":"","overlay-color":"","overlay-opacity":"","overlay-gradient":""}},"footnotes":""},"class_list":["post-658","page","type-page","status-publish","hentry"],"post_mailing_queue_ids":[],"_links":{"self":[{"href":"https:\/\/agora.xtec.cat\/llinfantslaflorida\/wp-json\/wp\/v2\/pages\/658","targetHints":{"allow":["GET"]}}],"collection":[{"href":"https:\/\/agora.xtec.cat\/llinfantslaflorida\/wp-json\/wp\/v2\/pages"}],"about":[{"href":"https:\/\/agora.xtec.cat\/llinfantslaflorida\/wp-json\/wp\/v2\/types\/page"}],"author":[{"embeddable":true,"href":"https:\/\/agora.xtec.cat\/llinfantslaflorida\/wp-json\/wp\/v2\/users\/1"}],"replies":[{"embeddable":true,"href":"https:\/\/agora.xtec.cat\/llinfantslaflorida\/wp-json\/wp\/v2\/comments?post=658"}],"version-history":[{"count":3,"href":"https:\/\/agora.xtec.cat\/llinfantslaflorida\/wp-json\/wp\/v2\/pages\/658\/revisions"}],"predecessor-version":[{"id":929,"href":"https:\/\/agora.xtec.cat\/llinfantslaflorida\/wp-json\/wp\/v2\/pages\/658\/revisions\/929"}],"wp:attachment":[{"href":"https:\/\/agora.xtec.cat\/llinfantslaflorida\/wp-json\/wp\/v2\/media?parent=658"}],"curies":[{"name":"wp","href":"https:\/\/api.w.org\/{rel}","templated":true}]}}