{"id":1681,"date":"2025-11-09T22:58:15","date_gmt":"2025-11-09T21:58:15","guid":{"rendered":"https:\/\/agora.xtec.cat\/llinfantslaflorida\/?page_id=1681"},"modified":"2026-01-24T11:59:40","modified_gmt":"2026-01-24T10:59:40","slug":"nadons","status":"publish","type":"page","link":"https:\/\/agora.xtec.cat\/llinfantslaflorida\/nivells-2\/nadons\/","title":{"rendered":"Nadons"},"content":{"rendered":"<p><span style=\"font-family: inherit; font-size: 1em;\">A l\u2019etapa de nadons oferim un espai tranquil, acollidor i segur on cada infant pot cr\u00e9ixer al seu propi ritme. Les dues aules de nadons estan dissenyades per afavorir el benestar, la confian\u00e7a i el vincle afectiu amb les educadores, aspectes essencials en aquests primers mesos de vida.<\/span><\/p>\n<p>El nostre objectiu \u00e9s acompanyar amb respecte i afecte el desenvolupament global dels infants: el moviment, la comunicaci\u00f3, l\u2019expressi\u00f3 i la descoberta de l\u2019entorn. Afavorim <span style=\"font-size: 16px;\">el joc lliure, la manipulaci\u00f3 d\u2019objectes, les estones de m\u00fasica, les moixaines i els moments de calma.<\/span><\/p>\n<p>Les rutines di\u00e0ries (menjar, descans, higiene\u2026) esdevenen moments d\u2019aprenentatge i relaci\u00f3, on es fomenta la seguretat, la confian\u00e7a i l\u2019autonomia progressiva. <a href=\"https:\/\/agora.xtec.cat\/llinfantslaflorida\/nivells-2\/nadons\/attachment\/img_9043_11zon-2\/\" rel=\"attachment wp-att-1744\"><img loading=\"lazy\" decoding=\"async\" class=\"wp-image-1744 aligncenter\" src=\"https:\/\/agora.xtec.cat\/llinfantslaflorida\/wp-content\/uploads\/usu2269\/2025\/11\/IMG_9043_11zon-1-1024x768.jpg\" alt=\"\" width=\"434\" height=\"325\" srcset=\"https:\/\/agora.xtec.cat\/llinfantslaflorida\/wp-content\/uploads\/usu2269\/2025\/11\/IMG_9043_11zon-1-1024x768.jpg 1024w, https:\/\/agora.xtec.cat\/llinfantslaflorida\/wp-content\/uploads\/usu2269\/2025\/11\/IMG_9043_11zon-1-300x225.jpg 300w, https:\/\/agora.xtec.cat\/llinfantslaflorida\/wp-content\/uploads\/usu2269\/2025\/11\/IMG_9043_11zon-1-768x576.jpg 768w, https:\/\/agora.xtec.cat\/llinfantslaflorida\/wp-content\/uploads\/usu2269\/2025\/11\/IMG_9043_11zon-1-1536x1152.jpg 1536w, https:\/\/agora.xtec.cat\/llinfantslaflorida\/wp-content\/uploads\/usu2269\/2025\/11\/IMG_9043_11zon-1-2048x1536.jpg 2048w, https:\/\/agora.xtec.cat\/llinfantslaflorida\/wp-content\/uploads\/usu2269\/2025\/11\/IMG_9043_11zon-1-200x150.jpg 200w\" sizes=\"auto, (max-width: 434px) 100vw, 434px\" \/><\/a><\/p>\n<p><a href=\"https:\/\/agora.xtec.cat\/llinfantslaflorida\/nivells-2\/nadons\/attachment\/img_9039_11zon\/\" rel=\"attachment wp-att-1742\"><img loading=\"lazy\" decoding=\"async\" class=\"wp-image-1742 aligncenter\" src=\"https:\/\/agora.xtec.cat\/llinfantslaflorida\/wp-content\/uploads\/usu2269\/2025\/11\/IMG_9039_11zon-1024x768.jpg\" alt=\"\" width=\"435\" height=\"326\" srcset=\"https:\/\/agora.xtec.cat\/llinfantslaflorida\/wp-content\/uploads\/usu2269\/2025\/11\/IMG_9039_11zon-1024x768.jpg 1024w, https:\/\/agora.xtec.cat\/llinfantslaflorida\/wp-content\/uploads\/usu2269\/2025\/11\/IMG_9039_11zon-300x225.jpg 300w, https:\/\/agora.xtec.cat\/llinfantslaflorida\/wp-content\/uploads\/usu2269\/2025\/11\/IMG_9039_11zon-768x576.jpg 768w, https:\/\/agora.xtec.cat\/llinfantslaflorida\/wp-content\/uploads\/usu2269\/2025\/11\/IMG_9039_11zon-1536x1152.jpg 1536w, https:\/\/agora.xtec.cat\/llinfantslaflorida\/wp-content\/uploads\/usu2269\/2025\/11\/IMG_9039_11zon-2048x1536.jpg 2048w, https:\/\/agora.xtec.cat\/llinfantslaflorida\/wp-content\/uploads\/usu2269\/2025\/11\/IMG_9039_11zon-200x150.jpg 200w\" sizes=\"auto, (max-width: 435px) 100vw, 435px\" \/><\/a><\/p>\n","protected":false},"excerpt":{"rendered":"<p>A l\u2019etapa de nadons oferim un espai tranquil, acollidor i segur on cada infant pot cr\u00e9ixer al seu propi ritme. Les dues aules de nadons estan dissenyades per afavorir el benestar, la confian\u00e7a i el vincle afectiu amb les educadores, aspectes essencials en aquests primers mesos de vida. El nostre objectiu \u00e9s acompanyar amb respecte [&hellip;]<\/p>\n","protected":false},"author":1,"featured_media":0,"parent":1680,"menu_order":0,"comment_status":"closed","ping_status":"closed","template":"","meta":{"_bbp_topic_count":0,"_bbp_reply_count":0,"_bbp_total_topic_count":0,"_bbp_total_reply_count":0,"_bbp_voice_count":0,"_bbp_anonymous_reply_count":0,"_bbp_topic_count_hidden":0,"_bbp_reply_count_hidden":0,"_bbp_forum_subforum_count":0,"site-sidebar-layout":"default","site-content-layout":"","ast-site-content-layout":"default","site-content-style":"default","site-sidebar-style":"default","ast-global-header-display":"","ast-banner-title-visibility":"","ast-main-header-display":"","ast-hfb-above-header-display":"","ast-hfb-below-header-display":"","ast-hfb-mobile-header-display":"","site-post-title":"","ast-breadcrumbs-content":"","ast-featured-img":"","footer-sml-layout":"","theme-transparent-header-meta":"default","adv-header-id-meta":"","stick-header-meta":"","header-above-stick-meta":"","header-main-stick-meta":"","header-below-stick-meta":"","astra-migrate-meta-layouts":"set","ast-page-background-enabled":"default","ast-page-background-meta":{"desktop":{"background-color":"var(--ast-global-color-4)","background-image":"","background-repeat":"repeat","background-position":"center center","background-size":"auto","background-attachment":"scroll","background-type":"","background-media":"","overlay-type":"","overlay-color":"","overlay-opacity":"","overlay-gradient":""},"tablet":{"background-color":"","background-image":"","background-repeat":"repeat","background-position":"center center","background-size":"auto","background-attachment":"scroll","background-type":"","background-media":"","overlay-type":"","overlay-color":"","overlay-opacity":"","overlay-gradient":""},"mobile":{"background-color":"","background-image":"","background-repeat":"repeat","background-position":"center center","background-size":"auto","background-attachment":"scroll","background-type":"","background-media":"","overlay-type":"","overlay-color":"","overlay-opacity":"","overlay-gradient":""}},"ast-content-background-meta":{"desktop":{"background-color":"var(--ast-global-color-5)","background-image":"","background-repeat":"repeat","background-position":"center center","background-size":"auto","background-attachment":"scroll","background-type":"","background-media":"","overlay-type":"","overlay-color":"","overlay-opacity":"","overlay-gradient":""},"tablet":{"background-color":"var(--ast-global-color-5)","background-image":"","background-repeat":"repeat","background-position":"center center","background-size":"auto","background-attachment":"scroll","background-type":"","background-media":"","overlay-type":"","overlay-color":"","overlay-opacity":"","overlay-gradient":""},"mobile":{"background-color":"var(--ast-global-color-5)","background-image":"","background-repeat":"repeat","background-position":"center center","background-size":"auto","background-attachment":"scroll","background-type":"","background-media":"","overlay-type":"","overlay-color":"","overlay-opacity":"","overlay-gradient":""}},"footnotes":""},"class_list":["post-1681","page","type-page","status-publish","hentry"],"post_mailing_queue_ids":[],"_links":{"self":[{"href":"https:\/\/agora.xtec.cat\/llinfantslaflorida\/wp-json\/wp\/v2\/pages\/1681","targetHints":{"allow":["GET"]}}],"collection":[{"href":"https:\/\/agora.xtec.cat\/llinfantslaflorida\/wp-json\/wp\/v2\/pages"}],"about":[{"href":"https:\/\/agora.xtec.cat\/llinfantslaflorida\/wp-json\/wp\/v2\/types\/page"}],"author":[{"embeddable":true,"href":"https:\/\/agora.xtec.cat\/llinfantslaflorida\/wp-json\/wp\/v2\/users\/1"}],"replies":[{"embeddable":true,"href":"https:\/\/agora.xtec.cat\/llinfantslaflorida\/wp-json\/wp\/v2\/comments?post=1681"}],"version-history":[{"count":6,"href":"https:\/\/agora.xtec.cat\/llinfantslaflorida\/wp-json\/wp\/v2\/pages\/1681\/revisions"}],"predecessor-version":[{"id":1980,"href":"https:\/\/agora.xtec.cat\/llinfantslaflorida\/wp-json\/wp\/v2\/pages\/1681\/revisions\/1980"}],"up":[{"embeddable":true,"href":"https:\/\/agora.xtec.cat\/llinfantslaflorida\/wp-json\/wp\/v2\/pages\/1680"}],"wp:attachment":[{"href":"https:\/\/agora.xtec.cat\/llinfantslaflorida\/wp-json\/wp\/v2\/media?parent=1681"}],"curies":[{"name":"wp","href":"https:\/\/api.w.org\/{rel}","templated":true}]}}