{"id":1620,"date":"2025-11-03T14:58:06","date_gmt":"2025-11-03T13:58:06","guid":{"rendered":"https:\/\/agora.xtec.cat\/llinfantslaflorida\/?page_id=1620"},"modified":"2026-03-14T13:42:15","modified_gmt":"2026-03-14T12:42:15","slug":"que-fem","status":"publish","type":"page","link":"https:\/\/agora.xtec.cat\/llinfantslaflorida\/que-fem\/","title":{"rendered":"Que fem?"},"content":{"rendered":"<p>A la nostra llar d\u2019infants oferim un espai ric en est\u00edmuls on els infants poden cr\u00e9ixer, descobrir i aprendre a trav\u00e9s del joc i l\u2019experimentaci\u00f3. Creiem que cada nen i nena t\u00e9 el seu propi ritme, i per aix\u00f2 proposem activitats que respecten la seva curiositat natural i les seves necessitats evolutives.<\/p>\n<p><strong>Joc lliure<\/strong><\/p>\n<p>El joc \u00e9s la principal eina d\u2019aprenentatge. Oferim materials oberts i entorns segurs perqu\u00e8 els infants puguin explorar, imaginar i desenvolupar la seva autonomia.<\/p>\n<p><strong>Psicomotricitat<\/strong><\/p>\n<p>A trav\u00e9s del moviment, els nens i les nenes prenen consci\u00e8ncia del seu propi cos, de l\u2019espai i de les seves possibilitats. Les sessions de psicomotricitat afavoreixen la coordinaci\u00f3, l\u2019equilibri i l\u2019expressi\u00f3 corporal.<\/p>\n<p><strong>Experimentaci\u00f3<\/strong><\/p>\n<p>Els proposem activitats sensorials i de descoberta que els permeten observar, manipular i investigar, fomentant la curiositat i el pensament cient\u00edfic.<\/p>\n<ul>\n<li><strong>Exprimentaci\u00f3 musical: <\/strong>La m\u00fasica \u00e9s una font d\u2019emocions i aprenentatges. Cantem, escoltem, toquem instruments i experimentem amb sons per potenciar l\u2019escolta, el ritme i la creativitat.<\/li>\n<\/ul>\n<p>&nbsp;<\/p>\n<ul>\n<li><strong style=\"font-size: 16px;\">Exprimentaci\u00f3 pl\u00e0stica:<\/strong>Mitjan\u00e7ant diferents materials i t\u00e8cniques, els infants expressen les seves emocions i la seva manera de veure el m\u00f3n, desenvolupant la imaginaci\u00f3 i la motricitat fina.<\/li>\n<\/ul>\n<p>&nbsp;<\/p>\n<ul>\n<li><strong style=\"font-size: 16px;\">Experimentaci\u00f3 amb Llum i foscor: <\/strong>Juguem amb la llum, les ombres i els colors per despertar la curiositat i afavorir experi\u00e8ncies sensorials m\u00e0giques i estimulants.<\/li>\n<\/ul>\n<p>&nbsp;<\/p>\n","protected":false},"excerpt":{"rendered":"<p>A la nostra llar d\u2019infants oferim un espai ric en est\u00edmuls on els infants poden cr\u00e9ixer, descobrir i aprendre a trav\u00e9s del joc i l\u2019experimentaci\u00f3. Creiem que cada nen i nena t\u00e9 el seu propi ritme, i per aix\u00f2 proposem activitats que respecten la seva curiositat natural i les seves necessitats evolutives. Joc lliure El [&hellip;]<\/p>\n","protected":false},"author":1,"featured_media":0,"parent":0,"menu_order":0,"comment_status":"closed","ping_status":"closed","template":"","meta":{"_bbp_topic_count":0,"_bbp_reply_count":0,"_bbp_total_topic_count":0,"_bbp_total_reply_count":0,"_bbp_voice_count":0,"_bbp_anonymous_reply_count":0,"_bbp_topic_count_hidden":0,"_bbp_reply_count_hidden":0,"_bbp_forum_subforum_count":0,"site-sidebar-layout":"default","site-content-layout":"","ast-site-content-layout":"default","site-content-style":"default","site-sidebar-style":"default","ast-global-header-display":"","ast-banner-title-visibility":"","ast-main-header-display":"","ast-hfb-above-header-display":"","ast-hfb-below-header-display":"","ast-hfb-mobile-header-display":"","site-post-title":"","ast-breadcrumbs-content":"","ast-featured-img":"","footer-sml-layout":"","theme-transparent-header-meta":"default","adv-header-id-meta":"","stick-header-meta":"","header-above-stick-meta":"","header-main-stick-meta":"","header-below-stick-meta":"","astra-migrate-meta-layouts":"set","ast-page-background-enabled":"default","ast-page-background-meta":{"desktop":{"background-color":"var(--ast-global-color-4)","background-image":"","background-repeat":"repeat","background-position":"center center","background-size":"auto","background-attachment":"scroll","background-type":"","background-media":"","overlay-type":"","overlay-color":"","overlay-opacity":"","overlay-gradient":""},"tablet":{"background-color":"","background-image":"","background-repeat":"repeat","background-position":"center center","background-size":"auto","background-attachment":"scroll","background-type":"","background-media":"","overlay-type":"","overlay-color":"","overlay-opacity":"","overlay-gradient":""},"mobile":{"background-color":"","background-image":"","background-repeat":"repeat","background-position":"center center","background-size":"auto","background-attachment":"scroll","background-type":"","background-media":"","overlay-type":"","overlay-color":"","overlay-opacity":"","overlay-gradient":""}},"ast-content-background-meta":{"desktop":{"background-color":"var(--ast-global-color-5)","background-image":"","background-repeat":"repeat","background-position":"center center","background-size":"auto","background-attachment":"scroll","background-type":"","background-media":"","overlay-type":"","overlay-color":"","overlay-opacity":"","overlay-gradient":""},"tablet":{"background-color":"var(--ast-global-color-5)","background-image":"","background-repeat":"repeat","background-position":"center center","background-size":"auto","background-attachment":"scroll","background-type":"","background-media":"","overlay-type":"","overlay-color":"","overlay-opacity":"","overlay-gradient":""},"mobile":{"background-color":"var(--ast-global-color-5)","background-image":"","background-repeat":"repeat","background-position":"center center","background-size":"auto","background-attachment":"scroll","background-type":"","background-media":"","overlay-type":"","overlay-color":"","overlay-opacity":"","overlay-gradient":""}},"footnotes":""},"class_list":["post-1620","page","type-page","status-publish","hentry"],"post_mailing_queue_ids":[],"_links":{"self":[{"href":"https:\/\/agora.xtec.cat\/llinfantslaflorida\/wp-json\/wp\/v2\/pages\/1620","targetHints":{"allow":["GET"]}}],"collection":[{"href":"https:\/\/agora.xtec.cat\/llinfantslaflorida\/wp-json\/wp\/v2\/pages"}],"about":[{"href":"https:\/\/agora.xtec.cat\/llinfantslaflorida\/wp-json\/wp\/v2\/types\/page"}],"author":[{"embeddable":true,"href":"https:\/\/agora.xtec.cat\/llinfantslaflorida\/wp-json\/wp\/v2\/users\/1"}],"replies":[{"embeddable":true,"href":"https:\/\/agora.xtec.cat\/llinfantslaflorida\/wp-json\/wp\/v2\/comments?post=1620"}],"version-history":[{"count":6,"href":"https:\/\/agora.xtec.cat\/llinfantslaflorida\/wp-json\/wp\/v2\/pages\/1620\/revisions"}],"predecessor-version":[{"id":2057,"href":"https:\/\/agora.xtec.cat\/llinfantslaflorida\/wp-json\/wp\/v2\/pages\/1620\/revisions\/2057"}],"wp:attachment":[{"href":"https:\/\/agora.xtec.cat\/llinfantslaflorida\/wp-json\/wp\/v2\/media?parent=1620"}],"curies":[{"name":"wp","href":"https:\/\/api.w.org\/{rel}","templated":true}]}}