{"id":1588,"date":"2025-10-28T14:20:36","date_gmt":"2025-10-28T13:20:36","guid":{"rendered":"https:\/\/agora.xtec.cat\/llinfantslaflorida\/?page_id=1588"},"modified":"2025-11-09T22:44:21","modified_gmt":"2025-11-09T21:44:21","slug":"eixos-educatius","status":"publish","type":"page","link":"https:\/\/agora.xtec.cat\/llinfantslaflorida\/eixos-educatius\/","title":{"rendered":"Eixos educatius"},"content":{"rendered":"<p data-start=\"333\" data-end=\"589\">A l\u2019escola bressol entenem l\u2019educaci\u00f3 com un proc\u00e9s integral que acompanya cada infant en el seu creixement i descobriment del m\u00f3n. El nostre projecte educatiu es fonamenta en <strong data-start=\"509\" data-end=\"534\">tres eixos principals<\/strong>, que guien el dia a dia de la nostra tasca pedag\u00f2gica.<\/p>\n<h3 data-start=\"591\" data-end=\"643\">\ud83e\udde0 Descoberta d\u2019un mateix i autonomia personal<\/h3>\n<p data-start=\"644\" data-end=\"896\">Acompanyem els infants en el coneixement del propi cos i en l\u2019adquisici\u00f3 d\u2019h\u00e0bits d\u2019autonomia: menjar sols, participar en la higiene, expressar emocions i sentiments\u2026 Aquest eix afavoreix la seguretat, la confian\u00e7a i la formaci\u00f3 de la pr\u00f2pia identitat.<\/p>\n<p data-start=\"644\" data-end=\"896\"><a href=\"https:\/\/agora.xtec.cat\/llinfantslaflorida\/img_1642_12_11zon\/\"><img loading=\"lazy\" decoding=\"async\" class=\"alignnone wp-image-1658 size-large\" src=\"https:\/\/agora.xtec.cat\/llinfantslaflorida\/wp-content\/uploads\/usu2269\/2025\/11\/IMG_1642_12_11zon-scaled-e1762724646146-1024x421.jpg\" alt=\"\" width=\"1024\" height=\"421\" srcset=\"https:\/\/agora.xtec.cat\/llinfantslaflorida\/wp-content\/uploads\/usu2269\/2025\/11\/IMG_1642_12_11zon-scaled-e1762724646146-1024x421.jpg 1024w, https:\/\/agora.xtec.cat\/llinfantslaflorida\/wp-content\/uploads\/usu2269\/2025\/11\/IMG_1642_12_11zon-scaled-e1762724646146-300x123.jpg 300w, https:\/\/agora.xtec.cat\/llinfantslaflorida\/wp-content\/uploads\/usu2269\/2025\/11\/IMG_1642_12_11zon-scaled-e1762724646146-768x315.jpg 768w, https:\/\/agora.xtec.cat\/llinfantslaflorida\/wp-content\/uploads\/usu2269\/2025\/11\/IMG_1642_12_11zon-scaled-e1762724646146-1536x631.jpg 1536w, https:\/\/agora.xtec.cat\/llinfantslaflorida\/wp-content\/uploads\/usu2269\/2025\/11\/IMG_1642_12_11zon-scaled-e1762724646146-2048x841.jpg 2048w\" sizes=\"auto, (max-width: 1024px) 100vw, 1024px\" \/><\/a><\/p>\n<p data-start=\"644\" data-end=\"896\">\n<h3 data-start=\"898\" data-end=\"929\">\ud83c\udf0d Descoberta de l\u2019entorn<\/h3>\n<p data-start=\"930\" data-end=\"1151\">Fomentem la curiositat i les ganes d\u2019explorar a trav\u00e9s del joc, l\u2019experimentaci\u00f3 i el contacte amb la natura i els altres. L\u2019infant apr\u00e8n observant, manipulant i descobrint l\u2019entorn f\u00edsic, social i cultural que l\u2019envolta.<\/p>\n<p data-start=\"930\" data-end=\"1151\"><a href=\"https:\/\/agora.xtec.cat\/llinfantslaflorida\/img_1626_9_11zon\/\"><img loading=\"lazy\" decoding=\"async\" class=\"alignnone size-large wp-image-1656\" src=\"https:\/\/agora.xtec.cat\/llinfantslaflorida\/wp-content\/uploads\/usu2269\/2025\/11\/IMG_1626_9_11zon-1024x768.jpg\" alt=\"\" width=\"1024\" height=\"768\" srcset=\"https:\/\/agora.xtec.cat\/llinfantslaflorida\/wp-content\/uploads\/usu2269\/2025\/11\/IMG_1626_9_11zon-1024x768.jpg 1024w, https:\/\/agora.xtec.cat\/llinfantslaflorida\/wp-content\/uploads\/usu2269\/2025\/11\/IMG_1626_9_11zon-300x225.jpg 300w, https:\/\/agora.xtec.cat\/llinfantslaflorida\/wp-content\/uploads\/usu2269\/2025\/11\/IMG_1626_9_11zon-768x576.jpg 768w, https:\/\/agora.xtec.cat\/llinfantslaflorida\/wp-content\/uploads\/usu2269\/2025\/11\/IMG_1626_9_11zon-1536x1152.jpg 1536w, https:\/\/agora.xtec.cat\/llinfantslaflorida\/wp-content\/uploads\/usu2269\/2025\/11\/IMG_1626_9_11zon-2048x1536.jpg 2048w, https:\/\/agora.xtec.cat\/llinfantslaflorida\/wp-content\/uploads\/usu2269\/2025\/11\/IMG_1626_9_11zon-200x150.jpg 200w\" sizes=\"auto, (max-width: 1024px) 100vw, 1024px\" \/><\/a><\/p>\n<h3 data-start=\"1153\" data-end=\"1187\">\ud83d\udcac Comunicaci\u00f3 i llenguatges<\/h3>\n<p data-start=\"1188\" data-end=\"1427\">Entenem la comunicaci\u00f3 com a eix essencial del desenvolupament. Oferim experi\u00e8ncies que potencien els diferents llenguatges \u2014oral, corporal, pl\u00e0stic, musical i matem\u00e0tic\u2014 per afavorir l\u2019expressi\u00f3, la comprensi\u00f3 i la relaci\u00f3 amb els altres.<\/p>\n<p data-start=\"1188\" data-end=\"1427\"><a href=\"https:\/\/agora.xtec.cat\/llinfantslaflorida\/img_1112_2_11zon\/\"><img loading=\"lazy\" decoding=\"async\" class=\"alignnone size-large wp-image-1650\" src=\"https:\/\/agora.xtec.cat\/llinfantslaflorida\/wp-content\/uploads\/usu2269\/2025\/11\/IMG_1112_2_11zon-1024x768.jpg\" alt=\"\" width=\"1024\" height=\"768\" srcset=\"https:\/\/agora.xtec.cat\/llinfantslaflorida\/wp-content\/uploads\/usu2269\/2025\/11\/IMG_1112_2_11zon-1024x768.jpg 1024w, https:\/\/agora.xtec.cat\/llinfantslaflorida\/wp-content\/uploads\/usu2269\/2025\/11\/IMG_1112_2_11zon-300x225.jpg 300w, https:\/\/agora.xtec.cat\/llinfantslaflorida\/wp-content\/uploads\/usu2269\/2025\/11\/IMG_1112_2_11zon-768x576.jpg 768w, https:\/\/agora.xtec.cat\/llinfantslaflorida\/wp-content\/uploads\/usu2269\/2025\/11\/IMG_1112_2_11zon-1536x1152.jpg 1536w, https:\/\/agora.xtec.cat\/llinfantslaflorida\/wp-content\/uploads\/usu2269\/2025\/11\/IMG_1112_2_11zon-200x150.jpg 200w, https:\/\/agora.xtec.cat\/llinfantslaflorida\/wp-content\/uploads\/usu2269\/2025\/11\/IMG_1112_2_11zon.jpg 1612w\" sizes=\"auto, (max-width: 1024px) 100vw, 1024px\" \/><\/a><\/p>\n","protected":false},"excerpt":{"rendered":"<p>A l\u2019escola bressol entenem l\u2019educaci\u00f3 com un proc\u00e9s integral que acompanya cada infant en el seu creixement i descobriment del m\u00f3n. El nostre projecte educatiu es fonamenta en tres eixos principals, que guien el dia a dia de la nostra tasca pedag\u00f2gica. \ud83e\udde0 Descoberta d\u2019un mateix i autonomia personal Acompanyem els infants en el coneixement [&hellip;]<\/p>\n","protected":false},"author":1,"featured_media":0,"parent":0,"menu_order":0,"comment_status":"closed","ping_status":"closed","template":"","meta":{"_bbp_topic_count":0,"_bbp_reply_count":0,"_bbp_total_topic_count":0,"_bbp_total_reply_count":0,"_bbp_voice_count":0,"_bbp_anonymous_reply_count":0,"_bbp_topic_count_hidden":0,"_bbp_reply_count_hidden":0,"_bbp_forum_subforum_count":0,"site-sidebar-layout":"default","site-content-layout":"","ast-site-content-layout":"","site-content-style":"default","site-sidebar-style":"default","ast-global-header-display":"","ast-banner-title-visibility":"","ast-main-header-display":"","ast-hfb-above-header-display":"","ast-hfb-below-header-display":"","ast-hfb-mobile-header-display":"","site-post-title":"","ast-breadcrumbs-content":"","ast-featured-img":"","footer-sml-layout":"","theme-transparent-header-meta":"","adv-header-id-meta":"","stick-header-meta":"","header-above-stick-meta":"","header-main-stick-meta":"","header-below-stick-meta":"","astra-migrate-meta-layouts":"default","ast-page-background-enabled":"default","ast-page-background-meta":{"desktop":{"background-color":"var(--ast-global-color-4)","background-image":"","background-repeat":"repeat","background-position":"center center","background-size":"auto","background-attachment":"scroll","background-type":"","background-media":"","overlay-type":"","overlay-color":"","overlay-opacity":"","overlay-gradient":""},"tablet":{"background-color":"","background-image":"","background-repeat":"repeat","background-position":"center center","background-size":"auto","background-attachment":"scroll","background-type":"","background-media":"","overlay-type":"","overlay-color":"","overlay-opacity":"","overlay-gradient":""},"mobile":{"background-color":"","background-image":"","background-repeat":"repeat","background-position":"center center","background-size":"auto","background-attachment":"scroll","background-type":"","background-media":"","overlay-type":"","overlay-color":"","overlay-opacity":"","overlay-gradient":""}},"ast-content-background-meta":{"desktop":{"background-color":"var(--ast-global-color-5)","background-image":"","background-repeat":"repeat","background-position":"center center","background-size":"auto","background-attachment":"scroll","background-type":"","background-media":"","overlay-type":"","overlay-color":"","overlay-opacity":"","overlay-gradient":""},"tablet":{"background-color":"var(--ast-global-color-5)","background-image":"","background-repeat":"repeat","background-position":"center center","background-size":"auto","background-attachment":"scroll","background-type":"","background-media":"","overlay-type":"","overlay-color":"","overlay-opacity":"","overlay-gradient":""},"mobile":{"background-color":"var(--ast-global-color-5)","background-image":"","background-repeat":"repeat","background-position":"center center","background-size":"auto","background-attachment":"scroll","background-type":"","background-media":"","overlay-type":"","overlay-color":"","overlay-opacity":"","overlay-gradient":""}},"footnotes":""},"class_list":["post-1588","page","type-page","status-publish","hentry"],"post_mailing_queue_ids":[],"_links":{"self":[{"href":"https:\/\/agora.xtec.cat\/llinfantslaflorida\/wp-json\/wp\/v2\/pages\/1588","targetHints":{"allow":["GET"]}}],"collection":[{"href":"https:\/\/agora.xtec.cat\/llinfantslaflorida\/wp-json\/wp\/v2\/pages"}],"about":[{"href":"https:\/\/agora.xtec.cat\/llinfantslaflorida\/wp-json\/wp\/v2\/types\/page"}],"author":[{"embeddable":true,"href":"https:\/\/agora.xtec.cat\/llinfantslaflorida\/wp-json\/wp\/v2\/users\/1"}],"replies":[{"embeddable":true,"href":"https:\/\/agora.xtec.cat\/llinfantslaflorida\/wp-json\/wp\/v2\/comments?post=1588"}],"version-history":[{"count":3,"href":"https:\/\/agora.xtec.cat\/llinfantslaflorida\/wp-json\/wp\/v2\/pages\/1588\/revisions"}],"predecessor-version":[{"id":1674,"href":"https:\/\/agora.xtec.cat\/llinfantslaflorida\/wp-json\/wp\/v2\/pages\/1588\/revisions\/1674"}],"wp:attachment":[{"href":"https:\/\/agora.xtec.cat\/llinfantslaflorida\/wp-json\/wp\/v2\/media?parent=1588"}],"curies":[{"name":"wp","href":"https:\/\/api.w.org\/{rel}","templated":true}]}}