{"id":727,"date":"2023-08-08T13:49:04","date_gmt":"2023-08-08T11:49:04","guid":{"rendered":"https:\/\/agora.xtec.cat\/llarvilanovadebellpuig\/?page_id=727"},"modified":"2025-11-25T07:24:44","modified_gmt":"2025-11-25T06:24:44","slug":"articles","status":"publish","type":"page","link":"https:\/\/agora.xtec.cat\/llarvilanovadebellpuig\/articles\/","title":{"rendered":"Articles"},"content":{"rendered":"<p><a href=\"https:\/\/drive.google.com\/file\/d\/1KxK3vzmoLF8jOal-6KLsMv4gdljKR7BU\/view?usp=sharing\">Els laboratoris com a pr\u00e0ctica educativa<\/a><\/p>\n<p><a href=\"https:\/\/drive.google.com\/file\/d\/176gJ_JTmSfXm8DzLgnU48P36aX1KKMPD\/view?usp=sharing\">La pedagogia de la confian\u00e7a<\/a><\/p>\n<p><a href=\"https:\/\/drive.google.com\/file\/d\/1nt5tRjRlOuC7OyE2jbd9aSK-ARFhKznD\/view?usp=sharing\">El proc\u00e9s d&#8217;estimar. Acollida, familiaritzaci\u00f3 i vinculaci\u00f3 a l&#8217;escoleta\u00a0<\/a><\/p>\n<p><a href=\"https:\/\/drive.google.com\/file\/d\/1icWVvXUxQb7Ko50TRb1sbHGUpohQISXo\/view?usp=sharing\">Temps d&#8217;inventar peixos<\/a><\/p>\n<p><a href=\"https:\/\/drive.google.com\/file\/d\/163krO9SoSsy14v1uzy6_LgalfMulYSJl\/view?usp=sharing\">Quan la A i la Z es troben. Una experi\u00e8ncia d&#8217;aprenentatge-servei<\/a><\/p>\n<p><a href=\"https:\/\/drive.google.com\/file\/d\/10K6LU_oDHNhtSx852VA0EjL9sTlz0x-l\/view?usp=sharing\">Un laboratori tecnol\u00f2gic al 0-3?<\/a><\/p>\n<p><a href=\"https:\/\/drive.google.com\/file\/d\/10GhlNq4J8ex1cu58LLE5H8IIJDdOs1mK\/view?usp=sharing\">Entre l&#8217;arquitectura i la pedagogia. Reflexions entorn de la construcci\u00f3 d&#8217;una nova escola<\/a><\/p>\n<p>&nbsp;<\/p>\n","protected":false},"excerpt":{"rendered":"<p><a href=\"https:\/\/drive.google.com\/file\/d\/1KxK3vzmoLF8jOal-6KLsMv4gdljKR7BU\/view?usp=sharing\">Els laboratoris com a pr\u00e0ctica educativa<\/a><br \/>\n<a href=\"https:\/\/drive.google.com\/file\/d\/176gJ_JTmSfXm8DzLgnU48P36aX1KKMPD\/view?usp=sharing\">La pedagogia de la confian\u00e7a<\/a><br \/>\n<a href=\"https:\/\/drive.google.com\/file\/d\/1nt5tRjRlOuC7OyE2jbd9aSK-ARFhKznD\/view?usp=sharing\">El proc\u00e9s d&#8217;estimar. Acollida, familiaritzaci\u00f3 i vinculaci\u00f3 a l&#8217;escoleta\u00a0<\/a><br \/>\n<a href=\"https:\/\/drive.google.com\/file\/d\/1icWVvXUxQb7Ko50TRb1sbHGUpohQISXo\/view?usp=sharing\">Temps d&#8217;inventar peixos<\/a><br \/>\n<a href=\"https:\/\/drive.google.com\/file\/d\/163krO9SoSsy14v1uzy6_LgalfMulYSJl\/view?usp=sharing\">Quan la A i la Z es troben. Una experi\u00e8ncia d&#8217;aprenentatge-servei<\/a><br \/>\n<a href=\"https:\/\/drive.google.com\/file\/d\/10K6LU_oDHNhtSx852VA0EjL9sTlz0x-l\/view?usp=sharing\">Un laboratori tecnol\u00f2gic al 0-3?<\/a><br \/>\n<a href=\"https:\/\/drive.google.com\/file\/d\/10GhlNq4J8ex1cu58LLE5H8IIJDdOs1mK\/view?usp=sharing\">Entre l&#8217;arquitectura i la pedagogia.&hellip;  <a href=\"https:\/\/agora.xtec.cat\/llarvilanovadebellpuig\/articles\/\" title=\"Read Articles\">Llegeix m\u00e9s\u00bb<\/a><\/p>\n","protected":false},"author":1,"featured_media":0,"parent":0,"menu_order":0,"comment_status":"closed","ping_status":"closed","template":"","meta":{"_bbp_topic_count":0,"_bbp_reply_count":0,"_bbp_total_topic_count":0,"_bbp_total_reply_count":0,"_bbp_voice_count":0,"_bbp_anonymous_reply_count":0,"_bbp_topic_count_hidden":0,"_bbp_reply_count_hidden":0,"_bbp_forum_subforum_count":0,"footnotes":""},"class_list":["post-727","page","type-page","status-publish","hentry"],"post_mailing_queue_ids":[],"_links":{"self":[{"href":"https:\/\/agora.xtec.cat\/llarvilanovadebellpuig\/wp-json\/wp\/v2\/pages\/727","targetHints":{"allow":["GET"]}}],"collection":[{"href":"https:\/\/agora.xtec.cat\/llarvilanovadebellpuig\/wp-json\/wp\/v2\/pages"}],"about":[{"href":"https:\/\/agora.xtec.cat\/llarvilanovadebellpuig\/wp-json\/wp\/v2\/types\/page"}],"author":[{"embeddable":true,"href":"https:\/\/agora.xtec.cat\/llarvilanovadebellpuig\/wp-json\/wp\/v2\/users\/1"}],"replies":[{"embeddable":true,"href":"https:\/\/agora.xtec.cat\/llarvilanovadebellpuig\/wp-json\/wp\/v2\/comments?post=727"}],"version-history":[{"count":6,"href":"https:\/\/agora.xtec.cat\/llarvilanovadebellpuig\/wp-json\/wp\/v2\/pages\/727\/revisions"}],"predecessor-version":[{"id":865,"href":"https:\/\/agora.xtec.cat\/llarvilanovadebellpuig\/wp-json\/wp\/v2\/pages\/727\/revisions\/865"}],"wp:attachment":[{"href":"https:\/\/agora.xtec.cat\/llarvilanovadebellpuig\/wp-json\/wp\/v2\/media?parent=727"}],"curies":[{"name":"wp","href":"https:\/\/api.w.org\/{rel}","templated":true}]}}