{"id":64,"date":"2014-09-18T12:39:08","date_gmt":"2014-09-18T11:39:08","guid":{"rendered":"http:\/\/agora.xtec.cat\/llarvilanovadebellpuig\/?page_id=64"},"modified":"2023-03-13T15:50:14","modified_gmt":"2023-03-13T14:50:14","slug":"projecte-educatiu","status":"publish","type":"page","link":"https:\/\/agora.xtec.cat\/llarvilanovadebellpuig\/projecte-educatiu\/","title":{"rendered":"Projecte educatiu"},"content":{"rendered":"<p>Aquestes s\u00f3n les consideracions ideol\u00f2giques que defineixen el nostre projecte educatiu:<\/p>\n<p><strong>Entenem l\u2019infant<\/strong>&#8230; com un \u00e9sser sorprenent, capa\u00e7 d\u2019emocionar-se amb les petites coses, viu, intel\u00b7ligent, amb capacitats innates d\u2019an\u00e0lisi, creativitat, descoberta, sensibilitat, emoci\u00f3&#8230;<\/p>\n<p><strong>Entenem l\u2019escola<\/strong>&#8230; com un organisme transparent, amb les portes obertes, vinculada a l\u2019entorn social proper i que aprofita els recursos que ofereix, al servei dels infants (i dels seus pares i mares), competent i experta a l\u2019hora de conduir l\u2019educaci\u00f3 dels infants, que creu en la feina que fa, que no se n\u2019amaga, que no es defensa&#8230;<\/p>\n<p><strong>Entenem les fam\u00edlies<\/strong>&#8230; com a element imprescindible en la tasca educativa a l\u2019aula, amb dret a con\u00e8ixer com i qu\u00e8 s\u2019educa en els seus fills, amb informaci\u00f3 molt m\u00e9s \u00e0mplia i completa de cada un dels infants, disposada a implicar-se en l\u2019educaci\u00f3 dels seus fills si se\u2019n permet l\u2019entrada, disposada a aprendre i interessar-se si se\u2019ls est\u00e9n la m\u00e0 amb humilitat i se\u2019ls dona la formaci\u00f3 i informaci\u00f3 necess\u00e0ria per participar d\u2019aquest proc\u00e9s.<\/p>\n<p><strong>Entenem el mestre<\/strong>&#8230; com a un professional al servei de les capacitats i la potencialitat de cada infant, flexible, reflexiu, conscient de la import\u00e0ncia de la seva tasca a l\u2019aula, conscient de la seva petitesa davant les possibilitats il\u00b7limitades del desenvolupament, capa\u00e7 d\u2019acceptar les valuoses lli\u00e7ons que t\u2019ofereixen els infants i capa\u00e7 de meravellar-se de les seves infinites capacitats, que respecta els interessos dels nens i els potencia, que dona espai i import\u00e0ncia al joc, a l\u2019experimentaci\u00f3, a la descoberta, que fa desvetllar nous interessos, motivant la curiositat per aprendre, proposant hip\u00f2tesis, provocant nous reptes.<\/p>\n<p><strong>Entenem la quotidianitat de l\u2019aula<\/strong>&#8230; com a la m\u00e0xima generadora d\u2019aprenentatges, que ens proporciona m\u00e9s camins per comen\u00e7ar a indagar, que ens ensenya a equivocar-nos i a encertar-la, que ens dona motius reals per parlar amb els infants, on es dona cabuda a les emocions, on creixem, on vivim, on gaudim d\u2019aquelles petites coses del dia a dia i les compartim: un pet\u00f3, un objecte que no coneixem, una conversa, aquella can\u00e7\u00f3 que ens encanta, una pregunta, all\u00f2 que em va passar l\u2019altre dia, una baralla, un germanet nou, l\u2019aranya que penja del llum&#8230;<\/p>\n<p><strong>Entenem els materials did\u00e0ctics<\/strong>&#8230; com a una creaci\u00f3 de molta responsabilitat, que en faran \u00fas els mestres i que guiar\u00e0 l\u2019educaci\u00f3 dels infants, que ha d\u2019estar profundament pensada, repensada, discutida, reflexionada, basada en arguments pedag\u00f2gics i estructurada segons el moment maduratiu dels infants per tal que sigui capa\u00e7 d\u2019emocionar, divertir, motivar, fer cr\u00e9ixer, fer volar la imaginaci\u00f3, provocar.<\/p>\n<p><a href=\"https:\/\/agora.xtec.cat\/llarvilanovadebellpuig\/wp-content\/uploads\/usu2661\/2023\/03\/Disseny-sense-titol-2.png\"><img loading=\"lazy\" decoding=\"async\" class=\"alignnone size-full wp-image-667\" src=\"https:\/\/agora.xtec.cat\/llarvilanovadebellpuig\/wp-content\/uploads\/usu2661\/2023\/03\/Disseny-sense-titol-2.png\" alt=\"\" width=\"1024\" height=\"768\" srcset=\"https:\/\/agora.xtec.cat\/llarvilanovadebellpuig\/wp-content\/uploads\/usu2661\/2023\/03\/Disseny-sense-titol-2.png 1024w, https:\/\/agora.xtec.cat\/llarvilanovadebellpuig\/wp-content\/uploads\/usu2661\/2023\/03\/Disseny-sense-titol-2-300x225.png 300w, https:\/\/agora.xtec.cat\/llarvilanovadebellpuig\/wp-content\/uploads\/usu2661\/2023\/03\/Disseny-sense-titol-2-768x576.png 768w, https:\/\/agora.xtec.cat\/llarvilanovadebellpuig\/wp-content\/uploads\/usu2661\/2023\/03\/Disseny-sense-titol-2-200x150.png 200w\" sizes=\"auto, (max-width: 1024px) 100vw, 1024px\" \/><\/a><\/p>\n","protected":false},"excerpt":{"rendered":"<p>Aquestes s\u00f3n les consideracions ideol\u00f2giques que defineixen el nostre projecte educatiu:<br \/>\nEntenem l\u2019infant&#8230; com un \u00e9sser sorprenent, capa\u00e7 d\u2019emocionar-se amb les petites coses, viu, intel\u00b7ligent, amb capacitats innates d\u2019an\u00e0lisi, creativitat, descoberta, sensibilitat, emoci\u00f3&#8230;<br \/>\nEntenem l\u2019escola&#8230; com un organisme transparent, amb les portes obertes, vinculada a l\u2019entorn social&hellip;  <a href=\"https:\/\/agora.xtec.cat\/llarvilanovadebellpuig\/projecte-educatiu\/\" title=\"Read Projecte educatiu\">Llegeix m\u00e9s\u00bb<\/a><\/p>\n","protected":false},"author":1,"featured_media":0,"parent":0,"menu_order":0,"comment_status":"closed","ping_status":"closed","template":"page-templates\/side-menu.php","meta":{"_bbp_topic_count":0,"_bbp_reply_count":0,"_bbp_total_topic_count":0,"_bbp_total_reply_count":0,"_bbp_voice_count":0,"_bbp_anonymous_reply_count":0,"_bbp_topic_count_hidden":0,"_bbp_reply_count_hidden":0,"_bbp_forum_subforum_count":0,"footnotes":""},"class_list":["post-64","page","type-page","status-publish","hentry"],"post_mailing_queue_ids":[],"_links":{"self":[{"href":"https:\/\/agora.xtec.cat\/llarvilanovadebellpuig\/wp-json\/wp\/v2\/pages\/64","targetHints":{"allow":["GET"]}}],"collection":[{"href":"https:\/\/agora.xtec.cat\/llarvilanovadebellpuig\/wp-json\/wp\/v2\/pages"}],"about":[{"href":"https:\/\/agora.xtec.cat\/llarvilanovadebellpuig\/wp-json\/wp\/v2\/types\/page"}],"author":[{"embeddable":true,"href":"https:\/\/agora.xtec.cat\/llarvilanovadebellpuig\/wp-json\/wp\/v2\/users\/1"}],"replies":[{"embeddable":true,"href":"https:\/\/agora.xtec.cat\/llarvilanovadebellpuig\/wp-json\/wp\/v2\/comments?post=64"}],"version-history":[{"count":3,"href":"https:\/\/agora.xtec.cat\/llarvilanovadebellpuig\/wp-json\/wp\/v2\/pages\/64\/revisions"}],"predecessor-version":[{"id":668,"href":"https:\/\/agora.xtec.cat\/llarvilanovadebellpuig\/wp-json\/wp\/v2\/pages\/64\/revisions\/668"}],"wp:attachment":[{"href":"https:\/\/agora.xtec.cat\/llarvilanovadebellpuig\/wp-json\/wp\/v2\/media?parent=64"}],"curies":[{"name":"wp","href":"https:\/\/api.w.org\/{rel}","templated":true}]}}