{"id":38,"date":"2014-09-18T12:34:08","date_gmt":"2014-09-18T11:34:08","guid":{"rendered":"http:\/\/agora.xtec.cat\/llarvilanovadebellpuig\/?page_id=38"},"modified":"2024-03-11T14:49:24","modified_gmt":"2024-03-11T13:49:24","slug":"instal-lacions","status":"publish","type":"page","link":"https:\/\/agora.xtec.cat\/llarvilanovadebellpuig\/lescola\/instal-lacions\/","title":{"rendered":"Instal.lacions"},"content":{"rendered":"<p>La llar d\u2019infants est\u00e0 composada pels seg\u00fcents espais:<\/p>\n<ul>\n<li>Un vest\u00edbul de 8,75m<sup>2<\/sup><\/li>\n<li>Una estan\u00e7a pels petits, de 30,55 m<sup>2 <\/sup>(incl\u00f2s espai de preparaci\u00f3 d\u2019aliments)<\/li>\n<li>Una estan\u00e7a pels grans, de 40,40 m<sup>2<\/sup><\/li>\n<li>Una estan\u00e7a polivalent, de 41,35 m<sup>2<\/sup> (cuina inclosa)<\/li>\n<li>Un distribu\u00efdor\/passad\u00eds de 7,45 m<sup>2<\/sup><\/li>\n<li>Una cuina de 5,65m<sup>2<\/sup><\/li>\n<li>Un espai per a la preparaci\u00f3 d\u2019aliments dels petits de 2,35m<sup>2<\/sup><\/li>\n<li>Un espai per la higiene dels petits de 2,95 m<sup>2<\/sup><\/li>\n<li>Un bany pels grans, accessible des de totes les estances, de 7,35 m<sup>2<\/sup> , equipat amb 3 v\u00e0ters petits, pica a l\u2019al\u00e7ada de l\u2019adult, pica a l\u2019al\u00e7ada dels infants i canviador.<\/li>\n<li>Un despatx de 10,20 m<sup>2<\/sup><\/li>\n<li>Un bany adaptat pel personal, de 5,60 m<sup>2<\/sup><\/li>\n<li>Un magatzem de 5,10 m<sup>2<\/sup><\/li>\n<li>Una sala de m\u00e0quines de 4,15 m<sup>2<\/sup><\/li>\n<li>Un acc\u00e9s amb porxo de 34,60 m<sup>2<\/sup><\/li>\n<li>Un porxo (pati cobert) de 53,65 m<sup>2<\/sup><\/li>\n<li>Un pati de 300m<sup>2 <\/sup>(incl\u00f2s el porxo)<\/li>\n<\/ul>\n<p>*Actualment i fins a la finalitzaci\u00f3 de les obres de l\u2019escoleta i l\u2019escola, el pati \u00e9s de 170 m<sup>2<\/sup>, incl\u00f2s el porxo).<\/p>\n<p><a href=\"https:\/\/agora.xtec.cat\/llarvilanovadebellpuig\/wp-content\/uploads\/usu2661\/2024\/03\/Captura-de-pantalla-2024-03-11-144848.png\"><img loading=\"lazy\" decoding=\"async\" class=\"alignnone size-full wp-image-770\" src=\"https:\/\/agora.xtec.cat\/llarvilanovadebellpuig\/wp-content\/uploads\/usu2661\/2024\/03\/Captura-de-pantalla-2024-03-11-144848.png\" alt=\"\" width=\"624\" height=\"829\" srcset=\"https:\/\/agora.xtec.cat\/llarvilanovadebellpuig\/wp-content\/uploads\/usu2661\/2024\/03\/Captura-de-pantalla-2024-03-11-144848.png 624w, https:\/\/agora.xtec.cat\/llarvilanovadebellpuig\/wp-content\/uploads\/usu2661\/2024\/03\/Captura-de-pantalla-2024-03-11-144848-226x300.png 226w\" sizes=\"auto, (max-width: 624px) 100vw, 624px\" \/><\/a><\/p>\n<p>&nbsp;<\/p>\n<p>&nbsp;<\/p>\n<p>&nbsp;<\/p>\n<p>&nbsp;<\/p>\n","protected":false},"excerpt":{"rendered":"<p>La llar d\u2019infants est\u00e0 composada pels seg\u00fcents espais:<\/p>\n<ul>\n<li>Un vest\u00edbul de 8,75m2<\/li>\n<li>Una estan\u00e7a pels petits, de 30,55 m2 (incl\u00f2s espai de preparaci\u00f3 d\u2019aliments)<\/li>\n<li>Una estan\u00e7a pels grans, de 40,40 m2<\/li>\n<li>Una estan\u00e7a polivalent, de 41,35 m2 (cuina inclosa)<\/li>\n<li>Un distribu\u00efdor\/passad\u00eds de 7,45 m2<\/li>\n<li>Una cuina de 5,65m2<\/li>\n<li>Un espai per a&hellip;  <a href=\"https:\/\/agora.xtec.cat\/llarvilanovadebellpuig\/lescola\/instal-lacions\/\" title=\"Read Instal.lacions\">Llegeix m\u00e9s\u00bb<\/a><br \/>\n","protected":false},"author":1,"featured_media":0,"parent":22,"menu_order":80,"comment_status":"closed","ping_status":"closed","template":"page-templates\/side-menu.php","meta":{"_bbp_topic_count":0,"_bbp_reply_count":0,"_bbp_total_topic_count":0,"_bbp_total_reply_count":0,"_bbp_voice_count":0,"_bbp_anonymous_reply_count":0,"_bbp_topic_count_hidden":0,"_bbp_reply_count_hidden":0,"_bbp_forum_subforum_count":0,"footnotes":""},"class_list":["post-38","page","type-page","status-publish","hentry"],"post_mailing_queue_ids":[],"_links":{"self":[{"href":"https:\/\/agora.xtec.cat\/llarvilanovadebellpuig\/wp-json\/wp\/v2\/pages\/38","targetHints":{"allow":["GET"]}}],"collection":[{"href":"https:\/\/agora.xtec.cat\/llarvilanovadebellpuig\/wp-json\/wp\/v2\/pages"}],"about":[{"href":"https:\/\/agora.xtec.cat\/llarvilanovadebellpuig\/wp-json\/wp\/v2\/types\/page"}],"author":[{"embeddable":true,"href":"https:\/\/agora.xtec.cat\/llarvilanovadebellpuig\/wp-json\/wp\/v2\/users\/1"}],"replies":[{"embeddable":true,"href":"https:\/\/agora.xtec.cat\/llarvilanovadebellpuig\/wp-json\/wp\/v2\/comments?post=38"}],"version-history":[{"count":5,"href":"https:\/\/agora.xtec.cat\/llarvilanovadebellpuig\/wp-json\/wp\/v2\/pages\/38\/revisions"}],"predecessor-version":[{"id":771,"href":"https:\/\/agora.xtec.cat\/llarvilanovadebellpuig\/wp-json\/wp\/v2\/pages\/38\/revisions\/771"}],"up":[{"embeddable":true,"href":"https:\/\/agora.xtec.cat\/llarvilanovadebellpuig\/wp-json\/wp\/v2\/pages\/22"}],"wp:attachment":[{"href":"https:\/\/agora.xtec.cat\/llarvilanovadebellpuig\/wp-json\/wp\/v2\/media?parent=38"}],"curies":[{"name":"wp","href":"https:\/\/api.w.org\/{rel}","templated":true}]}}