{"id":32,"date":"2014-09-18T12:31:33","date_gmt":"2014-09-18T11:31:33","guid":{"rendered":"http:\/\/agora.xtec.cat\/llarvilanovadebellpuig\/?page_id=32"},"modified":"2025-07-01T14:41:39","modified_gmt":"2025-07-01T12:41:39","slug":"aposta-metodologica","status":"publish","type":"page","link":"https:\/\/agora.xtec.cat\/llarvilanovadebellpuig\/projecte-educatiu\/aposta-metodologica\/","title":{"rendered":"L&#8217;aposta metodol\u00f2gica"},"content":{"rendered":"<p class=\"cvGsUA direction-ltr align-start para-style-body\"><span class=\"OYPEnA font-feature-liga-off font-feature-clig-off font-feature-calt-off text-decoration-none text-strikethrough-none\">Entenem l\u2019aprenentatge com un <\/span><span class=\"OYPEnA font-feature-liga-off font-feature-clig-off font-feature-calt-off text-decoration-none text-strikethrough-none\"><strong>proc\u00e9s<\/strong> <\/span><span class=\"OYPEnA font-feature-liga-off font-feature-clig-off font-feature-calt-off text-decoration-none text-strikethrough-none\">viu, que s\u2019esdev\u00e9 de manera natural en la <\/span><strong><span class=\"OYPEnA font-feature-liga-off font-feature-clig-off font-feature-calt-off text-decoration-none text-strikethrough-none\">quotidianitat<\/span><\/strong><span class=\"OYPEnA font-feature-liga-off font-feature-clig-off font-feature-calt-off text-decoration-none text-strikethrough-none\">, en el dia a dia. No \u00e9s un proc\u00e9s buit d\u2019acumulaci\u00f3 d\u2019informaci\u00f3, sin\u00f3 que est\u00e0 ple de <\/span><strong><span class=\"OYPEnA font-feature-liga-off font-feature-clig-off font-feature-calt-off text-decoration-none text-strikethrough-none\">significat<\/span><\/strong><span class=\"OYPEnA font-feature-liga-off font-feature-clig-off font-feature-calt-off text-decoration-none text-strikethrough-none\">, ja que neix de la curiositat dels infants i es construeix a trav\u00e9s de l\u2019experi\u00e8ncia, les <\/span><span class=\"OYPEnA font-feature-liga-off font-feature-clig-off font-feature-calt-off text-decoration-none text-strikethrough-none\"><strong>relacions<\/strong> <\/span><span class=\"OYPEnA font-feature-liga-off font-feature-clig-off font-feature-calt-off text-decoration-none text-strikethrough-none\">i en connexi\u00f3 amb la realitat que ens envolta.<\/span><\/p>\n<p class=\"cvGsUA direction-ltr align-start para-style-body\"><strong><span class=\"OYPEnA font-feature-liga-off font-feature-clig-off font-feature-calt-off text-decoration-none text-strikethrough-none\">A l\u2019escoleta aprenem&#8230;<\/span><\/strong><\/p>\n<ul>\n<li><span class=\"OYPEnA font-feature-liga-off font-feature-clig-off font-feature-calt-off text-decoration-none text-strikethrough-none\">A trav\u00e9s del <\/span><strong><span class=\"OYPEnA font-feature-liga-off font-feature-clig-off font-feature-calt-off text-decoration-none text-strikethrough-none\">joc<\/span><\/strong><span class=\"OYPEnA font-feature-liga-off font-feature-clig-off font-feature-calt-off text-decoration-none text-strikethrough-none\">. El joc \u00e9s la seva manera natural de con\u00e8ixer el m\u00f3n, d\u2019assajar, imaginar, repetir, crear i relacionar-se. \u00c9s una activitat seriosa, rica i plena d\u2019intencionalitat.<\/span><\/li>\n<li><span class=\"OYPEnA font-feature-liga-off font-feature-clig-off font-feature-calt-off text-decoration-none text-strikethrough-none\"><strong>Explorant<\/strong> <\/span><span class=\"OYPEnA font-feature-liga-off font-feature-clig-off font-feature-calt-off text-decoration-none text-strikethrough-none\">amb tots els sentits. Perqu\u00e8 abans de comprendre, necessiten tocar, olorar, mirar, moure\u2019s i experimentar. El coneixement passa primer pel cos i per les emocions.<\/span><\/li>\n<li><span class=\"OYPEnA font-feature-liga-off font-feature-clig-off font-feature-calt-off text-decoration-none text-strikethrough-none\">A partir de reptes i petits projectes d\u2019<\/span><strong><span class=\"OYPEnA font-feature-liga-off font-feature-clig-off font-feature-calt-off text-decoration-none text-strikethrough-none\">investigaci\u00f3<\/span><\/strong><span class=\"OYPEnA font-feature-liga-off font-feature-clig-off font-feature-calt-off text-decoration-none text-strikethrough-none\">. Quan juguen, els infants fan hip\u00f2tesis, proven, observen, comparen, es fan preguntes i busquen respostes. El joc esdev\u00e9 un proc\u00e9s d\u2019indagaci\u00f3 on construeixen coneixement de forma activa i significativa.<\/span><\/li>\n<li><span class=\"OYPEnA font-feature-liga-off font-feature-clig-off font-feature-calt-off text-decoration-none text-strikethrough-none\">En relaci\u00f3 <\/span><strong><span class=\"OYPEnA font-feature-liga-off font-feature-clig-off font-feature-calt-off text-decoration-none text-strikethrough-none\">amb els altres<\/span><\/strong><span class=\"OYPEnA font-feature-liga-off font-feature-clig-off font-feature-calt-off text-decoration-none text-strikethrough-none\">, infants i adults. El di\u00e0leg, la conviv\u00e8ncia el joc compartit i l\u2019intercanvi d\u2019idees s\u00f3n fonamentals per construir coneixement.<\/span><\/li>\n<li><span class=\"OYPEnA font-feature-liga-off font-feature-clig-off font-feature-calt-off text-decoration-none text-strikethrough-none\">En un entorn <\/span><span class=\"OYPEnA font-feature-liga-off font-feature-clig-off font-feature-calt-off text-decoration-none text-strikethrough-none\"><strong>segur<\/strong> <\/span><span class=\"OYPEnA font-feature-liga-off font-feature-clig-off font-feature-calt-off text-decoration-none text-strikethrough-none\">i de <\/span><strong><span class=\"OYPEnA font-feature-liga-off font-feature-clig-off font-feature-calt-off text-decoration-none text-strikethrough-none\">benestar<\/span><\/strong><span class=\"OYPEnA font-feature-liga-off font-feature-clig-off font-feature-calt-off text-decoration-none text-strikethrough-none\">. Nom\u00e9s en un entorn emocionalment segur i on se senti b\u00e9, l\u2019infant pot expressar-se lliurement i estar obert a l\u2019aprenentatge.<\/span><\/li>\n<li><span class=\"OYPEnA font-feature-liga-off font-feature-clig-off font-feature-calt-off text-decoration-none text-strikethrough-none\">En un <\/span><strong><span class=\"OYPEnA font-feature-liga-off font-feature-clig-off font-feature-calt-off text-decoration-none text-strikethrough-none\">ambient ric<\/span><\/strong><span class=\"OYPEnA font-feature-liga-off font-feature-clig-off font-feature-calt-off text-decoration-none text-strikethrough-none\"> i est\u00e8tic. Els espais cuidats, suggeridors i pensats amb intenci\u00f3 pedag\u00f2gica conviden a investigar, sorprendre\u2019s i anar m\u00e9s enll\u00e0.<\/span><\/li>\n<li><strong><span class=\"OYPEnA font-feature-liga-off font-feature-clig-off font-feature-calt-off text-decoration-none text-strikethrough-none\">Fent, desfent<\/span><\/strong><span class=\"OYPEnA font-feature-liga-off font-feature-clig-off font-feature-calt-off text-decoration-none text-strikethrough-none\"> i tornant a fer. L\u2019error \u00e9s part del cam\u00ed. Els infants necessiten temps i llibertat per provar, equivocar-se, insistir i descobrir.<\/span><\/li>\n<li><span class=\"OYPEnA font-feature-liga-off font-feature-clig-off font-feature-calt-off text-decoration-none text-strikethrough-none\">A trav\u00e9s de l\u2019exploraci\u00f3 de diferents <\/span><strong><span class=\"OYPEnA font-feature-liga-off font-feature-clig-off font-feature-calt-off text-decoration-none text-strikethrough-none\">llenguatges<\/span><\/strong><span class=\"OYPEnA font-feature-liga-off font-feature-clig-off font-feature-calt-off text-decoration-none text-strikethrough-none\">. Cada infant pensa, sent i es comunica de manera \u00fanica. Per aix\u00f2 oferim oportunitats d\u2019expressi\u00f3 en diferents llenguatges: pl\u00e0stic, corporal, verbal, musical, simb\u00f2lic\u2026<\/span><\/li>\n<li><span class=\"OYPEnA font-feature-liga-off font-feature-clig-off font-feature-calt-off text-decoration-none text-strikethrough-none\">Acollint l\u2019<\/span><strong><span class=\"OYPEnA font-feature-liga-off font-feature-clig-off font-feature-calt-off text-decoration-none text-strikethrough-none\">inter\u00e8s<\/span><\/strong><span class=\"OYPEnA font-feature-liga-off font-feature-clig-off font-feature-calt-off text-decoration-none text-strikethrough-none\"> dels infants. Quan una proposta parteix del que l\u2019infant sent, fa, pregunta o vol saber, el seu comprom\u00eds \u00e9s m\u00e9s gran i l\u2019aprenentatge, m\u00e9s profund.<\/span><\/li>\n<li><span class=\"OYPEnA font-feature-liga-off font-feature-clig-off font-feature-calt-off text-decoration-none text-strikethrough-none\">Al costat d\u2019un adult que <\/span><span class=\"OYPEnA font-feature-liga-off font-feature-clig-off font-feature-calt-off text-decoration-none text-strikethrough-none\"><strong>acompanya<\/strong> <\/span><span class=\"OYPEnA font-feature-liga-off font-feature-clig-off font-feature-calt-off text-decoration-none text-strikethrough-none\">amb respecte. L\u2019educadora no imposa, sin\u00f3 que observa, escolta, interpreta i ofereix contextos i reptes adequats per estimular el creixement.<\/span><\/li>\n<li><span class=\"OYPEnA font-feature-liga-off font-feature-clig-off font-feature-calt-off text-decoration-none text-strikethrough-none\">Amb <\/span><strong><span class=\"OYPEnA font-feature-liga-off font-feature-clig-off font-feature-calt-off text-decoration-none text-strikethrough-none\">flexibilitat<\/span><\/strong><span class=\"OYPEnA font-feature-liga-off font-feature-clig-off font-feature-calt-off text-decoration-none text-strikethrough-none\">, sense itineraris prefixats. No hi ha un \u00fanic cam\u00ed ni una \u00fanica manera d\u2019aprendre. Per aix\u00f2, oferim propostes obertes que permeten escollir. Cada infant tra\u00e7a el seu propi recorregut i nosaltres en respectem el ritme, els interessos i les necessitats.<\/span><\/li>\n<\/ul>\n<p><a href=\"https:\/\/agora.xtec.cat\/llarvilanovadebellpuig\/wp-content\/uploads\/usu2661\/2025\/07\/Disseny-sense-titol.png\"><img loading=\"lazy\" decoding=\"async\" class=\"alignnone size-full wp-image-844\" src=\"https:\/\/agora.xtec.cat\/llarvilanovadebellpuig\/wp-content\/uploads\/usu2661\/2025\/07\/Disseny-sense-titol.png\" alt=\"\" width=\"1024\" height=\"768\" srcset=\"https:\/\/agora.xtec.cat\/llarvilanovadebellpuig\/wp-content\/uploads\/usu2661\/2025\/07\/Disseny-sense-titol.png 1024w, https:\/\/agora.xtec.cat\/llarvilanovadebellpuig\/wp-content\/uploads\/usu2661\/2025\/07\/Disseny-sense-titol-300x225.png 300w, https:\/\/agora.xtec.cat\/llarvilanovadebellpuig\/wp-content\/uploads\/usu2661\/2025\/07\/Disseny-sense-titol-768x576.png 768w, https:\/\/agora.xtec.cat\/llarvilanovadebellpuig\/wp-content\/uploads\/usu2661\/2025\/07\/Disseny-sense-titol-200x150.png 200w\" sizes=\"auto, (max-width: 1024px) 100vw, 1024px\" \/><\/a><\/p>\n","protected":false},"excerpt":{"rendered":"<p>Entenem l\u2019aprenentatge com un proc\u00e9s viu, que s\u2019esdev\u00e9 de manera natural en la quotidianitat, en el dia a dia. No \u00e9s un proc\u00e9s buit d\u2019acumulaci\u00f3 d\u2019informaci\u00f3, sin\u00f3 que est\u00e0 ple de significat, ja que neix de la curiositat dels infants i es construeix a trav\u00e9s&hellip;  <a href=\"https:\/\/agora.xtec.cat\/llarvilanovadebellpuig\/projecte-educatiu\/aposta-metodologica\/\" title=\"Read L&#8217;aposta metodol\u00f2gica\">Llegeix m\u00e9s\u00bb<\/a><\/p>\n","protected":false},"author":1,"featured_media":0,"parent":64,"menu_order":50,"comment_status":"closed","ping_status":"closed","template":"page-templates\/side-menu.php","meta":{"_bbp_topic_count":0,"_bbp_reply_count":0,"_bbp_total_topic_count":0,"_bbp_total_reply_count":0,"_bbp_voice_count":0,"_bbp_anonymous_reply_count":0,"_bbp_topic_count_hidden":0,"_bbp_reply_count_hidden":0,"_bbp_forum_subforum_count":0,"footnotes":""},"class_list":["post-32","page","type-page","status-publish","hentry"],"post_mailing_queue_ids":[],"_links":{"self":[{"href":"https:\/\/agora.xtec.cat\/llarvilanovadebellpuig\/wp-json\/wp\/v2\/pages\/32","targetHints":{"allow":["GET"]}}],"collection":[{"href":"https:\/\/agora.xtec.cat\/llarvilanovadebellpuig\/wp-json\/wp\/v2\/pages"}],"about":[{"href":"https:\/\/agora.xtec.cat\/llarvilanovadebellpuig\/wp-json\/wp\/v2\/types\/page"}],"author":[{"embeddable":true,"href":"https:\/\/agora.xtec.cat\/llarvilanovadebellpuig\/wp-json\/wp\/v2\/users\/1"}],"replies":[{"embeddable":true,"href":"https:\/\/agora.xtec.cat\/llarvilanovadebellpuig\/wp-json\/wp\/v2\/comments?post=32"}],"version-history":[{"count":5,"href":"https:\/\/agora.xtec.cat\/llarvilanovadebellpuig\/wp-json\/wp\/v2\/pages\/32\/revisions"}],"predecessor-version":[{"id":845,"href":"https:\/\/agora.xtec.cat\/llarvilanovadebellpuig\/wp-json\/wp\/v2\/pages\/32\/revisions\/845"}],"up":[{"embeddable":true,"href":"https:\/\/agora.xtec.cat\/llarvilanovadebellpuig\/wp-json\/wp\/v2\/pages\/64"}],"wp:attachment":[{"href":"https:\/\/agora.xtec.cat\/llarvilanovadebellpuig\/wp-json\/wp\/v2\/media?parent=32"}],"curies":[{"name":"wp","href":"https:\/\/api.w.org\/{rel}","templated":true}]}}