{"id":30,"date":"2014-09-18T12:30:23","date_gmt":"2014-09-18T11:30:23","guid":{"rendered":"http:\/\/agora.xtec.cat\/llarvilanovadebellpuig\/?page_id=30"},"modified":"2025-07-01T14:33:37","modified_gmt":"2025-07-01T12:33:37","slug":"relacio-families","status":"publish","type":"page","link":"https:\/\/agora.xtec.cat\/llarvilanovadebellpuig\/projecte-educatiu\/relacio-families\/","title":{"rendered":"La relaci\u00f3 amb les fam\u00edlies"},"content":{"rendered":"<p class=\"_04xlpA direction-ltr align-justify para-style-body\"><span class=\"OYPEnA font-feature-liga-off font-feature-clig-off font-feature-calt-off text-decoration-none text-strikethrough-none\">Entenem l\u2019educaci\u00f3 com una <\/span><span class=\"OYPEnA font-feature-liga-off font-feature-clig-off font-feature-calt-off text-decoration-none text-strikethrough-none\">tasca compartida<\/span><span class=\"OYPEnA font-feature-liga-off font-feature-clig-off font-feature-calt-off text-decoration-none text-strikethrough-none\"> en qu\u00e8 les fam\u00edlies tenen un paper fonamental i on l\u2019escola esdev\u00e9 un espai de trobada. Aquesta mirada es fa visible des del primer moment: durant el proc\u00e9s d\u2019acollida, les fam\u00edlies poden acompanyar el seu fill o filla dins l\u2019aula, els dies i el temps que calgui, fins que l\u2019infant se senti prou segur per quedar-s\u2019hi sol.<\/span><\/p>\n<p class=\"cvGsUA direction-ltr align-start para-style-body\"><span class=\"OYPEnA font-feature-liga-off font-feature-clig-off font-feature-calt-off text-decoration-none text-strikethrough-none\">Creiem en una relaci\u00f3 amb les fam\u00edlies&#8230;<\/span><\/p>\n<ul>\n<li><span class=\"OYPEnA font-feature-liga-off font-feature-clig-off font-feature-calt-off text-decoration-none text-strikethrough-none\">Basada en la <\/span><strong><span class=\"OYPEnA font-feature-liga-off font-feature-clig-off font-feature-calt-off text-decoration-none text-strikethrough-none\">confian\u00e7a<\/span><\/strong><span class=\"OYPEnA font-feature-liga-off font-feature-clig-off font-feature-calt-off text-decoration-none text-strikethrough-none\">, la implicaci\u00f3 i el respecte mutu; oberta i transparent. Per aix\u00f2, les nostres portes sempre estan obertes a les fam\u00edlies i mostrem di\u00e0riament imatges que permeten veure el dia a dia dels infants.<\/span><\/li>\n<li><span class=\"OYPEnA font-feature-liga-off font-feature-clig-off font-feature-calt-off text-decoration-none text-strikethrough-none\">Que es construeix a partir de la <\/span><span class=\"OYPEnA font-feature-liga-off font-feature-clig-off font-feature-calt-off text-decoration-none text-strikethrough-none\"><strong>comunicaci\u00f3<\/strong> <\/span><span class=\"OYPEnA font-feature-liga-off font-feature-clig-off font-feature-calt-off text-decoration-none text-strikethrough-none\">i l\u2019intercanvi. Per aix\u00f2, el contacte \u00e9s diari i oferim diferents espais de trobada i canals de comunicaci\u00f3, que estan sempre oberts i disponibles.<\/span><\/li>\n<li><span class=\"OYPEnA font-feature-liga-off font-feature-clig-off font-feature-calt-off text-decoration-none text-strikethrough-none\">Que fomenta la <\/span><span class=\"OYPEnA font-feature-liga-off font-feature-clig-off font-feature-calt-off text-decoration-none text-strikethrough-none\"><strong>participaci\u00f3<\/strong> <\/span><span class=\"OYPEnA font-feature-liga-off font-feature-clig-off font-feature-calt-off text-decoration-none text-strikethrough-none\">i els moments compartits. Per aix\u00f2, oferim espais de trobada i de participaci\u00f3 activa en la vida d\u2019escola.<\/span><\/li>\n<\/ul>\n<p><a href=\"https:\/\/agora.xtec.cat\/llarvilanovadebellpuig\/wp-content\/uploads\/usu2661\/2023\/03\/Disseny-sense-titol-3.png\"><img loading=\"lazy\" decoding=\"async\" class=\"alignnone size-full wp-image-669\" src=\"https:\/\/agora.xtec.cat\/llarvilanovadebellpuig\/wp-content\/uploads\/usu2661\/2023\/03\/Disseny-sense-titol-3.png\" alt=\"\" width=\"1024\" height=\"768\" srcset=\"https:\/\/agora.xtec.cat\/llarvilanovadebellpuig\/wp-content\/uploads\/usu2661\/2023\/03\/Disseny-sense-titol-3.png 1024w, https:\/\/agora.xtec.cat\/llarvilanovadebellpuig\/wp-content\/uploads\/usu2661\/2023\/03\/Disseny-sense-titol-3-300x225.png 300w, https:\/\/agora.xtec.cat\/llarvilanovadebellpuig\/wp-content\/uploads\/usu2661\/2023\/03\/Disseny-sense-titol-3-768x576.png 768w, https:\/\/agora.xtec.cat\/llarvilanovadebellpuig\/wp-content\/uploads\/usu2661\/2023\/03\/Disseny-sense-titol-3-200x150.png 200w\" sizes=\"auto, (max-width: 1024px) 100vw, 1024px\" \/><\/a><\/p>\n","protected":false},"excerpt":{"rendered":"<p>Entenem l\u2019educaci\u00f3 com una tasca compartida en qu\u00e8 les fam\u00edlies tenen un paper fonamental i on l\u2019escola esdev\u00e9 un espai de trobada. Aquesta mirada es fa visible des del primer moment: durant el proc\u00e9s d\u2019acollida, les fam\u00edlies poden acompanyar el seu fill o filla dins&hellip;  <a href=\"https:\/\/agora.xtec.cat\/llarvilanovadebellpuig\/projecte-educatiu\/relacio-families\/\" title=\"Read La relaci\u00f3 amb les fam\u00edlies\">Llegeix m\u00e9s\u00bb<\/a><\/p>\n","protected":false},"author":1,"featured_media":0,"parent":64,"menu_order":40,"comment_status":"closed","ping_status":"closed","template":"page-templates\/side-menu.php","meta":{"_bbp_topic_count":0,"_bbp_reply_count":0,"_bbp_total_topic_count":0,"_bbp_total_reply_count":0,"_bbp_voice_count":0,"_bbp_anonymous_reply_count":0,"_bbp_topic_count_hidden":0,"_bbp_reply_count_hidden":0,"_bbp_forum_subforum_count":0,"footnotes":""},"class_list":["post-30","page","type-page","status-publish","hentry"],"post_mailing_queue_ids":[],"_links":{"self":[{"href":"https:\/\/agora.xtec.cat\/llarvilanovadebellpuig\/wp-json\/wp\/v2\/pages\/30","targetHints":{"allow":["GET"]}}],"collection":[{"href":"https:\/\/agora.xtec.cat\/llarvilanovadebellpuig\/wp-json\/wp\/v2\/pages"}],"about":[{"href":"https:\/\/agora.xtec.cat\/llarvilanovadebellpuig\/wp-json\/wp\/v2\/types\/page"}],"author":[{"embeddable":true,"href":"https:\/\/agora.xtec.cat\/llarvilanovadebellpuig\/wp-json\/wp\/v2\/users\/1"}],"replies":[{"embeddable":true,"href":"https:\/\/agora.xtec.cat\/llarvilanovadebellpuig\/wp-json\/wp\/v2\/comments?post=30"}],"version-history":[{"count":3,"href":"https:\/\/agora.xtec.cat\/llarvilanovadebellpuig\/wp-json\/wp\/v2\/pages\/30\/revisions"}],"predecessor-version":[{"id":842,"href":"https:\/\/agora.xtec.cat\/llarvilanovadebellpuig\/wp-json\/wp\/v2\/pages\/30\/revisions\/842"}],"up":[{"embeddable":true,"href":"https:\/\/agora.xtec.cat\/llarvilanovadebellpuig\/wp-json\/wp\/v2\/pages\/64"}],"wp:attachment":[{"href":"https:\/\/agora.xtec.cat\/llarvilanovadebellpuig\/wp-json\/wp\/v2\/media?parent=30"}],"curies":[{"name":"wp","href":"https:\/\/api.w.org\/{rel}","templated":true}]}}