{"id":26,"date":"2014-09-18T12:24:32","date_gmt":"2014-09-18T11:24:32","guid":{"rendered":"http:\/\/agora.xtec.cat\/llarvilanovadebellpuig\/?page_id=26"},"modified":"2025-04-15T10:10:30","modified_gmt":"2025-04-15T08:10:30","slug":"visio-infancia","status":"publish","type":"page","link":"https:\/\/agora.xtec.cat\/llarvilanovadebellpuig\/projecte-educatiu\/visio-infancia\/","title":{"rendered":"La nostra visi\u00f3 de l&#8217;infant"},"content":{"rendered":"<p class=\"cvGsUA direction-ltr align-start para-style-body\"><span class=\"OYPEnA font-feature-liga-off font-feature-clig-off font-feature-calt-off text-decoration-none text-strikethrough-none\">L\u2019infant \u00e9s sempre al centre de l\u2019acci\u00f3, i aix\u00f2 ens condiciona la forma de fer, de ser i de viure l\u2019escola. Definir el <\/span><strong><span class=\"OYPEnA font-feature-liga-off font-feature-clig-off font-feature-calt-off text-decoration-none text-strikethrough-none\">concepte d\u2019infant<\/span><\/strong><span class=\"OYPEnA font-feature-liga-off font-feature-clig-off font-feature-calt-off text-decoration-none text-strikethrough-none\"> \u00e9s el punt de partida que determina com s\u2019enfoca el projecte educatiu, com dissenyem els contextos d\u2019aprenentatge, com acompanyem i quines expectatives tenim.<\/span><\/p>\n<p class=\"cvGsUA direction-ltr align-start para-style-body\"><strong><span class=\"OYPEnA font-feature-liga-off font-feature-clig-off font-feature-calt-off text-decoration-none text-strikethrough-none\">Creiem en un infant&#8230;<\/span><\/strong><\/p>\n<ul>\n<li><strong><span class=\"OYPEnA font-feature-liga-off font-feature-clig-off font-feature-calt-off text-decoration-none text-strikethrough-none\">Actiu<\/span><\/strong><span class=\"OYPEnA font-feature-liga-off font-feature-clig-off font-feature-calt-off text-decoration-none text-strikethrough-none\">, curi\u00f3s, observador, que pensa i \u00e9s capa\u00e7 de construir el seu propi aprenentatge. Per aix\u00f2, la nostra metodologia fomenta la participaci\u00f3 activa, la investigaci\u00f3, el moviment i el joc lliure.<\/span><\/li>\n<li><strong><span class=\"OYPEnA font-feature-liga-off font-feature-clig-off font-feature-calt-off text-decoration-none text-strikethrough-none\">Capa\u00e7<\/span><\/strong><span class=\"OYPEnA font-feature-liga-off font-feature-clig-off font-feature-calt-off text-decoration-none text-strikethrough-none\">, competent i amb iniciativa. Per aix\u00f2, creem espais i propostes que respecten la seva autonomia i els seus interessos, on pot escollir i prendre les seves pr\u00f2pies decisions, fomentant aix\u00ed la seva autoestima.<\/span><\/li>\n<li><strong><span class=\"OYPEnA font-feature-liga-off font-feature-clig-off font-feature-calt-off text-decoration-none text-strikethrough-none\">\u00danic<\/span><\/strong><span class=\"OYPEnA font-feature-liga-off font-feature-clig-off font-feature-calt-off text-decoration-none text-strikethrough-none\">, perfecte tal com \u00e9s, amb un desenvolupament propi, amb les seves potencialitats i les seves difer\u00e8ncies. Per aix\u00f2, l\u2019estimem tal com \u00e9s i respectem els seus ritmes, interessos i moment evolutiu, sense pressi\u00f3, comparacions ni expectatives fixes, deixant-li temps per cr\u00e9ixer al seu ritme.<\/span><\/li>\n<li><strong><span class=\"OYPEnA font-feature-liga-off font-feature-clig-off font-feature-calt-off text-decoration-none text-strikethrough-none\">Creatiu<\/span><\/strong><span class=\"OYPEnA font-feature-liga-off font-feature-clig-off font-feature-calt-off text-decoration-none text-strikethrough-none\">, que expressa, que sent, capa\u00e7 de meravellar-se. Per aix\u00f2, tenim cura de l\u2019est\u00e8tica, afavorim l\u2019exploraci\u00f3 dels diferents llenguatges i promovem el desenvolupament del pensament divergent.<\/span><\/li>\n<li><strong><span class=\"OYPEnA font-feature-liga-off font-feature-clig-off font-feature-calt-off text-decoration-none text-strikethrough-none\">Que es relaciona<\/span><\/strong><span class=\"OYPEnA font-feature-liga-off font-feature-clig-off font-feature-calt-off text-decoration-none text-strikethrough-none\">, que estableix vincles, portador de valors i connectat amb el seu entorn. Per aix\u00f2, fomentem les relacions, el di\u00e0leg i el sentit de comunitat.<\/span><\/li>\n<\/ul>\n<p><a href=\"https:\/\/agora.xtec.cat\/llarvilanovadebellpuig\/wp-content\/uploads\/usu2661\/2023\/03\/Disseny-sense-titol.png\"><img loading=\"lazy\" decoding=\"async\" class=\"alignnone size-full wp-image-658\" src=\"https:\/\/agora.xtec.cat\/llarvilanovadebellpuig\/wp-content\/uploads\/usu2661\/2023\/03\/Disseny-sense-titol.png\" alt=\"\" width=\"1024\" height=\"768\" srcset=\"https:\/\/agora.xtec.cat\/llarvilanovadebellpuig\/wp-content\/uploads\/usu2661\/2023\/03\/Disseny-sense-titol.png 1024w, https:\/\/agora.xtec.cat\/llarvilanovadebellpuig\/wp-content\/uploads\/usu2661\/2023\/03\/Disseny-sense-titol-300x225.png 300w, https:\/\/agora.xtec.cat\/llarvilanovadebellpuig\/wp-content\/uploads\/usu2661\/2023\/03\/Disseny-sense-titol-768x576.png 768w, https:\/\/agora.xtec.cat\/llarvilanovadebellpuig\/wp-content\/uploads\/usu2661\/2023\/03\/Disseny-sense-titol-200x150.png 200w\" sizes=\"auto, (max-width: 1024px) 100vw, 1024px\" \/><\/a><\/p>\n","protected":false},"excerpt":{"rendered":"<p>L\u2019infant \u00e9s sempre al centre de l\u2019acci\u00f3, i aix\u00f2 ens condiciona la forma de fer, de ser i de viure l\u2019escola. Definir el concepte d\u2019infant \u00e9s el punt de partida que determina com s\u2019enfoca el projecte educatiu, com dissenyem els contextos d\u2019aprenentatge, com acompanyem i&hellip;  <a href=\"https:\/\/agora.xtec.cat\/llarvilanovadebellpuig\/projecte-educatiu\/visio-infancia\/\" title=\"Read La nostra visi\u00f3 de l&#8217;infant\">Llegeix m\u00e9s\u00bb<\/a><\/p>\n","protected":false},"author":1,"featured_media":0,"parent":64,"menu_order":20,"comment_status":"closed","ping_status":"closed","template":"page-templates\/side-menu.php","meta":{"_bbp_topic_count":0,"_bbp_reply_count":0,"_bbp_total_topic_count":0,"_bbp_total_reply_count":0,"_bbp_voice_count":0,"_bbp_anonymous_reply_count":0,"_bbp_topic_count_hidden":0,"_bbp_reply_count_hidden":0,"_bbp_forum_subforum_count":0,"footnotes":""},"class_list":["post-26","page","type-page","status-publish","hentry"],"post_mailing_queue_ids":[],"_links":{"self":[{"href":"https:\/\/agora.xtec.cat\/llarvilanovadebellpuig\/wp-json\/wp\/v2\/pages\/26","targetHints":{"allow":["GET"]}}],"collection":[{"href":"https:\/\/agora.xtec.cat\/llarvilanovadebellpuig\/wp-json\/wp\/v2\/pages"}],"about":[{"href":"https:\/\/agora.xtec.cat\/llarvilanovadebellpuig\/wp-json\/wp\/v2\/types\/page"}],"author":[{"embeddable":true,"href":"https:\/\/agora.xtec.cat\/llarvilanovadebellpuig\/wp-json\/wp\/v2\/users\/1"}],"replies":[{"embeddable":true,"href":"https:\/\/agora.xtec.cat\/llarvilanovadebellpuig\/wp-json\/wp\/v2\/comments?post=26"}],"version-history":[{"count":6,"href":"https:\/\/agora.xtec.cat\/llarvilanovadebellpuig\/wp-json\/wp\/v2\/pages\/26\/revisions"}],"predecessor-version":[{"id":823,"href":"https:\/\/agora.xtec.cat\/llarvilanovadebellpuig\/wp-json\/wp\/v2\/pages\/26\/revisions\/823"}],"up":[{"embeddable":true,"href":"https:\/\/agora.xtec.cat\/llarvilanovadebellpuig\/wp-json\/wp\/v2\/pages\/64"}],"wp:attachment":[{"href":"https:\/\/agora.xtec.cat\/llarvilanovadebellpuig\/wp-json\/wp\/v2\/media?parent=26"}],"curies":[{"name":"wp","href":"https:\/\/api.w.org\/{rel}","templated":true}]}}