{"id":575,"date":"2021-03-01T22:38:13","date_gmt":"2021-03-01T21:38:13","guid":{"rendered":"https:\/\/agora.xtec.cat\/llarmarededeudenuriaripoll\/?page_id=575"},"modified":"2024-11-25T16:07:13","modified_gmt":"2024-11-25T15:07:13","slug":"espai-blau-0-1-anys","status":"publish","type":"page","link":"https:\/\/agora.xtec.cat\/llarmarededeudenuriaripoll\/espais\/espai-blau-0-1-anys\/","title":{"rendered":"Espai Blau 0-1 any"},"content":{"rendered":"<table style=\"height: 270px;\" width=\"970\">\n<tbody>\n<tr style=\"height: 286px;\">\n<td style=\"width: 479px; height: 286px;\"><a href=\"https:\/\/agora.xtec.cat\/llarmarededeudenuriaripoll\/wp-content\/uploads\/usu2408\/2021\/03\/8.jpg\"><img loading=\"lazy\" decoding=\"async\" class=\"wp-image-955 aligncenter\" src=\"https:\/\/agora.xtec.cat\/llarmarededeudenuriaripoll\/wp-content\/uploads\/usu2408\/2021\/03\/8.jpg\" alt=\"\" width=\"340\" height=\"256\" srcset=\"https:\/\/agora.xtec.cat\/llarmarededeudenuriaripoll\/wp-content\/uploads\/usu2408\/2021\/03\/8.jpg 500w, https:\/\/agora.xtec.cat\/llarmarededeudenuriaripoll\/wp-content\/uploads\/usu2408\/2021\/03\/8-300x225.jpg 300w, https:\/\/agora.xtec.cat\/llarmarededeudenuriaripoll\/wp-content\/uploads\/usu2408\/2021\/03\/8-200x150.jpg 200w\" sizes=\"auto, (max-width: 340px) 100vw, 340px\" \/><\/a><\/td>\n<td style=\"width: 483px; height: 286px;\"><a href=\"https:\/\/agora.xtec.cat\/llarmarededeudenuriaripoll\/wp-content\/uploads\/usu2408\/2021\/03\/1.jpg\"><img loading=\"lazy\" decoding=\"async\" class=\"wp-image-952 aligncenter\" src=\"https:\/\/agora.xtec.cat\/llarmarededeudenuriaripoll\/wp-content\/uploads\/usu2408\/2021\/03\/1.jpg\" alt=\"\" width=\"340\" height=\"256\" srcset=\"https:\/\/agora.xtec.cat\/llarmarededeudenuriaripoll\/wp-content\/uploads\/usu2408\/2021\/03\/1.jpg 500w, https:\/\/agora.xtec.cat\/llarmarededeudenuriaripoll\/wp-content\/uploads\/usu2408\/2021\/03\/1-300x225.jpg 300w, https:\/\/agora.xtec.cat\/llarmarededeudenuriaripoll\/wp-content\/uploads\/usu2408\/2021\/03\/1-200x150.jpg 200w\" sizes=\"auto, (max-width: 340px) 100vw, 340px\" \/><\/a><\/td>\n<\/tr>\n<\/tbody>\n<\/table>\n<h2 class=\"CjVfdc\" style=\"text-align: center;\"><strong>L&#8217;escola \u00e9s un lloc on la hist\u00f2ria individual es troba amb d&#8217;altres per comen\u00e7ar una hist\u00f2ria comuna<\/strong><\/h2>\n<table style=\"height: 271px;\" width=\"969\">\n<tbody>\n<tr>\n<td style=\"width: 480px;\"><a href=\"https:\/\/agora.xtec.cat\/llarmarededeudenuriaripoll\/wp-content\/uploads\/usu2408\/2021\/03\/9-1.jpg\"><img loading=\"lazy\" decoding=\"async\" class=\"wp-image-953 aligncenter\" src=\"https:\/\/agora.xtec.cat\/llarmarededeudenuriaripoll\/wp-content\/uploads\/usu2408\/2021\/03\/9-1.jpg\" alt=\"\" width=\"340\" height=\"255\" srcset=\"https:\/\/agora.xtec.cat\/llarmarededeudenuriaripoll\/wp-content\/uploads\/usu2408\/2021\/03\/9-1.jpg 500w, https:\/\/agora.xtec.cat\/llarmarededeudenuriaripoll\/wp-content\/uploads\/usu2408\/2021\/03\/9-1-300x225.jpg 300w, https:\/\/agora.xtec.cat\/llarmarededeudenuriaripoll\/wp-content\/uploads\/usu2408\/2021\/03\/9-1-200x150.jpg 200w\" sizes=\"auto, (max-width: 340px) 100vw, 340px\" \/><\/a><\/td>\n<td style=\"width: 481px;\"><a href=\"https:\/\/agora.xtec.cat\/llarmarededeudenuriaripoll\/wp-content\/uploads\/usu2408\/2021\/03\/10.jpg\"><img loading=\"lazy\" decoding=\"async\" class=\"wp-image-954 aligncenter\" src=\"https:\/\/agora.xtec.cat\/llarmarededeudenuriaripoll\/wp-content\/uploads\/usu2408\/2021\/03\/10.jpg\" alt=\"\" width=\"340\" height=\"255\" srcset=\"https:\/\/agora.xtec.cat\/llarmarededeudenuriaripoll\/wp-content\/uploads\/usu2408\/2021\/03\/10.jpg 500w, https:\/\/agora.xtec.cat\/llarmarededeudenuriaripoll\/wp-content\/uploads\/usu2408\/2021\/03\/10-300x225.jpg 300w, https:\/\/agora.xtec.cat\/llarmarededeudenuriaripoll\/wp-content\/uploads\/usu2408\/2021\/03\/10-200x150.jpg 200w\" sizes=\"auto, (max-width: 340px) 100vw, 340px\" \/><\/a><\/td>\n<\/tr>\n<\/tbody>\n<\/table>\n<table style=\"height: 214px;\" width=\"969\">\n<tbody>\n<tr>\n<td style=\"width: 964.444px;\"><a href=\"https:\/\/agora.xtec.cat\/llarmarededeudenuriaripoll\/wp-content\/uploads\/usu2408\/2021\/03\/6.jpg\"><img loading=\"lazy\" decoding=\"async\" class=\"wp-image-959 aligncenter\" src=\"https:\/\/agora.xtec.cat\/llarmarededeudenuriaripoll\/wp-content\/uploads\/usu2408\/2021\/03\/6.jpg\" alt=\"\" width=\"340\" height=\"256\" srcset=\"https:\/\/agora.xtec.cat\/llarmarededeudenuriaripoll\/wp-content\/uploads\/usu2408\/2021\/03\/6.jpg 500w, https:\/\/agora.xtec.cat\/llarmarededeudenuriaripoll\/wp-content\/uploads\/usu2408\/2021\/03\/6-300x225.jpg 300w, https:\/\/agora.xtec.cat\/llarmarededeudenuriaripoll\/wp-content\/uploads\/usu2408\/2021\/03\/6-200x150.jpg 200w\" sizes=\"auto, (max-width: 340px) 100vw, 340px\" \/><\/a><\/td>\n<\/tr>\n<\/tbody>\n<\/table>\n<table style=\"height: 270px;\" width=\"969\">\n<tbody>\n<tr>\n<td style=\"width: 481.111px;\"><a href=\"https:\/\/agora.xtec.cat\/llarmarededeudenuriaripoll\/wp-content\/uploads\/usu2408\/2021\/03\/7-1.jpg\"><img loading=\"lazy\" decoding=\"async\" class=\"wp-image-957 aligncenter\" src=\"https:\/\/agora.xtec.cat\/llarmarededeudenuriaripoll\/wp-content\/uploads\/usu2408\/2021\/03\/7-1.jpg\" alt=\"\" width=\"338\" height=\"245\" srcset=\"https:\/\/agora.xtec.cat\/llarmarededeudenuriaripoll\/wp-content\/uploads\/usu2408\/2021\/03\/7-1.jpg 500w, https:\/\/agora.xtec.cat\/llarmarededeudenuriaripoll\/wp-content\/uploads\/usu2408\/2021\/03\/7-1-300x217.jpg 300w\" sizes=\"auto, (max-width: 338px) 100vw, 338px\" \/><\/a><\/td>\n<td style=\"width: 482.222px;\"><a href=\"https:\/\/agora.xtec.cat\/llarmarededeudenuriaripoll\/wp-content\/uploads\/usu2408\/2024\/11\/IMG_20241125_153644-min-scaled.jpg\"><img loading=\"lazy\" decoding=\"async\" class=\"wp-image-1305 aligncenter\" src=\"https:\/\/agora.xtec.cat\/llarmarededeudenuriaripoll\/wp-content\/uploads\/usu2408\/2024\/11\/IMG_20241125_153644-min-1024x768.jpg\" alt=\"\" width=\"326\" height=\"245\" srcset=\"https:\/\/agora.xtec.cat\/llarmarededeudenuriaripoll\/wp-content\/uploads\/usu2408\/2024\/11\/IMG_20241125_153644-min-1024x768.jpg 1024w, https:\/\/agora.xtec.cat\/llarmarededeudenuriaripoll\/wp-content\/uploads\/usu2408\/2024\/11\/IMG_20241125_153644-min-300x225.jpg 300w, https:\/\/agora.xtec.cat\/llarmarededeudenuriaripoll\/wp-content\/uploads\/usu2408\/2024\/11\/IMG_20241125_153644-min-768x576.jpg 768w, https:\/\/agora.xtec.cat\/llarmarededeudenuriaripoll\/wp-content\/uploads\/usu2408\/2024\/11\/IMG_20241125_153644-min-1536x1152.jpg 1536w, https:\/\/agora.xtec.cat\/llarmarededeudenuriaripoll\/wp-content\/uploads\/usu2408\/2024\/11\/IMG_20241125_153644-min-2048x1536.jpg 2048w, https:\/\/agora.xtec.cat\/llarmarededeudenuriaripoll\/wp-content\/uploads\/usu2408\/2024\/11\/IMG_20241125_153644-min-200x150.jpg 200w\" sizes=\"auto, (max-width: 326px) 100vw, 326px\" \/><\/a><\/td>\n<\/tr>\n<\/tbody>\n<\/table>\n<p>&nbsp;<\/p>\n","protected":false},"excerpt":{"rendered":"<p><a href=\"https:\/\/agora.xtec.cat\/llarmarededeudenuriaripoll\/wp-content\/uploads\/usu2408\/2021\/03\/8.jpg\"><\/a><br \/>\n<a href=\"https:\/\/agora.xtec.cat\/llarmarededeudenuriaripoll\/wp-content\/uploads\/usu2408\/2021\/03\/1.jpg\"><\/a><\/p>\n<p>L&#8217;escola \u00e9s un lloc on la hist\u00f2ria individual es troba amb d&#8217;altres per comen\u00e7ar una hist\u00f2ria comuna<\/p>\n<p><a href=\"https:\/\/agora.xtec.cat\/llarmarededeudenuriaripoll\/wp-content\/uploads\/usu2408\/2021\/03\/9-1.jpg\"><\/a><br \/>\n<a href=\"https:\/\/agora.xtec.cat\/llarmarededeudenuriaripoll\/wp-content\/uploads\/usu2408\/2021\/03\/10.jpg\"><\/a><\/p>\n<p><a href=\"https:\/\/agora.xtec.cat\/llarmarededeudenuriaripoll\/wp-content\/uploads\/usu2408\/2021\/03\/6.jpg\"><\/a><\/p>\n<p><a href=\"https:\/\/agora.xtec.cat\/llarmarededeudenuriaripoll\/wp-content\/uploads\/usu2408\/2021\/03\/7-1.jpg\"><\/a><br \/>\n<a href=\"https:\/\/agora.xtec.cat\/llarmarededeudenuriaripoll\/wp-content\/uploads\/usu2408\/2024\/11\/IMG_20241125_153644-min-scaled.jpg\"><\/a><\/p>\n<p>&nbsp;<\/p>\n","protected":false},"author":1,"featured_media":0,"parent":622,"menu_order":5,"comment_status":"closed","ping_status":"closed","template":"page-templates\/side-menu.php","meta":{"_bbp_topic_count":0,"_bbp_reply_count":0,"_bbp_total_topic_count":0,"_bbp_total_reply_count":0,"_bbp_voice_count":0,"_bbp_anonymous_reply_count":0,"_bbp_topic_count_hidden":0,"_bbp_reply_count_hidden":0,"_bbp_forum_subforum_count":0,"footnotes":""},"class_list":["post-575","page","type-page","status-publish","hentry"],"post_mailing_queue_ids":[],"_links":{"self":[{"href":"https:\/\/agora.xtec.cat\/llarmarededeudenuriaripoll\/wp-json\/wp\/v2\/pages\/575","targetHints":{"allow":["GET"]}}],"collection":[{"href":"https:\/\/agora.xtec.cat\/llarmarededeudenuriaripoll\/wp-json\/wp\/v2\/pages"}],"about":[{"href":"https:\/\/agora.xtec.cat\/llarmarededeudenuriaripoll\/wp-json\/wp\/v2\/types\/page"}],"author":[{"embeddable":true,"href":"https:\/\/agora.xtec.cat\/llarmarededeudenuriaripoll\/wp-json\/wp\/v2\/users\/1"}],"replies":[{"embeddable":true,"href":"https:\/\/agora.xtec.cat\/llarmarededeudenuriaripoll\/wp-json\/wp\/v2\/comments?post=575"}],"version-history":[{"count":6,"href":"https:\/\/agora.xtec.cat\/llarmarededeudenuriaripoll\/wp-json\/wp\/v2\/pages\/575\/revisions"}],"predecessor-version":[{"id":1308,"href":"https:\/\/agora.xtec.cat\/llarmarededeudenuriaripoll\/wp-json\/wp\/v2\/pages\/575\/revisions\/1308"}],"up":[{"embeddable":true,"href":"https:\/\/agora.xtec.cat\/llarmarededeudenuriaripoll\/wp-json\/wp\/v2\/pages\/622"}],"wp:attachment":[{"href":"https:\/\/agora.xtec.cat\/llarmarededeudenuriaripoll\/wp-json\/wp\/v2\/media?parent=575"}],"curies":[{"name":"wp","href":"https:\/\/api.w.org\/{rel}","templated":true}]}}