{"id":22,"date":"2014-09-18T12:19:57","date_gmt":"2014-09-18T11:19:57","guid":{"rendered":"http:\/\/agora.xtec.cat\/llarmarededeudenuriaripoll\/?page_id=22"},"modified":"2021-04-22T15:41:07","modified_gmt":"2021-04-22T13:41:07","slug":"lescola","status":"publish","type":"page","link":"https:\/\/agora.xtec.cat\/llarmarededeudenuriaripoll\/lescola\/","title":{"rendered":"LA LLAR D\u00b4INFANTS"},"content":{"rendered":"<p class=\"CDt4Ke zfr3Q\" dir=\"ltr\">La Llar d&#8217;infants Mare de D\u00e9u de N\u00faria \u00e9s un centre de primer cicle d\u2019educaci\u00f3 infantil de titularitat p\u00fablica que dep\u00e8n del Departament d\u2019Educaci\u00f3 de la Generalitat de Catalunya. Est\u00e0 situada al barri de Sant Pere , en una zona assoleiada i amb una situaci\u00f3 elevada sobre la vila de Ripoll.<\/p>\n<p class=\"CDt4Ke zfr3Q\" dir=\"ltr\">La Llar, juntament amb vosaltres, <strong>compartir\u00e0 l\u2019educaci\u00f3<\/strong> dels vostres fills\/es en un <strong>ambient de confian\u00e7a i de seguretat.<\/strong><\/p>\n<p class=\"CDt4Ke zfr3Q\" dir=\"ltr\">T\u00e9 una capacitat de 63 nens\/es, distribu\u00efts en 5 grups:<\/p>\n<p class=\"CDt4Ke zfr3Q\" dir=\"ltr\">1 grup de 7 nens\/es de 0-1any <strong>E<\/strong><strong>spai blau<\/strong><\/p>\n<p class=\"CDt4Ke zfr3Q\" dir=\"ltr\">2 grups de 10 nens\/es de 1-2 anys <strong>Espai groc<\/strong> i <strong>E<\/strong><strong>spai vermell<\/strong><\/p>\n<p class=\"CDt4Ke zfr3Q\" dir=\"ltr\">2 grups de 18 nens\/es de 2-3 anys <strong>Espai verd <\/strong>i <strong>Espai taronja<\/strong><\/p>\n","protected":false},"excerpt":{"rendered":"<p>La Llar d&#8217;infants Mare de D\u00e9u de N\u00faria \u00e9s un centre de primer cicle d\u2019educaci\u00f3 infantil de titularitat p\u00fablica que dep\u00e8n del Departament d\u2019Educaci\u00f3 de la Generalitat de Catalunya. Est\u00e0 situada al barri de Sant Pere , en una zona assoleiada i amb una situaci\u00f3&hellip;  <a href=\"https:\/\/agora.xtec.cat\/llarmarededeudenuriaripoll\/lescola\/\" title=\"Read LA LLAR D\u00b4INFANTS\">Llegeix m\u00e9s\u00bb<\/a><\/p>\n","protected":false},"author":1,"featured_media":0,"parent":0,"menu_order":0,"comment_status":"closed","ping_status":"closed","template":"page-templates\/side-menu.php","meta":{"_bbp_topic_count":0,"_bbp_reply_count":0,"_bbp_total_topic_count":0,"_bbp_total_reply_count":0,"_bbp_voice_count":0,"_bbp_anonymous_reply_count":0,"_bbp_topic_count_hidden":0,"_bbp_reply_count_hidden":0,"_bbp_forum_subforum_count":0,"footnotes":""},"class_list":["post-22","page","type-page","status-publish","hentry"],"post_mailing_queue_ids":[],"_links":{"self":[{"href":"https:\/\/agora.xtec.cat\/llarmarededeudenuriaripoll\/wp-json\/wp\/v2\/pages\/22","targetHints":{"allow":["GET"]}}],"collection":[{"href":"https:\/\/agora.xtec.cat\/llarmarededeudenuriaripoll\/wp-json\/wp\/v2\/pages"}],"about":[{"href":"https:\/\/agora.xtec.cat\/llarmarededeudenuriaripoll\/wp-json\/wp\/v2\/types\/page"}],"author":[{"embeddable":true,"href":"https:\/\/agora.xtec.cat\/llarmarededeudenuriaripoll\/wp-json\/wp\/v2\/users\/1"}],"replies":[{"embeddable":true,"href":"https:\/\/agora.xtec.cat\/llarmarededeudenuriaripoll\/wp-json\/wp\/v2\/comments?post=22"}],"version-history":[{"count":3,"href":"https:\/\/agora.xtec.cat\/llarmarededeudenuriaripoll\/wp-json\/wp\/v2\/pages\/22\/revisions"}],"predecessor-version":[{"id":1146,"href":"https:\/\/agora.xtec.cat\/llarmarededeudenuriaripoll\/wp-json\/wp\/v2\/pages\/22\/revisions\/1146"}],"wp:attachment":[{"href":"https:\/\/agora.xtec.cat\/llarmarededeudenuriaripoll\/wp-json\/wp\/v2\/media?parent=22"}],"curies":[{"name":"wp","href":"https:\/\/api.w.org\/{rel}","templated":true}]}}