{"id":628,"date":"2021-03-15T10:33:05","date_gmt":"2021-03-15T09:33:05","guid":{"rendered":"https:\/\/agora.xtec.cat\/llarinfantsninscamprodon\/?page_id=628"},"modified":"2021-03-25T15:02:36","modified_gmt":"2021-03-25T14:02:36","slug":"afa","status":"publish","type":"page","link":"https:\/\/agora.xtec.cat\/llarinfantsninscamprodon\/afa\/","title":{"rendered":"AFA Llar d&#8217;Infants Nins"},"content":{"rendered":"<p>&nbsp;<\/p>\n<p>Benvolgudes fam\u00edlies, mares i pares,<\/p>\n<p>Des de l&#8217;AFA de la Llar d&#8217;infants Nins us donem la benvinguda al nou curs 2020\/21.<\/p>\n<p>El curs passat, degut a la pand\u00e8mia del Covid-19, no es varen poder dur a terme totes les activitats que ten\u00edem programades, ja que es va haver de tancar la Llar\u2026<\/p>\n<p>Us adjuntem l\u2019estat de comptes perqu\u00e8 tots ens sigueu coneixedors. El trobareu a la part del darrera d\u2019aquest full.<\/p>\n<p>Aquest any esperem que es puguin tornar a fer activitats seguint la nova normativa sanit\u00e0ria de la Llar. Tot i ser un any at\u00edpic, hem de procurar seguint oferint activitats i celebracions, que contribueixin a l\u2019educaci\u00f3 i desenvolupament dels infants, per aix\u00f2 des de l\u2019AFA col\u00b7laborarem amb la Llar en el que faci falta perqu\u00e8 aix\u00ed sigui.<\/p>\n<p>Pel present curs 2020\/21 la quota anual queda establerta a un \u00fanic pagament de <strong>25\u20ac<\/strong> <strong>per nen\/a<\/strong>. La quota pel segon o tercer fill\/a ser\u00e0 redu\u00efda el 50%. Per tal de fer efectiu el pagament de la quota cal que completeu les dades seg\u00fcents en el full d\u2019inscripci\u00f3 adjunt i les retorneu a la Llar abans del proper 5 de novembre.<\/p>\n<p>Us animem a associar-vos i a participar activament en les activitats que ofereix l\u2019AFA. Aix\u00ed com que ens feu arribar qualsevol suggeriment o comentari que considereu per poder fer millor la nostra tasca com a associaci\u00f3 de fam\u00edlies.<\/p>\n<p>Si voleu formar part de la Junta nom\u00e9s cal que feu una creu a la casella i ens deixeu un n\u00famero de tel\u00e8fon. Seria bo que hi hagu\u00e9s com a m\u00ednim dos representants de cada classe, per aix\u00ed haver-hi m\u00e9s punts de vista diferents i assegurar la continu\u00eftat en els propers anys, ja que actualment nom\u00e9s hi ha membres del grup dels Grans.<\/p>\n<p>Volem demanar-vos tamb\u00e9 col\u00b7laboraci\u00f3 per a continuar amb la Comissi\u00f3 de Pati, amb l\u2019objectiu de treballar per millorar el pati dels nostres fills. Els nens necessiten un pati en condicions i podem treballar junts, fam\u00edlies, Llar i Ajuntament, per a aconseguir-ho, si voleu participar en aquesta comissi\u00f3 nom\u00e9s cal que ho marqueu a la casella del full adjunt.<\/p>\n<p>Moltes gr\u00e0cies per endavant.<\/p>\n<p>&nbsp;<\/p>\n<p>Salutacions,<\/p>\n<p>La Junta de l\u2019AFA de la Llar d\u2019infants Nins<strong>\u00a0<\/strong><\/p>\n<p><strong>ninsampa@gmail.com<\/strong><\/p>\n","protected":false},"excerpt":{"rendered":"<p>&nbsp;<br \/>\nBenvolgudes fam\u00edlies, mares i pares,<br \/>\nDes de l&#8217;AFA de la Llar d&#8217;infants Nins us donem la benvinguda al nou curs 2020\/21.<br \/>\nEl curs passat, degut a la pand\u00e8mia del Covid-19, no es varen poder dur a terme totes les activitats que ten\u00edem programades, ja que es va&hellip;  <a href=\"https:\/\/agora.xtec.cat\/llarinfantsninscamprodon\/afa\/\" title=\"Read AFA Llar d&#8217;Infants Nins\">Llegeix m\u00e9s\u00bb<\/a><\/p>\n","protected":false},"author":1,"featured_media":0,"parent":0,"menu_order":0,"comment_status":"closed","ping_status":"closed","template":"","meta":{"_bbp_topic_count":0,"_bbp_reply_count":0,"_bbp_total_topic_count":0,"_bbp_total_reply_count":0,"_bbp_voice_count":0,"_bbp_anonymous_reply_count":0,"_bbp_topic_count_hidden":0,"_bbp_reply_count_hidden":0,"_bbp_forum_subforum_count":0,"footnotes":""},"class_list":["post-628","page","type-page","status-publish","hentry"],"post_mailing_queue_ids":[],"_links":{"self":[{"href":"https:\/\/agora.xtec.cat\/llarinfantsninscamprodon\/wp-json\/wp\/v2\/pages\/628","targetHints":{"allow":["GET"]}}],"collection":[{"href":"https:\/\/agora.xtec.cat\/llarinfantsninscamprodon\/wp-json\/wp\/v2\/pages"}],"about":[{"href":"https:\/\/agora.xtec.cat\/llarinfantsninscamprodon\/wp-json\/wp\/v2\/types\/page"}],"author":[{"embeddable":true,"href":"https:\/\/agora.xtec.cat\/llarinfantsninscamprodon\/wp-json\/wp\/v2\/users\/1"}],"replies":[{"embeddable":true,"href":"https:\/\/agora.xtec.cat\/llarinfantsninscamprodon\/wp-json\/wp\/v2\/comments?post=628"}],"version-history":[{"count":3,"href":"https:\/\/agora.xtec.cat\/llarinfantsninscamprodon\/wp-json\/wp\/v2\/pages\/628\/revisions"}],"predecessor-version":[{"id":683,"href":"https:\/\/agora.xtec.cat\/llarinfantsninscamprodon\/wp-json\/wp\/v2\/pages\/628\/revisions\/683"}],"wp:attachment":[{"href":"https:\/\/agora.xtec.cat\/llarinfantsninscamprodon\/wp-json\/wp\/v2\/media?parent=628"}],"curies":[{"name":"wp","href":"https:\/\/api.w.org\/{rel}","templated":true}]}}