{"id":26,"date":"2014-09-18T12:24:32","date_gmt":"2014-09-18T11:24:32","guid":{"rendered":"http:\/\/agora.xtec.cat\/llarinfantselmolipetit\/?page_id=26"},"modified":"2021-04-21T15:41:13","modified_gmt":"2021-04-21T13:41:13","slug":"historia","status":"publish","type":"page","link":"https:\/\/agora.xtec.cat\/llarinfantselmolipetit\/lescola\/historia\/","title":{"rendered":"Hist\u00f2ria"},"content":{"rendered":"<p>La Llar d\u2019Infants Municipal El Mol\u00ed Petit \u00e9s gestionada per l\u2019Ajuntament de Sant Joan de les Abadesses. \u00c9s un centre destinat a l\u2019educaci\u00f3 dels infants de 4 mesos a 3 anys.<\/p>\n<div class=\"post-content clear\">\n<p>L\u2019escola pret\u00e9n que els infants gaudeixin plenament de la seva inf\u00e0ncia en un ambient de seguretat f\u00edsica i ps\u00edquica, ric en sensacions i est\u00edmuls. Tot est\u00e0 pensat per a l\u2019atenci\u00f3 dels m\u00e9s petits, la relaci\u00f3 estreta amb l\u2019educadora, el nombre limitat d\u2019infants per grup i les activitats que es proposen. La finalitat \u00e9s treballar per tal d\u2019iniciar als infants en l\u2019autonomia personal i en el respecte i la solidaritat vers els altres. Infants actius, capa\u00e7os d\u2019experimentar, d\u2019expressar-se, d\u2019estimar i de ser feli\u00e7os, en un ambient estimulant, de confian\u00e7a, alegria i serenitat.<\/p>\n<p>L\u2019escola t\u00e9 un equip que treballa per oferir un projecte educatiu de qualitat. L\u2019escola dels m\u00e9s petits \u00e9s el primer gra\u00f3 del sistema educatiu, i acollim infants des dels primers mesos de vida fins als tres anys.<br \/>\nEns definim com una escola p\u00fablica, catalana, laica, inclusiva i activa. Creiem que els infants tenen dret a una educaci\u00f3 de qualitat des que neixen, dins d\u2019un ambient c\u00e0lid, afectiu i adequat a les seves necessitats.<br \/>\nLa nostra escola els hi ofereix la possibilitat de relacionar-se amb altres infants, de compartir els jocs, fantasies, viv\u00e8ncies i aprenentatges, que els ajudaran a construir la seva personalitat, per fer possible la comprensi\u00f3 del m\u00f3n que els envolta i poder-hi actuar<\/p>\n<p>Aquest cam\u00ed tan apassionant, que vivim amb els infants, no t\u00e9 massa sentit si no el compartim amb les fam\u00edlies, que sou el punt de refer\u00e8ncia dels infants.<br \/>\nL\u2019infant arriba a l\u2019escola amb la seva petita hist\u00f2ria que nosaltres acollim.<\/p>\n<p>Des de l\u2019escola volem conscienciar de la import\u00e0ncia del respecte cap al m\u00f3n interior de l\u2019infant. No \u00e9s una miniatura de l\u2019adult, \u00e9s un \u00e9sser amb entitat pr\u00f2pia.<br \/>\nLa nostra tasca, amb els infants, \u00e9s proporcionar les condicions adients, per tal que pugui progressar i desenvolupar-se com a persona<\/p>\n<\/div>\n","protected":false},"excerpt":{"rendered":"<p>La Llar d\u2019Infants Municipal El Mol\u00ed Petit \u00e9s gestionada per l\u2019Ajuntament de Sant Joan de les Abadesses. \u00c9s un centre destinat a l\u2019educaci\u00f3 dels infants de 4 mesos a 3 anys.<\/p>\n<p>L\u2019escola pret\u00e9n que els infants gaudeixin plenament de la seva inf\u00e0ncia en un ambient de&hellip;  <a href=\"https:\/\/agora.xtec.cat\/llarinfantselmolipetit\/lescola\/historia\/\" title=\"Read Hist\u00f2ria\">Llegeix m\u00e9s\u00bb<\/a><\/p>\n","protected":false},"author":1,"featured_media":0,"parent":22,"menu_order":20,"comment_status":"closed","ping_status":"closed","template":"page-templates\/side-menu.php","meta":{"_bbp_topic_count":0,"_bbp_reply_count":0,"_bbp_total_topic_count":0,"_bbp_total_reply_count":0,"_bbp_voice_count":0,"_bbp_anonymous_reply_count":0,"_bbp_topic_count_hidden":0,"_bbp_reply_count_hidden":0,"_bbp_forum_subforum_count":0,"footnotes":""},"class_list":["post-26","page","type-page","status-publish","hentry"],"post_mailing_queue_ids":[],"_links":{"self":[{"href":"https:\/\/agora.xtec.cat\/llarinfantselmolipetit\/wp-json\/wp\/v2\/pages\/26","targetHints":{"allow":["GET"]}}],"collection":[{"href":"https:\/\/agora.xtec.cat\/llarinfantselmolipetit\/wp-json\/wp\/v2\/pages"}],"about":[{"href":"https:\/\/agora.xtec.cat\/llarinfantselmolipetit\/wp-json\/wp\/v2\/types\/page"}],"author":[{"embeddable":true,"href":"https:\/\/agora.xtec.cat\/llarinfantselmolipetit\/wp-json\/wp\/v2\/users\/1"}],"replies":[{"embeddable":true,"href":"https:\/\/agora.xtec.cat\/llarinfantselmolipetit\/wp-json\/wp\/v2\/comments?post=26"}],"version-history":[{"count":3,"href":"https:\/\/agora.xtec.cat\/llarinfantselmolipetit\/wp-json\/wp\/v2\/pages\/26\/revisions"}],"predecessor-version":[{"id":634,"href":"https:\/\/agora.xtec.cat\/llarinfantselmolipetit\/wp-json\/wp\/v2\/pages\/26\/revisions\/634"}],"up":[{"embeddable":true,"href":"https:\/\/agora.xtec.cat\/llarinfantselmolipetit\/wp-json\/wp\/v2\/pages\/22"}],"wp:attachment":[{"href":"https:\/\/agora.xtec.cat\/llarinfantselmolipetit\/wp-json\/wp\/v2\/media?parent=26"}],"curies":[{"name":"wp","href":"https:\/\/api.w.org\/{rel}","templated":true}]}}