{"id":768,"date":"2020-06-15T18:21:12","date_gmt":"2020-06-15T16:21:12","guid":{"rendered":"http:\/\/agora.xtec.cat\/llaresquitxsallent\/?page_id=768"},"modified":"2025-09-05T11:19:26","modified_gmt":"2025-09-05T09:19:26","slug":"documentacio-del-centre","status":"publish","type":"page","link":"https:\/\/agora.xtec.cat\/llaresquitxsallent\/lescola-2\/documentacio-del-centre\/","title":{"rendered":"Documentaci\u00f3 del centre"},"content":{"rendered":"<h5><span style=\"text-decoration: underline;\"><strong>Llibret inici de curs<\/strong><\/span><\/h5>\n<ul>\n<li>\n<h6><a href=\"https:\/\/drive.google.com\/file\/d\/185UITOjiJXRsrFuncJG_P6h6KUPxfLU8\/view?usp=sharing\" target=\"_blank\" rel=\"noopener\">Estimades fam\u00edlies curs 25-26<\/a><\/h6>\n<\/li>\n<\/ul>\n<h5><span style=\"text-decoration: underline;\"><span style=\"font-weight: bold;\">Autoritzacions<\/span><\/span><\/h5>\n<ul>\n<li>\n<h6><a href=\"https:\/\/drive.google.com\/file\/d\/1OUN9HnKE4nbwhbDQfAdWyC4xsL4n1Kzt\/view?usp=sharing\" target=\"_blank\" rel=\"noopener\">Drets d&#8217;imatge <\/a>(Autoritzaci\u00f3 relativa als alumnes menors de 14 anys: \u00fas d\u2019imatges, publicaci\u00f3 de dades de car\u00e0cter personal i de material que elaboren)<\/h6>\n<\/li>\n<li>\n<h6><a href=\"https:\/\/drive.google.com\/file\/d\/1x8ZXfCPY9oE_GI5yf8q15fu7AKTEpGpY\/view?usp=sharing\" target=\"_blank\" rel=\"noopener\">Autoritzaci\u00f3 sortides<\/a><\/h6>\n<\/li>\n<\/ul>\n<ul>\n<li>\n<h6><a href=\"https:\/\/drive.google.com\/file\/d\/1moH6RD86jZbVtpCdRhdWqeYr-LN6JqIN\/view?usp=sharing\" target=\"_blank\" rel=\"noopener noreferrer\">Autoritzaci\u00f3 recollida germans\/es menors d&#8217;edat<\/a><\/h6>\n<\/li>\n<li>\n<h6><a href=\"https:\/\/drive.google.com\/file\/d\/14BVD5h62AgInemhyCUsu_m3dSEScXQlW\/view?usp=sharing\" target=\"_blank\" rel=\"noopener\">Autoritzaci\u00f3 d&#8217;administraci\u00f3 de medicaments<\/a><\/h6>\n<\/li>\n<\/ul>\n<h6><\/h6>\n<h5><span style=\"text-decoration: underline;\"><strong>Documentaci\u00f3 de l&#8217;escola<\/strong><\/span><\/h5>\n<ul>\n<li>\n<h6><a href=\"https:\/\/drive.google.com\/file\/d\/1RE4a6lU5wBWuLUgxOjLgW9j8RfudJnGd\/view?usp=sharing\" target=\"_blank\" rel=\"noopener\">Projecte Educatiu del centre (PEC)<\/a> (en revisi\u00f3)<\/h6>\n<\/li>\n<li>\n<h6><a href=\"https:\/\/drive.google.com\/file\/d\/17RGaSKnHBNNqlcgEFt90O8_Lq0kAZ0Jj\/view?usp=sharing\" target=\"_blank\" rel=\"noopener\">Projecte ling\u00fc\u00edstic de centre (PLC)<\/a><\/h6>\n<\/li>\n<li>\n<h6><a href=\"https:\/\/drive.google.com\/file\/d\/1xE8zpgkamuNA25xaSqwdhoP_sSShO9zX\/view?usp=sharing\" target=\"_blank\" rel=\"noopener\">Normes d&#8217;organitzaci\u00f3 i funcionament de centre (NOFC)<\/a> (en revisi\u00f3)<\/h6>\n<\/li>\n<\/ul>\n","protected":false},"excerpt":{"rendered":"<p>Llibret inici de curs Estimades fam\u00edlies curs 25-26 Autoritzacions Drets d&#8217;imatge (Autoritzaci\u00f3 relativa als alumnes menors de 14 anys: \u00fas d\u2019imatges, publicaci\u00f3 de dades de car\u00e0cter personal i de material que elaboren) Autoritzaci\u00f3 sortides Autoritzaci\u00f3 recollida germans\/es menors d&#8217;edat Autoritzaci\u00f3 d&#8217;administraci\u00f3 de medicaments Documentaci\u00f3 de l&#8217;escola Projecte Educatiu del centre (PEC) (en revisi\u00f3) Projecte ling\u00fc\u00edstic [&hellip;]<\/p>\n","protected":false},"author":1,"featured_media":0,"parent":22,"menu_order":50,"comment_status":"closed","ping_status":"closed","template":"","meta":{"_bbp_topic_count":0,"_bbp_reply_count":0,"_bbp_total_topic_count":0,"_bbp_total_reply_count":0,"_bbp_voice_count":0,"_bbp_anonymous_reply_count":0,"_bbp_topic_count_hidden":0,"_bbp_reply_count_hidden":0,"_bbp_forum_subforum_count":0,"site-sidebar-layout":"default","site-content-layout":"","ast-site-content-layout":"default","site-content-style":"default","site-sidebar-style":"default","ast-global-header-display":"","ast-banner-title-visibility":"","ast-main-header-display":"","ast-hfb-above-header-display":"","ast-hfb-below-header-display":"","ast-hfb-mobile-header-display":"","site-post-title":"","ast-breadcrumbs-content":"","ast-featured-img":"","footer-sml-layout":"","theme-transparent-header-meta":"","adv-header-id-meta":"","stick-header-meta":"","header-above-stick-meta":"","header-main-stick-meta":"","header-below-stick-meta":"","astra-migrate-meta-layouts":"set","ast-page-background-enabled":"default","ast-page-background-meta":{"desktop":{"background-color":"var(--ast-global-color-4)","background-image":"","background-repeat":"repeat","background-position":"center center","background-size":"auto","background-attachment":"scroll","background-type":"","background-media":"","overlay-type":"","overlay-color":"","overlay-opacity":"","overlay-gradient":""},"tablet":{"background-color":"","background-image":"","background-repeat":"repeat","background-position":"center center","background-size":"auto","background-attachment":"scroll","background-type":"","background-media":"","overlay-type":"","overlay-color":"","overlay-opacity":"","overlay-gradient":""},"mobile":{"background-color":"","background-image":"","background-repeat":"repeat","background-position":"center center","background-size":"auto","background-attachment":"scroll","background-type":"","background-media":"","overlay-type":"","overlay-color":"","overlay-opacity":"","overlay-gradient":""}},"ast-content-background-meta":{"desktop":{"background-color":"var(--ast-global-color-5)","background-image":"","background-repeat":"repeat","background-position":"center center","background-size":"auto","background-attachment":"scroll","background-type":"","background-media":"","overlay-type":"","overlay-color":"","overlay-opacity":"","overlay-gradient":""},"tablet":{"background-color":"var(--ast-global-color-5)","background-image":"","background-repeat":"repeat","background-position":"center center","background-size":"auto","background-attachment":"scroll","background-type":"","background-media":"","overlay-type":"","overlay-color":"","overlay-opacity":"","overlay-gradient":""},"mobile":{"background-color":"var(--ast-global-color-5)","background-image":"","background-repeat":"repeat","background-position":"center center","background-size":"auto","background-attachment":"scroll","background-type":"","background-media":"","overlay-type":"","overlay-color":"","overlay-opacity":"","overlay-gradient":""}},"footnotes":""},"class_list":["post-768","page","type-page","status-publish","hentry"],"post_mailing_queue_ids":[],"_links":{"self":[{"href":"https:\/\/agora.xtec.cat\/llaresquitxsallent\/wp-json\/wp\/v2\/pages\/768","targetHints":{"allow":["GET"]}}],"collection":[{"href":"https:\/\/agora.xtec.cat\/llaresquitxsallent\/wp-json\/wp\/v2\/pages"}],"about":[{"href":"https:\/\/agora.xtec.cat\/llaresquitxsallent\/wp-json\/wp\/v2\/types\/page"}],"author":[{"embeddable":true,"href":"https:\/\/agora.xtec.cat\/llaresquitxsallent\/wp-json\/wp\/v2\/users\/1"}],"replies":[{"embeddable":true,"href":"https:\/\/agora.xtec.cat\/llaresquitxsallent\/wp-json\/wp\/v2\/comments?post=768"}],"version-history":[{"count":6,"href":"https:\/\/agora.xtec.cat\/llaresquitxsallent\/wp-json\/wp\/v2\/pages\/768\/revisions"}],"predecessor-version":[{"id":2706,"href":"https:\/\/agora.xtec.cat\/llaresquitxsallent\/wp-json\/wp\/v2\/pages\/768\/revisions\/2706"}],"up":[{"embeddable":true,"href":"https:\/\/agora.xtec.cat\/llaresquitxsallent\/wp-json\/wp\/v2\/pages\/22"}],"wp:attachment":[{"href":"https:\/\/agora.xtec.cat\/llaresquitxsallent\/wp-json\/wp\/v2\/media?parent=768"}],"curies":[{"name":"wp","href":"https:\/\/api.w.org\/{rel}","templated":true}]}}