{"id":646,"date":"2020-06-09T17:55:42","date_gmt":"2020-06-09T15:55:42","guid":{"rendered":"http:\/\/agora.xtec.cat\/llaresquitxsallent\/?page_id=646"},"modified":"2025-11-29T19:14:25","modified_gmt":"2025-11-29T18:14:25","slug":"menjador","status":"publish","type":"page","link":"https:\/\/agora.xtec.cat\/llaresquitxsallent\/serveis\/menjador\/","title":{"rendered":"Menjador escolar"},"content":{"rendered":"<p>L&#8217;horari de menjador \u00e9s de 12:00 h a 13:00 h, oferim servei de menjador amb cuina pr\u00f2pia, on es preparen men\u00fas casolans adaptats espec\u00edficament per als infants. En casos de necessitats aliment\u00e0ries especials, elaborem men\u00fas personalitzats sota prescripci\u00f3 m\u00e8dica.<\/p>\n<p>El men\u00fa del mes el trobareu a la p\u00e0gina principal, dins de la targeta <strong>\u201c<a href=\"https:\/\/agora.xtec.cat\/llaresquitxsallent\/\">Men\u00fa mensual<\/a>\u201d<\/strong>.<\/p>\n<h2 style=\"text-align: left;\"><span style=\"font-size: 18pt;\"><strong>FULL INFORMATIU MENJADOR<\/strong><\/span><\/h2>\n<p>Les fam\u00edlies que vulgueu deixar els vostres fills\/es al menjador de la llar d\u2019infants heu de tenir presents les seg\u00fcents q\u00fcestions, que trobareu detallades en el document seg\u00fcent: <em><strong><a href=\"https:\/\/drive.google.com\/file\/d\/1ynp1G8ITRG-b1Xr9kYvF7-s1f_r_2hCJ\/view?usp=sharing\" target=\"_blank\" rel=\"noopener\">Full informatiu del menjador<\/a><\/strong><\/em><\/p>\n<p>*En cas d&#8217;al\u00b7l\u00e8rgia o intoler\u00e0ncia aliment\u00e0ria s&#8217;adaptar\u00e0 el men\u00fa, per\u00f2 caldr\u00e0 aportar un informe m\u00e8dic.<\/p>\n<pre style=\"text-align: right;\"><img loading=\"lazy\" decoding=\"async\" class=\"aligncenter wp-image-2333\" src=\"https:\/\/agora.xtec.cat\/llaresquitxsallent\/wp-content\/uploads\/usu1065\/2025\/04\/Consells_page-0001-1024x725.jpg\" alt=\"\" width=\"857\" height=\"607\" srcset=\"https:\/\/agora.xtec.cat\/llaresquitxsallent\/wp-content\/uploads\/usu1065\/2025\/04\/Consells_page-0001-1024x725.jpg 1024w, https:\/\/agora.xtec.cat\/llaresquitxsallent\/wp-content\/uploads\/usu1065\/2025\/04\/Consells_page-0001-300x212.jpg 300w, https:\/\/agora.xtec.cat\/llaresquitxsallent\/wp-content\/uploads\/usu1065\/2025\/04\/Consells_page-0001-768x543.jpg 768w, https:\/\/agora.xtec.cat\/llaresquitxsallent\/wp-content\/uploads\/usu1065\/2025\/04\/Consells_page-0001-1536x1087.jpg 1536w, https:\/\/agora.xtec.cat\/llaresquitxsallent\/wp-content\/uploads\/usu1065\/2025\/04\/Consells_page-0001.jpg 1754w\" sizes=\"auto, (max-width: 857px) 100vw, 857px\" \/><span style=\"font-family: inherit; font-size: 1em;\">Font: canalsalut.gentcat.cat<\/span><\/pre>\n<h5><\/h5>\n<h4>\u27a1 <a href=\"https:\/\/drive.google.com\/file\/d\/10ZdWCDhCWKWc3sO7my_gVfhjG3473xFk\/view?usp=sharing\">Acompanyar Els \u00e0pats dels infants &#8211; Consells per a les fam\u00edlies i per als menjadors escolars\u00a0<\/a><\/h4>\n<h1><\/h1>\n<ul>\n<li>\n<h4><a href=\"https:\/\/drive.google.com\/file\/d\/1gyRhigm-74T2RPgSXAPDqhucgUW3mmWV\/view?usp=sharing\" target=\"_blank\" rel=\"noopener\">Informe de valoraci\u00f3 de la programaci\u00f3 de men\u00fas del Departament d&#8217;Educaci\u00f3 de la llar d&#8217;infants L&#8217;Esquitx<\/a><\/h4>\n<\/li>\n<li>\n<h4>Document guia alimentaci\u00f3 saludable: <a href=\"https:\/\/drive.google.com\/file\/d\/1_OFAWlfcANAPgg-8mJD2XgOhrOfDXq5q\/view?usp=sharing\" target=\"_blank\" rel=\"noopener\">L&#8217;alimentaci\u00f3 saludable en la primera inf\u00e0ncia<\/a><\/h4>\n<\/li>\n<\/ul>\n","protected":false},"excerpt":{"rendered":"<p>L&#8217;horari de menjador \u00e9s de 12:00 h a 13:00 h, oferim servei de menjador amb cuina pr\u00f2pia, on es preparen men\u00fas casolans adaptats espec\u00edficament per als infants. En casos de necessitats aliment\u00e0ries especials, elaborem men\u00fas personalitzats sota prescripci\u00f3 m\u00e8dica. El men\u00fa del mes el trobareu a la p\u00e0gina principal, dins de la targeta \u201cMen\u00fa mensual\u201d. [&hellip;]<\/p>\n","protected":false},"author":1,"featured_media":0,"parent":66,"menu_order":20,"comment_status":"closed","ping_status":"closed","template":"","meta":{"_bbp_topic_count":0,"_bbp_reply_count":0,"_bbp_total_topic_count":0,"_bbp_total_reply_count":0,"_bbp_voice_count":0,"_bbp_anonymous_reply_count":0,"_bbp_topic_count_hidden":0,"_bbp_reply_count_hidden":0,"_bbp_forum_subforum_count":0,"site-sidebar-layout":"no-sidebar","site-content-layout":"","ast-site-content-layout":"normal-width-container","site-content-style":"default","site-sidebar-style":"default","ast-global-header-display":"","ast-banner-title-visibility":"","ast-main-header-display":"","ast-hfb-above-header-display":"","ast-hfb-below-header-display":"","ast-hfb-mobile-header-display":"","site-post-title":"","ast-breadcrumbs-content":"","ast-featured-img":"","footer-sml-layout":"","theme-transparent-header-meta":"","adv-header-id-meta":"","stick-header-meta":"","header-above-stick-meta":"","header-main-stick-meta":"","header-below-stick-meta":"","astra-migrate-meta-layouts":"set","ast-page-background-enabled":"default","ast-page-background-meta":{"desktop":{"background-color":"var(--ast-global-color-4)","background-image":"","background-repeat":"repeat","background-position":"center center","background-size":"auto","background-attachment":"scroll","background-type":"","background-media":"","overlay-type":"","overlay-color":"","overlay-opacity":"","overlay-gradient":""},"tablet":{"background-color":"","background-image":"","background-repeat":"repeat","background-position":"center center","background-size":"auto","background-attachment":"scroll","background-type":"","background-media":"","overlay-type":"","overlay-color":"","overlay-opacity":"","overlay-gradient":""},"mobile":{"background-color":"","background-image":"","background-repeat":"repeat","background-position":"center center","background-size":"auto","background-attachment":"scroll","background-type":"","background-media":"","overlay-type":"","overlay-color":"","overlay-opacity":"","overlay-gradient":""}},"ast-content-background-meta":{"desktop":{"background-color":"var(--ast-global-color-5)","background-image":"","background-repeat":"repeat","background-position":"center center","background-size":"auto","background-attachment":"scroll","background-type":"","background-media":"","overlay-type":"","overlay-color":"","overlay-opacity":"","overlay-gradient":""},"tablet":{"background-color":"var(--ast-global-color-5)","background-image":"","background-repeat":"repeat","background-position":"center center","background-size":"auto","background-attachment":"scroll","background-type":"","background-media":"","overlay-type":"","overlay-color":"","overlay-opacity":"","overlay-gradient":""},"mobile":{"background-color":"var(--ast-global-color-5)","background-image":"","background-repeat":"repeat","background-position":"center center","background-size":"auto","background-attachment":"scroll","background-type":"","background-media":"","overlay-type":"","overlay-color":"","overlay-opacity":"","overlay-gradient":""}},"footnotes":""},"class_list":["post-646","page","type-page","status-publish","hentry"],"post_mailing_queue_ids":[],"_links":{"self":[{"href":"https:\/\/agora.xtec.cat\/llaresquitxsallent\/wp-json\/wp\/v2\/pages\/646","targetHints":{"allow":["GET"]}}],"collection":[{"href":"https:\/\/agora.xtec.cat\/llaresquitxsallent\/wp-json\/wp\/v2\/pages"}],"about":[{"href":"https:\/\/agora.xtec.cat\/llaresquitxsallent\/wp-json\/wp\/v2\/types\/page"}],"author":[{"embeddable":true,"href":"https:\/\/agora.xtec.cat\/llaresquitxsallent\/wp-json\/wp\/v2\/users\/1"}],"replies":[{"embeddable":true,"href":"https:\/\/agora.xtec.cat\/llaresquitxsallent\/wp-json\/wp\/v2\/comments?post=646"}],"version-history":[{"count":6,"href":"https:\/\/agora.xtec.cat\/llaresquitxsallent\/wp-json\/wp\/v2\/pages\/646\/revisions"}],"predecessor-version":[{"id":2755,"href":"https:\/\/agora.xtec.cat\/llaresquitxsallent\/wp-json\/wp\/v2\/pages\/646\/revisions\/2755"}],"up":[{"embeddable":true,"href":"https:\/\/agora.xtec.cat\/llaresquitxsallent\/wp-json\/wp\/v2\/pages\/66"}],"wp:attachment":[{"href":"https:\/\/agora.xtec.cat\/llaresquitxsallent\/wp-json\/wp\/v2\/media?parent=646"}],"curies":[{"name":"wp","href":"https:\/\/api.w.org\/{rel}","templated":true}]}}