{"id":1615,"date":"2022-07-13T08:52:24","date_gmt":"2022-07-13T06:52:24","guid":{"rendered":"https:\/\/agora.xtec.cat\/llaresquitxsallent\/?page_id=1615"},"modified":"2025-09-05T13:27:53","modified_gmt":"2025-09-05T11:27:53","slug":"preinscripcio-curs-2022-2023","status":"publish","type":"page","link":"https:\/\/agora.xtec.cat\/llaresquitxsallent\/preinscripcio-curs-2022-2023\/","title":{"rendered":"Preinscripci\u00f3 curs 2025-26"},"content":{"rendered":"<ul>\n<li>\n<h5><a href=\"https:\/\/preinscripcio.gencat.cat\/ca\/estudis\/infantil-0-3\/inici\/\" target=\"_blank\" rel=\"noopener\">Informaci\u00f3 del Departament d&#8217;Educaci\u00f3 sobre la preinscripci\u00f3 escolar a l&#8217;educaci\u00f3 infantil (0 a 3 anys): Calendari i els terminis<\/a><\/h5>\n<\/li>\n<li>\n<h5><a href=\"https:\/\/documents.espai.educacio.gencat.cat\/FormularisModels\/CentresGestioAdministrativa\/A70.pdf\">Sol\u00b7licitud preinscripci\u00f3 llar d&#8217;infants curs 2025-2026<\/a><\/h5>\n<\/li>\n<li>\n<h5><a href=\"https:\/\/drive.google.com\/file\/d\/1oQ4_uhk2XwsNDsEPEkDBSUwYNn7AR1cg\/view?usp=sharing\" target=\"_blank\" rel=\"noopener\">Documentaci\u00f3 per formalitzar la matr\u00edcula<\/a><\/h5>\n<\/li>\n<\/ul>\n<h6><strong style=\"font-size: 1.1em;\">*Pots fer la preinscripci\u00f3 presencialment o per via telem\u00e0tica.<\/strong><\/h6>\n<p data-start=\"434\" data-end=\"583\"><em data-start=\"588\" data-end=\"628\">L\u2019equip de la Llar d\u2019Infants l\u2019Esquitx<\/em><\/p>\n\n\n<p><\/p>\n","protected":false},"excerpt":{"rendered":"<p>Informaci\u00f3 del Departament d&#8217;Educaci\u00f3 sobre la preinscripci\u00f3 escolar a l&#8217;educaci\u00f3 infantil (0 a 3 anys): Calendari i els terminis Sol\u00b7licitud preinscripci\u00f3 llar d&#8217;infants curs 2025-2026 Documentaci\u00f3 per formalitzar la matr\u00edcula *Pots fer la preinscripci\u00f3 presencialment o per via telem\u00e0tica. L\u2019equip de la Llar d\u2019Infants l\u2019Esquitx<\/p>\n","protected":false},"author":1,"featured_media":0,"parent":0,"menu_order":0,"comment_status":"closed","ping_status":"closed","template":"","meta":{"_bbp_topic_count":0,"_bbp_reply_count":0,"_bbp_total_topic_count":0,"_bbp_total_reply_count":0,"_bbp_voice_count":0,"_bbp_anonymous_reply_count":0,"_bbp_topic_count_hidden":0,"_bbp_reply_count_hidden":0,"_bbp_forum_subforum_count":0,"site-sidebar-layout":"no-sidebar","site-content-layout":"","ast-site-content-layout":"default","site-content-style":"default","site-sidebar-style":"default","ast-global-header-display":"","ast-banner-title-visibility":"","ast-main-header-display":"","ast-hfb-above-header-display":"","ast-hfb-below-header-display":"","ast-hfb-mobile-header-display":"","site-post-title":"","ast-breadcrumbs-content":"","ast-featured-img":"","footer-sml-layout":"","theme-transparent-header-meta":"disabled","adv-header-id-meta":"","stick-header-meta":"","header-above-stick-meta":"","header-main-stick-meta":"","header-below-stick-meta":"","astra-migrate-meta-layouts":"set","ast-page-background-enabled":"default","ast-page-background-meta":{"desktop":{"background-color":"var(--ast-global-color-4)","background-image":"","background-repeat":"repeat","background-position":"center center","background-size":"auto","background-attachment":"scroll","background-type":"","background-media":"","overlay-type":"","overlay-color":"","overlay-opacity":"","overlay-gradient":""},"tablet":{"background-color":"","background-image":"","background-repeat":"repeat","background-position":"center center","background-size":"auto","background-attachment":"scroll","background-type":"","background-media":"","overlay-type":"","overlay-color":"","overlay-opacity":"","overlay-gradient":""},"mobile":{"background-color":"","background-image":"","background-repeat":"repeat","background-position":"center center","background-size":"auto","background-attachment":"scroll","background-type":"","background-media":"","overlay-type":"","overlay-color":"","overlay-opacity":"","overlay-gradient":""}},"ast-content-background-meta":{"desktop":{"background-color":"var(--ast-global-color-5)","background-image":"","background-repeat":"repeat","background-position":"center center","background-size":"auto","background-attachment":"scroll","background-type":"","background-media":"","overlay-type":"","overlay-color":"","overlay-opacity":"","overlay-gradient":""},"tablet":{"background-color":"var(--ast-global-color-5)","background-image":"","background-repeat":"repeat","background-position":"center center","background-size":"auto","background-attachment":"scroll","background-type":"","background-media":"","overlay-type":"","overlay-color":"","overlay-opacity":"","overlay-gradient":""},"mobile":{"background-color":"var(--ast-global-color-5)","background-image":"","background-repeat":"repeat","background-position":"center center","background-size":"auto","background-attachment":"scroll","background-type":"","background-media":"","overlay-type":"","overlay-color":"","overlay-opacity":"","overlay-gradient":""}},"footnotes":""},"class_list":["post-1615","page","type-page","status-publish","hentry"],"post_mailing_queue_ids":[],"_links":{"self":[{"href":"https:\/\/agora.xtec.cat\/llaresquitxsallent\/wp-json\/wp\/v2\/pages\/1615","targetHints":{"allow":["GET"]}}],"collection":[{"href":"https:\/\/agora.xtec.cat\/llaresquitxsallent\/wp-json\/wp\/v2\/pages"}],"about":[{"href":"https:\/\/agora.xtec.cat\/llaresquitxsallent\/wp-json\/wp\/v2\/types\/page"}],"author":[{"embeddable":true,"href":"https:\/\/agora.xtec.cat\/llaresquitxsallent\/wp-json\/wp\/v2\/users\/1"}],"replies":[{"embeddable":true,"href":"https:\/\/agora.xtec.cat\/llaresquitxsallent\/wp-json\/wp\/v2\/comments?post=1615"}],"version-history":[{"count":6,"href":"https:\/\/agora.xtec.cat\/llaresquitxsallent\/wp-json\/wp\/v2\/pages\/1615\/revisions"}],"predecessor-version":[{"id":2711,"href":"https:\/\/agora.xtec.cat\/llaresquitxsallent\/wp-json\/wp\/v2\/pages\/1615\/revisions\/2711"}],"wp:attachment":[{"href":"https:\/\/agora.xtec.cat\/llaresquitxsallent\/wp-json\/wp\/v2\/media?parent=1615"}],"curies":[{"name":"wp","href":"https:\/\/api.w.org\/{rel}","templated":true}]}}