{"id":1505,"date":"2022-04-26T15:25:48","date_gmt":"2022-04-26T13:25:48","guid":{"rendered":"https:\/\/agora.xtec.cat\/llaresquitxsallent\/?page_id=1505"},"modified":"2025-05-27T22:55:25","modified_gmt":"2025-05-27T20:55:25","slug":"la-canco-de-lesquitx-40-anys","status":"publish","type":"page","link":"https:\/\/agora.xtec.cat\/llaresquitxsallent\/lescola-2\/la-canco-de-lesquitx-40-anys\/","title":{"rendered":"La can\u00e7\u00f3 de l&#8217;Esquitx (40 anys)"},"content":{"rendered":"<h4>Vols gaudir de la can\u00e7\u00f3 de la nostra escola?<\/h4>\n<p><img loading=\"lazy\" decoding=\"async\" class=\"aligncenter size-large wp-image-1510\" src=\"https:\/\/agora.xtec.cat\/llaresquitxsallent\/wp-content\/uploads\/usu1065\/2022\/04\/partitura-esquitx-1024x724.jpg\" alt=\"\" width=\"1024\" height=\"724\" srcset=\"https:\/\/agora.xtec.cat\/llaresquitxsallent\/wp-content\/uploads\/usu1065\/2022\/04\/partitura-esquitx-1024x724.jpg 1024w, https:\/\/agora.xtec.cat\/llaresquitxsallent\/wp-content\/uploads\/usu1065\/2022\/04\/partitura-esquitx-300x212.jpg 300w, https:\/\/agora.xtec.cat\/llaresquitxsallent\/wp-content\/uploads\/usu1065\/2022\/04\/partitura-esquitx-768x543.jpg 768w, https:\/\/agora.xtec.cat\/llaresquitxsallent\/wp-content\/uploads\/usu1065\/2022\/04\/partitura-esquitx-1536x1086.jpg 1536w, https:\/\/agora.xtec.cat\/llaresquitxsallent\/wp-content\/uploads\/usu1065\/2022\/04\/partitura-esquitx-2048x1448.jpg 2048w\" sizes=\"auto, (max-width: 1024px) 100vw, 1024px\" \/><\/p>\n<!--[if lt IE 9]><script>document.createElement('audio');<\/script><![endif]-->\n<audio class=\"wp-audio-shortcode\" id=\"audio-1505-1\" preload=\"none\" style=\"width: 100%;\" controls=\"controls\"><source type=\"audio\/mpeg\" src=\"https:\/\/agora.xtec.cat\/llaresquitxsallent\/wp-content\/uploads\/usu1065\/2022\/04\/La-Canco-de-lEsquitx.mp3?_=1\" \/><a href=\"https:\/\/agora.xtec.cat\/llaresquitxsallent\/wp-content\/uploads\/usu1065\/2022\/04\/La-Canco-de-lEsquitx.mp3\">https:\/\/agora.xtec.cat\/llaresquitxsallent\/wp-content\/uploads\/usu1065\/2022\/04\/La-Canco-de-lEsquitx.mp3<\/a><\/audio>\n","protected":false},"excerpt":{"rendered":"<p>Vols gaudir de la can\u00e7\u00f3 de la nostra escola?<\/p>\n","protected":false},"author":1,"featured_media":0,"parent":22,"menu_order":55,"comment_status":"closed","ping_status":"closed","template":"","meta":{"_bbp_topic_count":0,"_bbp_reply_count":0,"_bbp_total_topic_count":0,"_bbp_total_reply_count":0,"_bbp_voice_count":0,"_bbp_anonymous_reply_count":0,"_bbp_topic_count_hidden":0,"_bbp_reply_count_hidden":0,"_bbp_forum_subforum_count":0,"site-sidebar-layout":"no-sidebar","site-content-layout":"","ast-site-content-layout":"default","site-content-style":"default","site-sidebar-style":"default","ast-global-header-display":"","ast-banner-title-visibility":"","ast-main-header-display":"","ast-hfb-above-header-display":"","ast-hfb-below-header-display":"","ast-hfb-mobile-header-display":"","site-post-title":"","ast-breadcrumbs-content":"","ast-featured-img":"","footer-sml-layout":"","theme-transparent-header-meta":"default","adv-header-id-meta":"","stick-header-meta":"","header-above-stick-meta":"","header-main-stick-meta":"","header-below-stick-meta":"","astra-migrate-meta-layouts":"set","ast-page-background-enabled":"default","ast-page-background-meta":{"desktop":{"background-color":"var(--ast-global-color-4)","background-image":"","background-repeat":"repeat","background-position":"center center","background-size":"auto","background-attachment":"scroll","background-type":"","background-media":"","overlay-type":"","overlay-color":"","overlay-opacity":"","overlay-gradient":""},"tablet":{"background-color":"","background-image":"","background-repeat":"repeat","background-position":"center center","background-size":"auto","background-attachment":"scroll","background-type":"","background-media":"","overlay-type":"","overlay-color":"","overlay-opacity":"","overlay-gradient":""},"mobile":{"background-color":"","background-image":"","background-repeat":"repeat","background-position":"center center","background-size":"auto","background-attachment":"scroll","background-type":"","background-media":"","overlay-type":"","overlay-color":"","overlay-opacity":"","overlay-gradient":""}},"ast-content-background-meta":{"desktop":{"background-color":"var(--ast-global-color-5)","background-image":"","background-repeat":"repeat","background-position":"center center","background-size":"auto","background-attachment":"scroll","background-type":"","background-media":"","overlay-type":"","overlay-color":"","overlay-opacity":"","overlay-gradient":""},"tablet":{"background-color":"var(--ast-global-color-5)","background-image":"","background-repeat":"repeat","background-position":"center center","background-size":"auto","background-attachment":"scroll","background-type":"","background-media":"","overlay-type":"","overlay-color":"","overlay-opacity":"","overlay-gradient":""},"mobile":{"background-color":"var(--ast-global-color-5)","background-image":"","background-repeat":"repeat","background-position":"center center","background-size":"auto","background-attachment":"scroll","background-type":"","background-media":"","overlay-type":"","overlay-color":"","overlay-opacity":"","overlay-gradient":""}},"footnotes":""},"class_list":["post-1505","page","type-page","status-publish","hentry"],"post_mailing_queue_ids":[],"_links":{"self":[{"href":"https:\/\/agora.xtec.cat\/llaresquitxsallent\/wp-json\/wp\/v2\/pages\/1505","targetHints":{"allow":["GET"]}}],"collection":[{"href":"https:\/\/agora.xtec.cat\/llaresquitxsallent\/wp-json\/wp\/v2\/pages"}],"about":[{"href":"https:\/\/agora.xtec.cat\/llaresquitxsallent\/wp-json\/wp\/v2\/types\/page"}],"author":[{"embeddable":true,"href":"https:\/\/agora.xtec.cat\/llaresquitxsallent\/wp-json\/wp\/v2\/users\/1"}],"replies":[{"embeddable":true,"href":"https:\/\/agora.xtec.cat\/llaresquitxsallent\/wp-json\/wp\/v2\/comments?post=1505"}],"version-history":[{"count":3,"href":"https:\/\/agora.xtec.cat\/llaresquitxsallent\/wp-json\/wp\/v2\/pages\/1505\/revisions"}],"predecessor-version":[{"id":2282,"href":"https:\/\/agora.xtec.cat\/llaresquitxsallent\/wp-json\/wp\/v2\/pages\/1505\/revisions\/2282"}],"up":[{"embeddable":true,"href":"https:\/\/agora.xtec.cat\/llaresquitxsallent\/wp-json\/wp\/v2\/pages\/22"}],"wp:attachment":[{"href":"https:\/\/agora.xtec.cat\/llaresquitxsallent\/wp-json\/wp\/v2\/media?parent=1505"}],"curies":[{"name":"wp","href":"https:\/\/api.w.org\/{rel}","templated":true}]}}