{"id":840,"date":"2020-04-30T01:31:30","date_gmt":"2020-04-29T23:31:30","guid":{"rendered":"https:\/\/agora.xtec.cat\/llarespurna\/?page_id=840"},"modified":"2020-04-30T02:09:32","modified_gmt":"2020-04-30T00:09:32","slug":"plastica","status":"publish","type":"page","link":"https:\/\/agora.xtec.cat\/llarespurna\/plastica\/","title":{"rendered":"PL\u00c0STICA"},"content":{"rendered":"<p>&nbsp;<\/p>\n<p>&nbsp;<\/p>\n<p>&nbsp;<\/p>\n<p>&nbsp;<\/p>\n<p>&nbsp;<\/p>\n<p><a href=\"https:\/\/agora.xtec.cat\/llarespurna\/wp-content\/uploads\/usu224\/2020\/04\/casal-1.jpg\"><img loading=\"lazy\" decoding=\"async\" class=\"alignnone wp-image-842\" src=\"https:\/\/agora.xtec.cat\/llarespurna\/wp-content\/uploads\/usu224\/2020\/04\/casal-1-300x158.jpg\" alt=\"\" width=\"442\" height=\"233\" srcset=\"https:\/\/agora.xtec.cat\/llarespurna\/wp-content\/uploads\/usu224\/2020\/04\/casal-1-300x158.jpg 300w, https:\/\/agora.xtec.cat\/llarespurna\/wp-content\/uploads\/usu224\/2020\/04\/casal-1-768x403.jpg 768w, https:\/\/agora.xtec.cat\/llarespurna\/wp-content\/uploads\/usu224\/2020\/04\/casal-1-1024x538.jpg 1024w, https:\/\/agora.xtec.cat\/llarespurna\/wp-content\/uploads\/usu224\/2020\/04\/casal-1.jpg 1200w\" sizes=\"auto, (max-width: 442px) 100vw, 442px\" \/><\/a><a href=\"https:\/\/agora.xtec.cat\/llarespurna\/wp-content\/uploads\/usu224\/2020\/04\/hugo-2-e1588195673277.jpg\"><img loading=\"lazy\" decoding=\"async\" class=\"size-medium wp-image-805 aligncenter\" src=\"https:\/\/agora.xtec.cat\/llarespurna\/wp-content\/uploads\/usu224\/2020\/04\/hugo-2-e1588195673277-300x225.jpg\" alt=\"\" width=\"300\" height=\"225\" srcset=\"https:\/\/agora.xtec.cat\/llarespurna\/wp-content\/uploads\/usu224\/2020\/04\/hugo-2-e1588195673277-300x225.jpg 300w, https:\/\/agora.xtec.cat\/llarespurna\/wp-content\/uploads\/usu224\/2020\/04\/hugo-2-e1588195673277-768x576.jpg 768w, https:\/\/agora.xtec.cat\/llarespurna\/wp-content\/uploads\/usu224\/2020\/04\/hugo-2-e1588195673277-1024x768.jpg 1024w, https:\/\/agora.xtec.cat\/llarespurna\/wp-content\/uploads\/usu224\/2020\/04\/hugo-2-e1588195673277-200x150.jpg 200w\" sizes=\"auto, (max-width: 300px) 100vw, 300px\" \/><\/a><\/p>\n<p>&nbsp;<\/p>\n<h3><span style=\"color: #000080;\"><strong>L\u2019educaci\u00f3 pl\u00e0stica t\u00e9 com a finalitat el desenvolupament de les capacitats perceptives, expressives i est\u00e8tiques. <\/strong><\/span><\/h3>\n<h3><span style=\"color: #000080;\"><strong>Tanmateix l\u2019objectiu es potenciar el desenvolupament de la imaginaci\u00f3, la creativitat i la intelig\u00e8ncia emocional. Oferint diferents materials i t\u00e8cniques posades al seu abast i aprofifant la connexi\u00f3 natural amb qualsevol joc, o experi\u00e8ncia d\u2019expressi\u00f3 corporal, verbal o musical, i aix\u00ed afavorim el desenvolupament de l\u2019expressi\u00f3 pl\u00e0stica i espont\u00e0nia dels infants.<\/strong><\/span><\/h3>\n<h3><span style=\"color: #000080;\"><strong>Cal respectar els seus ritmes,descobriments, i manera personal d\u2019expressar-se.<\/strong><\/span><\/h3>\n<p>&nbsp;<\/p>\n","protected":false},"excerpt":{"rendered":"<p>&nbsp;<br \/>\n&nbsp;<br \/>\n&nbsp;<br \/>\n&nbsp;<br \/>\n&nbsp;<br \/>\n<a href=\"https:\/\/agora.xtec.cat\/llarespurna\/wp-content\/uploads\/usu224\/2020\/04\/casal-1.jpg\"><\/a><a href=\"https:\/\/agora.xtec.cat\/llarespurna\/wp-content\/uploads\/usu224\/2020\/04\/hugo-2-e1588195673277.jpg\"><\/a><br \/>\n&nbsp;<br \/>\nL\u2019educaci\u00f3 pl\u00e0stica t\u00e9 com a finalitat el desenvolupament de les capacitats perceptives, expressives i est\u00e8tiques.<br \/>\nTanmateix l\u2019objectiu es potenciar el desenvolupament de la imaginaci\u00f3, la creativitat i la intelig\u00e8ncia emocional. Oferint diferents materials i t\u00e8cniques posades al seu abast i aprofifant la connexi\u00f3&hellip;  <a href=\"https:\/\/agora.xtec.cat\/llarespurna\/plastica\/\" title=\"Read PL\u00c0STICA\">Llegeix m\u00e9s\u00bb<\/a><\/p>\n","protected":false},"author":3,"featured_media":0,"parent":0,"menu_order":0,"comment_status":"closed","ping_status":"closed","template":"","meta":{"_bbp_topic_count":0,"_bbp_reply_count":0,"_bbp_total_topic_count":0,"_bbp_total_reply_count":0,"_bbp_voice_count":0,"_bbp_anonymous_reply_count":0,"_bbp_topic_count_hidden":0,"_bbp_reply_count_hidden":0,"_bbp_forum_subforum_count":0,"footnotes":""},"class_list":["post-840","page","type-page","status-publish","hentry"],"post_mailing_queue_ids":[],"_links":{"self":[{"href":"https:\/\/agora.xtec.cat\/llarespurna\/wp-json\/wp\/v2\/pages\/840","targetHints":{"allow":["GET"]}}],"collection":[{"href":"https:\/\/agora.xtec.cat\/llarespurna\/wp-json\/wp\/v2\/pages"}],"about":[{"href":"https:\/\/agora.xtec.cat\/llarespurna\/wp-json\/wp\/v2\/types\/page"}],"author":[{"embeddable":true,"href":"https:\/\/agora.xtec.cat\/llarespurna\/wp-json\/wp\/v2\/users\/3"}],"replies":[{"embeddable":true,"href":"https:\/\/agora.xtec.cat\/llarespurna\/wp-json\/wp\/v2\/comments?post=840"}],"version-history":[{"count":3,"href":"https:\/\/agora.xtec.cat\/llarespurna\/wp-json\/wp\/v2\/pages\/840\/revisions"}],"predecessor-version":[{"id":850,"href":"https:\/\/agora.xtec.cat\/llarespurna\/wp-json\/wp\/v2\/pages\/840\/revisions\/850"}],"wp:attachment":[{"href":"https:\/\/agora.xtec.cat\/llarespurna\/wp-json\/wp\/v2\/media?parent=840"}],"curies":[{"name":"wp","href":"https:\/\/api.w.org\/{rel}","templated":true}]}}