{"id":77,"date":"2014-09-18T14:05:08","date_gmt":"2014-09-18T13:05:08","guid":{"rendered":"http:\/\/agora.xtec.cat\/llarespurna\/?page_id=77"},"modified":"2020-04-24T15:34:28","modified_gmt":"2020-04-24T13:34:28","slug":"acollida","status":"publish","type":"page","link":"https:\/\/agora.xtec.cat\/llarespurna\/serveis\/acollida\/","title":{"rendered":"Acollida"},"content":{"rendered":"<p>&nbsp;<\/p>\n<p>&nbsp;<\/p>\n<p>A la nostra llar d&#8217;infants tenim servei d&#8217;acollida, des de les <strong>8 h a les 9 h del mat\u00ed<\/strong>, per atendre a les necessitats de les fam\u00edlies.<\/p>\n<p>Aquest servei el porta a terme una empresa auxiliar, que posa al nostre abast un personal expert i qualificat, en l&#8217;atenci\u00f3 dels infants.<\/p>\n<p>El servei es va iniciar el curs 2018\/19, al mes\u00a0 d&#8217;octubre, un cop finalitzat el per\u00edode d&#8217;adaptaci\u00f3. El <strong>cost del servei \u00e9s addicional<\/strong> al preu d&#8217;estada, i pot ser per dia de servei, o per mensualitats.<\/p>\n<h6><strong>S&#8217;ofereix per a tot el mes, o dies espor\u00e0dics.<\/strong><\/h6>\n<p>Esperem seguir oferint aquest servei d&#8217;acollida, en funci\u00f3 de la demanda de les fam\u00edlies.<\/p>\n<p><img loading=\"lazy\" decoding=\"async\" class=\"wp-image-507 size-medium aligncenter\" src=\"https:\/\/agora.xtec.cat\/llarespurna\/wp-content\/uploads\/usu224\/2019\/06\/image1-300x170.jpg\" alt=\"\" width=\"300\" height=\"170\" srcset=\"https:\/\/agora.xtec.cat\/llarespurna\/wp-content\/uploads\/usu224\/2019\/06\/image1-300x170.jpg 300w, https:\/\/agora.xtec.cat\/llarespurna\/wp-content\/uploads\/usu224\/2019\/06\/image1.jpg 591w\" sizes=\"auto, (max-width: 300px) 100vw, 300px\" \/><\/p>\n<h4><a href=\"https:\/\/agora.xtec.cat\/llarespurna\/wp-content\/uploads\/usu224\/2019\/06\/image1.jpg\">NORMES PER UNA BONA UTILITZACIO DEL SERVEI D&#8217;ACOLLIDA<\/a><\/h4>\n<ul>\n<li>\n<h6>Deixeu la motxilla amb un parell de bolquers a dins, o b\u00e9 un recanvi , si l&#8217;infant jano porta\u00a0 bolquer, o la jaqueta als penjadors de l&#8217;entrada.<\/h6>\n<\/li>\n<li>\n<h6>Els nens\/es han de venir esmorzats de casa. Nom\u00e9s en casos puntuals, heu de deixar l&#8217;esmorzar (biber\u00f3, carmanyola,&#8230;) marcat amb el nom del petit\/a i el de la classe a l&#8217;espai destinat a la sala gran.<\/h6>\n<\/li>\n<li>\n<h6>Aconsellem venir a buscar a tots aquells infants que utilitzen el servei d&#8217;acollida, i fan l&#8217;horari complert, a les16,30.<\/h6>\n<\/li>\n<li>\n<h6>El cobrament\u00a0 es domiciliar\u00e0 per l&#8217;entitat banc\u00e0ria, excepte si l&#8217;infant nom\u00e9s fa servir un dia al mes.<\/h6>\n<\/li>\n<\/ul>\n","protected":false},"excerpt":{"rendered":"<p>&nbsp;<br \/>\n&nbsp;<br \/>\nA la nostra llar d&#8217;infants tenim servei d&#8217;acollida, des de les 8 h a les 9 h del mat\u00ed, per atendre a les necessitats de les fam\u00edlies.<br \/>\nAquest servei el porta a terme una empresa auxiliar, que posa al nostre abast un personal expert i qualificat,&hellip;  <a href=\"https:\/\/agora.xtec.cat\/llarespurna\/serveis\/acollida\/\" title=\"Read Acollida\">Llegeix m\u00e9s\u00bb<\/a><\/p>\n","protected":false},"author":1,"featured_media":0,"parent":66,"menu_order":20,"comment_status":"closed","ping_status":"closed","template":"","meta":{"_bbp_topic_count":0,"_bbp_reply_count":0,"_bbp_total_topic_count":0,"_bbp_total_reply_count":0,"_bbp_voice_count":0,"_bbp_anonymous_reply_count":0,"_bbp_topic_count_hidden":0,"_bbp_reply_count_hidden":0,"_bbp_forum_subforum_count":0,"footnotes":""},"class_list":["post-77","page","type-page","status-publish","hentry"],"post_mailing_queue_ids":[],"_links":{"self":[{"href":"https:\/\/agora.xtec.cat\/llarespurna\/wp-json\/wp\/v2\/pages\/77","targetHints":{"allow":["GET"]}}],"collection":[{"href":"https:\/\/agora.xtec.cat\/llarespurna\/wp-json\/wp\/v2\/pages"}],"about":[{"href":"https:\/\/agora.xtec.cat\/llarespurna\/wp-json\/wp\/v2\/types\/page"}],"author":[{"embeddable":true,"href":"https:\/\/agora.xtec.cat\/llarespurna\/wp-json\/wp\/v2\/users\/1"}],"replies":[{"embeddable":true,"href":"https:\/\/agora.xtec.cat\/llarespurna\/wp-json\/wp\/v2\/comments?post=77"}],"version-history":[{"count":4,"href":"https:\/\/agora.xtec.cat\/llarespurna\/wp-json\/wp\/v2\/pages\/77\/revisions"}],"predecessor-version":[{"id":644,"href":"https:\/\/agora.xtec.cat\/llarespurna\/wp-json\/wp\/v2\/pages\/77\/revisions\/644"}],"up":[{"embeddable":true,"href":"https:\/\/agora.xtec.cat\/llarespurna\/wp-json\/wp\/v2\/pages\/66"}],"wp:attachment":[{"href":"https:\/\/agora.xtec.cat\/llarespurna\/wp-json\/wp\/v2\/media?parent=77"}],"curies":[{"name":"wp","href":"https:\/\/api.w.org\/{rel}","templated":true}]}}