{"id":73,"date":"2014-09-18T14:01:51","date_gmt":"2014-09-18T13:01:51","guid":{"rendered":"http:\/\/agora.xtec.cat\/llarespurna\/?page_id=73"},"modified":"2020-04-20T17:46:20","modified_gmt":"2020-04-20T15:46:20","slug":"menjador-escolar","status":"publish","type":"page","link":"https:\/\/agora.xtec.cat\/llarespurna\/serveis\/menjador-escolar\/","title":{"rendered":"Menjador escolar"},"content":{"rendered":"<p>La nostra llar d&#8217;infants ofereix <strong>servei de menjador al migdia<\/strong> pels infants des de quatre mesos fins als tres anys.<\/p>\n<p>Disposem de <strong>cuina pr\u00f2pia<\/strong> on s&#8217;elaboren\u00a0 di\u00e0riament els men\u00fas, per un cuiner especialitzat, i que compta amb la col\u00b7laboraci\u00f3 d&#8217;un\/a ajudant de cuina.<\/p>\n<p>Oferim <strong>dos men\u00fas diferenciats<\/strong>, en funci\u00f3 de l&#8217;edat dels infants. Un de triturat per als m\u00e9s petits, i un de sencer per tots aquells nens i nenes que ja mengen tota mena d&#8217;aliments. En cas d&#8217;intoler\u00e0ncies i\/o al\u00b7l\u00e8rgies tamb\u00e9 elaborem un <strong>\u00e0pat espec\u00edfic<\/strong>, sempre sota\u00a0 prescripci\u00f3 m\u00e8dica.<\/p>\n<p>L&#8217;elaboraci\u00f3 dels men\u00fas es realitza a partir de l&#8217;assessorament d&#8217;un expert en nutrici\u00f3.<\/p>\n","protected":false},"excerpt":{"rendered":"<p>La nostra llar d&#8217;infants ofereix servei de menjador al migdia pels infants des de quatre mesos fins als tres anys.<br \/>\nDisposem de cuina pr\u00f2pia on s&#8217;elaboren\u00a0 di\u00e0riament els men\u00fas, per un cuiner especialitzat, i que compta amb la col\u00b7laboraci\u00f3 d&#8217;un\/a ajudant de cuina.<br \/>\nOferim dos men\u00fas diferenciats,&hellip;  <a href=\"https:\/\/agora.xtec.cat\/llarespurna\/serveis\/menjador-escolar\/\" title=\"Read Menjador escolar\">Llegeix m\u00e9s\u00bb<\/a><\/p>\n","protected":false},"author":1,"featured_media":0,"parent":66,"menu_order":30,"comment_status":"closed","ping_status":"closed","template":"page-templates\/side-menu.php","meta":{"_bbp_topic_count":0,"_bbp_reply_count":0,"_bbp_total_topic_count":0,"_bbp_total_reply_count":0,"_bbp_voice_count":0,"_bbp_anonymous_reply_count":0,"_bbp_topic_count_hidden":0,"_bbp_reply_count_hidden":0,"_bbp_forum_subforum_count":0,"footnotes":""},"class_list":["post-73","page","type-page","status-publish","hentry"],"post_mailing_queue_ids":[],"_links":{"self":[{"href":"https:\/\/agora.xtec.cat\/llarespurna\/wp-json\/wp\/v2\/pages\/73","targetHints":{"allow":["GET"]}}],"collection":[{"href":"https:\/\/agora.xtec.cat\/llarespurna\/wp-json\/wp\/v2\/pages"}],"about":[{"href":"https:\/\/agora.xtec.cat\/llarespurna\/wp-json\/wp\/v2\/types\/page"}],"author":[{"embeddable":true,"href":"https:\/\/agora.xtec.cat\/llarespurna\/wp-json\/wp\/v2\/users\/1"}],"replies":[{"embeddable":true,"href":"https:\/\/agora.xtec.cat\/llarespurna\/wp-json\/wp\/v2\/comments?post=73"}],"version-history":[{"count":3,"href":"https:\/\/agora.xtec.cat\/llarespurna\/wp-json\/wp\/v2\/pages\/73\/revisions"}],"predecessor-version":[{"id":587,"href":"https:\/\/agora.xtec.cat\/llarespurna\/wp-json\/wp\/v2\/pages\/73\/revisions\/587"}],"up":[{"embeddable":true,"href":"https:\/\/agora.xtec.cat\/llarespurna\/wp-json\/wp\/v2\/pages\/66"}],"wp:attachment":[{"href":"https:\/\/agora.xtec.cat\/llarespurna\/wp-json\/wp\/v2\/media?parent=73"}],"curies":[{"name":"wp","href":"https:\/\/api.w.org\/{rel}","templated":true}]}}