{"id":32,"date":"2014-09-18T12:31:33","date_gmt":"2014-09-18T11:31:33","guid":{"rendered":"http:\/\/agora.xtec.cat\/llarespurna\/?page_id=32"},"modified":"2025-09-23T16:35:33","modified_gmt":"2025-09-23T14:35:33","slug":"calendari-del-curs","status":"publish","type":"page","link":"https:\/\/agora.xtec.cat\/llarespurna\/lescola\/calendari-del-curs\/","title":{"rendered":"Calendari del curs"},"content":{"rendered":"<h4><strong>Calendari Espurna 2025-2026<a href=\"https:\/\/agora.xtec.cat\/llarespurna\/lescola\/calendari-del-curs\/attachment\/noucalendari-escolar-2025-2026-2\/\" rel=\"attachment wp-att-2218\"><img loading=\"lazy\" decoding=\"async\" class=\" wp-image-2218 alignleft\" src=\"https:\/\/agora.xtec.cat\/llarespurna\/wp-content\/uploads\/usu224\/2025\/09\/NOUcalendari-escolar-2025-2026-300x212.jpg\" alt=\"\" width=\"439\" height=\"310\" srcset=\"https:\/\/agora.xtec.cat\/llarespurna\/wp-content\/uploads\/usu224\/2025\/09\/NOUcalendari-escolar-2025-2026-300x212.jpg 300w, https:\/\/agora.xtec.cat\/llarespurna\/wp-content\/uploads\/usu224\/2025\/09\/NOUcalendari-escolar-2025-2026-1024x724.jpg 1024w, https:\/\/agora.xtec.cat\/llarespurna\/wp-content\/uploads\/usu224\/2025\/09\/NOUcalendari-escolar-2025-2026-768x543.jpg 768w, https:\/\/agora.xtec.cat\/llarespurna\/wp-content\/uploads\/usu224\/2025\/09\/NOUcalendari-escolar-2025-2026-1536x1086.jpg 1536w, https:\/\/agora.xtec.cat\/llarespurna\/wp-content\/uploads\/usu224\/2025\/09\/NOUcalendari-escolar-2025-2026-2048x1448.jpg 2048w\" sizes=\"auto, (max-width: 439px) 100vw, 439px\" \/><\/a><\/strong><\/h4>\n<h4><strong>Inici de curs:<\/strong><\/h4>\n<p>Les classes comen\u00e7aran el 8 de setembre de 2025 i acabaran dimarts 30 de juny de 2026<\/p>\n<h4><strong>Vacances:<\/strong><\/h4>\n<p><strong>DE NADAL<\/strong>: Del 22 de desembre de 2025\u00a0 al 7 de gener de 2026\u00a0 (ambd\u00f3s inclosos),. El dimecres 19 de desembre l\u2019horari ser\u00e0 de 9h a 12h del migdia o de 9h a 13h del migdia si el nen\/a es queda a menjador, previ acord amb el Departament d\u2019Ensenyament.<\/p>\n<p><strong>SETMANA SANTA<\/strong>: del 30 de mar\u00e7 al 6 d\u2019 abril de 2026, ambd\u00f3s inclosos.<\/p>\n<p><strong>D&#8217;ESTIU<\/strong>: A partir del 30 de juny de 2026<\/p>\n<h4><\/h4>\n<h4>Dies festius:<\/h4>\n<h4><strong>\u00a0Any 2025:<\/strong><\/h4>\n<ul>\n<li>Dijous\u00a0 11 de setembre( la diada)<\/li>\n<li>Dilluns\u00a0 \u00a0 8 de desembre (Constituci\u00f3)<\/li>\n<\/ul>\n<p><strong>Any 2026: \u00a0<\/strong><\/p>\n<ul>\n<li>dimecres\u00a0 24 de juny( sant Joan)<\/li>\n<\/ul>\n<p><strong>DE LLIURE DISPOSICI\u00d3<\/strong><\/p>\n<ul>\n<li>Divendres 31 d\u2019octubre 2025<\/li>\n<li>Dimarts\u00a0 9 de desembre\u00a0 2025<\/li>\n<li>Divendres\u00a0 20 de febrer 2026<\/li>\n<li>Divendres 13 de mar\u00e7\u00a0 \u00a02026<\/li>\n<li>Dilluns 1 de juny\u00a0 \u00a0 \u00a0 \u00a0 \u00a0 \u00a0 2026<\/li>\n<\/ul>\n<p>L\u2019<b>horari lectiu<\/b> del centre \u00e9s de 9 a 12,30 h i de 15,00 a 16,30 h\u00a0 per a tots els alumnes del centre.<\/p>\n<h4><span id=\"Jornada_compactada\"><strong>Jornada compactada:<\/strong><\/span><\/h4>\n<p>el dia 19 de desembre<\/p>\n<p>del 22 al 30 de juny de\u00a0 2026(ambd\u00f3s inclosos)<\/p>\n<p>L\u2019<b>horari\u00a0<\/b>del centre \u00e9s de <strong>9 h a 17 h<\/strong>. En horari compactat els alumnes que utilitzen el servei de menjador surten despr\u00e9s de dinar. l el per\u00edode compr\u00e8s entre 22,23, <strong>\u00a025, 26, 29 i 30 de juny de 2025, <\/strong>durant els quals l\u2019horari d\u2019atenci\u00f3 ser\u00e0 de <strong>9 h a 12 h o de 9 h a 13 h<\/strong>.<\/p>\n<p>&nbsp;<\/p>\n<p>&nbsp;<\/p>\n<p>\ufffc<br \/>\nGoogle Drive: inicio de sesi\u00f3n<\/p>\n","protected":false},"excerpt":{"rendered":"<p>Calendari Espurna 2025-2026<a href=\"https:\/\/agora.xtec.cat\/llarespurna\/lescola\/calendari-del-curs\/attachment\/noucalendari-escolar-2025-2026-2\/\" rel=\"attachment wp-att-2218\"><\/a><br \/>\nInici de curs:<br \/>\nLes classes comen\u00e7aran el 8 de setembre de 2025 i acabaran dimarts 30 de juny de 2026<br \/>\nVacances:<br \/>\nDE NADAL: Del 22 de desembre de 2025\u00a0 al 7 de gener de 2026\u00a0 (ambd\u00f3s inclosos),. El dimecres 19 de desembre l\u2019horari&hellip;  <a href=\"https:\/\/agora.xtec.cat\/llarespurna\/lescola\/calendari-del-curs\/\" title=\"Read Calendari del curs\">Llegeix m\u00e9s\u00bb<\/a><\/p>\n","protected":false},"author":1,"featured_media":0,"parent":22,"menu_order":50,"comment_status":"closed","ping_status":"closed","template":"page-templates\/side-menu.php","meta":{"_bbp_topic_count":0,"_bbp_reply_count":0,"_bbp_total_topic_count":0,"_bbp_total_reply_count":0,"_bbp_voice_count":0,"_bbp_anonymous_reply_count":0,"_bbp_topic_count_hidden":0,"_bbp_reply_count_hidden":0,"_bbp_forum_subforum_count":0,"footnotes":""},"class_list":["post-32","page","type-page","status-publish","hentry"],"post_mailing_queue_ids":[],"_links":{"self":[{"href":"https:\/\/agora.xtec.cat\/llarespurna\/wp-json\/wp\/v2\/pages\/32","targetHints":{"allow":["GET"]}}],"collection":[{"href":"https:\/\/agora.xtec.cat\/llarespurna\/wp-json\/wp\/v2\/pages"}],"about":[{"href":"https:\/\/agora.xtec.cat\/llarespurna\/wp-json\/wp\/v2\/types\/page"}],"author":[{"embeddable":true,"href":"https:\/\/agora.xtec.cat\/llarespurna\/wp-json\/wp\/v2\/users\/1"}],"replies":[{"embeddable":true,"href":"https:\/\/agora.xtec.cat\/llarespurna\/wp-json\/wp\/v2\/comments?post=32"}],"version-history":[{"count":6,"href":"https:\/\/agora.xtec.cat\/llarespurna\/wp-json\/wp\/v2\/pages\/32\/revisions"}],"predecessor-version":[{"id":2221,"href":"https:\/\/agora.xtec.cat\/llarespurna\/wp-json\/wp\/v2\/pages\/32\/revisions\/2221"}],"up":[{"embeddable":true,"href":"https:\/\/agora.xtec.cat\/llarespurna\/wp-json\/wp\/v2\/pages\/22"}],"wp:attachment":[{"href":"https:\/\/agora.xtec.cat\/llarespurna\/wp-json\/wp\/v2\/media?parent=32"}],"curies":[{"name":"wp","href":"https:\/\/api.w.org\/{rel}","templated":true}]}}