{"id":26,"date":"2014-09-18T12:24:32","date_gmt":"2014-09-18T11:24:32","guid":{"rendered":"http:\/\/agora.xtec.cat\/llarespurna\/?page_id=26"},"modified":"2020-06-03T20:20:42","modified_gmt":"2020-06-03T18:20:42","slug":"historia","status":"publish","type":"page","link":"https:\/\/agora.xtec.cat\/llarespurna\/lescola\/historia\/","title":{"rendered":"Hist\u00f2ria"},"content":{"rendered":"<p>La Llar d\u2019 Infants l&#8217;Espurna, va ser la segona escola p\u00fablica de 0-3 anys que es va crear a Manresa,\u00a0 per part de la Direcci\u00f3 General de Serveis Socials de la Generalitat de Catalunya.<\/p>\n<p><span style=\"font-weight: 400;\">L\u2019any 1979 es comen\u00e7a les obres per a la construcci\u00f3 de l\u2019Espurna amb l\u2019enderrocament del paviment de l\u2019antic Casalot, i l\u2019excavaci\u00f3 de terres per als fonaments.<\/span><\/p>\n<p><span style=\"font-weight: 400;\">.En fer l\u2019excavaci\u00f3, per\u00f2 , trobaren un <\/span><span style=\"font-weight: 400;\">refugi\u00a0 havent d\u2019anar a buscar la cimentaci\u00f3 m\u00e9s fonda a m\u00e9s\u00a0 a m\u00e9s d\u2019una qualitat de terreny molt dolenta.<\/span><\/p>\n<p><span style=\"font-weight: 400;\">Amb tots aquests problemes i amb un augment de pressupostos , l\u2019 empresa constructora atur\u00e0 les obres. Paral\u00b7lelament a tots aquests fets, les \u201cguarderies de conveni\u201d passaren a dependre de l\u2019I.N.A.S ( Institut Nacional d\u2019Assist\u00e8ncia Social ).<\/span><\/p>\n<p><span style=\"font-weight: 400;\">A finals de l\u2019any 1980 van reprendre\u00a0 les obres per\u00f2 un cop acabades mancava encara l\u2019acondicionament\u00a0 de l\u2019interior de la Llar.<\/span><\/p>\n<p><span style=\"font-weight: 400;\">Fins al novembre de 1982 no es va fer realitat l\u2019obertura de l\u2019escola, concretament el dia 17 de novembre.<\/span><\/p>\n<p><span style=\"font-weight: 400;\">L\u2019arquitecte Sr. Matinell va ser qui va certificar que l\u2019obra era acabada.<\/span><\/p>\n<h3><span style=\"font-weight: 400;\">L\u2019any 1985 les llars d\u2019infants passen a dependre de l\u2019 I . C . A. S. ( Institut Catal\u00e0 d\u2019Assist\u00e8ncia i Serveis Socials ) i posteriorment , des de l&#8217;any 1989 les llars, pertanyen al Departament d\u2019Ensenyament de\u00a0 la Generalitat de Catalunya.<\/span><\/h3>\n<p>&nbsp;<\/p>\n<p><a href=\"https:\/\/agora.xtec.cat\/llarespurna\/wp-content\/uploads\/usu224\/2020\/04\/closes-22.jpg\"><img loading=\"lazy\" decoding=\"async\" class=\"wp-image-650 size-medium\" src=\"https:\/\/agora.xtec.cat\/llarespurna\/wp-content\/uploads\/usu224\/2020\/04\/closes-22-300x196.jpg\" alt=\"\" width=\"300\" height=\"196\" srcset=\"https:\/\/agora.xtec.cat\/llarespurna\/wp-content\/uploads\/usu224\/2020\/04\/closes-22-300x196.jpg 300w, https:\/\/agora.xtec.cat\/llarespurna\/wp-content\/uploads\/usu224\/2020\/04\/closes-22-768x501.jpg 768w, https:\/\/agora.xtec.cat\/llarespurna\/wp-content\/uploads\/usu224\/2020\/04\/closes-22-1024x668.jpg 1024w, https:\/\/agora.xtec.cat\/llarespurna\/wp-content\/uploads\/usu224\/2020\/04\/closes-22.jpg 1520w\" sizes=\"auto, (max-width: 300px) 100vw, 300px\" \/><\/a><\/p>\n<h3><a href=\"https:\/\/agora.xtec.cat\/llarespurna\/wp-content\/uploads\/usu224\/2020\/04\/20-3-2000_lespurna_5.jpg\"><img loading=\"lazy\" decoding=\"async\" class=\"alignnone size-medium wp-image-651\" src=\"https:\/\/agora.xtec.cat\/llarespurna\/wp-content\/uploads\/usu224\/2020\/04\/20-3-2000_lespurna_5-300x199.jpg\" alt=\"\" width=\"300\" height=\"199\" srcset=\"https:\/\/agora.xtec.cat\/llarespurna\/wp-content\/uploads\/usu224\/2020\/04\/20-3-2000_lespurna_5-300x199.jpg 300w, https:\/\/agora.xtec.cat\/llarespurna\/wp-content\/uploads\/usu224\/2020\/04\/20-3-2000_lespurna_5-768x510.jpg 768w, https:\/\/agora.xtec.cat\/llarespurna\/wp-content\/uploads\/usu224\/2020\/04\/20-3-2000_lespurna_5-1024x681.jpg 1024w, https:\/\/agora.xtec.cat\/llarespurna\/wp-content\/uploads\/usu224\/2020\/04\/20-3-2000_lespurna_5.jpg 1336w\" sizes=\"auto, (max-width: 300px) 100vw, 300px\" \/><strong>El pintor Vila-Closes pintant pels infants de l&#8217;Espurna<\/strong><\/a><\/h3>\n","protected":false},"excerpt":{"rendered":"<p>La Llar d\u2019 Infants l&#8217;Espurna, va ser la segona escola p\u00fablica de 0-3 anys que es va crear a Manresa,\u00a0 per part de la Direcci\u00f3 General de Serveis Socials de la Generalitat de Catalunya.<br \/>\nL\u2019any 1979 es comen\u00e7a les obres per a la construcci\u00f3 de l\u2019Espurna&hellip;  <a href=\"https:\/\/agora.xtec.cat\/llarespurna\/lescola\/historia\/\" title=\"Read Hist\u00f2ria\">Llegeix m\u00e9s\u00bb<\/a><\/p>\n","protected":false},"author":1,"featured_media":0,"parent":22,"menu_order":20,"comment_status":"closed","ping_status":"closed","template":"page-templates\/side-menu.php","meta":{"_bbp_topic_count":0,"_bbp_reply_count":0,"_bbp_total_topic_count":0,"_bbp_total_reply_count":0,"_bbp_voice_count":0,"_bbp_anonymous_reply_count":0,"_bbp_topic_count_hidden":0,"_bbp_reply_count_hidden":0,"_bbp_forum_subforum_count":0,"footnotes":""},"class_list":["post-26","page","type-page","status-publish","hentry"],"post_mailing_queue_ids":[],"_links":{"self":[{"href":"https:\/\/agora.xtec.cat\/llarespurna\/wp-json\/wp\/v2\/pages\/26","targetHints":{"allow":["GET"]}}],"collection":[{"href":"https:\/\/agora.xtec.cat\/llarespurna\/wp-json\/wp\/v2\/pages"}],"about":[{"href":"https:\/\/agora.xtec.cat\/llarespurna\/wp-json\/wp\/v2\/types\/page"}],"author":[{"embeddable":true,"href":"https:\/\/agora.xtec.cat\/llarespurna\/wp-json\/wp\/v2\/users\/1"}],"replies":[{"embeddable":true,"href":"https:\/\/agora.xtec.cat\/llarespurna\/wp-json\/wp\/v2\/comments?post=26"}],"version-history":[{"count":4,"href":"https:\/\/agora.xtec.cat\/llarespurna\/wp-json\/wp\/v2\/pages\/26\/revisions"}],"predecessor-version":[{"id":1173,"href":"https:\/\/agora.xtec.cat\/llarespurna\/wp-json\/wp\/v2\/pages\/26\/revisions\/1173"}],"up":[{"embeddable":true,"href":"https:\/\/agora.xtec.cat\/llarespurna\/wp-json\/wp\/v2\/pages\/22"}],"wp:attachment":[{"href":"https:\/\/agora.xtec.cat\/llarespurna\/wp-json\/wp\/v2\/media?parent=26"}],"curies":[{"name":"wp","href":"https:\/\/api.w.org\/{rel}","templated":true}]}}