{"id":38,"date":"2022-09-18T12:34:08","date_gmt":"2022-09-18T10:34:08","guid":{"rendered":"http:\/\/agora.xtec.cat\/llarelsangels\/?page_id=38"},"modified":"2026-03-17T09:53:35","modified_gmt":"2026-03-17T08:53:35","slug":"salut","status":"publish","type":"page","link":"https:\/\/agora.xtec.cat\/llarelsangels\/lescola\/salut\/","title":{"rendered":"Salut"},"content":{"rendered":"<h3>SALUT<\/h3>\n<p>Per tal de disminuir el risc de contagi de malalties dins la llar, recomanem seguir aquestes normes d&#8217;actuaci\u00f3:<\/p>\n<ul>\n<li>Quan un infant est\u00e0 malalt no pot assistir a la llar, per evitar encomanar-ho i per l&#8217;atenci\u00f3 diferent que necessita i no li podem oferir. Aix\u00f2 inclou aquells processos que no cursen amb febre.<\/li>\n<li>Un infant que t\u00e9 febre igual o superior a 37,5\u00baC haur\u00e0 de quedar-se a casa fins que desapareguin aquests s\u00edmptomes.<\/li>\n<li>Si un infant es posa malalt a la llar, s&#8217;avisar\u00e0 a la fam\u00edlia immediatament i caldr\u00e0 venir a recollir-lo.<\/li>\n<\/ul>\n<p>La llar d\u2019infants aplica els <a href=\"https:\/\/scientiasalut.gencat.cat\/handle\/11351\/3061.4\" target=\"_blank\" rel=\"noopener\">\u201cCriteris de no-assist\u00e8ncia de l\u2019alumnat a l\u2019escola o a la llar d\u2019infants durant un per\u00edode de temps determinat a causa de malalties transmissibles\u201d<\/a> que publica la Generalitat de Catalunya.<\/p>\n<p>Si un infant s&#8217;accidenta a la llar s&#8217;avisa immediatament a la fam\u00edlia. Si l&#8217;accident \u00e9s greu s&#8217;avisar\u00e0 primer al 112.<\/p>\n<p>&nbsp;<\/p>\n<h4>MEDICAMENTS<\/h4>\n<p>Si l&#8217;infant ha de prendre alguna medicaci\u00f3 en les hores que est\u00e0 a la llar, el pare, mare o tutor legal ha d&#8217;aportar la recepta m\u00e8dica especificant: nom del medicament, dosi, horari i durada del tractament (incl\u00f2s per a medicaci\u00f3 homeop\u00e0tica).<\/p>\n<p>Tamb\u00e9 haur\u00e0 de signar una autoritzaci\u00f3 perqu\u00e8 el personal del centre administri al nen\/a la medicaci\u00f3 prescrita.<\/p>\n<p>Es recomana evitar la presa de medicaments en horari lectiu sempre que aix\u00f2 sigui possible.<\/p>\n<p>&nbsp;<\/p>\n<h4>AL\u00b7L\u00c8RGIES<\/h4>\n<p>En cas d&#8217;al\u00b7l\u00e8rgies o intoler\u00e0ncies, \u00e9s deure de la fam\u00edlia informar-ne a la llar per tal d&#8217;aplicar les mesures necess\u00e0ries. Cal acreditar-ho amb un informe m\u00e8dic.<\/p>\n<p>El men\u00fa de la llar s&#8217;adapta a les necessitats de l&#8217;infant amb al\u00b7l\u00e8rgia o intoler\u00e0ncia, i a la cuina i a l&#8217;aula s&#8217;apliquen els protocols establerts al respecte.<\/p>\n<p>&nbsp;<\/p>\n<h4>PAR\u00c0SITS<\/h4>\n<p>En cas de pediculosi (polls) s&#8217;avisar\u00e0 a la fam\u00edlia perqu\u00e8 reculli el seu fill\/a de forma immediata. L&#8217;infant podr\u00e0 tornar a les 24 hores d&#8217;haver realitzat el tractament.<\/p>\n<p>&nbsp;<\/p>\n<p>&nbsp;<\/p>\n<p>&nbsp;<\/p>\n<p>&nbsp;<\/p>\n<p>&nbsp;<\/p>\n<p>&nbsp;<\/p>\n<p>&nbsp;<\/p>\n<p>&nbsp;<\/p>\n","protected":false},"excerpt":{"rendered":"<p>SALUT<br \/>\nPer tal de disminuir el risc de contagi de malalties dins la llar, recomanem seguir aquestes normes d&#8217;actuaci\u00f3:<\/p>\n<ul>\n<li>Quan un infant est\u00e0 malalt no pot assistir a la llar, per evitar encomanar-ho i per l&#8217;atenci\u00f3 diferent que necessita i no li podem oferir. Aix\u00f2 inclou aquells&hellip;  <a href=\"https:\/\/agora.xtec.cat\/llarelsangels\/lescola\/salut\/\" title=\"Read Salut\">Llegeix m\u00e9s\u00bb<\/a><br \/>\n","protected":false},"author":1,"featured_media":0,"parent":22,"menu_order":80,"comment_status":"closed","ping_status":"closed","template":"page-templates\/side-menu.php","meta":{"_bbp_topic_count":0,"_bbp_reply_count":0,"_bbp_total_topic_count":0,"_bbp_total_reply_count":0,"_bbp_voice_count":0,"_bbp_anonymous_reply_count":0,"_bbp_topic_count_hidden":0,"_bbp_reply_count_hidden":0,"_bbp_forum_subforum_count":0,"footnotes":""},"class_list":["post-38","page","type-page","status-publish","hentry"],"post_mailing_queue_ids":[],"_links":{"self":[{"href":"https:\/\/agora.xtec.cat\/llarelsangels\/wp-json\/wp\/v2\/pages\/38","targetHints":{"allow":["GET"]}}],"collection":[{"href":"https:\/\/agora.xtec.cat\/llarelsangels\/wp-json\/wp\/v2\/pages"}],"about":[{"href":"https:\/\/agora.xtec.cat\/llarelsangels\/wp-json\/wp\/v2\/types\/page"}],"author":[{"embeddable":true,"href":"https:\/\/agora.xtec.cat\/llarelsangels\/wp-json\/wp\/v2\/users\/1"}],"replies":[{"embeddable":true,"href":"https:\/\/agora.xtec.cat\/llarelsangels\/wp-json\/wp\/v2\/comments?post=38"}],"version-history":[{"count":5,"href":"https:\/\/agora.xtec.cat\/llarelsangels\/wp-json\/wp\/v2\/pages\/38\/revisions"}],"predecessor-version":[{"id":2269,"href":"https:\/\/agora.xtec.cat\/llarelsangels\/wp-json\/wp\/v2\/pages\/38\/revisions\/2269"}],"up":[{"embeddable":true,"href":"https:\/\/agora.xtec.cat\/llarelsangels\/wp-json\/wp\/v2\/pages\/22"}],"wp:attachment":[{"href":"https:\/\/agora.xtec.cat\/llarelsangels\/wp-json\/wp\/v2\/media?parent=38"}],"curies":[{"name":"wp","href":"https:\/\/api.w.org\/{rel}","templated":true}]}}