{"id":788,"date":"2021-04-26T11:36:51","date_gmt":"2021-04-26T09:36:51","guid":{"rendered":"https:\/\/agora.xtec.cat\/llarelrossinyol\/?page_id=788"},"modified":"2023-11-03T07:09:48","modified_gmt":"2023-11-03T06:09:48","slug":"presentacio","status":"publish","type":"page","link":"https:\/\/agora.xtec.cat\/llarelrossinyol\/afa\/presentacio\/","title":{"rendered":"Presentaci\u00f3"},"content":{"rendered":"<p>L&#8217;AFA \u00e9s una associaci\u00f3 de fam\u00edlies d&#8217;alumnes, sense <u>\u00e0nim de lucre<\/u>, que s\u2019organitza i promou activitats per <u>col\u00b7laborar<\/u> amb la llar i cobrir necessitats, participa activament en el s\u00ed de la comunitat educativa i proposa i incentiva el debat d\u2019accions i actuacions de millora al centre, tan en els aspectes de funcionament com en els m\u00e9s estructurals.<\/p>\n<p>L&#8217;AFA funciona perqu\u00e8 la Llar pugui gaudir de la implicaci\u00f3 de les fam\u00edlies en el projecte que duu a terme l\u2019equip educatiu. Es tracta d\u2019una gran oportunitat per a formar part en l\u2019educaci\u00f3 que volem que rebin els nostres fills\/es.<\/p>\n<p>Des de l&#8217;AFA tamb\u00e9 tenim, de moment, un parell de <strong>comissions obertes<\/strong> a totes les fam\u00edlies de la Llar: la comissi\u00f3 &#8216;FEM LLAR&#8217; i la comissi\u00f3 &#8216;ESCOLA VERDA&#8217; on treballem conjuntament amb l&#8217;equip educatiu del centre.<\/p>\n<ul>\n<li>La<strong> comissi\u00f3 &#8216;Fem Llar&#8217;<\/strong> es va constitu\u00eft el curs 2022-2023 arran de la necessitat d\u2019establir m\u00e9s vincles i sin\u00e8rgies entre fam\u00edlies i educadores, sobretot. Perqu\u00e8 des de les fam\u00edlies pug\u00e9ssim participar, amb respecte per les professionals, en l\u2019educaci\u00f3 de la nostra canalla. Entre d&#8217;altres activitats, organitzem els patis oberts, les aules obertes i la festa de La Monada<\/li>\n<li>La<strong> comissi\u00f3 &#8216;Escola Verda&#8217;<\/strong> est\u00e0 pensada per treballar conjuntament en l\u00ednies estrat\u00e8giques perqu\u00e8 la Llar d&#8217;Infants esdevingui amb fets &#8216;Escola Verda&#8217; i la principal l\u00ednia de treball que ara hi ha sobre la taula \u00e9s el redisseny del pati.<\/li>\n<\/ul>\n<p>La <strong>quota anual \u00e9s de 25 \u20ac <\/strong>per fam\u00edlia i s&#8217;ha de renovar anualment.<\/p>\n<p>Des de l&#8217;AFA, a banda de la tasca de les comissions, organitzem d&#8217;altres activitats com el Patrge Faruk, el Parc de Nadal o la Fira d&#8217;Entitats, assegurem que els Reis passin per a cada classe, muntem xerrades i tallers, ens ocupem de la foto final de curs, tamb\u00e9 financem una activitat a mitjan curs, que acostuma a ser el <a href=\"https:\/\/lab06.umanresa.cat\/el-lab-a-aula\/\">LABM\u00f2bil<\/a>, i l&#8217;espectacle per a la fetsa de final curs, vetllem pel bon funcionament del minicasalet d&#8217;estiu, i col\u00b7laborem en inversions extraordin\u00e0ries que s&#8217;hagin de fer al centre, entre d&#8217;atres.<\/p>\n<p>A final de curs tamb\u00e9 passem una <strong>enquesta de valoraci\u00f3<\/strong> per saber el grau de satisfacci\u00f3 de les fam\u00edlies i les possibilitats de millora que tenim tots plegats, des de les educadores, passant per l&#8217;AFA, com aspectes organitzatius i estructurals del mateix centre. \u00c9s una eina que \u00e9s de gran ajuda per encarar el curs vinent.<\/p>\n<p>Pel que fa a la <strong>Junta, aquesta es renova anualment mitjan\u00e7ant eleccions<\/strong> a principi de curs, segons marquen els nostres estatuts que vam aprovar el curs 2021-2022.<\/p>\n<p>Per tal d\u2019assessorar-nos i organitzar certes activitats, com el casal d\u2019estiu, tamb\u00e9 ens vam fer membres de la FAPAC, federaci\u00f3 d\u2019AFA\u2019s i AMPA\u2019s de Catalunya, des d\u2019on tamb\u00e9 gestionen les assegurances.<\/p>\n<p>Per posar-se en <strong>contacte<\/strong> amb l\u2019AFA ho podeu fer a trav\u00e9s del correu electr\u00f2nic <a href=\"mailto:afallarinfantselrossinyol@gmail.com\"><strong>afallarinfantselrossinyol@gmail.com<\/strong><\/a>.<\/p>\n<p>Actualment est\u00e0 formada per:<\/p>\n<ul>\n<li>Presidenta: Anna Llid\u00f3<\/li>\n<li>Tresorer: Adri\u00e0 Mart\u00edn<\/li>\n<li>Secret\u00e0ria: Am\u00e8lia Esplugas<\/li>\n<li>Vocals:\u00a0 Merc\u00e8 D\u00edaz, Marta Bartol\u00ed, Maria Carreras i N\u00faria Miralles<\/li>\n<\/ul>\n<p>Qualsevol cosa estem a disposar.<br \/>\nUs desitgem bon curs 2023-2024!<\/p>\n<figure class=\"figure wp-caption alignnone\"><a href=\"https:\/\/agora.xtec.cat\/llarelrossinyol\/wp-content\/uploads\/usu2504\/2023\/11\/2023AFANovaJunta.jpeg\"><img loading=\"lazy\" decoding=\"async\" class=\"size-large wp-image-1388\" src=\"https:\/\/agora.xtec.cat\/llarelrossinyol\/wp-content\/uploads\/usu2504\/2023\/11\/2023AFANovaJunta-1024x768.jpeg\" alt=\"\" width=\"1024\" height=\"768\" srcset=\"https:\/\/agora.xtec.cat\/llarelrossinyol\/wp-content\/uploads\/usu2504\/2023\/11\/2023AFANovaJunta-1024x768.jpeg 1024w, https:\/\/agora.xtec.cat\/llarelrossinyol\/wp-content\/uploads\/usu2504\/2023\/11\/2023AFANovaJunta-300x225.jpeg 300w, https:\/\/agora.xtec.cat\/llarelrossinyol\/wp-content\/uploads\/usu2504\/2023\/11\/2023AFANovaJunta-768x576.jpeg 768w, https:\/\/agora.xtec.cat\/llarelrossinyol\/wp-content\/uploads\/usu2504\/2023\/11\/2023AFANovaJunta-1536x1152.jpeg 1536w, https:\/\/agora.xtec.cat\/llarelrossinyol\/wp-content\/uploads\/usu2504\/2023\/11\/2023AFANovaJunta-200x150.jpeg 200w, https:\/\/agora.xtec.cat\/llarelrossinyol\/wp-content\/uploads\/usu2504\/2023\/11\/2023AFANovaJunta.jpeg 1600w\" sizes=\"auto, (max-width: 1024px) 100vw, 1024px\" \/><\/a><figcaption class=\"wp-caption-text\">Junta de l&#8217;AFA del curs 2023-2024<\/figcaption><\/figure>\n","protected":false},"excerpt":{"rendered":"<p>L&#8217;AFA \u00e9s una associaci\u00f3 de fam\u00edlies d&#8217;alumnes, sense \u00e0nim de lucre, que s\u2019organitza i promou activitats per col\u00b7laborar amb la llar i cobrir necessitats, participa activament en el s\u00ed de la comunitat educativa i proposa i incentiva el debat d\u2019accions i actuacions de millora al&hellip;  <a href=\"https:\/\/agora.xtec.cat\/llarelrossinyol\/afa\/presentacio\/\" title=\"Read Presentaci\u00f3\">Llegeix m\u00e9s\u00bb<\/a><\/p>\n","protected":false},"author":6,"featured_media":0,"parent":693,"menu_order":0,"comment_status":"closed","ping_status":"closed","template":"","meta":{"_bbp_topic_count":0,"_bbp_reply_count":0,"_bbp_total_topic_count":0,"_bbp_total_reply_count":0,"_bbp_voice_count":0,"_bbp_anonymous_reply_count":0,"_bbp_topic_count_hidden":0,"_bbp_reply_count_hidden":0,"_bbp_forum_subforum_count":0,"footnotes":""},"class_list":["post-788","page","type-page","status-publish","hentry"],"post_mailing_queue_ids":[],"_links":{"self":[{"href":"https:\/\/agora.xtec.cat\/llarelrossinyol\/wp-json\/wp\/v2\/pages\/788","targetHints":{"allow":["GET"]}}],"collection":[{"href":"https:\/\/agora.xtec.cat\/llarelrossinyol\/wp-json\/wp\/v2\/pages"}],"about":[{"href":"https:\/\/agora.xtec.cat\/llarelrossinyol\/wp-json\/wp\/v2\/types\/page"}],"author":[{"embeddable":true,"href":"https:\/\/agora.xtec.cat\/llarelrossinyol\/wp-json\/wp\/v2\/users\/6"}],"replies":[{"embeddable":true,"href":"https:\/\/agora.xtec.cat\/llarelrossinyol\/wp-json\/wp\/v2\/comments?post=788"}],"version-history":[{"count":6,"href":"https:\/\/agora.xtec.cat\/llarelrossinyol\/wp-json\/wp\/v2\/pages\/788\/revisions"}],"predecessor-version":[{"id":1394,"href":"https:\/\/agora.xtec.cat\/llarelrossinyol\/wp-json\/wp\/v2\/pages\/788\/revisions\/1394"}],"up":[{"embeddable":true,"href":"https:\/\/agora.xtec.cat\/llarelrossinyol\/wp-json\/wp\/v2\/pages\/693"}],"wp:attachment":[{"href":"https:\/\/agora.xtec.cat\/llarelrossinyol\/wp-json\/wp\/v2\/media?parent=788"}],"curies":[{"name":"wp","href":"https:\/\/api.w.org\/{rel}","templated":true}]}}