{"id":693,"date":"2021-04-20T10:28:30","date_gmt":"2021-04-20T08:28:30","guid":{"rendered":"https:\/\/agora.xtec.cat\/llarelrossinyol\/?page_id=693"},"modified":"2025-12-19T19:32:56","modified_gmt":"2025-12-19T18:32:56","slug":"afa","status":"publish","type":"page","link":"https:\/\/agora.xtec.cat\/llarelrossinyol\/afa\/","title":{"rendered":"AFA"},"content":{"rendered":"<p>Benvinguts a la p\u00e0gina de l&#8217;AFA de la Llar d&#8217;Infants el Rossinyol.<\/p>\n<p>&#8212;-&gt; Vegeu m\u00e9s continguts clicant a la columna de l&#8217;esquerra.<\/p>\n<p>I recordeu que podeu contactar amb nosaltres al mail <a href=\"mailto:afallarinfantselrossinyol@gmail.com\">afallarinfantselrossinyol@gmail.com<\/a> o al perfil d&#8217;instagram <a href=\"https:\/\/instagram.com\/afaelrossinyol?igshid=NGVhN2U2NjQ0Yg%3D%3D&amp;utm_source=qr\">@afaelrossinyol<\/a><\/p>\n<h5><strong>QU\u00c8 \u00c9S L\u2019AFA?\u00a0<\/strong><\/h5>\n<p>L&#8217;AFA (Associaci\u00f3 de Fam\u00edlies d&#8217;Alumnes) \u00e9s una entitat formada per pares, mares i tutors del centre educatiu que t\u00e9 com a objectiu defensar i promoure els drets i interessos dels alumnes. L&#8217;AFA serveix per:<\/p>\n<ol>\n<li><strong>Fomentar la participaci\u00f3 de les fam\u00edlies en la vida escolar i en la presa de decisions del centre<\/strong>, especialment en temes relacionats amb la qualitat educativa, el benestar dels alumnes i la conviv\u00e8ncia.<\/li>\n<li><strong>Organitzar activitats complement\u00e0ries<\/strong> com ara tallers, esdeveniments, xerrades, festes escolars o sortides, per enriquir l&#8217;experi\u00e8ncia educativa dels alumnes.<\/li>\n<li><strong>Establir canals de comunicaci\u00f3 entre les fam\u00edlies i el personal educatiu<\/strong>, facilitant la relaci\u00f3 i la col\u00b7laboraci\u00f3 entre tots els membres de la comunitat escolar.<\/li>\n<li><strong>Defensar els drets de l\u2019alumnat<\/strong> davant les administracions educatives i promoure millores en el sistema educatiu.<\/li>\n<li><strong>Gestionar recursos<\/strong> com ara ajudes o beques per a les fam\u00edlies, o recaptar fons per a activitats escolars que no es cobreixen amb el finan\u00e7ament p\u00fablic.<\/li>\n<\/ol>\n<p>En resum, l\u2019AFA \u00e9s un instrument per afavorir la col\u00b7laboraci\u00f3 entre fam\u00edlies i escola amb l&#8217;objectiu de millorar l&#8217;educaci\u00f3 dels fills i filles.<\/p>\n<p><strong>PERQU\u00c8 FER-SE SOCI DE LA LLAR?\u00a0<\/strong><\/p>\n<p>Els socis de l\u2019AFA s\u00f3n essencials per garantir que l\u2019associaci\u00f3 tingui els recursos humans, econ\u00f2mics i log\u00edstics necessaris per:<\/p>\n<p>1. <strong>Garantir la seva sostenibilitat<\/strong>: Les quotes dels socis sovint es destinen a finan\u00e7ar activitats, recursos educatius o projectes especials per a la llar (com ara tallers, compra de material escolar, etc.).<\/p>\n<p>2. <strong>Ampliar la representaci\u00f3 de les fam\u00edlies:<\/strong> Un major nombre de socis permet que l&#8217;AFA tingui m\u00e9s for\u00e7a a l&#8217;hora de defensar els drets i interessos dels infants davant de l&#8217;escola o les administracions p\u00fabliques.<\/p>\n<p>3. <strong>Incrementar la capacitat d\u2019organitzaci\u00f3<\/strong>: M\u00e9s socis vol dir m\u00e9s mans per organitzar esdeveniments, activitats o fins i tot per participar en comissions que treballin en \u00e0mbits espec\u00edfics, com la millora de la infraestructura de l&#8217;escola, la resoluci\u00f3 de problemes de conviv\u00e8ncia, etc.<\/p>\n<p>4. <strong>Fomentar la participaci\u00f3 i la cohesi\u00f3<\/strong>: Un nombre m\u00e9s gran de socis ajuda a crear un ambient m\u00e9s participatiu i col\u00b7laboratiu, tant dins de l&#8217;AFA com en el conjunt de la comunitat educativa.<\/p>\n<p>5. <strong>Desenvolupar projectes m\u00e9s ambiciosos<\/strong>: Amb m\u00e9s socis i recursos, l&#8217;AFA pot proposar projectes i iniciatives educatives que benefici\u00efn directament els alumnes i tamb\u00e9 les fam\u00edlies.<\/p>\n<p>L\u2019AFA necessita socis per seguir endevant, que les fam\u00edlies aportin la petita quota que es demana, pot tenir un impacte positiu molt gran en el dia a dia dels nens i nenes de l\u2019escola. A m\u00e9s, la participaci\u00f3 activa en l&#8217;AFA tamb\u00e9 \u00e9s una forma d&#8217;estar m\u00e9s connectat amb el proc\u00e9s educatiu dels fills.<\/p>\n<p>Actualment est\u00e0 formada per:<\/p>\n<ul>\n<li>Presidenta: Am\u00e8lia Esplugas<\/li>\n<li>Tresorer: Adri\u00e0 Mart\u00edn<\/li>\n<li>Secret\u00e0ria: Paula Villodres<\/li>\n<li>Vocals:\u00a0 Mireia Calzada, Sandra Brians\u00f3, Rosa D\u00edaz i Abril Carreras<\/li>\n<\/ul>\n<p>Us desitgem bon curs 2025-2026!<\/p>\n<p><a href=\"https:\/\/agora.xtec.cat\/llarelrossinyol\/wp-content\/uploads\/usu2504\/2025\/12\/7737a5a8-5d65-4260-ba61-f654a2b41847.jpeg\"><img loading=\"lazy\" decoding=\"async\" class=\"aligncenter size-large wp-image-2152\" src=\"https:\/\/agora.xtec.cat\/llarelrossinyol\/wp-content\/uploads\/usu2504\/2025\/12\/7737a5a8-5d65-4260-ba61-f654a2b41847-768x1024.jpeg\" alt=\"\" width=\"768\" height=\"1024\" srcset=\"https:\/\/agora.xtec.cat\/llarelrossinyol\/wp-content\/uploads\/usu2504\/2025\/12\/7737a5a8-5d65-4260-ba61-f654a2b41847-768x1024.jpeg 768w, https:\/\/agora.xtec.cat\/llarelrossinyol\/wp-content\/uploads\/usu2504\/2025\/12\/7737a5a8-5d65-4260-ba61-f654a2b41847-225x300.jpeg 225w, https:\/\/agora.xtec.cat\/llarelrossinyol\/wp-content\/uploads\/usu2504\/2025\/12\/7737a5a8-5d65-4260-ba61-f654a2b41847-1152x1536.jpeg 1152w, https:\/\/agora.xtec.cat\/llarelrossinyol\/wp-content\/uploads\/usu2504\/2025\/12\/7737a5a8-5d65-4260-ba61-f654a2b41847.jpeg 1530w\" sizes=\"auto, (max-width: 768px) 100vw, 768px\" \/><\/a><\/p>\n","protected":false},"excerpt":{"rendered":"<p>Benvinguts a la p\u00e0gina de l&#8217;AFA de la Llar d&#8217;Infants el Rossinyol.<br \/>\n&#8212;-&gt; Vegeu m\u00e9s continguts clicant a la columna de l&#8217;esquerra.<br \/>\nI recordeu que podeu contactar amb nosaltres al mail <a href=\"mailto:afallarinfantselrossinyol@gmail.com\">afallarinfantselrossinyol@gmail.com<\/a> o al perfil d&#8217;instagram <a href=\"https:\/\/instagram.com\/afaelrossinyol?igshid=NGVhN2U2NjQ0Yg%3D%3D&amp;utm_source=qr\">@afaelrossinyol<\/a><br \/>\nQU\u00c8 \u00c9S L\u2019AFA?\u00a0<br \/>\nL&#8217;AFA (Associaci\u00f3 de Fam\u00edlies d&#8217;Alumnes) \u00e9s una&hellip;  <a href=\"https:\/\/agora.xtec.cat\/llarelrossinyol\/afa\/\" title=\"Read AFA\">Llegeix m\u00e9s\u00bb<\/a><\/p>\n","protected":false},"author":1,"featured_media":0,"parent":0,"menu_order":0,"comment_status":"closed","ping_status":"closed","template":"page-templates\/side-menu.php","meta":{"_bbp_topic_count":0,"_bbp_reply_count":0,"_bbp_total_topic_count":0,"_bbp_total_reply_count":0,"_bbp_voice_count":0,"_bbp_anonymous_reply_count":0,"_bbp_topic_count_hidden":0,"_bbp_reply_count_hidden":0,"_bbp_forum_subforum_count":0,"footnotes":""},"class_list":["post-693","page","type-page","status-publish","hentry"],"post_mailing_queue_ids":[],"_links":{"self":[{"href":"https:\/\/agora.xtec.cat\/llarelrossinyol\/wp-json\/wp\/v2\/pages\/693","targetHints":{"allow":["GET"]}}],"collection":[{"href":"https:\/\/agora.xtec.cat\/llarelrossinyol\/wp-json\/wp\/v2\/pages"}],"about":[{"href":"https:\/\/agora.xtec.cat\/llarelrossinyol\/wp-json\/wp\/v2\/types\/page"}],"author":[{"embeddable":true,"href":"https:\/\/agora.xtec.cat\/llarelrossinyol\/wp-json\/wp\/v2\/users\/1"}],"replies":[{"embeddable":true,"href":"https:\/\/agora.xtec.cat\/llarelrossinyol\/wp-json\/wp\/v2\/comments?post=693"}],"version-history":[{"count":6,"href":"https:\/\/agora.xtec.cat\/llarelrossinyol\/wp-json\/wp\/v2\/pages\/693\/revisions"}],"predecessor-version":[{"id":2153,"href":"https:\/\/agora.xtec.cat\/llarelrossinyol\/wp-json\/wp\/v2\/pages\/693\/revisions\/2153"}],"wp:attachment":[{"href":"https:\/\/agora.xtec.cat\/llarelrossinyol\/wp-json\/wp\/v2\/media?parent=693"}],"curies":[{"name":"wp","href":"https:\/\/api.w.org\/{rel}","templated":true}]}}