{"id":28,"date":"2014-09-18T12:29:35","date_gmt":"2014-09-18T11:29:35","guid":{"rendered":"http:\/\/agora.xtec.cat\/llarelrossinyol\/?page_id=28"},"modified":"2026-01-30T13:24:04","modified_gmt":"2026-01-30T12:24:04","slug":"consell-escolar","status":"publish","type":"page","link":"https:\/\/agora.xtec.cat\/llarelrossinyol\/lescola\/consell-escolar\/","title":{"rendered":"Consell Escolar"},"content":{"rendered":"<p style=\"color: #444444;\">El Consell Escolar de la llar d&#8217;infants est\u00e0 format per:<\/p>\n<p><strong>Directora<\/strong>:\u00a0 Alba Barranco Reixachs<\/p>\n<p><strong>Representants de les educadores<\/strong>: Imma Riasol Gabernet i Diana Mart\u00ednez S\u00e1nchez<\/p>\n<p><strong>Representants PAS<\/strong>: Ramon L\u00f3pez Colomar<\/p>\n<p><strong>Representant de l&#8217;AFA<\/strong>: Paula Villodres Pedosa<\/p>\n<p><strong>Representant de les fam\u00edlies<\/strong>: J\u00falia Bold\u00fa Coma<\/p>\n<p><strong>Representant Ajuntament:<\/strong> Berta Navarro Sol\u00e0<\/p>\n","protected":false},"excerpt":{"rendered":"<p>El Consell Escolar de la llar d&#8217;infants est\u00e0 format per:<br \/>\nDirectora:\u00a0 Alba Barranco Reixachs<br \/>\nRepresentants de les educadores: Imma Riasol Gabernet i Diana Mart\u00ednez S\u00e1nchez<br \/>\nRepresentants PAS: Ramon L\u00f3pez Colomar<br \/>\nRepresentant de l&#8217;AFA: Paula Villodres Pedosa<br \/>\nRepresentant de les fam\u00edlies: J\u00falia Bold\u00fa Coma<br \/>\nRepresentant Ajuntament: Berta Navarro Sol\u00e0<\/p>\n","protected":false},"author":1,"featured_media":0,"parent":22,"menu_order":30,"comment_status":"closed","ping_status":"closed","template":"page-templates\/side-menu.php","meta":{"_bbp_topic_count":0,"_bbp_reply_count":0,"_bbp_total_topic_count":0,"_bbp_total_reply_count":0,"_bbp_voice_count":0,"_bbp_anonymous_reply_count":0,"_bbp_topic_count_hidden":0,"_bbp_reply_count_hidden":0,"_bbp_forum_subforum_count":0,"footnotes":""},"class_list":["post-28","page","type-page","status-publish","hentry"],"post_mailing_queue_ids":[],"_links":{"self":[{"href":"https:\/\/agora.xtec.cat\/llarelrossinyol\/wp-json\/wp\/v2\/pages\/28","targetHints":{"allow":["GET"]}}],"collection":[{"href":"https:\/\/agora.xtec.cat\/llarelrossinyol\/wp-json\/wp\/v2\/pages"}],"about":[{"href":"https:\/\/agora.xtec.cat\/llarelrossinyol\/wp-json\/wp\/v2\/types\/page"}],"author":[{"embeddable":true,"href":"https:\/\/agora.xtec.cat\/llarelrossinyol\/wp-json\/wp\/v2\/users\/1"}],"replies":[{"embeddable":true,"href":"https:\/\/agora.xtec.cat\/llarelrossinyol\/wp-json\/wp\/v2\/comments?post=28"}],"version-history":[{"count":7,"href":"https:\/\/agora.xtec.cat\/llarelrossinyol\/wp-json\/wp\/v2\/pages\/28\/revisions"}],"predecessor-version":[{"id":2172,"href":"https:\/\/agora.xtec.cat\/llarelrossinyol\/wp-json\/wp\/v2\/pages\/28\/revisions\/2172"}],"up":[{"embeddable":true,"href":"https:\/\/agora.xtec.cat\/llarelrossinyol\/wp-json\/wp\/v2\/pages\/22"}],"wp:attachment":[{"href":"https:\/\/agora.xtec.cat\/llarelrossinyol\/wp-json\/wp\/v2\/media?parent=28"}],"curies":[{"name":"wp","href":"https:\/\/api.w.org\/{rel}","templated":true}]}}