{"id":26,"date":"2014-09-18T12:24:32","date_gmt":"2014-09-18T11:24:32","guid":{"rendered":"http:\/\/agora.xtec.cat\/llarelrossinyol\/?page_id=26"},"modified":"2024-09-26T15:36:25","modified_gmt":"2024-09-26T13:36:25","slug":"historia","status":"publish","type":"page","link":"https:\/\/agora.xtec.cat\/llarelrossinyol\/lescola\/historia\/","title":{"rendered":"Hist\u00f2ria"},"content":{"rendered":"<p>L&#8217;Ajuntament de la vila i la Generalitat de Catalunya van acordar amb el Departament de Sanitat i Seguretat Social edificar una llar d&#8217;infants del ICASS a Santa Coloma de Queralt.<\/p>\n<p>El nom de Llar d&#8217;infants es va decidir en un ple de l&#8217;Ajuntament on es va acordar que es diria El Rossinyol.<\/p>\n<p>La Llar es va posar en funcionament el curs 1985-1986. Primerament nom\u00e9s es van obrir 3 aules que corresponien a aules d&#8217;un, dos i tres anys. I al mes de febrer del 1986 es va obrir l&#8217;aula de lactants. El curs seg\u00fcent la llar ja es va obrir amb la totalitat de les aules.<\/p>\n<p>M\u00e9s tard la llar passa a ser ja definitivament de Titularitat del Departament d&#8217;Educaci\u00f3 de la Generalitat de Catalunya.<\/p>\n<p>Entre\u00a0 1994-96 els nens i nenes de tres anys, van anar passant progressivament\u00a0 als centres d&#8217;Educaci\u00f3 infantil segona etapa. I a partir d&#8217;aquell moment vam ser etapa 0-3.<\/p>\n<p>El curs 2004-2005, a causa de l&#8217;increment de natalitat al poble, es va afegir una aula nova. Des d&#8217;aleshores la llar d&#8217;infants ha pogut acollir tots els nenes i nenes de Santa Coloma i rodalies.<\/p>\n<p>Passant a ser un punt de refer\u00e8ncia a la zona per a totes les fam\u00edlies i l&#8217;educaci\u00f3 dels seus fills i filles.<\/p>\n<p>&nbsp;<\/p>\n<p>&nbsp;<\/p>\n","protected":false},"excerpt":{"rendered":"<p>L&#8217;Ajuntament de la vila i la Generalitat de Catalunya van acordar amb el Departament de Sanitat i Seguretat Social edificar una llar d&#8217;infants del ICASS a Santa Coloma de Queralt.<br \/>\nEl nom de Llar d&#8217;infants es va decidir en un ple de l&#8217;Ajuntament on es va&hellip;  <a href=\"https:\/\/agora.xtec.cat\/llarelrossinyol\/lescola\/historia\/\" title=\"Read Hist\u00f2ria\">Llegeix m\u00e9s\u00bb<\/a><\/p>\n","protected":false},"author":1,"featured_media":0,"parent":22,"menu_order":20,"comment_status":"closed","ping_status":"closed","template":"page-templates\/side-menu.php","meta":{"_bbp_topic_count":0,"_bbp_reply_count":0,"_bbp_total_topic_count":0,"_bbp_total_reply_count":0,"_bbp_voice_count":0,"_bbp_anonymous_reply_count":0,"_bbp_topic_count_hidden":0,"_bbp_reply_count_hidden":0,"_bbp_forum_subforum_count":0,"footnotes":""},"class_list":["post-26","page","type-page","status-publish","hentry"],"post_mailing_queue_ids":[],"_links":{"self":[{"href":"https:\/\/agora.xtec.cat\/llarelrossinyol\/wp-json\/wp\/v2\/pages\/26","targetHints":{"allow":["GET"]}}],"collection":[{"href":"https:\/\/agora.xtec.cat\/llarelrossinyol\/wp-json\/wp\/v2\/pages"}],"about":[{"href":"https:\/\/agora.xtec.cat\/llarelrossinyol\/wp-json\/wp\/v2\/types\/page"}],"author":[{"embeddable":true,"href":"https:\/\/agora.xtec.cat\/llarelrossinyol\/wp-json\/wp\/v2\/users\/1"}],"replies":[{"embeddable":true,"href":"https:\/\/agora.xtec.cat\/llarelrossinyol\/wp-json\/wp\/v2\/comments?post=26"}],"version-history":[{"count":4,"href":"https:\/\/agora.xtec.cat\/llarelrossinyol\/wp-json\/wp\/v2\/pages\/26\/revisions"}],"predecessor-version":[{"id":1732,"href":"https:\/\/agora.xtec.cat\/llarelrossinyol\/wp-json\/wp\/v2\/pages\/26\/revisions\/1732"}],"up":[{"embeddable":true,"href":"https:\/\/agora.xtec.cat\/llarelrossinyol\/wp-json\/wp\/v2\/pages\/22"}],"wp:attachment":[{"href":"https:\/\/agora.xtec.cat\/llarelrossinyol\/wp-json\/wp\/v2\/media?parent=26"}],"curies":[{"name":"wp","href":"https:\/\/api.w.org\/{rel}","templated":true}]}}