{"id":1609,"date":"2024-05-11T08:51:56","date_gmt":"2024-05-11T06:51:56","guid":{"rendered":"https:\/\/agora.xtec.cat\/llarelrossinyol\/?page_id=1609"},"modified":"2024-05-11T08:52:24","modified_gmt":"2024-05-11T06:52:24","slug":"patis-oberts-2024","status":"publish","type":"page","link":"https:\/\/agora.xtec.cat\/llarelrossinyol\/afa\/activitats\/patis-oberts-2024\/","title":{"rendered":"Patis oberts 2024"},"content":{"rendered":"<h4>Construccions amb caixes i bombolles de sab\u00f3 a la segona edici\u00f3 dels &#8216;patis oberts&#8217;<\/h4>\n<p>Enguany, des del grup de treball &#8216;Fem Llar&#8217;, en el marc del qual treballem conjuntament fam\u00edlies i educadores, hem tornat a impulsar la iniciativa de patis oberts. Per a la proposta, les fam\u00edlies decideixen una o dues activitats per dur a terme conjuntament amb els infants al pati de l&#8217;escola. Aix\u00ed, el divendres 26 d&#8217;abril, el grup d&#8217;i2, i el divendres 3 de maig, els grups de lactants i i1, acompanyats dels seus familiars van dedicar l&#8217;\u00faltima hora de la tarda a jugar junts tot fent construccions amb caixes de cartr\u00f3 i tamb\u00e9 bombolles de sab\u00f3.<\/p>\n<p>Amb els &#8216;patis oberts&#8217; l&#8217;objectiu que perseguim des del grup de treball &#8216;Fem Llar&#8217; \u00e9s el d&#8217;escur\u00e7ar dist\u00e0ncies entre l\u2019\u00e0mbit de casa i l\u2019\u00e0mbit escolar, el de possibilitar a les fam\u00edlies participar en activitats al centre educatiu, el d&#8217;enfortir vincles entre tots els que formem part de la comunitat educativa i, en definitiva, el de millorar l\u2019estada dels infants al centre. En aquesta l\u00ednia tamb\u00e9 impulsem les Aules Obertes o la festa de La Monada. Gr\u00e0cies, fam\u00edlies, per fer l&#8217;esfor\u00e7 de ser-hi i participar.<\/p>\n<table style=\"border-collapse: collapse; width: 100%;\">\n<tbody>\n<tr>\n<td style=\"width: 50%;\"><a href=\"https:\/\/agora.xtec.cat\/llarelrossinyol\/wp-content\/uploads\/usu2504\/2024\/05\/PatisOberts2024-1.jpeg\"><img loading=\"lazy\" decoding=\"async\" class=\"aligncenter size-large wp-image-1610\" src=\"https:\/\/agora.xtec.cat\/llarelrossinyol\/wp-content\/uploads\/usu2504\/2024\/05\/PatisOberts2024-1-1024x771.jpeg\" alt=\"\" width=\"1024\" height=\"771\" srcset=\"https:\/\/agora.xtec.cat\/llarelrossinyol\/wp-content\/uploads\/usu2504\/2024\/05\/PatisOberts2024-1-1024x771.jpeg 1024w, https:\/\/agora.xtec.cat\/llarelrossinyol\/wp-content\/uploads\/usu2504\/2024\/05\/PatisOberts2024-1-300x226.jpeg 300w, https:\/\/agora.xtec.cat\/llarelrossinyol\/wp-content\/uploads\/usu2504\/2024\/05\/PatisOberts2024-1-768x578.jpeg 768w, https:\/\/agora.xtec.cat\/llarelrossinyol\/wp-content\/uploads\/usu2504\/2024\/05\/PatisOberts2024-1-1536x1157.jpeg 1536w, https:\/\/agora.xtec.cat\/llarelrossinyol\/wp-content\/uploads\/usu2504\/2024\/05\/PatisOberts2024-1-200x150.jpeg 200w, https:\/\/agora.xtec.cat\/llarelrossinyol\/wp-content\/uploads\/usu2504\/2024\/05\/PatisOberts2024-1.jpeg 2040w\" sizes=\"auto, (max-width: 1024px) 100vw, 1024px\" \/><\/a><\/td>\n<td style=\"width: 50%;\"><a href=\"https:\/\/agora.xtec.cat\/llarelrossinyol\/wp-content\/uploads\/usu2504\/2024\/05\/PatisOberts2024-2.jpeg\"><img loading=\"lazy\" decoding=\"async\" class=\"aligncenter size-large wp-image-1611\" src=\"https:\/\/agora.xtec.cat\/llarelrossinyol\/wp-content\/uploads\/usu2504\/2024\/05\/PatisOberts2024-2-1024x768.jpeg\" alt=\"\" width=\"1024\" height=\"768\" srcset=\"https:\/\/agora.xtec.cat\/llarelrossinyol\/wp-content\/uploads\/usu2504\/2024\/05\/PatisOberts2024-2-1024x768.jpeg 1024w, https:\/\/agora.xtec.cat\/llarelrossinyol\/wp-content\/uploads\/usu2504\/2024\/05\/PatisOberts2024-2-300x225.jpeg 300w, https:\/\/agora.xtec.cat\/llarelrossinyol\/wp-content\/uploads\/usu2504\/2024\/05\/PatisOberts2024-2-768x576.jpeg 768w, https:\/\/agora.xtec.cat\/llarelrossinyol\/wp-content\/uploads\/usu2504\/2024\/05\/PatisOberts2024-2-1536x1152.jpeg 1536w, https:\/\/agora.xtec.cat\/llarelrossinyol\/wp-content\/uploads\/usu2504\/2024\/05\/PatisOberts2024-2-200x150.jpeg 200w, https:\/\/agora.xtec.cat\/llarelrossinyol\/wp-content\/uploads\/usu2504\/2024\/05\/PatisOberts2024-2.jpeg 2048w\" sizes=\"auto, (max-width: 1024px) 100vw, 1024px\" \/><\/a><\/td>\n<\/tr>\n<tr>\n<td style=\"width: 50%;\"><a href=\"https:\/\/agora.xtec.cat\/llarelrossinyol\/wp-content\/uploads\/usu2504\/2024\/05\/PatisOberts2024-3.jpeg\"><img loading=\"lazy\" decoding=\"async\" class=\"aligncenter size-large wp-image-1612\" src=\"https:\/\/agora.xtec.cat\/llarelrossinyol\/wp-content\/uploads\/usu2504\/2024\/05\/PatisOberts2024-3-1024x768.jpeg\" alt=\"\" width=\"1024\" height=\"768\" srcset=\"https:\/\/agora.xtec.cat\/llarelrossinyol\/wp-content\/uploads\/usu2504\/2024\/05\/PatisOberts2024-3-1024x768.jpeg 1024w, https:\/\/agora.xtec.cat\/llarelrossinyol\/wp-content\/uploads\/usu2504\/2024\/05\/PatisOberts2024-3-300x225.jpeg 300w, https:\/\/agora.xtec.cat\/llarelrossinyol\/wp-content\/uploads\/usu2504\/2024\/05\/PatisOberts2024-3-768x576.jpeg 768w, https:\/\/agora.xtec.cat\/llarelrossinyol\/wp-content\/uploads\/usu2504\/2024\/05\/PatisOberts2024-3-1536x1152.jpeg 1536w, https:\/\/agora.xtec.cat\/llarelrossinyol\/wp-content\/uploads\/usu2504\/2024\/05\/PatisOberts2024-3-200x150.jpeg 200w, https:\/\/agora.xtec.cat\/llarelrossinyol\/wp-content\/uploads\/usu2504\/2024\/05\/PatisOberts2024-3.jpeg 2048w\" sizes=\"auto, (max-width: 1024px) 100vw, 1024px\" \/><\/a><\/td>\n<td style=\"width: 50%;\"><a href=\"https:\/\/agora.xtec.cat\/llarelrossinyol\/wp-content\/uploads\/usu2504\/2024\/05\/PatisOberts2024-4.jpeg\"><img loading=\"lazy\" decoding=\"async\" class=\"aligncenter size-large wp-image-1613\" src=\"https:\/\/agora.xtec.cat\/llarelrossinyol\/wp-content\/uploads\/usu2504\/2024\/05\/PatisOberts2024-4-1024x768.jpeg\" alt=\"\" width=\"1024\" height=\"768\" srcset=\"https:\/\/agora.xtec.cat\/llarelrossinyol\/wp-content\/uploads\/usu2504\/2024\/05\/PatisOberts2024-4-1024x768.jpeg 1024w, https:\/\/agora.xtec.cat\/llarelrossinyol\/wp-content\/uploads\/usu2504\/2024\/05\/PatisOberts2024-4-300x225.jpeg 300w, https:\/\/agora.xtec.cat\/llarelrossinyol\/wp-content\/uploads\/usu2504\/2024\/05\/PatisOberts2024-4-768x576.jpeg 768w, https:\/\/agora.xtec.cat\/llarelrossinyol\/wp-content\/uploads\/usu2504\/2024\/05\/PatisOberts2024-4-1536x1152.jpeg 1536w, https:\/\/agora.xtec.cat\/llarelrossinyol\/wp-content\/uploads\/usu2504\/2024\/05\/PatisOberts2024-4-200x150.jpeg 200w, https:\/\/agora.xtec.cat\/llarelrossinyol\/wp-content\/uploads\/usu2504\/2024\/05\/PatisOberts2024-4.jpeg 2048w\" sizes=\"auto, (max-width: 1024px) 100vw, 1024px\" \/><\/a><\/td>\n<\/tr>\n<tr>\n<td style=\"width: 50%;\"><a href=\"https:\/\/agora.xtec.cat\/llarelrossinyol\/wp-content\/uploads\/usu2504\/2024\/05\/PatisOberts2024-5.jpeg\"><img loading=\"lazy\" decoding=\"async\" class=\"aligncenter size-large wp-image-1614\" src=\"https:\/\/agora.xtec.cat\/llarelrossinyol\/wp-content\/uploads\/usu2504\/2024\/05\/PatisOberts2024-5-1024x768.jpeg\" alt=\"\" width=\"1024\" height=\"768\" srcset=\"https:\/\/agora.xtec.cat\/llarelrossinyol\/wp-content\/uploads\/usu2504\/2024\/05\/PatisOberts2024-5-1024x768.jpeg 1024w, https:\/\/agora.xtec.cat\/llarelrossinyol\/wp-content\/uploads\/usu2504\/2024\/05\/PatisOberts2024-5-300x225.jpeg 300w, https:\/\/agora.xtec.cat\/llarelrossinyol\/wp-content\/uploads\/usu2504\/2024\/05\/PatisOberts2024-5-768x576.jpeg 768w, https:\/\/agora.xtec.cat\/llarelrossinyol\/wp-content\/uploads\/usu2504\/2024\/05\/PatisOberts2024-5-1536x1152.jpeg 1536w, https:\/\/agora.xtec.cat\/llarelrossinyol\/wp-content\/uploads\/usu2504\/2024\/05\/PatisOberts2024-5-200x150.jpeg 200w, https:\/\/agora.xtec.cat\/llarelrossinyol\/wp-content\/uploads\/usu2504\/2024\/05\/PatisOberts2024-5.jpeg 2000w\" sizes=\"auto, (max-width: 1024px) 100vw, 1024px\" \/><\/a><\/td>\n<td style=\"width: 50%;\"><a href=\"https:\/\/agora.xtec.cat\/llarelrossinyol\/wp-content\/uploads\/usu2504\/2024\/05\/PatisOberts2024-6.jpeg\"><img loading=\"lazy\" decoding=\"async\" class=\"aligncenter size-large wp-image-1615\" src=\"https:\/\/agora.xtec.cat\/llarelrossinyol\/wp-content\/uploads\/usu2504\/2024\/05\/PatisOberts2024-6-1024x768.jpeg\" alt=\"\" width=\"1024\" height=\"768\" srcset=\"https:\/\/agora.xtec.cat\/llarelrossinyol\/wp-content\/uploads\/usu2504\/2024\/05\/PatisOberts2024-6-1024x768.jpeg 1024w, https:\/\/agora.xtec.cat\/llarelrossinyol\/wp-content\/uploads\/usu2504\/2024\/05\/PatisOberts2024-6-300x225.jpeg 300w, https:\/\/agora.xtec.cat\/llarelrossinyol\/wp-content\/uploads\/usu2504\/2024\/05\/PatisOberts2024-6-768x576.jpeg 768w, https:\/\/agora.xtec.cat\/llarelrossinyol\/wp-content\/uploads\/usu2504\/2024\/05\/PatisOberts2024-6-1536x1152.jpeg 1536w, https:\/\/agora.xtec.cat\/llarelrossinyol\/wp-content\/uploads\/usu2504\/2024\/05\/PatisOberts2024-6-200x150.jpeg 200w, https:\/\/agora.xtec.cat\/llarelrossinyol\/wp-content\/uploads\/usu2504\/2024\/05\/PatisOberts2024-6.jpeg 2000w\" sizes=\"auto, (max-width: 1024px) 100vw, 1024px\" \/><\/a><\/td>\n<\/tr>\n<\/tbody>\n<\/table>\n<p>&nbsp;<\/p>\n","protected":false},"excerpt":{"rendered":"<p>Construccions amb caixes i bombolles de sab\u00f3 a la segona edici\u00f3 dels &#8216;patis oberts&#8217;<br \/>\nEnguany, des del grup de treball &#8216;Fem Llar&#8217;, en el marc del qual treballem conjuntament fam\u00edlies i educadores, hem tornat a impulsar la iniciativa de patis oberts. Per a la proposta, les&hellip;  <a href=\"https:\/\/agora.xtec.cat\/llarelrossinyol\/afa\/activitats\/patis-oberts-2024\/\" title=\"Read Patis oberts 2024\">Llegeix m\u00e9s\u00bb<\/a><\/p>\n","protected":false},"author":6,"featured_media":0,"parent":822,"menu_order":0,"comment_status":"closed","ping_status":"closed","template":"","meta":{"_bbp_topic_count":0,"_bbp_reply_count":0,"_bbp_total_topic_count":0,"_bbp_total_reply_count":0,"_bbp_voice_count":0,"_bbp_anonymous_reply_count":0,"_bbp_topic_count_hidden":0,"_bbp_reply_count_hidden":0,"_bbp_forum_subforum_count":0,"footnotes":""},"class_list":["post-1609","page","type-page","status-publish","hentry"],"post_mailing_queue_ids":[],"_links":{"self":[{"href":"https:\/\/agora.xtec.cat\/llarelrossinyol\/wp-json\/wp\/v2\/pages\/1609","targetHints":{"allow":["GET"]}}],"collection":[{"href":"https:\/\/agora.xtec.cat\/llarelrossinyol\/wp-json\/wp\/v2\/pages"}],"about":[{"href":"https:\/\/agora.xtec.cat\/llarelrossinyol\/wp-json\/wp\/v2\/types\/page"}],"author":[{"embeddable":true,"href":"https:\/\/agora.xtec.cat\/llarelrossinyol\/wp-json\/wp\/v2\/users\/6"}],"replies":[{"embeddable":true,"href":"https:\/\/agora.xtec.cat\/llarelrossinyol\/wp-json\/wp\/v2\/comments?post=1609"}],"version-history":[{"count":1,"href":"https:\/\/agora.xtec.cat\/llarelrossinyol\/wp-json\/wp\/v2\/pages\/1609\/revisions"}],"predecessor-version":[{"id":1616,"href":"https:\/\/agora.xtec.cat\/llarelrossinyol\/wp-json\/wp\/v2\/pages\/1609\/revisions\/1616"}],"up":[{"embeddable":true,"href":"https:\/\/agora.xtec.cat\/llarelrossinyol\/wp-json\/wp\/v2\/pages\/822"}],"wp:attachment":[{"href":"https:\/\/agora.xtec.cat\/llarelrossinyol\/wp-json\/wp\/v2\/media?parent=1609"}],"curies":[{"name":"wp","href":"https:\/\/api.w.org\/{rel}","templated":true}]}}