{"id":1597,"date":"2024-05-07T12:40:26","date_gmt":"2024-05-07T10:40:26","guid":{"rendered":"https:\/\/agora.xtec.cat\/llarelrossinyol\/?page_id=1597"},"modified":"2024-05-07T12:43:10","modified_gmt":"2024-05-07T10:43:10","slug":"aules-obertes-2024","status":"publish","type":"page","link":"https:\/\/agora.xtec.cat\/llarelrossinyol\/afa\/activitats\/aules-obertes-2024\/","title":{"rendered":"Aules obertes 2024"},"content":{"rendered":"<p style=\"font-weight: 400;\">El segon trimestre d&#8217;aquest curs 2023-2024 hem tornat a impulsar, per segon any, la proposta d&#8217;Aules Obertes coordinada per les fam\u00edlies i les educadores de la llar d&#8217;infants a trav\u00e9s del Grup de treball &#8216;Fem Llar&#8217; amb l&#8217;objectiu de possibilitar a les fam\u00edlies el fet d&#8217;implicar-se i participar en el dia a dia del centre.<br \/>\nL&#8217;activitat est\u00e0 dirigida als alumnes d&#8217;i1 i i2 i es vehicula a trav\u00e9s de la proposta d&#8217;una fam\u00edlia que desenvolupa al grup classe del seu fill o filla. Enguany, hem decidit de no traslladar aquesta proposta al grup de lactants perqu\u00e8 els considerem que s\u00f3n massa petits i no contribueix en el seu benestar al centre.<br \/>\nAFA i educadores compartim la convicci\u00f3 que totes les fam\u00edlies tenen coses a aportar al grup classe i que \u00e9s una manera d\u2019escur\u00e7ar dist\u00e0ncies entre l\u2019\u00e0mbit de casa i l\u2019\u00e0mbit escolar.<\/p>\n<p>De moment, algunes de les activitats en el marc de les &#8216;aules obertes&#8217; d&#8217;enguany, han estat: l&#8217;explicaci\u00f3 del conte &#8220;De quin color \u00e9s un pet\u00f3&#8221; amb il\u00b7lustracions al mural, i un taller d&#8217;ampolles sensorials.<\/p>\n<p>&nbsp;<\/p>\n<p><a href=\"https:\/\/agora.xtec.cat\/llarelrossinyol\/wp-content\/uploads\/usu2504\/2024\/05\/20240404AulesObertesAmelia-web.jpg\"><img loading=\"lazy\" decoding=\"async\" class=\"aligncenter size-large wp-image-1598\" src=\"https:\/\/agora.xtec.cat\/llarelrossinyol\/wp-content\/uploads\/usu2504\/2024\/05\/20240404AulesObertesAmelia-web-1024x461.jpg\" alt=\"\" width=\"1024\" height=\"461\" srcset=\"https:\/\/agora.xtec.cat\/llarelrossinyol\/wp-content\/uploads\/usu2504\/2024\/05\/20240404AulesObertesAmelia-web-1024x461.jpg 1024w, https:\/\/agora.xtec.cat\/llarelrossinyol\/wp-content\/uploads\/usu2504\/2024\/05\/20240404AulesObertesAmelia-web-300x135.jpg 300w, https:\/\/agora.xtec.cat\/llarelrossinyol\/wp-content\/uploads\/usu2504\/2024\/05\/20240404AulesObertesAmelia-web-768x346.jpg 768w, https:\/\/agora.xtec.cat\/llarelrossinyol\/wp-content\/uploads\/usu2504\/2024\/05\/20240404AulesObertesAmelia-web.jpg 1333w\" sizes=\"auto, (max-width: 1024px) 100vw, 1024px\" \/><\/a><\/p>\n","protected":false},"excerpt":{"rendered":"<p>El segon trimestre d&#8217;aquest curs 2023-2024 hem tornat a impulsar, per segon any, la proposta d&#8217;Aules Obertes coordinada per les fam\u00edlies i les educadores de la llar d&#8217;infants a trav\u00e9s del Grup de treball &#8216;Fem Llar&#8217; amb l&#8217;objectiu de possibilitar a les fam\u00edlies el fet&hellip;  <a href=\"https:\/\/agora.xtec.cat\/llarelrossinyol\/afa\/activitats\/aules-obertes-2024\/\" title=\"Read Aules obertes 2024\">Llegeix m\u00e9s\u00bb<\/a><\/p>\n","protected":false},"author":6,"featured_media":0,"parent":822,"menu_order":0,"comment_status":"closed","ping_status":"closed","template":"","meta":{"_bbp_topic_count":0,"_bbp_reply_count":0,"_bbp_total_topic_count":0,"_bbp_total_reply_count":0,"_bbp_voice_count":0,"_bbp_anonymous_reply_count":0,"_bbp_topic_count_hidden":0,"_bbp_reply_count_hidden":0,"_bbp_forum_subforum_count":0,"footnotes":""},"class_list":["post-1597","page","type-page","status-publish","hentry"],"post_mailing_queue_ids":[],"_links":{"self":[{"href":"https:\/\/agora.xtec.cat\/llarelrossinyol\/wp-json\/wp\/v2\/pages\/1597","targetHints":{"allow":["GET"]}}],"collection":[{"href":"https:\/\/agora.xtec.cat\/llarelrossinyol\/wp-json\/wp\/v2\/pages"}],"about":[{"href":"https:\/\/agora.xtec.cat\/llarelrossinyol\/wp-json\/wp\/v2\/types\/page"}],"author":[{"embeddable":true,"href":"https:\/\/agora.xtec.cat\/llarelrossinyol\/wp-json\/wp\/v2\/users\/6"}],"replies":[{"embeddable":true,"href":"https:\/\/agora.xtec.cat\/llarelrossinyol\/wp-json\/wp\/v2\/comments?post=1597"}],"version-history":[{"count":2,"href":"https:\/\/agora.xtec.cat\/llarelrossinyol\/wp-json\/wp\/v2\/pages\/1597\/revisions"}],"predecessor-version":[{"id":1600,"href":"https:\/\/agora.xtec.cat\/llarelrossinyol\/wp-json\/wp\/v2\/pages\/1597\/revisions\/1600"}],"up":[{"embeddable":true,"href":"https:\/\/agora.xtec.cat\/llarelrossinyol\/wp-json\/wp\/v2\/pages\/822"}],"wp:attachment":[{"href":"https:\/\/agora.xtec.cat\/llarelrossinyol\/wp-json\/wp\/v2\/media?parent=1597"}],"curies":[{"name":"wp","href":"https:\/\/api.w.org\/{rel}","templated":true}]}}