{"id":1578,"date":"2024-05-07T11:55:34","date_gmt":"2024-05-07T09:55:34","guid":{"rendered":"https:\/\/agora.xtec.cat\/llarelrossinyol\/?page_id=1578"},"modified":"2024-05-07T11:58:01","modified_gmt":"2024-05-07T09:58:01","slug":"la-monada-2024","status":"publish","type":"page","link":"https:\/\/agora.xtec.cat\/llarelrossinyol\/afa\/activitats\/la-monada-2024\/","title":{"rendered":"La Monada 2024"},"content":{"rendered":"<h4 style=\"font-weight: 400;\">Fam\u00edlies i comunitat educativa celebrem el final de trimestre amb festa de La Monada<\/h4>\n<p style=\"font-weight: 400;\">Per segon any, l&#8217;\u00faltim dia del segon trimestre el vam celebrar amb &#8216;La Monada&#8217;, una festa que organitzem conjuntament la comunitat educativa del centre i les fam\u00edlies de la llar, en el marc del grup de treball &#8216;Fem Llar&#8217;.\u00a0 Aix\u00ed, el 22 de mar\u00e7 a la tarda, fam\u00edlies, canalla i comunitat educativa ens vam aplegar al pati de la llar per compartir una estona junts, parlar calmadament amb altres pares i mares, amb el personal del centre, per jugar amb els fills al seu pati&#8230;. tot plegat sense les presses del dia a dia. Aquest \u00e9s l&#8217;objectiu principal d&#8217;aquesta festa, que sigui una manera d&#8217;obrir les portes del centre a les fam\u00edlies, d&#8217;establir vincle.<\/p>\n<p><span style=\"font-weight: 400;\">Durant la festa, un any m\u00e9s, vam poder gaudir de la m\u00fasica que punxava el pare del Guim, l&#8217;Abelard Claramunt, i de les delicioses mones que els infants de la classe dels \u00e0necs i dels ponis van cuinar amb l&#8217;ajuda de l&#8217;equip de cuina i les mestres de la llar.<\/span><\/p>\n<p><a href=\"https:\/\/agora.xtec.cat\/llarelrossinyol\/wp-content\/uploads\/usu2504\/2024\/05\/20240322MonadaFoto2.jpg\"><img loading=\"lazy\" decoding=\"async\" class=\"aligncenter wp-image-1579\" src=\"https:\/\/agora.xtec.cat\/llarelrossinyol\/wp-content\/uploads\/usu2504\/2024\/05\/20240322MonadaFoto2.jpg\" alt=\"\" width=\"600\" height=\"450\" srcset=\"https:\/\/agora.xtec.cat\/llarelrossinyol\/wp-content\/uploads\/usu2504\/2024\/05\/20240322MonadaFoto2.jpg 800w, https:\/\/agora.xtec.cat\/llarelrossinyol\/wp-content\/uploads\/usu2504\/2024\/05\/20240322MonadaFoto2-300x225.jpg 300w, https:\/\/agora.xtec.cat\/llarelrossinyol\/wp-content\/uploads\/usu2504\/2024\/05\/20240322MonadaFoto2-768x576.jpg 768w, https:\/\/agora.xtec.cat\/llarelrossinyol\/wp-content\/uploads\/usu2504\/2024\/05\/20240322MonadaFoto2-200x150.jpg 200w\" sizes=\"auto, (max-width: 600px) 100vw, 600px\" \/><\/a><\/p>\n<p><a href=\"https:\/\/agora.xtec.cat\/llarelrossinyol\/wp-content\/uploads\/usu2504\/2024\/05\/20240322MonadaFoto3.jpg\"><img loading=\"lazy\" decoding=\"async\" class=\"aligncenter wp-image-1580\" src=\"https:\/\/agora.xtec.cat\/llarelrossinyol\/wp-content\/uploads\/usu2504\/2024\/05\/20240322MonadaFoto3.jpg\" alt=\"\" width=\"600\" height=\"450\" srcset=\"https:\/\/agora.xtec.cat\/llarelrossinyol\/wp-content\/uploads\/usu2504\/2024\/05\/20240322MonadaFoto3.jpg 800w, https:\/\/agora.xtec.cat\/llarelrossinyol\/wp-content\/uploads\/usu2504\/2024\/05\/20240322MonadaFoto3-300x225.jpg 300w, https:\/\/agora.xtec.cat\/llarelrossinyol\/wp-content\/uploads\/usu2504\/2024\/05\/20240322MonadaFoto3-768x576.jpg 768w, https:\/\/agora.xtec.cat\/llarelrossinyol\/wp-content\/uploads\/usu2504\/2024\/05\/20240322MonadaFoto3-200x150.jpg 200w\" sizes=\"auto, (max-width: 600px) 100vw, 600px\" \/><\/a><\/p>\n<p><a href=\"https:\/\/agora.xtec.cat\/llarelrossinyol\/wp-content\/uploads\/usu2504\/2024\/05\/20240322MonadaFoto4.jpg\"><img loading=\"lazy\" decoding=\"async\" class=\"aligncenter wp-image-1581\" src=\"https:\/\/agora.xtec.cat\/llarelrossinyol\/wp-content\/uploads\/usu2504\/2024\/05\/20240322MonadaFoto4.jpg\" alt=\"\" width=\"600\" height=\"800\" srcset=\"https:\/\/agora.xtec.cat\/llarelrossinyol\/wp-content\/uploads\/usu2504\/2024\/05\/20240322MonadaFoto4.jpg 600w, https:\/\/agora.xtec.cat\/llarelrossinyol\/wp-content\/uploads\/usu2504\/2024\/05\/20240322MonadaFoto4-225x300.jpg 225w\" sizes=\"auto, (max-width: 600px) 100vw, 600px\" \/><\/a><\/p>\n<p><a href=\"https:\/\/agora.xtec.cat\/llarelrossinyol\/wp-content\/uploads\/usu2504\/2024\/05\/20240322MonadaFoto1.jpg\"><img loading=\"lazy\" decoding=\"async\" class=\"aligncenter wp-image-1582\" src=\"https:\/\/agora.xtec.cat\/llarelrossinyol\/wp-content\/uploads\/usu2504\/2024\/05\/20240322MonadaFoto1.jpg\" alt=\"\" width=\"600\" height=\"450\" srcset=\"https:\/\/agora.xtec.cat\/llarelrossinyol\/wp-content\/uploads\/usu2504\/2024\/05\/20240322MonadaFoto1.jpg 800w, https:\/\/agora.xtec.cat\/llarelrossinyol\/wp-content\/uploads\/usu2504\/2024\/05\/20240322MonadaFoto1-300x225.jpg 300w, https:\/\/agora.xtec.cat\/llarelrossinyol\/wp-content\/uploads\/usu2504\/2024\/05\/20240322MonadaFoto1-768x576.jpg 768w, https:\/\/agora.xtec.cat\/llarelrossinyol\/wp-content\/uploads\/usu2504\/2024\/05\/20240322MonadaFoto1-200x150.jpg 200w\" sizes=\"auto, (max-width: 600px) 100vw, 600px\" \/><\/a><\/p>\n<p>&nbsp;<\/p>\n","protected":false},"excerpt":{"rendered":"<p>Fam\u00edlies i comunitat educativa celebrem el final de trimestre amb festa de La Monada<br \/>\nPer segon any, l&#8217;\u00faltim dia del segon trimestre el vam celebrar amb &#8216;La Monada&#8217;, una festa que organitzem conjuntament la comunitat educativa del centre i les fam\u00edlies de la llar, en el&hellip;  <a href=\"https:\/\/agora.xtec.cat\/llarelrossinyol\/afa\/activitats\/la-monada-2024\/\" title=\"Read La Monada 2024\">Llegeix m\u00e9s\u00bb<\/a><\/p>\n","protected":false},"author":6,"featured_media":0,"parent":822,"menu_order":0,"comment_status":"closed","ping_status":"closed","template":"","meta":{"_bbp_topic_count":0,"_bbp_reply_count":0,"_bbp_total_topic_count":0,"_bbp_total_reply_count":0,"_bbp_voice_count":0,"_bbp_anonymous_reply_count":0,"_bbp_topic_count_hidden":0,"_bbp_reply_count_hidden":0,"_bbp_forum_subforum_count":0,"footnotes":""},"class_list":["post-1578","page","type-page","status-publish","hentry"],"post_mailing_queue_ids":[],"_links":{"self":[{"href":"https:\/\/agora.xtec.cat\/llarelrossinyol\/wp-json\/wp\/v2\/pages\/1578","targetHints":{"allow":["GET"]}}],"collection":[{"href":"https:\/\/agora.xtec.cat\/llarelrossinyol\/wp-json\/wp\/v2\/pages"}],"about":[{"href":"https:\/\/agora.xtec.cat\/llarelrossinyol\/wp-json\/wp\/v2\/types\/page"}],"author":[{"embeddable":true,"href":"https:\/\/agora.xtec.cat\/llarelrossinyol\/wp-json\/wp\/v2\/users\/6"}],"replies":[{"embeddable":true,"href":"https:\/\/agora.xtec.cat\/llarelrossinyol\/wp-json\/wp\/v2\/comments?post=1578"}],"version-history":[{"count":4,"href":"https:\/\/agora.xtec.cat\/llarelrossinyol\/wp-json\/wp\/v2\/pages\/1578\/revisions"}],"predecessor-version":[{"id":1586,"href":"https:\/\/agora.xtec.cat\/llarelrossinyol\/wp-json\/wp\/v2\/pages\/1578\/revisions\/1586"}],"up":[{"embeddable":true,"href":"https:\/\/agora.xtec.cat\/llarelrossinyol\/wp-json\/wp\/v2\/pages\/822"}],"wp:attachment":[{"href":"https:\/\/agora.xtec.cat\/llarelrossinyol\/wp-json\/wp\/v2\/media?parent=1578"}],"curies":[{"name":"wp","href":"https:\/\/api.w.org\/{rel}","templated":true}]}}