{"id":1450,"date":"2023-12-08T07:22:03","date_gmt":"2023-12-08T06:22:03","guid":{"rendered":"https:\/\/agora.xtec.cat\/llarelrossinyol\/?page_id=1450"},"modified":"2023-12-08T07:25:33","modified_gmt":"2023-12-08T06:25:33","slug":"jornada-de-treball-2023","status":"publish","type":"page","link":"https:\/\/agora.xtec.cat\/llarelrossinyol\/afa\/activitats\/jornada-de-treball-2023\/","title":{"rendered":"Jornada de treball 2023"},"content":{"rendered":"<p>Malgrat que el temps que no acompanyava gaire, uns quinze pares i mares i dues educadores vam reunir-nos el dissabte 11 de novembre a la Llar en el que va ser acabar sent una jornada de treball m\u00e9s profitosa dels qu\u00e8 ens pens\u00e0vem. Com que el pati estava moll, per\u00f2, vam haver de repensar les tasques i ens vam centrar en l\u2019elaboraci\u00f3 de panells sensorials. En vam construir quatre: un de diferents textures, un de musical, un per fer circu\u00efts amb una piloteta i un darrer per jugar-hi amb sorra que properament instal\u00b7larem al pati perqu\u00e8 tots els infants hi puguin exprimentar; va ser una acci\u00f3 emmarcada en el projecte educatiu de la Llar de millorar el disseny dels patis i de concebre\u2019ls com un espai educatiu m\u00e9s.<\/p>\n<p>Tamb\u00e9 vam tallar unes botes de vi de fusta que convertirem en jardineres i vam canviar la teulada d\u2019una caseta del pati. Vam deixar per a una propera jornada tasques com polir, envarnisar i pintar diverses estructures de fusta del pati.<\/p>\n<p>El millor de la jornada va ser, sens dubte, l\u2019estona que vam poder compartir tots plegats, sense les presses del dia a dia. Activitats com aquestes potencien la relaci\u00f3 entre les diverses persones que formem part de la comunitat educativa i, a m\u00e9s, miloren les instal\u00b7lacions del que podr\u00edem dir la segona casa dels nostres fills i filles. Gr\u00e0cies a tothom que vau participar a la jornada. Tots fem llar!<\/p>\n<figure class=\"figure wp-caption alignleft\"><a href=\"https:\/\/agora.xtec.cat\/llarelrossinyol\/wp-content\/uploads\/usu2504\/2023\/12\/AFALlar-JornadaPatisNov2023-1-scaled.jpg\"><img loading=\"lazy\" decoding=\"async\" class=\"wp-image-1452\" src=\"https:\/\/agora.xtec.cat\/llarelrossinyol\/wp-content\/uploads\/usu2504\/2023\/12\/AFALlar-JornadaPatisNov2023-1-300x225.jpg\" alt=\"\" width=\"600\" height=\"450\" srcset=\"https:\/\/agora.xtec.cat\/llarelrossinyol\/wp-content\/uploads\/usu2504\/2023\/12\/AFALlar-JornadaPatisNov2023-1-300x225.jpg 300w, https:\/\/agora.xtec.cat\/llarelrossinyol\/wp-content\/uploads\/usu2504\/2023\/12\/AFALlar-JornadaPatisNov2023-1-1024x768.jpg 1024w, https:\/\/agora.xtec.cat\/llarelrossinyol\/wp-content\/uploads\/usu2504\/2023\/12\/AFALlar-JornadaPatisNov2023-1-768x576.jpg 768w, https:\/\/agora.xtec.cat\/llarelrossinyol\/wp-content\/uploads\/usu2504\/2023\/12\/AFALlar-JornadaPatisNov2023-1-1536x1152.jpg 1536w, https:\/\/agora.xtec.cat\/llarelrossinyol\/wp-content\/uploads\/usu2504\/2023\/12\/AFALlar-JornadaPatisNov2023-1-2048x1536.jpg 2048w, https:\/\/agora.xtec.cat\/llarelrossinyol\/wp-content\/uploads\/usu2504\/2023\/12\/AFALlar-JornadaPatisNov2023-1-200x150.jpg 200w\" sizes=\"auto, (max-width: 600px) 100vw, 600px\" \/><\/a><figcaption class=\"wp-caption-text\">Enfeinades pintant materials per als panells sensorials<\/figcaption><\/figure>\n<figure class=\"figure wp-caption alignleft\"><a href=\"https:\/\/agora.xtec.cat\/llarelrossinyol\/wp-content\/uploads\/usu2504\/2023\/12\/AFALlar-JornadaPatisNov2023-2-scaled.jpg\"><img loading=\"lazy\" decoding=\"async\" class=\"wp-image-1451\" src=\"https:\/\/agora.xtec.cat\/llarelrossinyol\/wp-content\/uploads\/usu2504\/2023\/12\/AFALlar-JornadaPatisNov2023-2-473x1024.jpg\" alt=\"\" width=\"400\" height=\"866\" srcset=\"https:\/\/agora.xtec.cat\/llarelrossinyol\/wp-content\/uploads\/usu2504\/2023\/12\/AFALlar-JornadaPatisNov2023-2-473x1024.jpg 473w, https:\/\/agora.xtec.cat\/llarelrossinyol\/wp-content\/uploads\/usu2504\/2023\/12\/AFALlar-JornadaPatisNov2023-2-139x300.jpg 139w, https:\/\/agora.xtec.cat\/llarelrossinyol\/wp-content\/uploads\/usu2504\/2023\/12\/AFALlar-JornadaPatisNov2023-2-768x1662.jpg 768w, https:\/\/agora.xtec.cat\/llarelrossinyol\/wp-content\/uploads\/usu2504\/2023\/12\/AFALlar-JornadaPatisNov2023-2-710x1536.jpg 710w, https:\/\/agora.xtec.cat\/llarelrossinyol\/wp-content\/uploads\/usu2504\/2023\/12\/AFALlar-JornadaPatisNov2023-2-946x2048.jpg 946w, https:\/\/agora.xtec.cat\/llarelrossinyol\/wp-content\/uploads\/usu2504\/2023\/12\/AFALlar-JornadaPatisNov2023-2-scaled.jpg 1183w\" sizes=\"auto, (max-width: 400px) 100vw, 400px\" \/><\/a><figcaption class=\"wp-caption-text\">l\u2019Am\u00e8lia i el Toni, rematant el panell de textures i el musical<\/figcaption><\/figure>\n","protected":false},"excerpt":{"rendered":"<p>Malgrat que el temps que no acompanyava gaire, uns quinze pares i mares i dues educadores vam reunir-nos el dissabte 11 de novembre a la Llar en el que va ser acabar sent una jornada de treball m\u00e9s profitosa dels qu\u00e8 ens pens\u00e0vem. Com que&hellip;  <a href=\"https:\/\/agora.xtec.cat\/llarelrossinyol\/afa\/activitats\/jornada-de-treball-2023\/\" title=\"Read Jornada de treball 2023\">Llegeix m\u00e9s\u00bb<\/a><\/p>\n","protected":false},"author":6,"featured_media":0,"parent":822,"menu_order":0,"comment_status":"closed","ping_status":"closed","template":"","meta":{"_bbp_topic_count":0,"_bbp_reply_count":0,"_bbp_total_topic_count":0,"_bbp_total_reply_count":0,"_bbp_voice_count":0,"_bbp_anonymous_reply_count":0,"_bbp_topic_count_hidden":0,"_bbp_reply_count_hidden":0,"_bbp_forum_subforum_count":0,"footnotes":""},"class_list":["post-1450","page","type-page","status-publish","hentry"],"post_mailing_queue_ids":[],"_links":{"self":[{"href":"https:\/\/agora.xtec.cat\/llarelrossinyol\/wp-json\/wp\/v2\/pages\/1450","targetHints":{"allow":["GET"]}}],"collection":[{"href":"https:\/\/agora.xtec.cat\/llarelrossinyol\/wp-json\/wp\/v2\/pages"}],"about":[{"href":"https:\/\/agora.xtec.cat\/llarelrossinyol\/wp-json\/wp\/v2\/types\/page"}],"author":[{"embeddable":true,"href":"https:\/\/agora.xtec.cat\/llarelrossinyol\/wp-json\/wp\/v2\/users\/6"}],"replies":[{"embeddable":true,"href":"https:\/\/agora.xtec.cat\/llarelrossinyol\/wp-json\/wp\/v2\/comments?post=1450"}],"version-history":[{"count":6,"href":"https:\/\/agora.xtec.cat\/llarelrossinyol\/wp-json\/wp\/v2\/pages\/1450\/revisions"}],"predecessor-version":[{"id":1459,"href":"https:\/\/agora.xtec.cat\/llarelrossinyol\/wp-json\/wp\/v2\/pages\/1450\/revisions\/1459"}],"up":[{"embeddable":true,"href":"https:\/\/agora.xtec.cat\/llarelrossinyol\/wp-json\/wp\/v2\/pages\/822"}],"wp:attachment":[{"href":"https:\/\/agora.xtec.cat\/llarelrossinyol\/wp-json\/wp\/v2\/media?parent=1450"}],"curies":[{"name":"wp","href":"https:\/\/api.w.org\/{rel}","templated":true}]}}