{"id":1411,"date":"2023-05-15T07:50:09","date_gmt":"2023-05-15T05:50:09","guid":{"rendered":"https:\/\/agora.xtec.cat\/llarelrossinyol\/?page_id=1411"},"modified":"2023-11-03T07:54:54","modified_gmt":"2023-11-03T06:54:54","slug":"aules-obertes-2023","status":"publish","type":"page","link":"https:\/\/agora.xtec.cat\/llarelrossinyol\/afa\/activitats\/aules-obertes-2023\/","title":{"rendered":"Aules obertes 2023"},"content":{"rendered":"<h5>Educadores i fam\u00edlies de la Llar d&#8217;Infants promouen la iniciativa &#8216;Aules obertes&#8217;<\/h5>\n<p>Aquest curs 2022-2023 que ara s&#8217;acaba, el conjunt de les educadores i les fam\u00edlies de la Llar, representades per l&#8217;Associaci\u00f3 de Fam\u00edlies d&#8217;Alumnes [AFA], hem treballat en diferents propostes per estr\u00e8nyer els lla\u00e7os i fomentar els vincles entre els diferents agents que conformem la comunitat educativa amb l&#8217;objectiu final de millorar l&#8217;estada dels nostres infants al centre partint de la premissa que la manera de treballar nom\u00e9s podia ser anant a la una.<\/p>\n<p>Una de les activitats, en aquest sentit, ha estat la d&#8217;Aules Obertes que s&#8217;estructura a partir de la proposta d&#8217;una fam\u00edlia per dur a terme dins l&#8217;aula del seu fill o filla: des d&#8217;explicar un conte, el seu ofici, una recepta de cuina o el que es pugui oc\u00f3rrer. AFA i educadores compartim la convicci\u00f3 que <strong>totes les fam\u00edlies tenen coses a aportar al grup classe i que \u00e9s una manera d&#8217;escur\u00e7ar dist\u00e0ncies entre l&#8217;\u00e0mbit de casa i l&#8217;\u00e0mbit escolar<\/strong>, una proposta interessant per participar en l&#8217;educaci\u00f3 de la canalla i d&#8217;enfortir vincles.<\/p>\n<p>Si b\u00e9 \u00e9s cert que aquest curs no hi ha hagut gaires fam\u00edlies proactives a l&#8217;hora de realitzar aquesta activitat, estem contentes que s&#8217;hagi establert com a din\u00e0mica i estem conven\u00e7udes que els propers cursos anir\u00e0 guanyant adeptes.<\/p>\n<p>En aquesta mateixa l\u00ednia, aquest curs hem articulat la <a href=\"https:\/\/agora.xtec.cat\/llarelrossinyol\/afa\/activitats\/fem-llar-presentacio-de-la-nova-comissio\/\">comissi\u00f3 &#8216;Fem Llar&#8217;<\/a>, i hem realitzat els patis oberts, la festa de la <a href=\"https:\/\/agora.xtec.cat\/llarelrossinyol\/afa\/activitats\/la-monada-2023\/\">Monada<\/a> o la Festa Major i, el curs vinent, a m\u00e9s d&#8217;aquestes, n&#8217;hi ha d&#8217;altres de previstes, com la preparaci\u00f3 de l&#8217;hort, una tasca per la qual tamb\u00e9 necessitarem unir esfor\u00e7os i coneixements.<\/p>\n<figure class=\"figure wp-caption aligncenter\"><a href=\"https:\/\/agora.xtec.cat\/llarelrossinyol\/wp-content\/uploads\/usu2504\/2023\/11\/AulesObertes2022_2023-scaled.jpg\"><img loading=\"lazy\" decoding=\"async\" class=\"size-large wp-image-1412\" src=\"https:\/\/agora.xtec.cat\/llarelrossinyol\/wp-content\/uploads\/usu2504\/2023\/11\/AulesObertes2022_2023-1024x768.jpg\" alt=\"\" width=\"1024\" height=\"768\" srcset=\"https:\/\/agora.xtec.cat\/llarelrossinyol\/wp-content\/uploads\/usu2504\/2023\/11\/AulesObertes2022_2023-1024x768.jpg 1024w, https:\/\/agora.xtec.cat\/llarelrossinyol\/wp-content\/uploads\/usu2504\/2023\/11\/AulesObertes2022_2023-300x225.jpg 300w, https:\/\/agora.xtec.cat\/llarelrossinyol\/wp-content\/uploads\/usu2504\/2023\/11\/AulesObertes2022_2023-768x576.jpg 768w, https:\/\/agora.xtec.cat\/llarelrossinyol\/wp-content\/uploads\/usu2504\/2023\/11\/AulesObertes2022_2023-1536x1152.jpg 1536w, https:\/\/agora.xtec.cat\/llarelrossinyol\/wp-content\/uploads\/usu2504\/2023\/11\/AulesObertes2022_2023-2048x1536.jpg 2048w, https:\/\/agora.xtec.cat\/llarelrossinyol\/wp-content\/uploads\/usu2504\/2023\/11\/AulesObertes2022_2023-200x150.jpg 200w\" sizes=\"auto, (max-width: 1024px) 100vw, 1024px\" \/><\/a><figcaption class=\"wp-caption-text\">Els pares de la Neus Sabater Llid\u00f3 explicant un conte a la classe<\/figcaption><\/figure>\n","protected":false},"excerpt":{"rendered":"<p>Educadores i fam\u00edlies de la Llar d&#8217;Infants promouen la iniciativa &#8216;Aules obertes&#8217;<br \/>\nAquest curs 2022-2023 que ara s&#8217;acaba, el conjunt de les educadores i les fam\u00edlies de la Llar, representades per l&#8217;Associaci\u00f3 de Fam\u00edlies d&#8217;Alumnes [AFA], hem treballat en diferents propostes per estr\u00e8nyer els lla\u00e7os i&hellip;  <a href=\"https:\/\/agora.xtec.cat\/llarelrossinyol\/afa\/activitats\/aules-obertes-2023\/\" title=\"Read Aules obertes 2023\">Llegeix m\u00e9s\u00bb<\/a><\/p>\n","protected":false},"author":6,"featured_media":0,"parent":822,"menu_order":0,"comment_status":"closed","ping_status":"closed","template":"","meta":{"_bbp_topic_count":0,"_bbp_reply_count":0,"_bbp_total_topic_count":0,"_bbp_total_reply_count":0,"_bbp_voice_count":0,"_bbp_anonymous_reply_count":0,"_bbp_topic_count_hidden":0,"_bbp_reply_count_hidden":0,"_bbp_forum_subforum_count":0,"footnotes":""},"class_list":["post-1411","page","type-page","status-publish","hentry"],"post_mailing_queue_ids":[],"_links":{"self":[{"href":"https:\/\/agora.xtec.cat\/llarelrossinyol\/wp-json\/wp\/v2\/pages\/1411","targetHints":{"allow":["GET"]}}],"collection":[{"href":"https:\/\/agora.xtec.cat\/llarelrossinyol\/wp-json\/wp\/v2\/pages"}],"about":[{"href":"https:\/\/agora.xtec.cat\/llarelrossinyol\/wp-json\/wp\/v2\/types\/page"}],"author":[{"embeddable":true,"href":"https:\/\/agora.xtec.cat\/llarelrossinyol\/wp-json\/wp\/v2\/users\/6"}],"replies":[{"embeddable":true,"href":"https:\/\/agora.xtec.cat\/llarelrossinyol\/wp-json\/wp\/v2\/comments?post=1411"}],"version-history":[{"count":1,"href":"https:\/\/agora.xtec.cat\/llarelrossinyol\/wp-json\/wp\/v2\/pages\/1411\/revisions"}],"predecessor-version":[{"id":1413,"href":"https:\/\/agora.xtec.cat\/llarelrossinyol\/wp-json\/wp\/v2\/pages\/1411\/revisions\/1413"}],"up":[{"embeddable":true,"href":"https:\/\/agora.xtec.cat\/llarelrossinyol\/wp-json\/wp\/v2\/pages\/822"}],"wp:attachment":[{"href":"https:\/\/agora.xtec.cat\/llarelrossinyol\/wp-json\/wp\/v2\/media?parent=1411"}],"curies":[{"name":"wp","href":"https:\/\/api.w.org\/{rel}","templated":true}]}}