{"id":1408,"date":"2023-07-12T07:43:58","date_gmt":"2023-07-12T05:43:58","guid":{"rendered":"https:\/\/agora.xtec.cat\/llarelrossinyol\/?page_id=1408"},"modified":"2024-05-11T08:42:38","modified_gmt":"2024-05-11T06:42:38","slug":"xerrada-sobre-pantalles-amb-anna-ramis","status":"publish","type":"page","link":"https:\/\/agora.xtec.cat\/llarelrossinyol\/afa\/activitats\/xerrada-sobre-pantalles-amb-anna-ramis\/","title":{"rendered":"Xerrada sobre pantalles amb Anna Ramis 2023"},"content":{"rendered":"<h5>La pedagoga Anna Ramis ofereix una xerrada sobre l&#8217;\u00fas de pantalles dels 0 als 3 anys<\/h5>\n<p>El 30 de maig, a la Sala Gran del Castell dels Comtes, la mestra i pedagoga Anna Ramis va oferir una xerrada sobre l&#8217;\u00fas de pantalles en la primera inf\u00e0ncia, \u00e9s a dir, de 0 a 3 anys. Des de l&#8217;AFA de la Llar d&#8217;Infants El Rossinyol vam decidir organitzar aquest acte per donar resposta a les inquietuds recollides a l&#8217;enquesta de valoraci\u00f3 que vam passar a final del curs passat a les fam\u00edlies.<\/p>\n<p>Ramis va posar l&#8217;accent en qu\u00e8 l&#8217;\u00fas de dispositius m\u00f2bils, tauletes, televisi\u00f3&#8230; no s\u00f3n innocus en la salut dels nostres infants, especialment per als m\u00e9s petits, el cervell dels quals encara s&#8217;est\u00e0 formant i va empla\u00e7ar a la vintena d&#8217;assistents a la xerrada, la majoria fam\u00edlies i alguna educadora, a vetllar, en aquest sentit per la salut de la canalla, com ho fem en d&#8217;altres \u00e0mbits com el menjar, el dormir o el joc, dels quals s\u00ed que hi ha uns h\u00e0bits molt pautats per la figura de l&#8217;adult.<\/p>\n<p>El missatge de la ponent va ser el de minimitzar al m\u00e0xim l&#8217;\u00fas de les pantalles dels 0 als 3 anys. I com fer-ho? Doncs amb pres\u00e8ncia, \u00e9s a dir, dedicant temps als nostres fills i filles, interactuant amb ells a partir d&#8217;altres canals, com el joc o la conversa. &#8220;<strong>Als infants no els cal cap pantalla. Hem de ser conscients del mal negoci que fem quan la nostra tranquil\u00b7litat va per davant de la seva salut. Sobretot cal evitar que les pantalles apareguin simult\u00e0niament i quotidianament als fets b\u00e0sics de vida quotidiana: \u00a0menjar, dormir, i tranquil\u00b7litzar-se<\/strong>&#8220;, va exposar Ramis. En aquest sentit, la pedagoga va afegir que les pantalles a aquesta primera inf\u00e0ncia &#8220;<strong>desconnecten els infants de la realitat<\/strong>&#8220;, \u00e9s a dir, s\u00f3n una barrera perqu\u00e8 l&#8217;infant pugui establir vincles i relacionar-se amb el seu entorn.<\/p>\n<p>Ramis tamb\u00e9 va incidir en el fet que els adults han de ser models per als m\u00e9s petits i, en cas que hi hagi consum de pantalles, que sigui una exposici\u00f3 acompanyada i amb una selecci\u00f3 de continguts acurada. Si b\u00e9 va evitar demonitzar les pantalles: &#8220;<strong>No es tracta de condemnar les pantalles, ni tots els seus continguts a casa. El m\u00e9s important \u00e9s ser conscients de la quantitat de coses que els nostres fills deixen de fer mentre estan abdu\u00efts davant d\u2019elles<\/strong>&#8220;.<\/p>\n<p>Anna Ramis \u00e9s autora del llibre <em>De 0 a 3, res de pantalles?<\/em>, entre d&#8217;altres. Podeu seguir la seva activitat al compte d&#8217;Instagram @anna.ramis.<\/p>\n<p>La xerrada va comptar amb el suport de l&#8217;AFA Cor de Roure, l&#8217;AFA Vedruna, l&#8217;AFA de l&#8217;Institut Moss\u00e8n Joan Segura i Valls, La Llavor de l&#8217;Om i la col\u00b7laboraci\u00f3 del Campus Extern de la Universitat Rovira i Virgili.<\/p>\n<p>&nbsp;<\/p>\n<figure class=\"figure wp-caption aligncenter\"><a href=\"https:\/\/agora.xtec.cat\/llarelrossinyol\/wp-content\/uploads\/usu2504\/2023\/11\/1-XerradaAFALlardIfants-scaled.jpg\"><img loading=\"lazy\" decoding=\"async\" class=\"size-large wp-image-1409\" src=\"https:\/\/agora.xtec.cat\/llarelrossinyol\/wp-content\/uploads\/usu2504\/2023\/11\/1-XerradaAFALlardIfants-1024x768.jpg\" alt=\"\" width=\"1024\" height=\"768\" srcset=\"https:\/\/agora.xtec.cat\/llarelrossinyol\/wp-content\/uploads\/usu2504\/2023\/11\/1-XerradaAFALlardIfants-1024x768.jpg 1024w, https:\/\/agora.xtec.cat\/llarelrossinyol\/wp-content\/uploads\/usu2504\/2023\/11\/1-XerradaAFALlardIfants-300x225.jpg 300w, https:\/\/agora.xtec.cat\/llarelrossinyol\/wp-content\/uploads\/usu2504\/2023\/11\/1-XerradaAFALlardIfants-768x576.jpg 768w, https:\/\/agora.xtec.cat\/llarelrossinyol\/wp-content\/uploads\/usu2504\/2023\/11\/1-XerradaAFALlardIfants-1536x1152.jpg 1536w, https:\/\/agora.xtec.cat\/llarelrossinyol\/wp-content\/uploads\/usu2504\/2023\/11\/1-XerradaAFALlardIfants-2048x1536.jpg 2048w, https:\/\/agora.xtec.cat\/llarelrossinyol\/wp-content\/uploads\/usu2504\/2023\/11\/1-XerradaAFALlardIfants-200x150.jpg 200w\" sizes=\"auto, (max-width: 1024px) 100vw, 1024px\" \/><\/a><figcaption class=\"wp-caption-text\">Fam\u00edlies i educadores a la xerrada que va oferir Anna Ramis al Castell<\/figcaption><\/figure>\n","protected":false},"excerpt":{"rendered":"<p>La pedagoga Anna Ramis ofereix una xerrada sobre l&#8217;\u00fas de pantalles dels 0 als 3 anys<br \/>\nEl 30 de maig, a la Sala Gran del Castell dels Comtes, la mestra i pedagoga Anna Ramis va oferir una xerrada sobre l&#8217;\u00fas de pantalles en la primera inf\u00e0ncia,&hellip;  <a href=\"https:\/\/agora.xtec.cat\/llarelrossinyol\/afa\/activitats\/xerrada-sobre-pantalles-amb-anna-ramis\/\" title=\"Read Xerrada sobre pantalles amb Anna Ramis 2023\">Llegeix m\u00e9s\u00bb<\/a><\/p>\n","protected":false},"author":6,"featured_media":0,"parent":822,"menu_order":0,"comment_status":"closed","ping_status":"closed","template":"","meta":{"_bbp_topic_count":0,"_bbp_reply_count":0,"_bbp_total_topic_count":0,"_bbp_total_reply_count":0,"_bbp_voice_count":0,"_bbp_anonymous_reply_count":0,"_bbp_topic_count_hidden":0,"_bbp_reply_count_hidden":0,"_bbp_forum_subforum_count":0,"footnotes":""},"class_list":["post-1408","page","type-page","status-publish","hentry"],"post_mailing_queue_ids":[],"_links":{"self":[{"href":"https:\/\/agora.xtec.cat\/llarelrossinyol\/wp-json\/wp\/v2\/pages\/1408","targetHints":{"allow":["GET"]}}],"collection":[{"href":"https:\/\/agora.xtec.cat\/llarelrossinyol\/wp-json\/wp\/v2\/pages"}],"about":[{"href":"https:\/\/agora.xtec.cat\/llarelrossinyol\/wp-json\/wp\/v2\/types\/page"}],"author":[{"embeddable":true,"href":"https:\/\/agora.xtec.cat\/llarelrossinyol\/wp-json\/wp\/v2\/users\/6"}],"replies":[{"embeddable":true,"href":"https:\/\/agora.xtec.cat\/llarelrossinyol\/wp-json\/wp\/v2\/comments?post=1408"}],"version-history":[{"count":2,"href":"https:\/\/agora.xtec.cat\/llarelrossinyol\/wp-json\/wp\/v2\/pages\/1408\/revisions"}],"predecessor-version":[{"id":1606,"href":"https:\/\/agora.xtec.cat\/llarelrossinyol\/wp-json\/wp\/v2\/pages\/1408\/revisions\/1606"}],"up":[{"embeddable":true,"href":"https:\/\/agora.xtec.cat\/llarelrossinyol\/wp-json\/wp\/v2\/pages\/822"}],"wp:attachment":[{"href":"https:\/\/agora.xtec.cat\/llarelrossinyol\/wp-json\/wp\/v2\/media?parent=1408"}],"curies":[{"name":"wp","href":"https:\/\/api.w.org\/{rel}","templated":true}]}}