{"id":1405,"date":"2023-04-13T07:32:40","date_gmt":"2023-04-13T05:32:40","guid":{"rendered":"https:\/\/agora.xtec.cat\/llarelrossinyol\/?page_id=1405"},"modified":"2023-11-03T07:41:47","modified_gmt":"2023-11-03T06:41:47","slug":"fem-llar-presentacio-de-la-nova-comissio","status":"publish","type":"page","link":"https:\/\/agora.xtec.cat\/llarelrossinyol\/afa\/activitats\/fem-llar-presentacio-de-la-nova-comissio\/","title":{"rendered":"Fem Llar &#8211; presentaci\u00f3 de la nova Comissi\u00f3"},"content":{"rendered":"<p><span style=\"font-family: inherit; font-size: 1em;\">Aquest curs 2022-2023 l&#8217;AFA ha creat el Grup de Treball &#8216;Fem Llar&#8217; integrat per representants de les fam\u00edlies (siguin o no de la Junta de l&#8217;AFA) i les educadores del centre que vol donar resposat a dos objectius generals:<\/span><\/p>\n<ul>\n<li>Treballar per garantir<strong> la participaci\u00f3 activa de les fam\u00edlies<\/strong> i enfortir les relacions entre els diferents agents de la <strong>comunitat educativa<\/strong><\/li>\n<li>Esdevenir un <strong>espai de di\u00e0leg i debat entre fam\u00edlies i educadores<\/strong>\u00a0que serveixi per fer propostes i debatre accions i actuacions de millora al centre<\/li>\n<\/ul>\n<p>L&#8217;objectiu \u00e9s donar resposta a les inquietuds de diverses fam\u00edlies de participar i involucrar-se en el projecte de la Llar que es va detectar a partir de les respostes de les enquestes de valoraci\u00f3 que es van passar a final del curs 2021-2022. Avui en dia la implicaci\u00f3 altru\u00efsta escasseja i vam pensar que no ho pod\u00edem deixar escapar. Al cap i a la fi, hi ha poques coses m\u00e9s importants que l&#8217;educaci\u00f3 dels nostres fills.<\/p>\n<p>El 31 de mar\u00e7, en el marc de la primera festa de la Monada, estem contentes d&#8217;anunciar-vos que aix\u00f2 ja \u00e9s una realitat.<\/p>\n<p>No nom\u00e9s est\u00e0 funcionant la Comissi\u00f3 de l&#8217;AFA, que anomenem <strong>&#8216;Fem Llar!&#8217;,<\/strong> sin\u00f3 que l&#8217;equip docent del centre tamb\u00e9 s&#8217;hi ha volgut sumar i, per tant, la proposta neix amb tot el seu potencial.<\/p>\n<p>A dia d&#8217;avui el Grup de Treball l&#8217;integren, per part de les fam\u00edlies: Anna Llid\u00f3, Anna Balcells, N\u00faria Miralles, N\u00faria Morera i Maria Carreras; i per part de la Llar, el conjunt de les educadores.<\/p>\n<p>Per tant, fam\u00edlies i mestres tenim un punt de trobada i debat, des d&#8217;on, colze a colze, des del respecte i el consens, i sempre amb esperit constructiu, estem conven\u00e7udes que en sortiran propostes engrescadores que contribuiran a enfortir el vincle entre fam\u00edlies i educadoes i personal de la Llar, a millorar la comunicaci\u00f3 i l&#8217;empatia entre els diferents agents que formem la comunitat educativa i, en definitiva i el m\u00e9s important, estem conven\u00e7udes que repercutir\u00e0 positivament en l&#8217;etapa dels nens i nenes a la Llar.<\/p>\n<p>I no vam trobar millor manera de celebrar que aquesta iniciativa ja \u00e9s una realitat que organitzant una festa que aplegu\u00e9s tothom: infants, familiars i tot el personal de la Llar. Per aix\u00f2, la festa de la Monada &#8211; 1a festa de la primavera.<\/p>\n<p>Aquesta festa tenia per objectiu esdevenir l&#8217;inici d&#8217;una escola en construcci\u00f3, que es repensa i que obre les portes a les fam\u00edlies des del respecte a les professionals que s&#8217;ocupen i es preocupen dels infants. Per aix\u00f2, aquest \u00faltim trimestre del curs comen\u00e7arem amb la iniciativa dels &#8216;<strong>Patis oberts<\/strong>&#8216; consistent en qu\u00e8 els familiars d&#8217;un grup-classe, en horari escolar, podran venir al pati a berenar amb els seus fills per participar del dia a dia del centre i interactuar amb ells en el context de la Llar, per crear sinergies, per entendre, per comprendre, per anar a la una. A m\u00e9s, les fam\u00edlies s\u00f3n lliures de proposar alguna din\u00e0mica per al grup.<\/p>\n<p>Des del Grup de Treball Fem Llar tamb\u00e9 treballarem, conjuntament amb l&#8217;AFA i el personal de la Llar, en la posada en marxa d&#8217;un <strong>hort<\/strong> per al centre, acostant-nos aix\u00ed a la meta que s&#8217;ha marcat el centre d&#8217;esdevenir Escola Verda, com els altres centres educatius del poble.<\/p>\n<p>Tenim d&#8217;altres propostes en ment, per\u00f2 des del grup de treball tenim clar que hem de fer passos petits per\u00f2 consistents i, sobretot, que ho hem de fer de com\u00fa acord entre fam\u00edlies i equip de la Llar. Potser ens equivocarem, segur que discreparem, per\u00f2 en tenim ganes, els objectius s\u00f3n nobles i tenim un punt fort en com\u00fa: totes tenim el benestar dels nens i nenes, els fills i filles, en el punt de mira.<\/p>\n<figure class=\"figure wp-caption aligncenter\"><a href=\"https:\/\/agora.xtec.cat\/llarelrossinyol\/wp-content\/uploads\/usu2504\/2023\/11\/20230331FemLlarcurs2022_2023-scaled.jpg\"><img loading=\"lazy\" decoding=\"async\" class=\"size-large wp-image-1406\" src=\"https:\/\/agora.xtec.cat\/llarelrossinyol\/wp-content\/uploads\/usu2504\/2023\/11\/20230331FemLlarcurs2022_2023-1024x498.jpg\" alt=\"\" width=\"1024\" height=\"498\" srcset=\"https:\/\/agora.xtec.cat\/llarelrossinyol\/wp-content\/uploads\/usu2504\/2023\/11\/20230331FemLlarcurs2022_2023-1024x498.jpg 1024w, https:\/\/agora.xtec.cat\/llarelrossinyol\/wp-content\/uploads\/usu2504\/2023\/11\/20230331FemLlarcurs2022_2023-300x146.jpg 300w, https:\/\/agora.xtec.cat\/llarelrossinyol\/wp-content\/uploads\/usu2504\/2023\/11\/20230331FemLlarcurs2022_2023-768x373.jpg 768w, https:\/\/agora.xtec.cat\/llarelrossinyol\/wp-content\/uploads\/usu2504\/2023\/11\/20230331FemLlarcurs2022_2023-1536x747.jpg 1536w, https:\/\/agora.xtec.cat\/llarelrossinyol\/wp-content\/uploads\/usu2504\/2023\/11\/20230331FemLlarcurs2022_2023-2048x996.jpg 2048w\" sizes=\"auto, (max-width: 1024px) 100vw, 1024px\" \/><\/a><figcaption class=\"wp-caption-text\">Educadores i mares integrants del primer grup de treball &#8216;Fem Llar&#8217;, curs 2022-2023<\/figcaption><\/figure>\n","protected":false},"excerpt":{"rendered":"<p>Aquest curs 2022-2023 l&#8217;AFA ha creat el Grup de Treball &#8216;Fem Llar&#8217; integrat per representants de les fam\u00edlies (siguin o no de la Junta de l&#8217;AFA) i les educadores del centre que vol donar resposat a dos objectius generals:<\/p>\n<ul>\n<li>Treballar per garantir la participaci\u00f3 activa de&hellip;  <a href=\"https:\/\/agora.xtec.cat\/llarelrossinyol\/afa\/activitats\/fem-llar-presentacio-de-la-nova-comissio\/\" title=\"Read Fem Llar &#8211; presentaci\u00f3 de la nova Comissi\u00f3\">Llegeix m\u00e9s\u00bb<\/a><br \/>\n","protected":false},"author":6,"featured_media":0,"parent":822,"menu_order":0,"comment_status":"closed","ping_status":"closed","template":"","meta":{"_bbp_topic_count":0,"_bbp_reply_count":0,"_bbp_total_topic_count":0,"_bbp_total_reply_count":0,"_bbp_voice_count":0,"_bbp_anonymous_reply_count":0,"_bbp_topic_count_hidden":0,"_bbp_reply_count_hidden":0,"_bbp_forum_subforum_count":0,"footnotes":""},"class_list":["post-1405","page","type-page","status-publish","hentry"],"post_mailing_queue_ids":[],"_links":{"self":[{"href":"https:\/\/agora.xtec.cat\/llarelrossinyol\/wp-json\/wp\/v2\/pages\/1405","targetHints":{"allow":["GET"]}}],"collection":[{"href":"https:\/\/agora.xtec.cat\/llarelrossinyol\/wp-json\/wp\/v2\/pages"}],"about":[{"href":"https:\/\/agora.xtec.cat\/llarelrossinyol\/wp-json\/wp\/v2\/types\/page"}],"author":[{"embeddable":true,"href":"https:\/\/agora.xtec.cat\/llarelrossinyol\/wp-json\/wp\/v2\/users\/6"}],"replies":[{"embeddable":true,"href":"https:\/\/agora.xtec.cat\/llarelrossinyol\/wp-json\/wp\/v2\/comments?post=1405"}],"version-history":[{"count":1,"href":"https:\/\/agora.xtec.cat\/llarelrossinyol\/wp-json\/wp\/v2\/pages\/1405\/revisions"}],"predecessor-version":[{"id":1407,"href":"https:\/\/agora.xtec.cat\/llarelrossinyol\/wp-json\/wp\/v2\/pages\/1405\/revisions\/1407"}],"up":[{"embeddable":true,"href":"https:\/\/agora.xtec.cat\/llarelrossinyol\/wp-json\/wp\/v2\/pages\/822"}],"wp:attachment":[{"href":"https:\/\/agora.xtec.cat\/llarelrossinyol\/wp-json\/wp\/v2\/media?parent=1405"}],"curies":[{"name":"wp","href":"https:\/\/api.w.org\/{rel}","templated":true}]}}