{"id":1396,"date":"2023-11-03T07:20:16","date_gmt":"2023-11-03T06:20:16","guid":{"rendered":"https:\/\/agora.xtec.cat\/llarelrossinyol\/?page_id=1396"},"modified":"2023-11-03T07:20:47","modified_gmt":"2023-11-03T06:20:47","slug":"nou-logo-de-lafa","status":"publish","type":"page","link":"https:\/\/agora.xtec.cat\/llarelrossinyol\/afa\/activitats\/nou-logo-de-lafa\/","title":{"rendered":"Nou logo de l&#8217;AFA"},"content":{"rendered":"<p>Amb el nou curs 2023-2024 tamb\u00e9 hem estrenat nou logo, disseny de la Rosa D\u00edaz Custodi, mare de la Llar. Les fam\u00edlies van poder votar entre dues opcions i amb 14 vots a favor d\u2019un total de 25 es va escollir la imatge que acompanya aquestes l\u00ednies i que representa un rossinyol dins del niu. La veritat \u00e9s que ja tocava ja que fins ara el logo de l\u2019AFA era un r\u00e8plica mal escanejada del logo del centre amb les lletres AMPA incrustades. Moltes gr\u00e0cies, Rosa!<\/p>\n<p>&nbsp;<\/p>\n<p><a href=\"https:\/\/agora.xtec.cat\/llarelrossinyol\/wp-content\/uploads\/usu2504\/2023\/11\/Logo-Fi-AFA-El-Rossinyol_Mesa-de-trabajo-1.jpg\"><img loading=\"lazy\" decoding=\"async\" class=\"aligncenter wp-image-1397 size-medium\" src=\"https:\/\/agora.xtec.cat\/llarelrossinyol\/wp-content\/uploads\/usu2504\/2023\/11\/Logo-Fi-AFA-El-Rossinyol_Mesa-de-trabajo-1-230x300.jpg\" alt=\"\" width=\"230\" height=\"300\" srcset=\"https:\/\/agora.xtec.cat\/llarelrossinyol\/wp-content\/uploads\/usu2504\/2023\/11\/Logo-Fi-AFA-El-Rossinyol_Mesa-de-trabajo-1-230x300.jpg 230w, https:\/\/agora.xtec.cat\/llarelrossinyol\/wp-content\/uploads\/usu2504\/2023\/11\/Logo-Fi-AFA-El-Rossinyol_Mesa-de-trabajo-1-786x1024.jpg 786w, https:\/\/agora.xtec.cat\/llarelrossinyol\/wp-content\/uploads\/usu2504\/2023\/11\/Logo-Fi-AFA-El-Rossinyol_Mesa-de-trabajo-1-768x1000.jpg 768w, https:\/\/agora.xtec.cat\/llarelrossinyol\/wp-content\/uploads\/usu2504\/2023\/11\/Logo-Fi-AFA-El-Rossinyol_Mesa-de-trabajo-1-1179x1536.jpg 1179w, https:\/\/agora.xtec.cat\/llarelrossinyol\/wp-content\/uploads\/usu2504\/2023\/11\/Logo-Fi-AFA-El-Rossinyol_Mesa-de-trabajo-1.jpg 1329w\" sizes=\"auto, (max-width: 230px) 100vw, 230px\" \/><\/a><\/p>\n","protected":false},"excerpt":{"rendered":"<p>Amb el nou curs 2023-2024 tamb\u00e9 hem estrenat nou logo, disseny de la Rosa D\u00edaz Custodi, mare de la Llar. Les fam\u00edlies van poder votar entre dues opcions i amb 14 vots a favor d\u2019un total de 25 es va escollir la imatge que acompanya&hellip;  <a href=\"https:\/\/agora.xtec.cat\/llarelrossinyol\/afa\/activitats\/nou-logo-de-lafa\/\" title=\"Read Nou logo de l&#8217;AFA\">Llegeix m\u00e9s\u00bb<\/a><\/p>\n","protected":false},"author":6,"featured_media":0,"parent":822,"menu_order":0,"comment_status":"closed","ping_status":"closed","template":"","meta":{"_bbp_topic_count":0,"_bbp_reply_count":0,"_bbp_total_topic_count":0,"_bbp_total_reply_count":0,"_bbp_voice_count":0,"_bbp_anonymous_reply_count":0,"_bbp_topic_count_hidden":0,"_bbp_reply_count_hidden":0,"_bbp_forum_subforum_count":0,"footnotes":""},"class_list":["post-1396","page","type-page","status-publish","hentry"],"post_mailing_queue_ids":[],"_links":{"self":[{"href":"https:\/\/agora.xtec.cat\/llarelrossinyol\/wp-json\/wp\/v2\/pages\/1396","targetHints":{"allow":["GET"]}}],"collection":[{"href":"https:\/\/agora.xtec.cat\/llarelrossinyol\/wp-json\/wp\/v2\/pages"}],"about":[{"href":"https:\/\/agora.xtec.cat\/llarelrossinyol\/wp-json\/wp\/v2\/types\/page"}],"author":[{"embeddable":true,"href":"https:\/\/agora.xtec.cat\/llarelrossinyol\/wp-json\/wp\/v2\/users\/6"}],"replies":[{"embeddable":true,"href":"https:\/\/agora.xtec.cat\/llarelrossinyol\/wp-json\/wp\/v2\/comments?post=1396"}],"version-history":[{"count":2,"href":"https:\/\/agora.xtec.cat\/llarelrossinyol\/wp-json\/wp\/v2\/pages\/1396\/revisions"}],"predecessor-version":[{"id":1399,"href":"https:\/\/agora.xtec.cat\/llarelrossinyol\/wp-json\/wp\/v2\/pages\/1396\/revisions\/1399"}],"up":[{"embeddable":true,"href":"https:\/\/agora.xtec.cat\/llarelrossinyol\/wp-json\/wp\/v2\/pages\/822"}],"wp:attachment":[{"href":"https:\/\/agora.xtec.cat\/llarelrossinyol\/wp-json\/wp\/v2\/media?parent=1396"}],"curies":[{"name":"wp","href":"https:\/\/api.w.org\/{rel}","templated":true}]}}