{"id":1284,"date":"2023-05-11T07:08:44","date_gmt":"2023-05-11T05:08:44","guid":{"rendered":"https:\/\/agora.xtec.cat\/llarelrossinyol\/?page_id=1284"},"modified":"2023-05-11T07:13:53","modified_gmt":"2023-05-11T05:13:53","slug":"la-monada-2023","status":"publish","type":"page","link":"https:\/\/agora.xtec.cat\/llarelrossinyol\/afa\/activitats\/la-monada-2023\/","title":{"rendered":"La Monada 2023"},"content":{"rendered":"<h3><strong>La comunitat educativa de la Llar organitza la festa de \u2018La Monada\u2019, tret de sortida del grup de treball \u2018Fem Llar\u2019<br \/>\n<\/strong><\/h3>\n<p>El 31 de mar\u00e7, \u00faltim dia abans de les vacances de Setmana Santa, les educadores i l\u2019AFA de la Llar d\u2019Infants El Rossinyol, vam celebrar per primera vegada la festa de \u2018La Monada\u2019.<\/p>\n<p>Es tractava d\u2019obrir el centre a les fam\u00edlies i fer-les part\u00edceps del seu dia a dia. Aix\u00ed, a partir de les quatre de la tarda, les fam\u00edlies van anar arribant al pati de la Llar al ritme de la m\u00fasica que punxava el DJ Laldo, alter ego de l\u2019Abelard Claramunt, i m\u00e9s tard les cuineres de la Llar van oferir per berenar les mones que havien cuinat els infants. Va ser molt bonic jugar plegats amb els fills, que ells ens ensenyessin els seus racons preferits del pati, van ser enriquidores les converses entre mares i pares i les educadores i el personal de la Llar. Creiem que actes com aquest, que fomenten les sinergies i el sentiment de comunitat, s\u00f3n el cam\u00ed d\u2019una escola que es repensa per avan\u00e7ar i, precisament per aix\u00f2, des de l\u2019organitzaci\u00f3 considerem que la iniciativa va ser un \u00e8xit.<\/p>\n<p>La festa de \u2018La Monada\u2019 ser la primera activitat dissenyada des d\u2019un nou grup de treball \u2014que hem batejat com a \u2018Fem Llar\u2019\u2014, integrat per una representaci\u00f3 de les fam\u00edlies i pel conjunt de les educadores, amb dos objectius: treballar per garantir la participaci\u00f3 activa de les fam\u00edlies i enfortir les relacions entre els diferents agents de la comunitat educativa, i el d\u2019esdevenir un espai de di\u00e0leg i debat entre fam\u00edlies i educadores\u00a0que serveixi per fer propostes i debatre accions i actuacions de millora al centre; tot plegat i amb el punt de mira sempre, de millorar l\u2019estada dels infants en el seu pas per la Llar d\u2019infants.<\/p>\n<p>Aquest grup de treball, ideat per l\u2019AFA, vol donar resposta a les inquietuds de diverses fam\u00edlies de participar i involucrar-se en el projecte de la Llar i neix amb el tot el seu potencial, gr\u00e0cies a la voluntat de les educadores de formar-ne part.<\/p>\n<figure class=\"figure wp-caption alignleft\"><a href=\"https:\/\/agora.xtec.cat\/llarelrossinyol\/wp-content\/uploads\/usu2504\/2023\/05\/LaMonada1.jpg\"><img loading=\"lazy\" decoding=\"async\" class=\"wp-image-1279\" src=\"https:\/\/agora.xtec.cat\/llarelrossinyol\/wp-content\/uploads\/usu2504\/2023\/05\/LaMonada1-225x300.jpg\" alt=\"\" width=\"440\" height=\"587\" srcset=\"https:\/\/agora.xtec.cat\/llarelrossinyol\/wp-content\/uploads\/usu2504\/2023\/05\/LaMonada1-225x300.jpg 225w, https:\/\/agora.xtec.cat\/llarelrossinyol\/wp-content\/uploads\/usu2504\/2023\/05\/LaMonada1-768x1024.jpg 768w, https:\/\/agora.xtec.cat\/llarelrossinyol\/wp-content\/uploads\/usu2504\/2023\/05\/LaMonada1.jpg 900w\" sizes=\"auto, (max-width: 440px) 100vw, 440px\" \/><\/a><figcaption class=\"wp-caption-text\">Per berenar no hi podia faltar la mona que van fer els infants<\/figcaption><\/figure>\n<figure class=\"figure wp-caption alignleft\"><a href=\"https:\/\/agora.xtec.cat\/llarelrossinyol\/wp-content\/uploads\/usu2504\/2023\/05\/LaMonada2.jpg\"><img loading=\"lazy\" decoding=\"async\" class=\"wp-image-1280\" src=\"https:\/\/agora.xtec.cat\/llarelrossinyol\/wp-content\/uploads\/usu2504\/2023\/05\/LaMonada2-225x300.jpg\" alt=\"\" width=\"440\" height=\"587\" srcset=\"https:\/\/agora.xtec.cat\/llarelrossinyol\/wp-content\/uploads\/usu2504\/2023\/05\/LaMonada2-225x300.jpg 225w, https:\/\/agora.xtec.cat\/llarelrossinyol\/wp-content\/uploads\/usu2504\/2023\/05\/LaMonada2-768x1024.jpg 768w, https:\/\/agora.xtec.cat\/llarelrossinyol\/wp-content\/uploads\/usu2504\/2023\/05\/LaMonada2.jpg 1000w\" sizes=\"auto, (max-width: 440px) 100vw, 440px\" \/><\/a><figcaption class=\"wp-caption-text\">Els petits de casa van compartir amb els pares el seu espai de joc<\/figcaption><\/figure>\n","protected":false},"excerpt":{"rendered":"<p>La comunitat educativa de la Llar organitza la festa de \u2018La Monada\u2019, tret de sortida del grup de treball \u2018Fem Llar\u2019<\/p>\n<p>El 31 de mar\u00e7, \u00faltim dia abans de les vacances de Setmana Santa, les educadores i l\u2019AFA de la Llar d\u2019Infants El Rossinyol, vam celebrar&hellip;  <a href=\"https:\/\/agora.xtec.cat\/llarelrossinyol\/afa\/activitats\/la-monada-2023\/\" title=\"Read La Monada 2023\">Llegeix m\u00e9s\u00bb<\/a><\/p>\n","protected":false},"author":6,"featured_media":0,"parent":822,"menu_order":0,"comment_status":"closed","ping_status":"closed","template":"","meta":{"_bbp_topic_count":0,"_bbp_reply_count":0,"_bbp_total_topic_count":0,"_bbp_total_reply_count":0,"_bbp_voice_count":0,"_bbp_anonymous_reply_count":0,"_bbp_topic_count_hidden":0,"_bbp_reply_count_hidden":0,"_bbp_forum_subforum_count":0,"footnotes":""},"class_list":["post-1284","page","type-page","status-publish","hentry"],"post_mailing_queue_ids":[],"_links":{"self":[{"href":"https:\/\/agora.xtec.cat\/llarelrossinyol\/wp-json\/wp\/v2\/pages\/1284","targetHints":{"allow":["GET"]}}],"collection":[{"href":"https:\/\/agora.xtec.cat\/llarelrossinyol\/wp-json\/wp\/v2\/pages"}],"about":[{"href":"https:\/\/agora.xtec.cat\/llarelrossinyol\/wp-json\/wp\/v2\/types\/page"}],"author":[{"embeddable":true,"href":"https:\/\/agora.xtec.cat\/llarelrossinyol\/wp-json\/wp\/v2\/users\/6"}],"replies":[{"embeddable":true,"href":"https:\/\/agora.xtec.cat\/llarelrossinyol\/wp-json\/wp\/v2\/comments?post=1284"}],"version-history":[{"count":3,"href":"https:\/\/agora.xtec.cat\/llarelrossinyol\/wp-json\/wp\/v2\/pages\/1284\/revisions"}],"predecessor-version":[{"id":1291,"href":"https:\/\/agora.xtec.cat\/llarelrossinyol\/wp-json\/wp\/v2\/pages\/1284\/revisions\/1291"}],"up":[{"embeddable":true,"href":"https:\/\/agora.xtec.cat\/llarelrossinyol\/wp-json\/wp\/v2\/pages\/822"}],"wp:attachment":[{"href":"https:\/\/agora.xtec.cat\/llarelrossinyol\/wp-json\/wp\/v2\/media?parent=1284"}],"curies":[{"name":"wp","href":"https:\/\/api.w.org\/{rel}","templated":true}]}}