{"id":678,"date":"2022-10-26T15:34:09","date_gmt":"2022-10-26T13:34:09","guid":{"rendered":"https:\/\/agora.xtec.cat\/llarelpilar\/?page_id=678"},"modified":"2023-09-25T15:35:13","modified_gmt":"2023-09-25T13:35:13","slug":"menjador","status":"publish","type":"page","link":"https:\/\/agora.xtec.cat\/llarelpilar\/menjador\/","title":{"rendered":"Menjador"},"content":{"rendered":"<p>A la llar d&#8217;infants el Pilar comptem amb servei de menjador amb cuina pr\u00f2pia. Els nostres men\u00fas s\u00f3n equilibrats i amb productes de temporada i de proximitat.<\/p>\n<p>Segons les necessitats d&#8217;alimentaci\u00f3 dels vostres fills\/es, comptem amb tres tipus de men\u00fas:<\/p>\n<p><a href=\"https:\/\/agora.xtec.cat\/llarelpilar\/wp-content\/uploads\/usu2663\/2023\/09\/MENU-INTERMEDI-23-24.pdf\">MEN\u00da INTERMEDI 23-24<\/a><\/p>\n<p><a href=\"https:\/\/agora.xtec.cat\/llarelpilar\/wp-content\/uploads\/usu2663\/2022\/10\/MENU-INICIAL-2022-23.pdf\">MEN\u00da INICIAL 23-24<\/a><\/p>\n<p><a href=\"https:\/\/agora.xtec.cat\/llarelpilar\/wp-content\/uploads\/usu2663\/2023\/09\/MENU-SENCER.pdf\">MEN\u00da SENCER<\/a><\/p>\n<p>Men\u00fas adequats a al\u00b7l\u00e8rgies i\/o intoler\u00e0ncies:<\/p>\n<p><a href=\"https:\/\/agora.xtec.cat\/llarelpilar\/wp-content\/uploads\/usu2663\/2023\/09\/MENU-SENSE-GLUTEN.pdf\">MEN\u00da SENSE GLUTEN<\/a><\/p>\n<p><a href=\"https:\/\/agora.xtec.cat\/llarelpilar\/wp-content\/uploads\/usu2663\/2023\/09\/MENU-SENSE-OU.pdf\">MENU SENSE OU<\/a><\/p>\n<p><a href=\"https:\/\/agora.xtec.cat\/llarelpilar\/wp-content\/uploads\/usu2663\/2023\/09\/MENU-SENSE-CARBASSO.pdf\">MEN\u00da SENSE CARBASS\u00d3<\/a><\/p>\n<p>&nbsp;<\/p>\n","protected":false},"excerpt":{"rendered":"<p>A la llar d&#8217;infants el Pilar comptem amb servei de menjador amb cuina pr\u00f2pia. Els nostres men\u00fas s\u00f3n equilibrats i amb productes de temporada i de proximitat.<br \/>\nSegons les necessitats d&#8217;alimentaci\u00f3 dels vostres fills\/es, comptem amb tres tipus de men\u00fas:<br \/>\n<a href=\"https:\/\/agora.xtec.cat\/llarelpilar\/wp-content\/uploads\/usu2663\/2023\/09\/MENU-INTERMEDI-23-24.pdf\">MEN\u00da INTERMEDI 23-24<\/a><br \/>\n<a href=\"https:\/\/agora.xtec.cat\/llarelpilar\/wp-content\/uploads\/usu2663\/2022\/10\/MENU-INICIAL-2022-23.pdf\">MEN\u00da INICIAL 23-24<\/a><br \/>\n<a&hellip;  <a href=\"https:\/\/agora.xtec.cat\/llarelpilar\/menjador\/\" title=\"Read Menjador\">Llegeix m\u00e9s\u00bb<\/a><\/p>\n","protected":false},"author":1,"featured_media":0,"parent":0,"menu_order":0,"comment_status":"closed","ping_status":"closed","template":"","meta":{"_bbp_topic_count":0,"_bbp_reply_count":0,"_bbp_total_topic_count":0,"_bbp_total_reply_count":0,"_bbp_voice_count":0,"_bbp_anonymous_reply_count":0,"_bbp_topic_count_hidden":0,"_bbp_reply_count_hidden":0,"_bbp_forum_subforum_count":0,"footnotes":""},"class_list":["post-678","page","type-page","status-publish","hentry"],"post_mailing_queue_ids":[],"_links":{"self":[{"href":"https:\/\/agora.xtec.cat\/llarelpilar\/wp-json\/wp\/v2\/pages\/678","targetHints":{"allow":["GET"]}}],"collection":[{"href":"https:\/\/agora.xtec.cat\/llarelpilar\/wp-json\/wp\/v2\/pages"}],"about":[{"href":"https:\/\/agora.xtec.cat\/llarelpilar\/wp-json\/wp\/v2\/types\/page"}],"author":[{"embeddable":true,"href":"https:\/\/agora.xtec.cat\/llarelpilar\/wp-json\/wp\/v2\/users\/1"}],"replies":[{"embeddable":true,"href":"https:\/\/agora.xtec.cat\/llarelpilar\/wp-json\/wp\/v2\/comments?post=678"}],"version-history":[{"count":3,"href":"https:\/\/agora.xtec.cat\/llarelpilar\/wp-json\/wp\/v2\/pages\/678\/revisions"}],"predecessor-version":[{"id":747,"href":"https:\/\/agora.xtec.cat\/llarelpilar\/wp-json\/wp\/v2\/pages\/678\/revisions\/747"}],"wp:attachment":[{"href":"https:\/\/agora.xtec.cat\/llarelpilar\/wp-json\/wp\/v2\/media?parent=678"}],"curies":[{"name":"wp","href":"https:\/\/api.w.org\/{rel}","templated":true}]}}