{"id":603,"date":"2020-11-26T18:56:54","date_gmt":"2020-11-26T17:56:54","guid":{"rendered":"https:\/\/agora.xtec.cat\/llarelgavot\/?page_id=603"},"modified":"2025-11-19T13:16:50","modified_gmt":"2025-11-19T12:16:50","slug":"qui-som","status":"publish","type":"page","link":"https:\/\/agora.xtec.cat\/llarelgavot\/la-llar\/qui-som\/","title":{"rendered":"Qui som"},"content":{"rendered":"<p>&nbsp;<\/p>\n<h4>El 15 d\u2019abril de 1985, la nostra llar va obrir les portes \u00a0a un petit nombre de nenes i nens. En aquell moment, el \u00a0personal\u00a0 era la meitat del que hi ha actualment.<\/h4>\n<h4>M\u00e9s endavant, es va anar ampliant tant el nombre de professionals \u00a0com el de l\u2019oferta de places per als infants.<\/h4>\n<h4>Actualment\u00a0 18 professionals som responsables de l\u2019atenci\u00f3 i educaci\u00f3 de 114 nenes i nens.<\/h4>\n<h4>Abans del 10 de juny de 1988, les llars d\u2019infants estaven gestionades per\u00a0 l\u2019Institut Catal\u00e0 d\u2019Assist\u00e8ncia i Serveis Socials (ICASS). A partir d\u2019aquesta data, es van transferir al Departament d\u2019Educaci\u00f3, complint-se \u00a0d\u2019aquesta manera, \u00a0la demanda dels professionals de l\u2019educaci\u00f3 d\u2019unificar\u00a0 tots els nivells del sistema educatiu.<\/h4>\n<h4><img loading=\"lazy\" decoding=\"async\" class=\"alignnone wp-image-1553\" src=\"https:\/\/agora.xtec.cat\/llarelgavot\/wp-content\/uploads\/usu168\/2025\/01\/equipnadal24.jpeg\" alt=\"\" width=\"1023\" height=\"656\" srcset=\"https:\/\/agora.xtec.cat\/llarelgavot\/wp-content\/uploads\/usu168\/2025\/01\/equipnadal24.jpeg 831w, https:\/\/agora.xtec.cat\/llarelgavot\/wp-content\/uploads\/usu168\/2025\/01\/equipnadal24-300x192.jpeg 300w, https:\/\/agora.xtec.cat\/llarelgavot\/wp-content\/uploads\/usu168\/2025\/01\/equipnadal24-768x493.jpeg 768w\" sizes=\"auto, (max-width: 1023px) 100vw, 1023px\" \/><\/h4>\n<h1>\u00a0 \u00a0 \u00a0 \u00a0 \u00a0 \u00a0 \u00a0 \u00a0 \u00a0 \u00a0 \u00a0 \u00a0 \u00a0Castanyada\u00a0 2024<\/h1>\n<p>&nbsp;<\/p>\n<p><img loading=\"lazy\" decoding=\"async\" class=\"alignnone size-full wp-image-1276\" src=\"https:\/\/agora.xtec.cat\/llarelgavot\/wp-content\/uploads\/usu168\/2023\/02\/equip-carnaval.jpg\" alt=\"\" width=\"1024\" height=\"594\" srcset=\"https:\/\/agora.xtec.cat\/llarelgavot\/wp-content\/uploads\/usu168\/2023\/02\/equip-carnaval.jpg 1024w, https:\/\/agora.xtec.cat\/llarelgavot\/wp-content\/uploads\/usu168\/2023\/02\/equip-carnaval-300x174.jpg 300w, https:\/\/agora.xtec.cat\/llarelgavot\/wp-content\/uploads\/usu168\/2023\/02\/equip-carnaval-768x446.jpg 768w\" sizes=\"auto, (max-width: 1024px) 100vw, 1024px\" \/><\/p>\n<p>&nbsp;<\/p>\n<p>&nbsp;<\/p>\n<p><a href=\"https:\/\/agora.xtec.cat\/llarelgavot\/wp-content\/uploads\/usu168\/2020\/11\/qui-som.jpeg\"><img loading=\"lazy\" decoding=\"async\" class=\"size-full wp-image-650 alignleft\" src=\"https:\/\/agora.xtec.cat\/llarelgavot\/wp-content\/uploads\/usu168\/2020\/11\/qui-som.jpeg\" alt=\"\" width=\"720\" height=\"540\" srcset=\"https:\/\/agora.xtec.cat\/llarelgavot\/wp-content\/uploads\/usu168\/2020\/11\/qui-som.jpeg 720w, https:\/\/agora.xtec.cat\/llarelgavot\/wp-content\/uploads\/usu168\/2020\/11\/qui-som-300x225.jpeg 300w, https:\/\/agora.xtec.cat\/llarelgavot\/wp-content\/uploads\/usu168\/2020\/11\/qui-som-200x150.jpeg 200w\" sizes=\"auto, (max-width: 720px) 100vw, 720px\" \/><\/a><\/p>\n<p>&nbsp;<\/p>\n<p>&nbsp;<\/p>\n<p>&nbsp;<\/p>\n<p>&nbsp;<\/p>\n<p>&nbsp;<\/p>\n<p>&nbsp;<\/p>\n<p>&nbsp;<\/p>\n<p>&nbsp;<\/p>\n<p>&nbsp;<\/p>\n<p>&nbsp;<\/p>\n<p>&nbsp;<\/p>\n<p>&nbsp;<\/p>\n<p>&nbsp;<\/p>\n<h4><strong>Equip educatiu<\/strong><\/h4>\n<h4>Elisabet Amor\u00f3s Albesa<\/h4>\n<h4>Marta Anson Massich<\/h4>\n<h4>Rakel Celim\u00e9ndiz Gal\u00e1n<\/h4>\n<h4>Anna Dom\u00e8nech Gibert<\/h4>\n<h4>Silvia Gibert Neras<\/h4>\n<h4>Sabina Feixas Gil<\/h4>\n<h4>Nuria Guilamany Vallejo<\/h4>\n<h4>Llu\u00efsa Mart\u00ednez Garc\u00eda<\/h4>\n<h4>Merc\u00e8 Oliv\u00e9 Duran<\/h4>\n<h4>Rosa M\u00aa Rafart Roca<\/h4>\n<h4>Mar\u00eda Jos\u00e9 S\u00e1nchez Garc\u00eda<\/h4>\n<h4>Ana M\u00aa Soler Ard\u00e9vol<\/h4>\n<h4>Floren Mu\u00f1iz P\u00e9rez<\/h4>\n<h4>Erika Gl\u00f2ria Wust Guevara<\/h4>\n<h4>Lidia Mateo L\u00f3pez<\/h4>\n<h4><\/h4>\n<h4><strong>Equip cuina i serveis<\/strong><\/h4>\n<h4>Esther Roda Rodr\u00edguez<\/h4>\n<h4>Sergi Bernal Fern\u00e1ndez<\/h4>\n<h4>Julia Escalera Mesa<\/h4>\n<h4>Beatriz L\u00f3pez Garcia<\/h4>\n<h4>Jes\u00fas Ortega Maya<\/h4>\n<h4>Mina Issialiouane Isellaman<\/h4>\n<h4><\/h4>\n<h4><strong>Monitores <\/strong><\/h4>\n<h4>M\u00aa Luisa Campos Soria<\/h4>\n<h4>Anna Dom\u00ednguez Lavado<\/h4>\n<h4>Ver\u00f3nica Gonz\u00e1lez Cabezas<\/h4>\n<h4>Paqui Lavado Zapata<\/h4>\n<h4>Meritxell P\u00e9rez Benito<\/h4>\n<h4>Alba Garcia Rosell<\/h4>\n<h4>Andrea Rom\u00e1n Garc\u00eda (acollida matinal)<\/h4>\n<h4><\/h4>\n<h4><\/h4>\n","protected":false},"excerpt":{"rendered":"<p>&nbsp;<br \/>\nEl 15 d\u2019abril de 1985, la nostra llar va obrir les portes \u00a0a un petit nombre de nenes i nens. En aquell moment, el \u00a0personal\u00a0 era la meitat del que hi ha actualment.<br \/>\nM\u00e9s endavant, es va anar ampliant tant el nombre de professionals \u00a0com el&hellip;  <a href=\"https:\/\/agora.xtec.cat\/llarelgavot\/la-llar\/qui-som\/\" title=\"Read Qui som\">Llegeix m\u00e9s\u00bb<\/a><\/p>\n","protected":false},"author":1,"featured_media":0,"parent":566,"menu_order":2,"comment_status":"closed","ping_status":"closed","template":"page-templates\/side-menu.php","meta":{"_bbp_topic_count":0,"_bbp_reply_count":0,"_bbp_total_topic_count":0,"_bbp_total_reply_count":0,"_bbp_voice_count":0,"_bbp_anonymous_reply_count":0,"_bbp_topic_count_hidden":0,"_bbp_reply_count_hidden":0,"_bbp_forum_subforum_count":0,"footnotes":""},"class_list":["post-603","page","type-page","status-publish","hentry"],"post_mailing_queue_ids":[],"_links":{"self":[{"href":"https:\/\/agora.xtec.cat\/llarelgavot\/wp-json\/wp\/v2\/pages\/603","targetHints":{"allow":["GET"]}}],"collection":[{"href":"https:\/\/agora.xtec.cat\/llarelgavot\/wp-json\/wp\/v2\/pages"}],"about":[{"href":"https:\/\/agora.xtec.cat\/llarelgavot\/wp-json\/wp\/v2\/types\/page"}],"author":[{"embeddable":true,"href":"https:\/\/agora.xtec.cat\/llarelgavot\/wp-json\/wp\/v2\/users\/1"}],"replies":[{"embeddable":true,"href":"https:\/\/agora.xtec.cat\/llarelgavot\/wp-json\/wp\/v2\/comments?post=603"}],"version-history":[{"count":6,"href":"https:\/\/agora.xtec.cat\/llarelgavot\/wp-json\/wp\/v2\/pages\/603\/revisions"}],"predecessor-version":[{"id":1649,"href":"https:\/\/agora.xtec.cat\/llarelgavot\/wp-json\/wp\/v2\/pages\/603\/revisions\/1649"}],"up":[{"embeddable":true,"href":"https:\/\/agora.xtec.cat\/llarelgavot\/wp-json\/wp\/v2\/pages\/566"}],"wp:attachment":[{"href":"https:\/\/agora.xtec.cat\/llarelgavot\/wp-json\/wp\/v2\/media?parent=603"}],"curies":[{"name":"wp","href":"https:\/\/api.w.org\/{rel}","templated":true}]}}