{"id":580,"date":"2020-11-26T18:45:48","date_gmt":"2020-11-26T17:45:48","guid":{"rendered":"https:\/\/agora.xtec.cat\/llarelgavot\/?page_id=580"},"modified":"2025-09-24T15:42:32","modified_gmt":"2025-09-24T13:42:32","slug":"ampa","status":"publish","type":"page","link":"https:\/\/agora.xtec.cat\/llarelgavot\/la-llar\/ampa\/","title":{"rendered":"AFA"},"content":{"rendered":"<h3><img loading=\"lazy\" decoding=\"async\" class=\"size-large wp-image-1642 aligncenter\" src=\"https:\/\/agora.xtec.cat\/llarelgavot\/wp-content\/uploads\/usu168\/2025\/09\/AFA-Portes-Obertes-2025-724x1024.jpg\" alt=\"\" width=\"724\" height=\"1024\" srcset=\"https:\/\/agora.xtec.cat\/llarelgavot\/wp-content\/uploads\/usu168\/2025\/09\/AFA-Portes-Obertes-2025-724x1024.jpg 724w, https:\/\/agora.xtec.cat\/llarelgavot\/wp-content\/uploads\/usu168\/2025\/09\/AFA-Portes-Obertes-2025-212x300.jpg 212w, https:\/\/agora.xtec.cat\/llarelgavot\/wp-content\/uploads\/usu168\/2025\/09\/AFA-Portes-Obertes-2025-768x1086.jpg 768w, https:\/\/agora.xtec.cat\/llarelgavot\/wp-content\/uploads\/usu168\/2025\/09\/AFA-Portes-Obertes-2025-1086x1536.jpg 1086w, https:\/\/agora.xtec.cat\/llarelgavot\/wp-content\/uploads\/usu168\/2025\/09\/AFA-Portes-Obertes-2025.jpg 1414w\" sizes=\"auto, (max-width: 724px) 100vw, 724px\" \/><\/h3>\n<p>&nbsp;<\/p>\n<p>&nbsp;<\/p>\n<h3><img loading=\"lazy\" decoding=\"async\" class=\"size-large wp-image-1640 aligncenter\" src=\"https:\/\/agora.xtec.cat\/llarelgavot\/wp-content\/uploads\/usu168\/2025\/09\/xocolatada-24-25-1024x725.jpg\" alt=\"\" width=\"1024\" height=\"725\" srcset=\"https:\/\/agora.xtec.cat\/llarelgavot\/wp-content\/uploads\/usu168\/2025\/09\/xocolatada-24-25-1024x725.jpg 1024w, https:\/\/agora.xtec.cat\/llarelgavot\/wp-content\/uploads\/usu168\/2025\/09\/xocolatada-24-25-300x213.jpg 300w, https:\/\/agora.xtec.cat\/llarelgavot\/wp-content\/uploads\/usu168\/2025\/09\/xocolatada-24-25-768x544.jpg 768w, https:\/\/agora.xtec.cat\/llarelgavot\/wp-content\/uploads\/usu168\/2025\/09\/xocolatada-24-25.jpg 1276w\" sizes=\"auto, (max-width: 1024px) 100vw, 1024px\" \/><\/h3>\n<h3><\/h3>\n<h3><\/h3>\n<h3><img loading=\"lazy\" decoding=\"async\" class=\"size-full wp-image-1639 aligncenter\" src=\"https:\/\/agora.xtec.cat\/llarelgavot\/wp-content\/uploads\/usu168\/2025\/09\/Carta-xocolatada.jpg\" alt=\"\" width=\"613\" height=\"899\" srcset=\"https:\/\/agora.xtec.cat\/llarelgavot\/wp-content\/uploads\/usu168\/2025\/09\/Carta-xocolatada.jpg 613w, https:\/\/agora.xtec.cat\/llarelgavot\/wp-content\/uploads\/usu168\/2025\/09\/Carta-xocolatada-205x300.jpg 205w\" sizes=\"auto, (max-width: 613px) 100vw, 613px\" \/><\/h3>\n<h3><\/h3>\n<h3><\/h3>\n<h3><\/h3>\n<h3><\/h3>\n<h3><\/h3>\n<h3><\/h3>\n<h3><img loading=\"lazy\" decoding=\"async\" class=\"wp-image-1510 aligncenter\" src=\"https:\/\/agora.xtec.cat\/llarelgavot\/wp-content\/uploads\/usu168\/2024\/09\/xocolatada.jpg\" alt=\"\" width=\"1311\" height=\"930\" srcset=\"https:\/\/agora.xtec.cat\/llarelgavot\/wp-content\/uploads\/usu168\/2024\/09\/xocolatada.jpg 581w, https:\/\/agora.xtec.cat\/llarelgavot\/wp-content\/uploads\/usu168\/2024\/09\/xocolatada-300x213.jpg 300w\" sizes=\"auto, (max-width: 1311px) 100vw, 1311px\" \/><\/h3>\n<p>&nbsp;<\/p>\n<h3>\u00a0 \u00a0 \u00a0 \u00a0 \u00a0 \u00a0 \u00a0 \u00a0 \u00a0 \u00a0 \u00a0 \u00a0 \u00a0 \u00a0 \u00a0 \u00a0 \u00a0 \u00a0 \u00a0 \u00a0 \u00a0 \u00a0 \u00a0 \u00a0 \u00a0<img loading=\"lazy\" decoding=\"async\" class=\"alignnone wp-image-1513\" src=\"https:\/\/agora.xtec.cat\/llarelgavot\/wp-content\/uploads\/usu168\/2024\/09\/informe-xocolatada.jpg\" alt=\"\" width=\"778\" height=\"1091\" srcset=\"https:\/\/agora.xtec.cat\/llarelgavot\/wp-content\/uploads\/usu168\/2024\/09\/informe-xocolatada.jpg 588w, https:\/\/agora.xtec.cat\/llarelgavot\/wp-content\/uploads\/usu168\/2024\/09\/informe-xocolatada-214x300.jpg 214w\" sizes=\"auto, (max-width: 778px) 100vw, 778px\" \/><\/h3>\n<p>&nbsp;<\/p>\n<h3>\u00a0 \u00a0 \u00a0 \u00a0 \u00a0 \u00a0 \u00a0 \u00a0 \u00a0 \u00a0 \u00a0 \u00a0 \u00a0 \u00a0 \u00a0 \u00a0 \u00a0 \u00a0 \u00a0 \u00a0 \u00a0 \u00a0 \u00a0 \u00a0 \u00a0 \u00a0 <img loading=\"lazy\" decoding=\"async\" class=\"alignnone size-large wp-image-1489\" src=\"https:\/\/agora.xtec.cat\/llarelgavot\/wp-content\/uploads\/usu168\/2024\/05\/Casal-destiu-AFA-741x1024.jpg\" alt=\"\" width=\"741\" height=\"1024\" srcset=\"https:\/\/agora.xtec.cat\/llarelgavot\/wp-content\/uploads\/usu168\/2024\/05\/Casal-destiu-AFA-741x1024.jpg 741w, https:\/\/agora.xtec.cat\/llarelgavot\/wp-content\/uploads\/usu168\/2024\/05\/Casal-destiu-AFA-217x300.jpg 217w, https:\/\/agora.xtec.cat\/llarelgavot\/wp-content\/uploads\/usu168\/2024\/05\/Casal-destiu-AFA-768x1062.jpg 768w, https:\/\/agora.xtec.cat\/llarelgavot\/wp-content\/uploads\/usu168\/2024\/05\/Casal-destiu-AFA.jpg 1080w\" sizes=\"auto, (max-width: 741px) 100vw, 741px\" \/><\/h3>\n<p>&nbsp;<\/p>\n<p>&nbsp;<\/p>\n<h3>\u00a0 \u00a0 \u00a0 \u00a0 \u00a0 \u00a0 \u00a0 \u00a0 \u00a0 \u00a0 \u00a0 \u00a0 \u00a0 \u00a0 \u00a0 \u00a0 \u00a0 \u00a0 \u00a0 \u00a0 \u00a0 \u00a0 \u00a0 \u00a0 \u00a0 \u00a0 \u00a0 \u00a0 \u00a0<img loading=\"lazy\" decoding=\"async\" class=\"alignnone size-large wp-image-1490\" src=\"https:\/\/agora.xtec.cat\/llarelgavot\/wp-content\/uploads\/usu168\/2024\/05\/AFA-EL-GAVOT-1-721x1024.png\" alt=\"\" width=\"721\" height=\"1024\" srcset=\"https:\/\/agora.xtec.cat\/llarelgavot\/wp-content\/uploads\/usu168\/2024\/05\/AFA-EL-GAVOT-1-721x1024.png 721w, https:\/\/agora.xtec.cat\/llarelgavot\/wp-content\/uploads\/usu168\/2024\/05\/AFA-EL-GAVOT-1-211x300.png 211w, https:\/\/agora.xtec.cat\/llarelgavot\/wp-content\/uploads\/usu168\/2024\/05\/AFA-EL-GAVOT-1-768x1090.png 768w, https:\/\/agora.xtec.cat\/llarelgavot\/wp-content\/uploads\/usu168\/2024\/05\/AFA-EL-GAVOT-1-1082x1536.png 1082w, https:\/\/agora.xtec.cat\/llarelgavot\/wp-content\/uploads\/usu168\/2024\/05\/AFA-EL-GAVOT-1.png 1409w\" sizes=\"auto, (max-width: 721px) 100vw, 721px\" \/><\/h3>\n<h3><\/h3>\n<h3><\/h3>\n<h3><\/h3>\n<h3><img loading=\"lazy\" decoding=\"async\" class=\"size-full wp-image-1378 aligncenter\" src=\"https:\/\/agora.xtec.cat\/llarelgavot\/wp-content\/uploads\/usu168\/2023\/04\/carta.jpg\" alt=\"\" width=\"791\" height=\"850\" srcset=\"https:\/\/agora.xtec.cat\/llarelgavot\/wp-content\/uploads\/usu168\/2023\/04\/carta.jpg 791w, https:\/\/agora.xtec.cat\/llarelgavot\/wp-content\/uploads\/usu168\/2023\/04\/carta-279x300.jpg 279w, https:\/\/agora.xtec.cat\/llarelgavot\/wp-content\/uploads\/usu168\/2023\/04\/carta-768x825.jpg 768w\" sizes=\"auto, (max-width: 791px) 100vw, 791px\" \/><\/h3>\n<p>&nbsp;<\/p>\n<p>&nbsp;<\/p>\n<p>&nbsp;<\/p>\n<h3><strong>Serveis de l&#8217;AFA<\/strong><\/h3>\n<h3>Al nostre centre tenim la sort de comptar amb l\u2019AFA.<\/h3>\n<h3>L\u2019AFA\u00a0 \u00e9s un espai de col\u00b7laboraci\u00f3 i participaci\u00f3, entre fam\u00edlies i escola , amb l\u2019objectiu de crear\u00a0 un espai obert sentit com a propi per tota la comunitat.<\/h3>\n<h3>Contacte: ampagavot@gmail.com<\/h3>\n<p><img loading=\"lazy\" decoding=\"async\" class=\"wp-image-1315 aligncenter\" src=\"https:\/\/agora.xtec.cat\/llarelgavot\/wp-content\/uploads\/usu168\/2023\/04\/serveis-afa-1.jpg\" alt=\"\" width=\"910\" height=\"1287\" srcset=\"https:\/\/agora.xtec.cat\/llarelgavot\/wp-content\/uploads\/usu168\/2023\/04\/serveis-afa-1.jpg 630w, https:\/\/agora.xtec.cat\/llarelgavot\/wp-content\/uploads\/usu168\/2023\/04\/serveis-afa-1-212x300.jpg 212w\" sizes=\"auto, (max-width: 910px) 100vw, 910px\" \/><\/p>\n<p>&nbsp;<\/p>\n<p><img loading=\"lazy\" decoding=\"async\" class=\"wp-image-1251 aligncenter\" src=\"https:\/\/agora.xtec.cat\/llarelgavot\/wp-content\/uploads\/usu168\/2022\/11\/pati-obert.png\" alt=\"\" width=\"679\" height=\"953\" srcset=\"https:\/\/agora.xtec.cat\/llarelgavot\/wp-content\/uploads\/usu168\/2022\/11\/pati-obert.png 317w, https:\/\/agora.xtec.cat\/llarelgavot\/wp-content\/uploads\/usu168\/2022\/11\/pati-obert-214x300.png 214w\" sizes=\"auto, (max-width: 679px) 100vw, 679px\" \/><\/p>\n<p>&nbsp;<\/p>\n<p>&nbsp;<\/p>\n","protected":false},"excerpt":{"rendered":"<p>&nbsp;<br \/>\n&nbsp;<\/p>\n<p>&nbsp;<br \/>\n\u00a0 \u00a0 \u00a0 \u00a0 \u00a0 \u00a0 \u00a0 \u00a0 \u00a0 \u00a0 \u00a0 \u00a0 \u00a0 \u00a0 \u00a0 \u00a0 \u00a0 \u00a0 \u00a0 \u00a0 \u00a0 \u00a0 \u00a0 \u00a0 \u00a0<br \/>\n&nbsp;<br \/>\n\u00a0 \u00a0 \u00a0 \u00a0 \u00a0 \u00a0 \u00a0 \u00a0 \u00a0 \u00a0 \u00a0 \u00a0 \u00a0 \u00a0 \u00a0 \u00a0 \u00a0 \u00a0 \u00a0 \u00a0 \u00a0&hellip;  <a href=\"https:\/\/agora.xtec.cat\/llarelgavot\/la-llar\/ampa\/\" title=\"Read AFA\">Llegeix m\u00e9s\u00bb<\/a><\/p>\n","protected":false},"author":1,"featured_media":0,"parent":566,"menu_order":5,"comment_status":"closed","ping_status":"closed","template":"page-templates\/side-menu.php","meta":{"_bbp_topic_count":0,"_bbp_reply_count":0,"_bbp_total_topic_count":0,"_bbp_total_reply_count":0,"_bbp_voice_count":0,"_bbp_anonymous_reply_count":0,"_bbp_topic_count_hidden":0,"_bbp_reply_count_hidden":0,"_bbp_forum_subforum_count":0,"footnotes":""},"class_list":["post-580","page","type-page","status-publish","hentry"],"post_mailing_queue_ids":[],"_links":{"self":[{"href":"https:\/\/agora.xtec.cat\/llarelgavot\/wp-json\/wp\/v2\/pages\/580","targetHints":{"allow":["GET"]}}],"collection":[{"href":"https:\/\/agora.xtec.cat\/llarelgavot\/wp-json\/wp\/v2\/pages"}],"about":[{"href":"https:\/\/agora.xtec.cat\/llarelgavot\/wp-json\/wp\/v2\/types\/page"}],"author":[{"embeddable":true,"href":"https:\/\/agora.xtec.cat\/llarelgavot\/wp-json\/wp\/v2\/users\/1"}],"replies":[{"embeddable":true,"href":"https:\/\/agora.xtec.cat\/llarelgavot\/wp-json\/wp\/v2\/comments?post=580"}],"version-history":[{"count":6,"href":"https:\/\/agora.xtec.cat\/llarelgavot\/wp-json\/wp\/v2\/pages\/580\/revisions"}],"predecessor-version":[{"id":1643,"href":"https:\/\/agora.xtec.cat\/llarelgavot\/wp-json\/wp\/v2\/pages\/580\/revisions\/1643"}],"up":[{"embeddable":true,"href":"https:\/\/agora.xtec.cat\/llarelgavot\/wp-json\/wp\/v2\/pages\/566"}],"wp:attachment":[{"href":"https:\/\/agora.xtec.cat\/llarelgavot\/wp-json\/wp\/v2\/media?parent=580"}],"curies":[{"name":"wp","href":"https:\/\/api.w.org\/{rel}","templated":true}]}}