{"id":578,"date":"2020-11-26T18:45:48","date_gmt":"2020-11-26T17:45:48","guid":{"rendered":"https:\/\/agora.xtec.cat\/llarelgavot\/?page_id=578"},"modified":"2023-03-24T15:32:17","modified_gmt":"2023-03-24T14:32:17","slug":"horari","status":"publish","type":"page","link":"https:\/\/agora.xtec.cat\/llarelgavot\/la-llar\/horari\/","title":{"rendered":"Horari"},"content":{"rendered":"<h4>La llar est\u00e0 oberta de 9 a 5 h.<\/h4>\n<h4>Les fam\u00edlies podeu triar diferents horaris segons quines siguin les vostres necessitats: mat\u00ed, mat\u00ed i tarda,\u00a0 amb el dinar,\u00a0 amb la migdiada&#8230;<\/h4>\n<h4>De \u00be de 8 a 9 h l\u2019<strong>AFA<\/strong>\u00a0 ofereix el servei d\u2019acollida.<\/h4>\n<h4>L\u2019elecci\u00f3 de l\u2019 horari \u00a0el podreu anar canviant \u00a0al llarg del curs.<\/h4>\n<h4>Els nens i les nenes de 0 a 1 any, poden fer un horari encara m\u00e9s flexible, en funci\u00f3 de les \u00a0necessitats.<\/h4>\n","protected":false},"excerpt":{"rendered":"<p>La llar est\u00e0 oberta de 9 a 5 h.<br \/>\nLes fam\u00edlies podeu triar diferents horaris segons quines siguin les vostres necessitats: mat\u00ed, mat\u00ed i tarda,\u00a0 amb el dinar,\u00a0 amb la migdiada&#8230;<br \/>\nDe \u00be de 8 a 9 h l\u2019AFA\u00a0 ofereix el servei d\u2019acollida.<br \/>\nL\u2019elecci\u00f3 de l\u2019 horari \u00a0el&hellip;  <a href=\"https:\/\/agora.xtec.cat\/llarelgavot\/la-llar\/horari\/\" title=\"Read Horari\">Llegeix m\u00e9s\u00bb<\/a><\/p>\n","protected":false},"author":1,"featured_media":0,"parent":566,"menu_order":3,"comment_status":"closed","ping_status":"closed","template":"page-templates\/side-menu.php","meta":{"_bbp_topic_count":0,"_bbp_reply_count":0,"_bbp_total_topic_count":0,"_bbp_total_reply_count":0,"_bbp_voice_count":0,"_bbp_anonymous_reply_count":0,"_bbp_topic_count_hidden":0,"_bbp_reply_count_hidden":0,"_bbp_forum_subforum_count":0,"footnotes":""},"class_list":["post-578","page","type-page","status-publish","hentry"],"post_mailing_queue_ids":[],"_links":{"self":[{"href":"https:\/\/agora.xtec.cat\/llarelgavot\/wp-json\/wp\/v2\/pages\/578","targetHints":{"allow":["GET"]}}],"collection":[{"href":"https:\/\/agora.xtec.cat\/llarelgavot\/wp-json\/wp\/v2\/pages"}],"about":[{"href":"https:\/\/agora.xtec.cat\/llarelgavot\/wp-json\/wp\/v2\/types\/page"}],"author":[{"embeddable":true,"href":"https:\/\/agora.xtec.cat\/llarelgavot\/wp-json\/wp\/v2\/users\/1"}],"replies":[{"embeddable":true,"href":"https:\/\/agora.xtec.cat\/llarelgavot\/wp-json\/wp\/v2\/comments?post=578"}],"version-history":[{"count":3,"href":"https:\/\/agora.xtec.cat\/llarelgavot\/wp-json\/wp\/v2\/pages\/578\/revisions"}],"predecessor-version":[{"id":1307,"href":"https:\/\/agora.xtec.cat\/llarelgavot\/wp-json\/wp\/v2\/pages\/578\/revisions\/1307"}],"up":[{"embeddable":true,"href":"https:\/\/agora.xtec.cat\/llarelgavot\/wp-json\/wp\/v2\/pages\/566"}],"wp:attachment":[{"href":"https:\/\/agora.xtec.cat\/llarelgavot\/wp-json\/wp\/v2\/media?parent=578"}],"curies":[{"name":"wp","href":"https:\/\/api.w.org\/{rel}","templated":true}]}}