{"id":896,"date":"2020-03-19T12:42:46","date_gmt":"2020-03-19T11:42:46","guid":{"rendered":"https:\/\/agora.xtec.cat\/llarcanroura\/?page_id=896"},"modified":"2026-02-12T12:31:11","modified_gmt":"2026-02-12T11:31:11","slug":"preus","status":"publish","type":"page","link":"https:\/\/agora.xtec.cat\/llarcanroura\/preus\/","title":{"rendered":"Preus"},"content":{"rendered":"<ul>\n<li><b>Preus<\/b><\/li>\n<\/ul>\n<p style=\"text-align: justify;\"><span style=\"font-weight: 400;\">La taxa municipal per a l\u2019escola bressol \u00e9s l\u2019aprovada pel Ple de l\u2019Ajuntament de Vilassar de Dalt.<\/span><\/p>\n<p style=\"text-align: justify;\"><span style=\"font-weight: 400;\">Per a les tarifes d\u2019escolaritzaci\u00f3 i del servei de menjador, s\u2019estableixen diferents categories de bonificacions que es determinaran mitjan\u00e7ant la tarifaci\u00f3 social, segons la capacitat econ\u00f2mica de les fam\u00edlies.<\/span><\/p>\n<p style=\"text-align: center;\"><a href=\"https:\/\/agora.xtec.cat\/llarcanroura\/wp-content\/uploads\/usu2037\/2020\/03\/descarga-5.jpg\"><img loading=\"lazy\" decoding=\"async\" class=\"alignnone size-thumbnail wp-image-1045\" src=\"https:\/\/agora.xtec.cat\/llarcanroura\/wp-content\/uploads\/usu2037\/2020\/03\/descarga-5-150x150.jpg\" alt=\"\" width=\"150\" height=\"150\" \/><\/a><\/p>\n<p>&nbsp;<\/p>\n<ul>\n<li>Simulador de tarifaci\u00f3 social per l&#8217;Escola Bressol Can Roura.<\/li>\n<\/ul>\n<p><a style=\"font-family: inherit; font-size: 1em;\" href=\"http:\/\/webantiga.vilassardedalt.org\/document.php?id=11726\" target=\"_blank\" rel=\"noopener noreferrer\">Prem aqui per obrir el simulador\u00a0<\/a><\/p>\n<ul>\n<li>ORDENAN\u00c7A FISCAL N\u00daM. 13 &#8211; Taxa per assist\u00e8ncia a la llar d&#8217;infants municipal<\/li>\n<\/ul>\n<p><a href=\"http:\/\/webantiga.vilassardedalt.org\/fitxa.php?id=11205\" target=\"_blank\" rel=\"noopener noreferrer\">Prem aqui per obrir el document<\/a><\/p>\n","protected":false},"excerpt":{"rendered":"<ul>\n<li>Preus<\/li>\n<\/ul>\n<p>La taxa municipal per a l\u2019escola bressol \u00e9s l\u2019aprovada pel Ple de l\u2019Ajuntament de Vilassar de Dalt.<br \/>\nPer a les tarifes d\u2019escolaritzaci\u00f3 i del servei de menjador, s\u2019estableixen diferents categories de bonificacions que es determinaran mitjan\u00e7ant la tarifaci\u00f3 social, segons la capacitat econ\u00f2mica de les fam\u00edlies.<br \/>\n<a&hellip;  <a href=\"https:\/\/agora.xtec.cat\/llarcanroura\/preus\/\" title=\"Read Preus\">Llegeix m\u00e9s\u00bb<\/a><\/p>\n","protected":false},"author":4,"featured_media":0,"parent":0,"menu_order":0,"comment_status":"closed","ping_status":"closed","template":"","meta":{"_bbp_topic_count":0,"_bbp_reply_count":0,"_bbp_total_topic_count":0,"_bbp_total_reply_count":0,"_bbp_voice_count":0,"_bbp_anonymous_reply_count":0,"_bbp_topic_count_hidden":0,"_bbp_reply_count_hidden":0,"_bbp_forum_subforum_count":0,"footnotes":""},"class_list":["post-896","page","type-page","status-publish","hentry"],"post_mailing_queue_ids":[],"_links":{"self":[{"href":"https:\/\/agora.xtec.cat\/llarcanroura\/wp-json\/wp\/v2\/pages\/896","targetHints":{"allow":["GET"]}}],"collection":[{"href":"https:\/\/agora.xtec.cat\/llarcanroura\/wp-json\/wp\/v2\/pages"}],"about":[{"href":"https:\/\/agora.xtec.cat\/llarcanroura\/wp-json\/wp\/v2\/types\/page"}],"author":[{"embeddable":true,"href":"https:\/\/agora.xtec.cat\/llarcanroura\/wp-json\/wp\/v2\/users\/4"}],"replies":[{"embeddable":true,"href":"https:\/\/agora.xtec.cat\/llarcanroura\/wp-json\/wp\/v2\/comments?post=896"}],"version-history":[{"count":4,"href":"https:\/\/agora.xtec.cat\/llarcanroura\/wp-json\/wp\/v2\/pages\/896\/revisions"}],"predecessor-version":[{"id":2483,"href":"https:\/\/agora.xtec.cat\/llarcanroura\/wp-json\/wp\/v2\/pages\/896\/revisions\/2483"}],"wp:attachment":[{"href":"https:\/\/agora.xtec.cat\/llarcanroura\/wp-json\/wp\/v2\/media?parent=896"}],"curies":[{"name":"wp","href":"https:\/\/api.w.org\/{rel}","templated":true}]}}